{"id":1242,"date":"2016-01-16T15:42:23","date_gmt":"2016-01-16T14:42:23","guid":{"rendered":"https:\/\/www.sauver-le-guirbaden.fr\/?page_id=1242"},"modified":"2018-10-07T16:21:31","modified_gmt":"2018-10-07T14:21:31","slug":"mentions-legales","status":"publish","type":"page","link":"https:\/\/www.sauver-le-guirbaden.fr\/index.php\/mentions-legales\/","title":{"rendered":"Mentions L\u00e9gales"},"content":{"rendered":"<p style=\"text-align: justify;\">Les lois du 6 janvier 1978, modifi\u00e9e le 7 ao\u00fbt 2004, et du 21 juin 2004 imposent aux associations de faire appara\u00eetre les mentions l\u00e9gales ci-dessous sur leur site internet.<\/p>\n<h3>D\u00e9nomination et adresse du si\u00e8ge social :<\/h3>\n<p><strong>Association Sauver le Guirbaden<\/strong><\/p>\n<p>1 A rue de la Poste<br \/>\n67400 Illkirch<br \/>\nt\u00e9l\u00e9phone : +33 (0)6 85 98 31 64<\/p>\n<p>Association inscrite au Tribunal d&#8217;Instance d&#8217;Illkirch-Graffenstaden le 22 avril 2015\u00a0sous les r\u00e9f\u00e9rences :\u00a0 volume 40 folio 39.<\/p>\n<p>Identifiant SIREN : 818 470 726<br \/>\nIdentifiant SIRET : 818 470 726 00014<\/p>\n<h3>Nom du directeur de la publication :<\/h3>\n<p><strong>Pr\u00e9sidente : Fran\u00e7oise SIEFFERT<\/strong><br \/>\ne-mail : contact[at]sauver-le-guirbaden.fr<br \/>\n<small><small>(<em>remplacez [at] par\u00a0@)<\/em><\/small><\/small><\/p>\n<p>Webmaster : Jean-Luc Hochmuth<br \/>\ne-mail : webmaster[at]sauver-le-guirbaden.fr<br \/>\n<small><small>(<em>remplacez [at] par\u00a0@)<\/em><\/small><\/small><\/p>\n<h3>Raison social et adresse de l&#8217;h\u00e9bergeur :<\/h3>\n<p><strong>Webcd SAS<\/strong><br \/>\n9 rue du Thal<br \/>\nParc d&#8217;Activit\u00e9s<br \/>\n67210 Obernai<br \/>\n<a href=\"https:\/\/www.webcd.fr\/\" target=\"_blank\" rel=\"noopener\">www.webcd.fr<\/a><\/p>\n<p>Responsable de la publication : <a href=\"https:\/\/www.sauver-le-guirbaden.fr\">Association Sauver le Guirbaden<\/a><\/p>\n","protected":false},"excerpt":{"rendered":"<p>Les lois du 6 janvier 1978, modifi\u00e9e le 7 ao\u00fbt 2004, et du 21 juin 2004 imposent aux associations de faire appara\u00eetre les mentions l\u00e9gales ci-dessous sur leur site internet. D\u00e9nomination et adresse du si\u00e8ge social : Association Sauver le Guirbaden 1 A rue de la Poste 67400 Illkirch t\u00e9l\u00e9phone : +33 (0)6 85 98 &hellip; <a href=\"https:\/\/www.sauver-le-guirbaden.fr\/index.php\/mentions-legales\/\" class=\"more-link\">Continuer la lecture de <span class=\"screen-reader-text\">Mentions L\u00e9gales<\/span> <span class=\"meta-nav\">&rarr;<\/span><\/a><\/p>\n","protected":false},"author":1,"featured_media":0,"parent":0,"menu_order":0,"comment_status":"closed","ping_status":"closed","template":"","meta":{"footnotes":""},"class_list":["post-1242","page","type-page","status-publish","hentry"],"_links":{"self":[{"href":"https:\/\/www.sauver-le-guirbaden.fr\/index.php\/wp-json\/wp\/v2\/pages\/1242","targetHints":{"allow":["GET"]}}],"collection":[{"href":"https:\/\/www.sauver-le-guirbaden.fr\/index.php\/wp-json\/wp\/v2\/pages"}],"about":[{"href":"https:\/\/www.sauver-le-guirbaden.fr\/index.php\/wp-json\/wp\/v2\/types\/page"}],"author":[{"embeddable":true,"href":"https:\/\/www.sauver-le-guirbaden.fr\/index.php\/wp-json\/wp\/v2\/users\/1"}],"replies":[{"embeddable":true,"href":"https:\/\/www.sauver-le-guirbaden.fr\/index.php\/wp-json\/wp\/v2\/comments?post=1242"}],"version-history":[{"count":0,"href":"https:\/\/www.sauver-le-guirbaden.fr\/index.php\/wp-json\/wp\/v2\/pages\/1242\/revisions"}],"wp:attachment":[{"href":"https:\/\/www.sauver-le-guirbaden.fr\/index.php\/wp-json\/wp\/v2\/media?parent=1242"}],"curies":[{"name":"wp","href":"https:\/\/api.w.org\/{rel}","templated":true}]}}