{"id":159,"date":"2015-09-24T16:09:40","date_gmt":"2015-09-24T15:09:40","guid":{"rendered":"https:\/\/www.sauver-le-guirbaden.fr\/?page_id=159"},"modified":"2023-01-16T21:56:05","modified_gmt":"2023-01-16T20:56:05","slug":"le-chateau","status":"publish","type":"page","link":"https:\/\/www.sauver-le-guirbaden.fr\/index.php\/le-chateau\/","title":{"rendered":"Le ch\u00e2teau"},"content":{"rendered":"<p>Le <b>ch\u00e2teau de Guirbaden<\/b> ou <i>Girbaden<\/i> est un <a title=\"Ch\u00e2teau fort\" href=\"https:\/\/fr.wikipedia.org\/wiki\/Ch%C3%A2teau_fort\">ch\u00e2teau fort<\/a> <a title=\"Moyen \u00c2ge\" href=\"https:\/\/fr.wikipedia.org\/wiki\/Moyen_%C3%82ge\">m\u00e9di\u00e9val<\/a>\u00a0 priv\u00e9, en ruine,\u00a0 situ\u00e9 pr\u00e8s du village de <a title=\"Mollkirch\" href=\"https:\/\/fr.wikipedia.org\/wiki\/Mollkirch\">Mollkirch<\/a> dans le <a title=\"Bas-Rhin\" href=\"https:\/\/fr.wikipedia.org\/wiki\/Bas-Rhin\">Bas-Rhin<\/a>. De par sa superficie, il \u00e9tait le plus grand ch\u00e2teau-fort d&#8217;<a title=\"Alsace\" href=\"https:\/\/fr.wikipedia.org\/wiki\/Alsace\">Alsace<\/a>. <a href=\"https:\/\/www.sauver-le-guirbaden.fr\/index.php\/historique\/\">suite&#8230;<\/a><\/p>\n","protected":false},"excerpt":{"rendered":"<p>Le ch\u00e2teau de Guirbaden ou Girbaden est un ch\u00e2teau fort m\u00e9di\u00e9val\u00a0 priv\u00e9, en ruine,\u00a0 situ\u00e9 pr\u00e8s du village de Mollkirch dans le Bas-Rhin. De par sa superficie, il \u00e9tait le plus grand ch\u00e2teau-fort d&#8217;Alsace. suite&#8230;<\/p>\n","protected":false},"author":1,"featured_media":0,"parent":0,"menu_order":0,"comment_status":"closed","ping_status":"closed","template":"","meta":{"footnotes":""},"class_list":["post-159","page","type-page","status-publish","hentry"],"_links":{"self":[{"href":"https:\/\/www.sauver-le-guirbaden.fr\/index.php\/wp-json\/wp\/v2\/pages\/159","targetHints":{"allow":["GET"]}}],"collection":[{"href":"https:\/\/www.sauver-le-guirbaden.fr\/index.php\/wp-json\/wp\/v2\/pages"}],"about":[{"href":"https:\/\/www.sauver-le-guirbaden.fr\/index.php\/wp-json\/wp\/v2\/types\/page"}],"author":[{"embeddable":true,"href":"https:\/\/www.sauver-le-guirbaden.fr\/index.php\/wp-json\/wp\/v2\/users\/1"}],"replies":[{"embeddable":true,"href":"https:\/\/www.sauver-le-guirbaden.fr\/index.php\/wp-json\/wp\/v2\/comments?post=159"}],"version-history":[{"count":1,"href":"https:\/\/www.sauver-le-guirbaden.fr\/index.php\/wp-json\/wp\/v2\/pages\/159\/revisions"}],"predecessor-version":[{"id":7374,"href":"https:\/\/www.sauver-le-guirbaden.fr\/index.php\/wp-json\/wp\/v2\/pages\/159\/revisions\/7374"}],"wp:attachment":[{"href":"https:\/\/www.sauver-le-guirbaden.fr\/index.php\/wp-json\/wp\/v2\/media?parent=159"}],"curies":[{"name":"wp","href":"https:\/\/api.w.org\/{rel}","templated":true}]}}