{"id":162,"date":"2015-10-13T16:10:10","date_gmt":"2015-10-13T15:10:10","guid":{"rendered":"https:\/\/www.sauver-le-guirbaden.fr\/?page_id=162"},"modified":"2023-01-16T18:18:16","modified_gmt":"2023-01-16T17:18:16","slug":"lassociation","status":"publish","type":"page","link":"https:\/\/www.sauver-le-guirbaden.fr\/index.php\/lassociation\/","title":{"rendered":"L&#8217;association"},"content":{"rendered":"<p style=\"text-align: justify;\"><a href=\"https:\/\/www.sauver-le-guirbaden.fr\/wp-content\/uploads\/2015\/10\/logo.jpg\" target=\"_blank\" rel=\"noopener\"><img loading=\"lazy\" decoding=\"async\" class=\"aligncenter wp-image-690\" src=\"https:\/\/www.sauver-le-guirbaden.fr\/wp-content\/uploads\/2015\/10\/logo-226x300.jpg\" alt=\"logo\" width=\"164\" height=\"217\" srcset=\"https:\/\/sauver-le-guirbaden.fr\/wp-content\/uploads\/2015\/10\/logo-226x300.jpg 226w, https:\/\/sauver-le-guirbaden.fr\/wp-content\/uploads\/2015\/10\/logo-600x798.jpg 600w, https:\/\/sauver-le-guirbaden.fr\/wp-content\/uploads\/2015\/10\/logo.jpg 666w\" sizes=\"auto, (max-width: 164px) 100vw, 164px\" \/><\/a><\/p>\n<p style=\"text-align: justify;\">\u00a0L&#8217;association a \u00e9t\u00e9 cr\u00e9\u00e9e en avril 2015 sous l&#8217;impulsion de sa pr\u00e9sidente actuelle\u00a0 \u00a0 \u00a0 \u00a0 \u00a0 \u00a0 \u00a0 \u00a0 \u00a0 \u00a0 \u00a0 \u00a0 \u00a0 \u00a0<strong>Fran\u00e7oise SIEFFERT\u00a0\u00a0<\/strong> et de quelques amis passionn\u00e9s de patrimoine.<a href=\"https:\/\/www.sauver-le-guirbaden.fr\/wp-content\/uploads\/2018\/11\/04.06.2018-38.jpg\">\u00a0<\/a><\/p>\n","protected":false},"excerpt":{"rendered":"<p>\u00a0L&#8217;association a \u00e9t\u00e9 cr\u00e9\u00e9e en avril 2015 sous l&#8217;impulsion de sa pr\u00e9sidente actuelle\u00a0 \u00a0 \u00a0 \u00a0 \u00a0 \u00a0 \u00a0 \u00a0 \u00a0 \u00a0 \u00a0 \u00a0 \u00a0 \u00a0Fran\u00e7oise SIEFFERT\u00a0\u00a0 et de quelques amis passionn\u00e9s de patrimoine.\u00a0<\/p>\n","protected":false},"author":1,"featured_media":0,"parent":0,"menu_order":0,"comment_status":"closed","ping_status":"closed","template":"","meta":{"footnotes":""},"class_list":["post-162","page","type-page","status-publish","hentry"],"_links":{"self":[{"href":"https:\/\/www.sauver-le-guirbaden.fr\/index.php\/wp-json\/wp\/v2\/pages\/162","targetHints":{"allow":["GET"]}}],"collection":[{"href":"https:\/\/www.sauver-le-guirbaden.fr\/index.php\/wp-json\/wp\/v2\/pages"}],"about":[{"href":"https:\/\/www.sauver-le-guirbaden.fr\/index.php\/wp-json\/wp\/v2\/types\/page"}],"author":[{"embeddable":true,"href":"https:\/\/www.sauver-le-guirbaden.fr\/index.php\/wp-json\/wp\/v2\/users\/1"}],"replies":[{"embeddable":true,"href":"https:\/\/www.sauver-le-guirbaden.fr\/index.php\/wp-json\/wp\/v2\/comments?post=162"}],"version-history":[{"count":1,"href":"https:\/\/www.sauver-le-guirbaden.fr\/index.php\/wp-json\/wp\/v2\/pages\/162\/revisions"}],"predecessor-version":[{"id":7318,"href":"https:\/\/www.sauver-le-guirbaden.fr\/index.php\/wp-json\/wp\/v2\/pages\/162\/revisions\/7318"}],"wp:attachment":[{"href":"https:\/\/www.sauver-le-guirbaden.fr\/index.php\/wp-json\/wp\/v2\/media?parent=162"}],"curies":[{"name":"wp","href":"https:\/\/api.w.org\/{rel}","templated":true}]}}