{"id":165,"date":"2015-09-24T16:10:39","date_gmt":"2015-09-24T15:10:39","guid":{"rendered":"https:\/\/www.sauver-le-guirbaden.fr\/?page_id=165"},"modified":"2018-11-12T22:26:11","modified_gmt":"2018-11-12T21:26:11","slug":"les-chantiers","status":"publish","type":"page","link":"https:\/\/www.sauver-le-guirbaden.fr\/index.php\/les-chantiers\/","title":{"rendered":"Les chantiers"},"content":{"rendered":"<p>Les chantiers ont lieu toute l&#8217;ann\u00e9e&#8230;<\/p>\n<p>contactez l&#8217;association si vous \u00eates int\u00e9ress\u00e9:<\/p>\n<p>par mail ou par t\u00e9l\u00e9phone: 06.85.98.31.64<\/p>\n<p>&nbsp;<\/p>\n","protected":false},"excerpt":{"rendered":"<p>Les chantiers ont lieu toute l&#8217;ann\u00e9e&#8230; contactez l&#8217;association si vous \u00eates int\u00e9ress\u00e9: par mail ou par t\u00e9l\u00e9phone: 06.85.98.31.64 &nbsp;<\/p>\n","protected":false},"author":1,"featured_media":0,"parent":0,"menu_order":0,"comment_status":"closed","ping_status":"closed","template":"","meta":{"footnotes":""},"class_list":["post-165","page","type-page","status-publish","hentry"],"_links":{"self":[{"href":"https:\/\/www.sauver-le-guirbaden.fr\/index.php\/wp-json\/wp\/v2\/pages\/165","targetHints":{"allow":["GET"]}}],"collection":[{"href":"https:\/\/www.sauver-le-guirbaden.fr\/index.php\/wp-json\/wp\/v2\/pages"}],"about":[{"href":"https:\/\/www.sauver-le-guirbaden.fr\/index.php\/wp-json\/wp\/v2\/types\/page"}],"author":[{"embeddable":true,"href":"https:\/\/www.sauver-le-guirbaden.fr\/index.php\/wp-json\/wp\/v2\/users\/1"}],"replies":[{"embeddable":true,"href":"https:\/\/www.sauver-le-guirbaden.fr\/index.php\/wp-json\/wp\/v2\/comments?post=165"}],"version-history":[{"count":0,"href":"https:\/\/www.sauver-le-guirbaden.fr\/index.php\/wp-json\/wp\/v2\/pages\/165\/revisions"}],"wp:attachment":[{"href":"https:\/\/www.sauver-le-guirbaden.fr\/index.php\/wp-json\/wp\/v2\/media?parent=165"}],"curies":[{"name":"wp","href":"https:\/\/api.w.org\/{rel}","templated":true}]}}