{"id":187,"date":"2015-09-24T16:29:14","date_gmt":"2015-09-24T15:29:14","guid":{"rendered":"https:\/\/www.sauver-le-guirbaden.fr\/?page_id=187"},"modified":"2023-01-16T22:16:37","modified_gmt":"2023-01-16T21:16:37","slug":"presse","status":"publish","type":"page","link":"https:\/\/www.sauver-le-guirbaden.fr\/index.php\/presse\/","title":{"rendered":"Autres animations 2018"},"content":{"rendered":"<p><em><strong><span style=\"color: #ff0000;\">Pour vivre le ch\u00e2teau autrement &#8230;.<\/span><\/strong><\/em><\/p>\n<ul>\n<li>16 d\u00e9cembre 2018: bredele et vins chaud<\/li>\n<\/ul>\n<p><a href=\"https:\/\/www.sauver-le-guirbaden.fr\/wp-content\/uploads\/2018\/11\/affiche-bredele-16-d\u00e9c-2018.jpg\"><img loading=\"lazy\" decoding=\"async\" class=\"alignnone size-medium wp-image-4137\" src=\"https:\/\/www.sauver-le-guirbaden.fr\/wp-content\/uploads\/2018\/11\/affiche-bredele-16-d\u00e9c-2018-212x300.jpg\" alt=\"\" width=\"212\" height=\"300\" srcset=\"https:\/\/sauver-le-guirbaden.fr\/wp-content\/uploads\/2018\/11\/affiche-bredele-16-d\u00e9c-2018-212x300.jpg 212w, https:\/\/sauver-le-guirbaden.fr\/wp-content\/uploads\/2018\/11\/affiche-bredele-16-d\u00e9c-2018-768x1086.jpg 768w, https:\/\/sauver-le-guirbaden.fr\/wp-content\/uploads\/2018\/11\/affiche-bredele-16-d\u00e9c-2018-724x1024.jpg 724w, https:\/\/sauver-le-guirbaden.fr\/wp-content\/uploads\/2018\/11\/affiche-bredele-16-d\u00e9c-2018-600x849.jpg 600w, https:\/\/sauver-le-guirbaden.fr\/wp-content\/uploads\/2018\/11\/affiche-bredele-16-d\u00e9c-2018.jpg 1240w\" sizes=\"auto, (max-width: 212px) 100vw, 212px\" \/><\/a><\/p>\n<ul>\n<li>11 novembre 2018: soupe de potiron pour les sorci\u00e8res&#8230;. au ch\u00e2teau\u00a0<a href=\"https:\/\/www.sauver-le-guirbaden.fr\/wp-content\/uploads\/2018\/11\/affiche-soupe-11-nov-2018.jpg\" target=\"_blank\" rel=\"noopener\"><img loading=\"lazy\" decoding=\"async\" class=\"alignnone wp-image-4047 size-medium\" src=\"https:\/\/www.sauver-le-guirbaden.fr\/wp-content\/uploads\/2018\/11\/affiche-soupe-11-nov-2018-212x300.jpg\" alt=\"\" width=\"212\" height=\"300\" srcset=\"https:\/\/sauver-le-guirbaden.fr\/wp-content\/uploads\/2018\/11\/affiche-soupe-11-nov-2018-212x300.jpg 212w, https:\/\/sauver-le-guirbaden.fr\/wp-content\/uploads\/2018\/11\/affiche-soupe-11-nov-2018-768x1086.jpg 768w, https:\/\/sauver-le-guirbaden.fr\/wp-content\/uploads\/2018\/11\/affiche-soupe-11-nov-2018-724x1024.jpg 724w, https:\/\/sauver-le-guirbaden.fr\/wp-content\/uploads\/2018\/11\/affiche-soupe-11-nov-2018-600x849.jpg 600w, https:\/\/sauver-le-guirbaden.fr\/wp-content\/uploads\/2018\/11\/affiche-soupe-11-nov-2018.jpg 1240w\" sizes=\"auto, (max-width: 212px) 100vw, 212px\" \/>\u00a0<\/a><a href=\"https:\/\/www.sauver-le-guirbaden.fr\/wp-content\/uploads\/2018\/11\/11.11.2018-5.jpg\" target=\"_blank\" rel=\"noopener\"><img loading=\"lazy\" decoding=\"async\" class=\"alignnone wp-image-4148 size-medium\" src=\"https:\/\/www.sauver-le-guirbaden.fr\/wp-content\/uploads\/2018\/11\/11.11.2018-5-300x225.jpg\" alt=\"\" width=\"300\" height=\"225\" srcset=\"https:\/\/sauver-le-guirbaden.fr\/wp-content\/uploads\/2018\/11\/11.11.2018-5-300x225.jpg 300w, https:\/\/sauver-le-guirbaden.fr\/wp-content\/uploads\/2018\/11\/11.11.2018-5-768x576.jpg 768w, https:\/\/sauver-le-guirbaden.fr\/wp-content\/uploads\/2018\/11\/11.11.2018-5-600x450.jpg 600w, https:\/\/sauver-le-guirbaden.fr\/wp-content\/uploads\/2018\/11\/11.11.2018-5.jpg 800w\" sizes=\"auto, (max-width: 300px) 100vw, 300px\" \/><\/a><\/li>\n<\/ul>\n<p>&nbsp;<\/p>\n<ul>\n<li>14 octobre 2018: concert de l&#8217;ensemble FRESTEL \u00e0 Mollkirch\u00a0<a href=\"https:\/\/www.sauver-le-guirbaden.fr\/wp-content\/uploads\/2018\/10\/affiche-concert-FRESTEL.jpg\" target=\"_blank\" rel=\"noopener\"><img loading=\"lazy\" decoding=\"async\" class=\"alignnone wp-image-3995 size-medium\" src=\"https:\/\/www.sauver-le-guirbaden.fr\/wp-content\/uploads\/2018\/10\/affiche-concert-FRESTEL-212x300.jpg\" alt=\"\" width=\"212\" height=\"300\" srcset=\"https:\/\/sauver-le-guirbaden.fr\/wp-content\/uploads\/2018\/10\/affiche-concert-FRESTEL-212x300.jpg 212w, https:\/\/sauver-le-guirbaden.fr\/wp-content\/uploads\/2018\/10\/affiche-concert-FRESTEL.jpg 565w\" sizes=\"auto, (max-width: 212px) 100vw, 212px\" \/><\/a>\u00a0<a href=\"https:\/\/www.sauver-le-guirbaden.fr\/wp-content\/uploads\/2018\/10\/DSC00596.jpg\" target=\"_blank\" rel=\"noopener\"><img loading=\"lazy\" decoding=\"async\" class=\"alignnone wp-image-3997 size-medium\" src=\"https:\/\/www.sauver-le-guirbaden.fr\/wp-content\/uploads\/2018\/10\/DSC00596-300x200.jpg\" alt=\"\" width=\"300\" height=\"200\" srcset=\"https:\/\/sauver-le-guirbaden.fr\/wp-content\/uploads\/2018\/10\/DSC00596-300x200.jpg 300w, https:\/\/sauver-le-guirbaden.fr\/wp-content\/uploads\/2018\/10\/DSC00596-768x512.jpg 768w, https:\/\/sauver-le-guirbaden.fr\/wp-content\/uploads\/2018\/10\/DSC00596-600x400.jpg 600w, https:\/\/sauver-le-guirbaden.fr\/wp-content\/uploads\/2018\/10\/DSC00596.jpg 800w\" sizes=\"auto, (max-width: 300px) 100vw, 300px\" \/><\/a><\/li>\n<\/ul>\n<p>&nbsp;<\/p>\n<ul>\n<li>5 ao\u00fbt 2018: journ\u00e9e ZEN au ch\u00e2teau\u00a0 : chemin positif et s\u00e9ances de relaxation\u00a0 \u00a0 \u00a0 \u00a0 \u00a0 \u00a0 \u00a0 \u00a0 \u00a0 \u00a0\u00a0<a href=\"https:\/\/www.sauver-le-guirbaden.fr\/wp-content\/uploads\/2018\/08\/05.08.2018-32.jpg\">\u00a0<\/a><a href=\"https:\/\/www.sauver-le-guirbaden.fr\/wp-content\/uploads\/2018\/08\/05.08.2018-32.jpg\" target=\"_blank\" rel=\"noopener\"><img loading=\"lazy\" decoding=\"async\" class=\"alignnone wp-image-3840\" src=\"https:\/\/www.sauver-le-guirbaden.fr\/wp-content\/uploads\/2018\/08\/05.08.2018-32-300x225.jpg\" alt=\"\" width=\"283\" height=\"212\" srcset=\"https:\/\/sauver-le-guirbaden.fr\/wp-content\/uploads\/2018\/08\/05.08.2018-32-300x225.jpg 300w, https:\/\/sauver-le-guirbaden.fr\/wp-content\/uploads\/2018\/08\/05.08.2018-32-768x576.jpg 768w, https:\/\/sauver-le-guirbaden.fr\/wp-content\/uploads\/2018\/08\/05.08.2018-32-600x450.jpg 600w, https:\/\/sauver-le-guirbaden.fr\/wp-content\/uploads\/2018\/08\/05.08.2018-32.jpg 800w\" sizes=\"auto, (max-width: 283px) 100vw, 283px\" \/><\/a>\u00a0<a href=\"https:\/\/www.sauver-le-guirbaden.fr\/wp-content\/uploads\/2018\/08\/05.08.2018-32.jpg\">\u00a0<\/a><a href=\"https:\/\/www.sauver-le-guirbaden.fr\/wp-content\/uploads\/2018\/07\/affiche-journ\u00e9e-ZEN-5-aout-2018.jpg\" target=\"_blank\" rel=\"noopener\"><img loading=\"lazy\" decoding=\"async\" class=\"alignnone wp-image-3799 size-medium\" src=\"https:\/\/www.sauver-le-guirbaden.fr\/wp-content\/uploads\/2018\/07\/affiche-journ\u00e9e-ZEN-5-aout-2018-212x300.jpg\" alt=\"\" width=\"212\" height=\"300\" srcset=\"https:\/\/sauver-le-guirbaden.fr\/wp-content\/uploads\/2018\/07\/affiche-journ\u00e9e-ZEN-5-aout-2018-212x300.jpg 212w, https:\/\/sauver-le-guirbaden.fr\/wp-content\/uploads\/2018\/07\/affiche-journ\u00e9e-ZEN-5-aout-2018-768x1086.jpg 768w, https:\/\/sauver-le-guirbaden.fr\/wp-content\/uploads\/2018\/07\/affiche-journ\u00e9e-ZEN-5-aout-2018-724x1024.jpg 724w, https:\/\/sauver-le-guirbaden.fr\/wp-content\/uploads\/2018\/07\/affiche-journ\u00e9e-ZEN-5-aout-2018-600x849.jpg 600w, https:\/\/sauver-le-guirbaden.fr\/wp-content\/uploads\/2018\/07\/affiche-journ\u00e9e-ZEN-5-aout-2018.jpg 1240w\" sizes=\"auto, (max-width: 212px) 100vw, 212px\" \/><\/a><a href=\"https:\/\/www.sauver-le-guirbaden.fr\/wp-content\/uploads\/2018\/08\/05.08.2018-24.jpg\">\u00a0\u00a0<\/a><a href=\"https:\/\/www.sauver-le-guirbaden.fr\/wp-content\/uploads\/2018\/08\/05.08.2018-24.jpg\" target=\"_blank\" rel=\"noopener\"><img loading=\"lazy\" decoding=\"async\" class=\"alignnone wp-image-3835\" src=\"https:\/\/www.sauver-le-guirbaden.fr\/wp-content\/uploads\/2018\/08\/05.08.2018-24-300x225.jpg\" alt=\"\" width=\"281\" height=\"211\" srcset=\"https:\/\/sauver-le-guirbaden.fr\/wp-content\/uploads\/2018\/08\/05.08.2018-24-300x225.jpg 300w, https:\/\/sauver-le-guirbaden.fr\/wp-content\/uploads\/2018\/08\/05.08.2018-24-768x576.jpg 768w, https:\/\/sauver-le-guirbaden.fr\/wp-content\/uploads\/2018\/08\/05.08.2018-24-600x450.jpg 600w, https:\/\/sauver-le-guirbaden.fr\/wp-content\/uploads\/2018\/08\/05.08.2018-24.jpg 800w\" sizes=\"auto, (max-width: 281px) 100vw, 281px\" \/><\/a><a href=\"https:\/\/www.sauver-le-guirbaden.fr\/wp-content\/uploads\/2018\/08\/05.08.2018-17.jpg\" target=\"_blank\" rel=\"noopener\"><img loading=\"lazy\" decoding=\"async\" class=\"alignnone wp-image-3828\" src=\"https:\/\/www.sauver-le-guirbaden.fr\/wp-content\/uploads\/2018\/08\/05.08.2018-17-300x225.jpg\" alt=\"\" width=\"268\" height=\"201\" srcset=\"https:\/\/sauver-le-guirbaden.fr\/wp-content\/uploads\/2018\/08\/05.08.2018-17-300x225.jpg 300w, https:\/\/sauver-le-guirbaden.fr\/wp-content\/uploads\/2018\/08\/05.08.2018-17-768x576.jpg 768w, https:\/\/sauver-le-guirbaden.fr\/wp-content\/uploads\/2018\/08\/05.08.2018-17-600x450.jpg 600w, https:\/\/sauver-le-guirbaden.fr\/wp-content\/uploads\/2018\/08\/05.08.2018-17.jpg 800w\" sizes=\"auto, (max-width: 268px) 100vw, 268px\" \/><\/a><a href=\"https:\/\/www.sauver-le-guirbaden.fr\/wp-content\/uploads\/2018\/08\/05.08.2018-24.jpg\">\u00a0<\/a><a href=\"https:\/\/www.sauver-le-guirbaden.fr\/wp-content\/uploads\/2018\/08\/05.08.2018-11.jpg\" target=\"_blank\" rel=\"noopener\"><img loading=\"lazy\" decoding=\"async\" class=\"alignnone wp-image-3823\" src=\"https:\/\/www.sauver-le-guirbaden.fr\/wp-content\/uploads\/2018\/08\/05.08.2018-11-300x225.jpg\" alt=\"\" width=\"277\" height=\"208\" srcset=\"https:\/\/sauver-le-guirbaden.fr\/wp-content\/uploads\/2018\/08\/05.08.2018-11-300x225.jpg 300w, https:\/\/sauver-le-guirbaden.fr\/wp-content\/uploads\/2018\/08\/05.08.2018-11-768x576.jpg 768w, https:\/\/sauver-le-guirbaden.fr\/wp-content\/uploads\/2018\/08\/05.08.2018-11-600x450.jpg 600w, https:\/\/sauver-le-guirbaden.fr\/wp-content\/uploads\/2018\/08\/05.08.2018-11.jpg 800w\" sizes=\"auto, (max-width: 277px) 100vw, 277px\" \/><\/a><a href=\"https:\/\/www.sauver-le-guirbaden.fr\/wp-content\/uploads\/2018\/08\/05.08.2018-24.jpg\">\u00a0<\/a><a href=\"https:\/\/www.sauver-le-guirbaden.fr\/wp-content\/uploads\/2018\/08\/05.08.2018-13.jpg\" target=\"_blank\" rel=\"noopener\"><img loading=\"lazy\" decoding=\"async\" class=\"alignnone wp-image-3824\" src=\"https:\/\/www.sauver-le-guirbaden.fr\/wp-content\/uploads\/2018\/08\/05.08.2018-13-300x225.jpg\" alt=\"\" width=\"272\" height=\"204\" srcset=\"https:\/\/sauver-le-guirbaden.fr\/wp-content\/uploads\/2018\/08\/05.08.2018-13-300x225.jpg 300w, https:\/\/sauver-le-guirbaden.fr\/wp-content\/uploads\/2018\/08\/05.08.2018-13-768x576.jpg 768w, https:\/\/sauver-le-guirbaden.fr\/wp-content\/uploads\/2018\/08\/05.08.2018-13-600x450.jpg 600w, https:\/\/sauver-le-guirbaden.fr\/wp-content\/uploads\/2018\/08\/05.08.2018-13.jpg 800w\" sizes=\"auto, (max-width: 272px) 100vw, 272px\" \/><\/a><\/li>\n<\/ul>\n<p>&nbsp;<\/p>\n<ul>\n<li>15 juillet 2018: journ\u00e9e HAMAC et LECTURE au ch\u00e2teau\u00a0<a href=\"https:\/\/www.sauver-le-guirbaden.fr\/wp-content\/uploads\/2018\/07\/affiche-hamac-et-lecture-15.07.2018.jpg\" target=\"_blank\" rel=\"noopener\"><img loading=\"lazy\" decoding=\"async\" class=\"alignnone wp-image-3757 size-medium\" src=\"https:\/\/www.sauver-le-guirbaden.fr\/wp-content\/uploads\/2018\/07\/affiche-hamac-et-lecture-15.07.2018-212x300.jpg\" alt=\"\" width=\"212\" height=\"300\" srcset=\"https:\/\/sauver-le-guirbaden.fr\/wp-content\/uploads\/2018\/07\/affiche-hamac-et-lecture-15.07.2018-212x300.jpg 212w, https:\/\/sauver-le-guirbaden.fr\/wp-content\/uploads\/2018\/07\/affiche-hamac-et-lecture-15.07.2018-768x1086.jpg 768w, https:\/\/sauver-le-guirbaden.fr\/wp-content\/uploads\/2018\/07\/affiche-hamac-et-lecture-15.07.2018-724x1024.jpg 724w, https:\/\/sauver-le-guirbaden.fr\/wp-content\/uploads\/2018\/07\/affiche-hamac-et-lecture-15.07.2018-600x849.jpg 600w, https:\/\/sauver-le-guirbaden.fr\/wp-content\/uploads\/2018\/07\/affiche-hamac-et-lecture-15.07.2018.jpg 1240w\" sizes=\"auto, (max-width: 212px) 100vw, 212px\" \/><\/a>\u00a0<a href=\"https:\/\/www.sauver-le-guirbaden.fr\/wp-content\/uploads\/2018\/07\/15.07.2018-hamac-6.jpg\" target=\"_blank\" rel=\"noopener\"><img loading=\"lazy\" decoding=\"async\" class=\"alignnone wp-image-3766 size-medium\" src=\"https:\/\/www.sauver-le-guirbaden.fr\/wp-content\/uploads\/2018\/07\/15.07.2018-hamac-6-300x225.jpg\" alt=\"\" width=\"300\" height=\"225\" srcset=\"https:\/\/sauver-le-guirbaden.fr\/wp-content\/uploads\/2018\/07\/15.07.2018-hamac-6-300x225.jpg 300w, https:\/\/sauver-le-guirbaden.fr\/wp-content\/uploads\/2018\/07\/15.07.2018-hamac-6-768x576.jpg 768w, https:\/\/sauver-le-guirbaden.fr\/wp-content\/uploads\/2018\/07\/15.07.2018-hamac-6-600x450.jpg 600w, https:\/\/sauver-le-guirbaden.fr\/wp-content\/uploads\/2018\/07\/15.07.2018-hamac-6.jpg 800w\" sizes=\"auto, (max-width: 300px) 100vw, 300px\" \/><\/a><\/li>\n<\/ul>\n<p>&nbsp;<\/p>\n<ul>\n<li>17 juin 2018: journ\u00e9e JEUX au ch\u00e2teau<\/li>\n<\/ul>\n<p><a href=\"https:\/\/www.sauver-le-guirbaden.fr\/wp-content\/uploads\/2018\/06\/17.06.2018-5.jpg\" target=\"_blank\" rel=\"noopener\"><img loading=\"lazy\" decoding=\"async\" class=\"alignnone wp-image-3728 size-medium\" src=\"https:\/\/www.sauver-le-guirbaden.fr\/wp-content\/uploads\/2018\/06\/17.06.2018-5-300x225.jpg\" alt=\"\" width=\"300\" height=\"225\" srcset=\"https:\/\/sauver-le-guirbaden.fr\/wp-content\/uploads\/2018\/06\/17.06.2018-5-300x225.jpg 300w, https:\/\/sauver-le-guirbaden.fr\/wp-content\/uploads\/2018\/06\/17.06.2018-5-768x576.jpg 768w, https:\/\/sauver-le-guirbaden.fr\/wp-content\/uploads\/2018\/06\/17.06.2018-5-600x450.jpg 600w, https:\/\/sauver-le-guirbaden.fr\/wp-content\/uploads\/2018\/06\/17.06.2018-5.jpg 800w\" sizes=\"auto, (max-width: 300px) 100vw, 300px\" \/>\u00a0<\/a><a href=\"https:\/\/www.sauver-le-guirbaden.fr\/wp-content\/uploads\/2018\/11\/17-06-2018-r\u00e9duit.jpg\"><img loading=\"lazy\" decoding=\"async\" class=\"alignnone size-medium wp-image-4141\" src=\"https:\/\/www.sauver-le-guirbaden.fr\/wp-content\/uploads\/2018\/11\/17-06-2018-r\u00e9duit-212x300.jpg\" alt=\"\" width=\"212\" height=\"300\" srcset=\"https:\/\/sauver-le-guirbaden.fr\/wp-content\/uploads\/2018\/11\/17-06-2018-r\u00e9duit-212x300.jpg 212w, https:\/\/sauver-le-guirbaden.fr\/wp-content\/uploads\/2018\/11\/17-06-2018-r\u00e9duit.jpg 565w\" sizes=\"auto, (max-width: 212px) 100vw, 212px\" \/><\/a><\/p>\n","protected":false},"excerpt":{"rendered":"<p>Pour vivre le ch\u00e2teau autrement &#8230;. 16 d\u00e9cembre 2018: bredele et vins chaud 11 novembre 2018: soupe de potiron pour les sorci\u00e8res&#8230;. au ch\u00e2teau\u00a0\u00a0 &nbsp; 14 octobre 2018: concert de l&#8217;ensemble FRESTEL \u00e0 Mollkirch\u00a0\u00a0 &nbsp; 5 ao\u00fbt 2018: journ\u00e9e ZEN au ch\u00e2teau\u00a0 : chemin positif et s\u00e9ances de relaxation\u00a0 \u00a0 \u00a0 \u00a0 \u00a0 \u00a0 \u00a0 &hellip; <a href=\"https:\/\/www.sauver-le-guirbaden.fr\/index.php\/presse\/\" class=\"more-link\">Continuer la lecture de <span class=\"screen-reader-text\">Autres animations 2018<\/span> <span class=\"meta-nav\">&rarr;<\/span><\/a><\/p>\n","protected":false},"author":1,"featured_media":0,"parent":0,"menu_order":0,"comment_status":"closed","ping_status":"closed","template":"","meta":{"footnotes":""},"class_list":["post-187","page","type-page","status-publish","hentry"],"_links":{"self":[{"href":"https:\/\/www.sauver-le-guirbaden.fr\/index.php\/wp-json\/wp\/v2\/pages\/187","targetHints":{"allow":["GET"]}}],"collection":[{"href":"https:\/\/www.sauver-le-guirbaden.fr\/index.php\/wp-json\/wp\/v2\/pages"}],"about":[{"href":"https:\/\/www.sauver-le-guirbaden.fr\/index.php\/wp-json\/wp\/v2\/types\/page"}],"author":[{"embeddable":true,"href":"https:\/\/www.sauver-le-guirbaden.fr\/index.php\/wp-json\/wp\/v2\/users\/1"}],"replies":[{"embeddable":true,"href":"https:\/\/www.sauver-le-guirbaden.fr\/index.php\/wp-json\/wp\/v2\/comments?post=187"}],"version-history":[{"count":1,"href":"https:\/\/www.sauver-le-guirbaden.fr\/index.php\/wp-json\/wp\/v2\/pages\/187\/revisions"}],"predecessor-version":[{"id":7384,"href":"https:\/\/www.sauver-le-guirbaden.fr\/index.php\/wp-json\/wp\/v2\/pages\/187\/revisions\/7384"}],"wp:attachment":[{"href":"https:\/\/www.sauver-le-guirbaden.fr\/index.php\/wp-json\/wp\/v2\/media?parent=187"}],"curies":[{"name":"wp","href":"https:\/\/api.w.org\/{rel}","templated":true}]}}