{"id":2,"date":"2015-09-04T16:54:42","date_gmt":"2015-09-04T15:54:42","guid":{"rendered":"https:\/\/www.sauver-le-guirbaden.fr\/?page_id=2"},"modified":"2026-03-27T16:51:44","modified_gmt":"2026-03-27T15:51:44","slug":"sauver-le-guirbaden","status":"publish","type":"page","link":"https:\/\/www.sauver-le-guirbaden.fr\/","title":{"rendered":"Sauver le Guirbaden"},"content":{"rendered":"<p style=\"text-align: left;\">Bienvenue \u00a0sur le site internet\u00a0 de l&#8217;association\u00a0 \u00a0 \u00a0 \u00a0 \u00a0 \u00a0 \u00a0 \u00a0 \u00a0 \u00a0 \u00a0 \u00a0 \u00a0 \u00a0 \u00a0 \u00a0 \u00a0 \u00a0 \u00a0 \u00a0 \u00a0 \u00a0 &#8220;<strong>Sauver le Guirbaden<\/strong>&#8221; qui restaure, entretien et anime\u00a0 \u00a0 \u00a0 \u00a0 \u00a0 \u00a0 \u00a0 \u00a0 \u00a0 \u00a0 \u00a0 \u00a0 le ch\u00e2teau de Guirbaden, \u00e0\u00a0 Mollkirch en Alsace. ( France )<\/p>\n<p style=\"text-align: center;\">26 mars 2026: l&#8217;\u00e9chafaudage pour restaurer le donjon est arriv\u00e9 par h\u00e9licopt\u00e8re: les travaux vont commencer !<\/p>\n<p style=\"text-align: center;\"><a href=\"https:\/\/sauver-le-guirbaden.fr\/wp-content\/uploads\/2026\/03\/IMG-20260326-WA0017r.jpg\"><img loading=\"lazy\" decoding=\"async\" class=\"alignnone size-medium wp-image-8449\" src=\"https:\/\/sauver-le-guirbaden.fr\/wp-content\/uploads\/2026\/03\/IMG-20260326-WA0017r-300x226.jpg\" alt=\"\" width=\"300\" height=\"226\" srcset=\"https:\/\/sauver-le-guirbaden.fr\/wp-content\/uploads\/2026\/03\/IMG-20260326-WA0017r-300x226.jpg 300w, https:\/\/sauver-le-guirbaden.fr\/wp-content\/uploads\/2026\/03\/IMG-20260326-WA0017r-768x578.jpg 768w, https:\/\/sauver-le-guirbaden.fr\/wp-content\/uploads\/2026\/03\/IMG-20260326-WA0017r-600x452.jpg 600w, https:\/\/sauver-le-guirbaden.fr\/wp-content\/uploads\/2026\/03\/IMG-20260326-WA0017r.jpg 800w\" sizes=\"auto, (max-width: 300px) 100vw, 300px\" \/><\/a><\/p>\n<p style=\"text-align: center;\">D\u00e9j\u00e0 10 ans que les b\u00e9n\u00e9voles s&#8217;activent\u00a0 \u00a0 \u00a0 \u00a0 \u00a0 \u00a0 \u00a0 \u00a0 \u00a0 \u00a0 \u00a0 \u00a0 \u00a0 \u00a0 \u00a0 \u00a0 \u00a0 \u00a0 \u00a0 \u00a0 \u00a0 \u00a0 \u00a0 \u00a0 \u00a0 \u00a0 pour &#8220;sauver le Guirbaden&#8221; &#8230;<\/p>\n<div>\n<div>En juin 2025, nous avons pass\u00e9 les 50 000 heures\u00a0 \u00a0 \u00a0 \u00a0 \u00a0 \u00a0 \u00a0 \u00a0 \u00a0 \u00a0 \u00a0 \u00a0 \u00a0 \u00a0 \u00a0 \u00a0 \u00a0 \u00a0 \u00a0 \u00a0de b\u00e9n\u00e9volat sur le site.<\/div>\n<div>\u00a0<\/div>\n<\/div>\n<div>Venez nous voir.\u00a0 \u00a0 \u00a0Venez nous aider.\u00a0 \u00a0Soutenez nous.<\/div>\n<div>\u00a0<\/div>\n<div>\u00a0<\/div>\n<p>\u00a0<\/p>\n\n<\/p>\n<p><\/p><!-- \/wp:post-content -->","protected":false},"excerpt":{"rendered":"<p>Bienvenue \u00a0sur le site internet\u00a0 de l&#8217;association\u00a0 \u00a0 \u00a0 \u00a0 \u00a0 \u00a0 \u00a0 \u00a0 \u00a0 \u00a0 \u00a0 \u00a0 \u00a0 \u00a0 \u00a0 \u00a0 \u00a0 \u00a0 \u00a0 \u00a0 \u00a0 \u00a0 &#8220;Sauver le Guirbaden&#8221; qui restaure, entretien et anime\u00a0 \u00a0 \u00a0 \u00a0 \u00a0 \u00a0 \u00a0 \u00a0 \u00a0 \u00a0 \u00a0 \u00a0 le ch\u00e2teau de Guirbaden, \u00e0\u00a0 Mollkirch en Alsace. &hellip; <a href=\"https:\/\/www.sauver-le-guirbaden.fr\/\" class=\"more-link\">Continuer la lecture de <span class=\"screen-reader-text\">Sauver le Guirbaden<\/span> <span class=\"meta-nav\">&rarr;<\/span><\/a><\/p>\n","protected":false},"author":1,"featured_media":0,"parent":0,"menu_order":0,"comment_status":"closed","ping_status":"closed","template":"","meta":{"footnotes":""},"class_list":["post-2","page","type-page","status-publish","hentry"],"_links":{"self":[{"href":"https:\/\/www.sauver-le-guirbaden.fr\/index.php\/wp-json\/wp\/v2\/pages\/2","targetHints":{"allow":["GET"]}}],"collection":[{"href":"https:\/\/www.sauver-le-guirbaden.fr\/index.php\/wp-json\/wp\/v2\/pages"}],"about":[{"href":"https:\/\/www.sauver-le-guirbaden.fr\/index.php\/wp-json\/wp\/v2\/types\/page"}],"author":[{"embeddable":true,"href":"https:\/\/www.sauver-le-guirbaden.fr\/index.php\/wp-json\/wp\/v2\/users\/1"}],"replies":[{"embeddable":true,"href":"https:\/\/www.sauver-le-guirbaden.fr\/index.php\/wp-json\/wp\/v2\/comments?post=2"}],"version-history":[{"count":2,"href":"https:\/\/www.sauver-le-guirbaden.fr\/index.php\/wp-json\/wp\/v2\/pages\/2\/revisions"}],"predecessor-version":[{"id":8451,"href":"https:\/\/www.sauver-le-guirbaden.fr\/index.php\/wp-json\/wp\/v2\/pages\/2\/revisions\/8451"}],"wp:attachment":[{"href":"https:\/\/www.sauver-le-guirbaden.fr\/index.php\/wp-json\/wp\/v2\/media?parent=2"}],"curies":[{"name":"wp","href":"https:\/\/api.w.org\/{rel}","templated":true}]}}