{"id":201,"date":"2015-10-15T16:39:49","date_gmt":"2015-10-15T15:39:49","guid":{"rendered":"https:\/\/www.sauver-le-guirbaden.fr\/?page_id=201"},"modified":"2026-05-10T23:13:06","modified_gmt":"2026-05-10T21:13:06","slug":"historique","status":"publish","type":"page","link":"https:\/\/www.sauver-le-guirbaden.fr\/index.php\/historique\/","title":{"rendered":"Historique"},"content":{"rendered":"<h3 style=\"text-align: justify;\">Le Ch\u00e2teau du Guirbaden, Mollkirch, Bas-Rhin, Alsace<\/h3>\n<p style=\"text-align: justify;\">Le ch\u00e2teau se trouve en Alsace, dans le Bas-Rhin, \u00e0 un kilom\u00e8tre du village de <a href=\"https:\/\/www.sauver-le-guirbaden.fr\/index.php\/acces-gps\/\">Mollkirch,<\/a>sur les collines qui dominent la Vall\u00e9e de la Bruche. Le ch\u00e2teau est situ\u00e9 sur la rive gauche de la Magel, affluent de la Bruche, \u00a0\u00e0 565 m\u00e8tres d&#8217;altitude.<\/p>\n<p style=\"text-align: justify;\">C&#8217;est le ch\u00e2teau le plus \u00e9tendu encore visible: 250 m de longueur sur 60 \u00e0 70 m de largeur. Il est constitu\u00e9 de 2 parties s\u00e9par\u00e9es par un foss\u00e9. C\u00f4t\u00e9 Ouest, il subsiste une grande enceinte avec la chapelle St Valentin, la tour de la faim et une tour semi-circulaire. Alors que le c\u00f4t\u00e9 Est comprend le palas, les communs et une enceinte haute pos\u00e9e sur 5 arcs et renfermant le donjon.<\/p>\n<p style=\"text-align: justify;\">Ce ch\u00e2teau fort est le t\u00e9moin de l&#8217;\u00e9poque o\u00f9 l&#8217;Alsace faisait partie du Saint Empire Romain Germanique.<\/p>\n<p style=\"text-align: justify;\">Dans les textes, nous retrouvons la trace d&#8217;un Burgberg en 974 que la riche famille Eguisheim a construit pour prot\u00e9ger les biens de l&#8217;abbaye d&#8217;Altorf dont ils \u00e9taient les fondateurs et protecteurs. Les historiens n&#8217;\u00e9taient pas tous d&#8217;accord pour situer ce Burgberg sur le Purpukopf ou au Guirbaden. Des fouilles au Purpurkopf entre 2022 et 2024 ont permis de le date et \u00e0 ce jour, on consid\u00e8re le Purpurkopf comme \u00e9tant le Burgberg, que la famille Eguisheim aurait abandonn\u00e9 vers 1050 environ, pour venir juste en face, construire le Guirbaden qui devait mieux r\u00e9pondre \u00e0 leurs besoins du moment.<\/p>\n<figure id=\"attachment_426\" aria-describedby=\"caption-attachment-426\" style=\"width: 300px\" class=\"wp-caption alignnone\"><a href=\"http:\/\/www.crdp-strasbourg.fr\/data\/albums\/chateaux_guirbaden\/index.php?img=3&amp;parent=33\" target=\"_blank\" rel=\"noopener\"><img loading=\"lazy\" decoding=\"async\" class=\"wp-image-426 size-medium\" src=\"https:\/\/www.sauver-le-guirbaden.fr\/wp-content\/uploads\/2015\/09\/gravure-du-chateau-300x195.jpg\" alt=\"gravure du chateau\" width=\"300\" height=\"195\" srcset=\"https:\/\/sauver-le-guirbaden.fr\/wp-content\/uploads\/2015\/09\/gravure-du-chateau-300x195.jpg 300w, https:\/\/sauver-le-guirbaden.fr\/wp-content\/uploads\/2015\/09\/gravure-du-chateau-1024x665.jpg 1024w, https:\/\/sauver-le-guirbaden.fr\/wp-content\/uploads\/2015\/09\/gravure-du-chateau.jpg 1756w\" sizes=\"auto, (max-width: 300px) 100vw, 300px\" \/><\/a><figcaption id=\"caption-attachment-426\" class=\"wp-caption-text\"><span style=\"font-size: xx-small;\">Reconstitution du XIX e s.<\/span><\/figcaption><\/figure>\n<p style=\"text-align: justify;\">En <strong>1137<\/strong>,\u00a0premi\u00e8re mention du nom actuel du ch\u00e2teau dans un document qui relate la cons\u00e9cration de la chapelle de Laubenheim\u00a0: \u00ab\u00a0 capellam juxta Girbadun apud Lobias sitam\u00a0\u00bb ( = la chapelle situ\u00e9e au-dessous de Guirbaden \u00e0 Laubenheim)<\/p>\n<p>1162\u00a0: Fr\u00e9d\u00e9ric Ier Barberousse incendie le ch\u00e2teau de son fid\u00e8le serviteur Hugues IX en repr\u00e9sailles pour le destruction du ch\u00e2teau de Horbourg provoqu\u00e9e par Hugues malgr\u00e9 l\u2019interdiction imp\u00e9riale.<\/p>\n<p style=\"text-align: justify;\">Le ch\u00e2teau sera par la suite agrandi par l&#8217;empereur Fr\u00e9d\u00e9ric II (1218 \u00e0 1225) ( enceinte Ouest + palas )<\/p>\n<p><strong>1225<\/strong> la derni\u00e8re descendante de la famille d\u2019Eguisheim-Dabo\u00a0 Gertrude meurt: pendant 15 ans \u00a0 il y aura une grande confusion dans sa succession, car elle n&#8217;a pas de descendants.<\/p>\n<p><strong>1226\u00a0<\/strong>: guirbaden et ses d\u00e9pendances deviennent bien \u00e9piscopal\u00a0: l\u2019\u00e9v\u00e8que de Strasbourg Berthold 1<sup>er<\/sup> de Teck devient propri\u00e9taire avec accord du fils de Fr\u00e9d\u00e9ric II Henri VII et de Sigismond de Linange le dernier mari de Gertrude. A cette occasion dans la charte,\u00a0 on trouve la 1<sup>\u00e8re<\/sup> mention d&#8217;un \u00a0\u00ab \u00a0nouveau ch\u00e2teau devant guirbaden\u00a0\u00bb\u00a0\u00a0 \u00ab\u00a0castrum novum ante girbaden noviter constructum\u00a0\u00bb : l&#8217;enceinte avec la tour de la faim et la chapelle.<\/p>\n<p style=\"text-align: justify;\">Les ch\u00e2teau sera donn\u00e9 en fief \u00a0par les diff\u00e9rents \u00e9v\u00eaques de Strasbourg\u00a0\u00e0 des vassaux issus de grandes familles d&#8217;Alsace. (Mullenheim, \u00a0Hohenstein, Rathsamhausen&#8230;)<\/p>\n<p style=\"text-align: justify;\">Il fut \u00a0incendi\u00e9 en 1633 lors de la guerre de 30 ans et d\u00e9finitivement d\u00e9truit en 1657.<\/p>\n<p style=\"text-align: justify;\">Depuis \u00a0le 6 d\u00e9cembre 1898, le ch\u00e2teau de Guirbaden est class\u00e9 \u00a0monument historique.<\/p>\n<h3 style=\"text-align: justify;\"><\/h3>\n<h3 style=\"text-align: justify;\">La L\u00e9gende du ch\u00e2teau<\/h3>\n<p style=\"text-align: justify;\">Les comtes d&#8217;Eguisheim revenaient de croisade avec les Templiers. Ces derniers s&#8217;install\u00e8rent au ch\u00e2teau et y accumul\u00e8rent des tr\u00e9sors.<\/p>\n<p style=\"text-align: justify;\">Les Templiers subirent par la suite de grandes pers\u00e9cutions et cela fit dispara\u00eetre leur ordre.<\/p>\n<p style=\"text-align: justify;\">La derni\u00e8re de leur h\u00e9riti\u00e8re se nommait Odile.<\/p>\n<p style=\"text-align: justify;\">Celle-ci ne voulut jamais se marier et mourut jeune d&#8217;une maladie.<\/p>\n<p style=\"text-align: justify;\">Mais voyant la fin arriver, Odile demanda \u00e0 l&#8217;un de ses serviteurs d&#8217;enterrer son corps avec le tr\u00e9sor.<\/p>\n<p style=\"text-align: justify;\">Le serviteur le fit et lorsque sa propre mort se fit sentir, il confia le secret \u00e0 son fils. Il transmit l&#8217;emplacement du tombeau ainsi que du tr\u00e9sor.<\/p>\n<p style=\"text-align: justify;\">Ce fils le transmit et ainsi de suite au fil des g\u00e9n\u00e9rations.<\/p>\n<p style=\"text-align: justify;\">Personne ne troubla le repos d&#8217;Odile.<\/p>\n<p style=\"text-align: justify;\">Mais un jour le secret fut donn\u00e9 \u00e0 des jumeaux. La convoitise fut plus forte que tout le reste et ils d\u00e9cid\u00e8rent de s&#8217;emparer du tr\u00e9sor. A l&#8217;emplacement du tombeau, ils creus\u00e8rent mais en creusant, ils fragilis\u00e8rent les appuis du rocher et lorsqu&#8217;ils virent apparaitre le tombeau, un grand pan de rocher s&#8217;abattit sur la tombe. Ils furent ensevelis avec le tr\u00e9sor qu&#8217;ils convoitaient tant.<\/p>\n","protected":false},"excerpt":{"rendered":"<p>Le Ch\u00e2teau du Guirbaden, Mollkirch, Bas-Rhin, Alsace Le ch\u00e2teau se trouve en Alsace, dans le Bas-Rhin, \u00e0 un kilom\u00e8tre du village de Mollkirch,sur les collines qui dominent la Vall\u00e9e de la Bruche. Le ch\u00e2teau est situ\u00e9 sur la rive gauche de la Magel, affluent de la Bruche, \u00a0\u00e0 565 m\u00e8tres d&#8217;altitude. C&#8217;est le ch\u00e2teau le &hellip; <a href=\"https:\/\/www.sauver-le-guirbaden.fr\/index.php\/historique\/\" class=\"more-link\">Continuer la lecture de <span class=\"screen-reader-text\">Historique<\/span> <span class=\"meta-nav\">&rarr;<\/span><\/a><\/p>\n","protected":false},"author":1,"featured_media":0,"parent":0,"menu_order":0,"comment_status":"closed","ping_status":"closed","template":"","meta":{"footnotes":""},"class_list":["post-201","page","type-page","status-publish","hentry"],"_links":{"self":[{"href":"https:\/\/www.sauver-le-guirbaden.fr\/index.php\/wp-json\/wp\/v2\/pages\/201","targetHints":{"allow":["GET"]}}],"collection":[{"href":"https:\/\/www.sauver-le-guirbaden.fr\/index.php\/wp-json\/wp\/v2\/pages"}],"about":[{"href":"https:\/\/www.sauver-le-guirbaden.fr\/index.php\/wp-json\/wp\/v2\/types\/page"}],"author":[{"embeddable":true,"href":"https:\/\/www.sauver-le-guirbaden.fr\/index.php\/wp-json\/wp\/v2\/users\/1"}],"replies":[{"embeddable":true,"href":"https:\/\/www.sauver-le-guirbaden.fr\/index.php\/wp-json\/wp\/v2\/comments?post=201"}],"version-history":[{"count":1,"href":"https:\/\/www.sauver-le-guirbaden.fr\/index.php\/wp-json\/wp\/v2\/pages\/201\/revisions"}],"predecessor-version":[{"id":8505,"href":"https:\/\/www.sauver-le-guirbaden.fr\/index.php\/wp-json\/wp\/v2\/pages\/201\/revisions\/8505"}],"wp:attachment":[{"href":"https:\/\/www.sauver-le-guirbaden.fr\/index.php\/wp-json\/wp\/v2\/media?parent=201"}],"curies":[{"name":"wp","href":"https:\/\/api.w.org\/{rel}","templated":true}]}}