{"id":207,"date":"2015-09-24T16:41:00","date_gmt":"2015-09-24T15:41:00","guid":{"rendered":"https:\/\/www.sauver-le-guirbaden.fr\/?page_id=207"},"modified":"2025-12-04T16:43:29","modified_gmt":"2025-12-04T15:43:29","slug":"restauration-et-entretien","status":"publish","type":"page","link":"https:\/\/www.sauver-le-guirbaden.fr\/index.php\/restauration-et-entretien\/","title":{"rendered":"Consolidations et entretien"},"content":{"rendered":"<p>Les chantiers ont lieu toute l&#8217;ann\u00e9e&#8230; Aucune comp\u00e9tence particuli\u00e8re n&#8217;est exig\u00e9e, vous \u00eates donc tous convi\u00e9s \u00e0 nous rejoindre. La formation se fera sur place si n\u00e9cessaire&#8230;<\/p>\n<p>Pensez \u00e0 apporter vos gants, vos chaussures de s\u00e9curit\u00e9 si vous avez, votre s\u00e9cateur et \u00e9ventuellement une grosse pince coupante&#8230;<\/p>\n<p>Ne pas oublier votre casse-cro\u00fbte et beaucoup de boissons&#8230;<\/p>\n<p>Les rdv ont lieu \u00e0 l&#8217;atelier municipal de Mollkirch \u00e0 9h.\u00a0 \u00a0( 9 rue de l&#8217;\u00e9glise )\u00a0 \u00a0 \u00a0 \u00a0 \u00a0 \u00a0 \u00a0 \u00a0 \u00a0 \u00a0 \u00a0 \u00a0 \u00a0 \u00a0 \u00a0 \u00a0 \u00a0 \u00a0 \u00a0 Les affaires sont mont\u00e9es en 4&#215;4 et les b\u00e9n\u00e9voles aussi selon la place disponible &#8230;<\/p>\n<p>Contactez l&#8217;association par mail ou par t\u00e9l\u00e9phone pour connaitre les jours de chantier.\u00a0 \u00a0 \u00a0 \u00a0 \u00a0 \u00a0Contact: 06.85.98.31.64<\/p>\n<p>&nbsp;<\/p>\n","protected":false},"excerpt":{"rendered":"<p>Les chantiers ont lieu toute l&#8217;ann\u00e9e&#8230; Aucune comp\u00e9tence particuli\u00e8re n&#8217;est exig\u00e9e, vous \u00eates donc tous convi\u00e9s \u00e0 nous rejoindre. La formation se fera sur place si n\u00e9cessaire&#8230; Pensez \u00e0 apporter vos gants, vos chaussures de s\u00e9curit\u00e9 si vous avez, votre s\u00e9cateur et \u00e9ventuellement une grosse pince coupante&#8230; Ne pas oublier votre casse-cro\u00fbte et beaucoup de &hellip; <a href=\"https:\/\/www.sauver-le-guirbaden.fr\/index.php\/restauration-et-entretien\/\" class=\"more-link\">Continuer la lecture de <span class=\"screen-reader-text\">Consolidations et entretien<\/span> <span class=\"meta-nav\">&rarr;<\/span><\/a><\/p>\n","protected":false},"author":1,"featured_media":0,"parent":0,"menu_order":0,"comment_status":"closed","ping_status":"closed","template":"","meta":{"footnotes":""},"class_list":["post-207","page","type-page","status-publish","hentry"],"_links":{"self":[{"href":"https:\/\/www.sauver-le-guirbaden.fr\/index.php\/wp-json\/wp\/v2\/pages\/207","targetHints":{"allow":["GET"]}}],"collection":[{"href":"https:\/\/www.sauver-le-guirbaden.fr\/index.php\/wp-json\/wp\/v2\/pages"}],"about":[{"href":"https:\/\/www.sauver-le-guirbaden.fr\/index.php\/wp-json\/wp\/v2\/types\/page"}],"author":[{"embeddable":true,"href":"https:\/\/www.sauver-le-guirbaden.fr\/index.php\/wp-json\/wp\/v2\/users\/1"}],"replies":[{"embeddable":true,"href":"https:\/\/www.sauver-le-guirbaden.fr\/index.php\/wp-json\/wp\/v2\/comments?post=207"}],"version-history":[{"count":1,"href":"https:\/\/www.sauver-le-guirbaden.fr\/index.php\/wp-json\/wp\/v2\/pages\/207\/revisions"}],"predecessor-version":[{"id":8385,"href":"https:\/\/www.sauver-le-guirbaden.fr\/index.php\/wp-json\/wp\/v2\/pages\/207\/revisions\/8385"}],"wp:attachment":[{"href":"https:\/\/www.sauver-le-guirbaden.fr\/index.php\/wp-json\/wp\/v2\/media?parent=207"}],"curies":[{"name":"wp","href":"https:\/\/api.w.org\/{rel}","templated":true}]}}