{"id":210,"date":"2015-12-08T08:41:17","date_gmt":"2015-12-08T07:41:17","guid":{"rendered":"https:\/\/www.sauver-le-guirbaden.fr\/?page_id=210"},"modified":"2026-05-10T22:38:31","modified_gmt":"2026-05-10T20:38:31","slug":"agenda","status":"publish","type":"page","link":"https:\/\/www.sauver-le-guirbaden.fr\/index.php\/agenda\/","title":{"rendered":"Agenda"},"content":{"rendered":"<p style=\"text-align: left;\"><a href=\"https:\/\/sauver-le-guirbaden.fr\/wp-content\/uploads\/2026\/05\/agenda-2026-de-mai-a-octobre-2026-au-10.05.2026.jpg\"><img loading=\"lazy\" decoding=\"async\" class=\"alignnone size-medium wp-image-8497\" src=\"https:\/\/sauver-le-guirbaden.fr\/wp-content\/uploads\/2026\/05\/agenda-2026-de-mai-a-octobre-2026-au-10.05.2026-300x294.jpg\" alt=\"\" width=\"300\" height=\"294\" srcset=\"https:\/\/sauver-le-guirbaden.fr\/wp-content\/uploads\/2026\/05\/agenda-2026-de-mai-a-octobre-2026-au-10.05.2026-300x294.jpg 300w, https:\/\/sauver-le-guirbaden.fr\/wp-content\/uploads\/2026\/05\/agenda-2026-de-mai-a-octobre-2026-au-10.05.2026-600x588.jpg 600w, https:\/\/sauver-le-guirbaden.fr\/wp-content\/uploads\/2026\/05\/agenda-2026-de-mai-a-octobre-2026-au-10.05.2026.jpg 640w\" sizes=\"auto, (max-width: 300px) 100vw, 300px\" \/><\/a><a href=\"https:\/\/sauver-le-guirbaden.fr\/wp-content\/uploads\/2026\/05\/VG-ete-2026.jpg\"><img loading=\"lazy\" decoding=\"async\" class=\"alignnone size-medium wp-image-8500\" src=\"https:\/\/sauver-le-guirbaden.fr\/wp-content\/uploads\/2026\/05\/VG-ete-2026-212x300.jpg\" alt=\"\" width=\"212\" height=\"300\" srcset=\"https:\/\/sauver-le-guirbaden.fr\/wp-content\/uploads\/2026\/05\/VG-ete-2026-212x300.jpg 212w, https:\/\/sauver-le-guirbaden.fr\/wp-content\/uploads\/2026\/05\/VG-ete-2026.jpg 423w\" sizes=\"auto, (max-width: 212px) 100vw, 212px\" \/><\/a><\/p>\n<p style=\"text-align: left;\"><a href=\"https:\/\/sauver-le-guirbaden.fr\/wp-content\/uploads\/2024\/04\/affiche-2023-guirbaden.jpg\"><img loading=\"lazy\" decoding=\"async\" class=\"alignnone size-medium wp-image-8147\" src=\"https:\/\/sauver-le-guirbaden.fr\/wp-content\/uploads\/2024\/04\/affiche-2023-guirbaden-300x161.jpg\" alt=\"\" width=\"300\" height=\"161\" srcset=\"https:\/\/sauver-le-guirbaden.fr\/wp-content\/uploads\/2024\/04\/affiche-2023-guirbaden-300x161.jpg 300w, https:\/\/sauver-le-guirbaden.fr\/wp-content\/uploads\/2024\/04\/affiche-2023-guirbaden-1024x551.jpg 1024w, https:\/\/sauver-le-guirbaden.fr\/wp-content\/uploads\/2024\/04\/affiche-2023-guirbaden-768x413.jpg 768w, https:\/\/sauver-le-guirbaden.fr\/wp-content\/uploads\/2024\/04\/affiche-2023-guirbaden-600x323.jpg 600w, https:\/\/sauver-le-guirbaden.fr\/wp-content\/uploads\/2024\/04\/affiche-2023-guirbaden.jpg 1062w\" sizes=\"auto, (max-width: 300px) 100vw, 300px\" \/><\/a><\/p>\n<p><span style=\"color: #000000;\">Elle est de retour la\u00a0f\u00eate m\u00e9di\u00e9vale au ch\u00e2teau de Guirbaden ce 1er mai de 10h \u00e0 17h.<\/span><span style=\"color: #000000;\">dans le cadre de la journ\u00e9e\u00a0 \u00ab tous aux ch\u00e2teaux \u00bb.\u00a0 <\/span><span style=\"color: #000000;\">Les b\u00e9n\u00e9voles qui restaurent le ch\u00e2teau seront 46 en costume m\u00e9di\u00e9val pour vous accueillir <\/span><span style=\"color: #000000;\">sur les diff\u00e9rents stands et vous raconter le ch\u00e2teau .\u00a0 \u00a0 \u00a0 \u00a0 \u00a0 \u00a0 \u00a0 \u00a0 \u00a0 \u00a0 \u00a0 \u00a0 \u00a0 \u00a0 \u00a0 \u00a0 \u00a0 \u00a0 \u00a0 \u00a0 \u00a0 \u00a0 \u00a0 \u00a0 \u00a0 \u00a0 \u00a0 \u00a0 \u00a0 \u00a0 \u00a0 \u00a0 \u00a0 \u00a0 \u00a0 \u00a0 \u00a0 \u00a0 \u00a0 \u00a0 \u00a0 \u00a0 \u00a0 \u00a0 \u00a0 \u00a0 \u00a0 \u00a0 \u00a0 <\/span><span style=\"color: #000000;\">Ce sera aussi l&#8217;occasion de voir le d\u00e9but des travaux sur le donjon avec la mise en place de l&#8217;\u00e9chafaudage&#8230;\u00a0<\/span><br \/>\u00a0<span style=\"color: #000000;\">A d\u00e9couvrir en exclusivit\u00e9 cette ann\u00e9e, Marie la fileuse de poils de chien <\/span><span style=\"color: #000000;\">et nos arch\u00e9ologues avec leurs d\u00e9couvertes&#8230;.\u00a0 \u00a0 \u00a0 \u00a0 \u00a0 \u00a0 \u00a0 \u00a0 \u00a0 \u00a0 \u00a0 \u00a0 \u00a0 <\/span><span style=\"color: #000000;\">Les enfants pourront \u00e0 nouveau jouer aux diff\u00e9rents jeux en bois qui ont tant de succ\u00e8s, <\/span><span style=\"color: #000000;\">ainsi que les jeux de piste et les jeux des photos&#8230;\u00a0 <\/span><span style=\"color: #000000;\">Vous pourrez aussi d\u00e9ambuler librement sur le site et d\u00e9couvrir comme toujours:<br \/>&#8211; le campement m\u00e9di\u00e9val avec l\u2019habillage des chevaliers \u00e0 11h, 13h et 15h\u00a0 \u00a0 \u00a0 \u00a0 \u00a0 \u00a0 \u00a0 \u00a0 \u00a0 \u00a0 \u00a0 \u00a0 \u00a0 \u00a0 \u00a0 \u00a0 \u00a0 \u00a0 \u00a0 \u00a0 \u00a0 \u00a0 \u00a0 \u00a0 \u00a0 \u00a0 \u00a0 \u00a0 \u00a0 \u00a0 \u00a0 \u00a0 \u00a0 \u00a0 \u00a0 \u00a0 \u00a0 \u00a0 \u00a0 \u00a0 \u00a0 \u00a0 \u00a0 \u00a0 \u00a0 \u00a0 \u00a0 \u00a0 \u00a0 \u00a0 &#8211; <\/span><span style=\"color: #000000;\">des d\u00e9monstrations de fabrication d\u2019objets au banc \u00e0 planer,\u00a0 \u00a0 \u00a0 \u00a0 \u00a0 \u00a0 \u00a0 \u00a0<\/span><span style=\"color: #000000;\">&#8211; des d\u00e9monstrations de calligraphie m\u00e9di\u00e9vale, de tissage au peigne\u00a0 \u00a0<\/span><span style=\"color: #000000;\">&#8211; la visite guid\u00e9e libre comment\u00e9e par 12 QRcodes r\u00e9partis sur le site , <\/span><span style=\"color: #000000;\">le jardin m\u00e9di\u00e9val, <\/span><span style=\"color: #000000;\">les outils des b\u00e2tisseurs, <\/span><span style=\"color: #000000;\">l\u2019exposition de photos anciennes, <\/span><span style=\"color: #000000;\">le travail de restauration de l\u2019association depuis 11ans<\/span><br \/>\u00a0<span style=\"color: #000000;\">Il y en aura pour tous les go\u00fbts&#8230;<br \/>Petite restauration et boissons sur place<\/span><\/p>\n<p><span style=\"color: #000000;\">Nous vous attendons nombreux pour cette grande f\u00eate du 1er\u00a0mai.<\/span><\/p>\n<p><span style=\"color: #000000;\">\u00a0<\/span><span style=\"color: #000000;\">Attention: en cas de m\u00e9t\u00e9o d\u00e9favorable, certaines activit\u00e9s pourront \u00eatre annul\u00e9es.<br \/>\u00a0<\/span><\/p>\n<p><span style=\"color: #000000;\">\u00a0<\/span><\/p>\n<p style=\"text-align: left;\"><a href=\"https:\/\/sauver-le-guirbaden.fr\/wp-content\/uploads\/2025\/11\/2025-12-Guirbaden-Vin-chaudr.jpg\"><img loading=\"lazy\" decoding=\"async\" class=\"alignnone size-medium wp-image-8323\" src=\"https:\/\/sauver-le-guirbaden.fr\/wp-content\/uploads\/2025\/11\/2025-12-Guirbaden-Vin-chaudr-212x300.jpg\" alt=\"\" width=\"212\" height=\"300\" srcset=\"https:\/\/sauver-le-guirbaden.fr\/wp-content\/uploads\/2025\/11\/2025-12-Guirbaden-Vin-chaudr-212x300.jpg 212w, https:\/\/sauver-le-guirbaden.fr\/wp-content\/uploads\/2025\/11\/2025-12-Guirbaden-Vin-chaudr.jpg 565w\" sizes=\"auto, (max-width: 212px) 100vw, 212px\" \/><\/a><\/p>\n<p style=\"text-align: left;\"><a href=\"https:\/\/sauver-le-guirbaden.fr\/wp-content\/uploads\/2025\/10\/02.11.2025-Soupe-sorcieres.jpg\" target=\"_blank\" rel=\"noopener\"><img loading=\"lazy\" decoding=\"async\" class=\"alignnone wp-image-8286 size-medium\" src=\"https:\/\/sauver-le-guirbaden.fr\/wp-content\/uploads\/2025\/10\/02.11.2025-Soupe-sorcieres-212x300.jpg\" alt=\"\" width=\"212\" height=\"300\" srcset=\"https:\/\/sauver-le-guirbaden.fr\/wp-content\/uploads\/2025\/10\/02.11.2025-Soupe-sorcieres-212x300.jpg 212w, https:\/\/sauver-le-guirbaden.fr\/wp-content\/uploads\/2025\/10\/02.11.2025-Soupe-sorcieres.jpg 565w\" sizes=\"auto, (max-width: 212px) 100vw, 212px\" \/><\/a><\/p>\n<p style=\"text-align: left;\">\u00a0 <a href=\"https:\/\/sauver-le-guirbaden.fr\/wp-content\/uploads\/2025\/09\/affiche-JEP-V2-.png\" target=\"_blank\" rel=\"noopener\"><img loading=\"lazy\" decoding=\"async\" class=\"alignnone wp-image-8279 size-medium\" src=\"https:\/\/sauver-le-guirbaden.fr\/wp-content\/uploads\/2025\/09\/affiche-JEP-V2--216x300.png\" alt=\"\" width=\"216\" height=\"300\" srcset=\"https:\/\/sauver-le-guirbaden.fr\/wp-content\/uploads\/2025\/09\/affiche-JEP-V2--216x300.png 216w, https:\/\/sauver-le-guirbaden.fr\/wp-content\/uploads\/2025\/09\/affiche-JEP-V2-.png 523w\" sizes=\"auto, (max-width: 216px) 100vw, 216px\" \/><\/a><\/p>\n<p style=\"text-align: left;\">\u00a0\u00a0 \u00a0 <a href=\"https:\/\/sauver-le-guirbaden.fr\/wp-content\/uploads\/2025\/06\/affiche-10-ans-Fr-V2r.jpg\" target=\"_blank\" rel=\"noopener\"><img loading=\"lazy\" decoding=\"async\" class=\"alignnone wp-image-8272 size-medium\" src=\"https:\/\/sauver-le-guirbaden.fr\/wp-content\/uploads\/2025\/06\/affiche-10-ans-Fr-V2r-212x300.jpg\" alt=\"\" width=\"212\" height=\"300\" srcset=\"https:\/\/sauver-le-guirbaden.fr\/wp-content\/uploads\/2025\/06\/affiche-10-ans-Fr-V2r-212x300.jpg 212w, https:\/\/sauver-le-guirbaden.fr\/wp-content\/uploads\/2025\/06\/affiche-10-ans-Fr-V2r.jpg 565w\" sizes=\"auto, (max-width: 212px) 100vw, 212px\" \/><\/a><\/p>\n<p style=\"text-align: left;\">\u00a0\u00a0 <a href=\"https:\/\/sauver-le-guirbaden.fr\/wp-content\/uploads\/2024\/04\/affiche-2023-guirbaden.jpg\" target=\"_blank\" rel=\"noopener\"><img loading=\"lazy\" decoding=\"async\" class=\"alignnone wp-image-8147 size-medium\" src=\"https:\/\/sauver-le-guirbaden.fr\/wp-content\/uploads\/2024\/04\/affiche-2023-guirbaden-300x161.jpg\" alt=\"\" width=\"300\" height=\"161\" srcset=\"https:\/\/sauver-le-guirbaden.fr\/wp-content\/uploads\/2024\/04\/affiche-2023-guirbaden-300x161.jpg 300w, https:\/\/sauver-le-guirbaden.fr\/wp-content\/uploads\/2024\/04\/affiche-2023-guirbaden-1024x551.jpg 1024w, https:\/\/sauver-le-guirbaden.fr\/wp-content\/uploads\/2024\/04\/affiche-2023-guirbaden-768x413.jpg 768w, https:\/\/sauver-le-guirbaden.fr\/wp-content\/uploads\/2024\/04\/affiche-2023-guirbaden-600x323.jpg 600w, https:\/\/sauver-le-guirbaden.fr\/wp-content\/uploads\/2024\/04\/affiche-2023-guirbaden.jpg 1062w\" sizes=\"auto, (max-width: 300px) 100vw, 300px\" \/><\/a><\/p>\n<p style=\"text-align: left;\"><a href=\"https:\/\/sauver-le-guirbaden.fr\/wp-content\/uploads\/2024\/12\/affiche-marche-de-Noel-8-dec-2024r.jpg\" target=\"_blank\" rel=\"noopener\"><img loading=\"lazy\" decoding=\"async\" class=\"alignnone wp-image-8188 size-medium\" src=\"https:\/\/sauver-le-guirbaden.fr\/wp-content\/uploads\/2024\/12\/affiche-marche-de-Noel-8-dec-2024r-212x300.jpg\" alt=\"\" width=\"212\" height=\"300\" srcset=\"https:\/\/sauver-le-guirbaden.fr\/wp-content\/uploads\/2024\/12\/affiche-marche-de-Noel-8-dec-2024r-212x300.jpg 212w, https:\/\/sauver-le-guirbaden.fr\/wp-content\/uploads\/2024\/12\/affiche-marche-de-Noel-8-dec-2024r.jpg 565w\" sizes=\"auto, (max-width: 212px) 100vw, 212px\" \/>\u00a0<\/a><a href=\"https:\/\/sauver-le-guirbaden.fr\/wp-content\/uploads\/2024\/10\/affiche-soupe-27.10.-2024r.jpg\" target=\"_blank\" rel=\"noopener\"><img loading=\"lazy\" decoding=\"async\" class=\"alignnone wp-image-8175 size-medium\" src=\"https:\/\/sauver-le-guirbaden.fr\/wp-content\/uploads\/2024\/10\/affiche-soupe-27.10.-2024r-212x300.jpg\" alt=\"\" width=\"212\" height=\"300\" srcset=\"https:\/\/sauver-le-guirbaden.fr\/wp-content\/uploads\/2024\/10\/affiche-soupe-27.10.-2024r-212x300.jpg 212w, https:\/\/sauver-le-guirbaden.fr\/wp-content\/uploads\/2024\/10\/affiche-soupe-27.10.-2024r.jpg 565w\" sizes=\"auto, (max-width: 212px) 100vw, 212px\" \/><\/a><\/p>\n<p><a href=\"https:\/\/sauver-le-guirbaden.fr\/wp-content\/uploads\/2024\/08\/affiche-JEP-2024r.jpg\"><img loading=\"lazy\" decoding=\"async\" class=\"alignnone size-medium wp-image-8166\" src=\"https:\/\/sauver-le-guirbaden.fr\/wp-content\/uploads\/2024\/08\/affiche-JEP-2024r-212x300.jpg\" alt=\"\" width=\"212\" height=\"300\" srcset=\"https:\/\/sauver-le-guirbaden.fr\/wp-content\/uploads\/2024\/08\/affiche-JEP-2024r-212x300.jpg 212w, https:\/\/sauver-le-guirbaden.fr\/wp-content\/uploads\/2024\/08\/affiche-JEP-2024r.jpg 565w\" sizes=\"auto, (max-width: 212px) 100vw, 212px\" \/>\u00a0\u00a0<\/a><a href=\"https:\/\/sauver-le-guirbaden.fr\/wp-content\/uploads\/2024\/04\/affiche-2023-guirbaden.jpg\" target=\"_blank\" rel=\"noopener\"><img loading=\"lazy\" decoding=\"async\" class=\"alignnone wp-image-8147 size-medium\" src=\"https:\/\/sauver-le-guirbaden.fr\/wp-content\/uploads\/2024\/04\/affiche-2023-guirbaden-300x161.jpg\" alt=\"\" width=\"300\" height=\"161\" srcset=\"https:\/\/sauver-le-guirbaden.fr\/wp-content\/uploads\/2024\/04\/affiche-2023-guirbaden-300x161.jpg 300w, https:\/\/sauver-le-guirbaden.fr\/wp-content\/uploads\/2024\/04\/affiche-2023-guirbaden-1024x551.jpg 1024w, https:\/\/sauver-le-guirbaden.fr\/wp-content\/uploads\/2024\/04\/affiche-2023-guirbaden-768x413.jpg 768w, https:\/\/sauver-le-guirbaden.fr\/wp-content\/uploads\/2024\/04\/affiche-2023-guirbaden-600x323.jpg 600w, https:\/\/sauver-le-guirbaden.fr\/wp-content\/uploads\/2024\/04\/affiche-2023-guirbaden.jpg 1062w\" sizes=\"auto, (max-width: 300px) 100vw, 300px\" \/><\/a><\/p>\n<p style=\"text-align: left;\"><a href=\"https:\/\/sauver-le-guirbaden.fr\/wp-content\/uploads\/2024\/02\/AG-accueil-2024r.jpg\" target=\"_blank\" rel=\"noopener\"><img loading=\"lazy\" decoding=\"async\" class=\"alignnone wp-image-8058 size-medium\" src=\"https:\/\/sauver-le-guirbaden.fr\/wp-content\/uploads\/2024\/02\/AG-accueil-2024r-300x212.jpg\" alt=\"\" width=\"300\" height=\"212\" srcset=\"https:\/\/sauver-le-guirbaden.fr\/wp-content\/uploads\/2024\/02\/AG-accueil-2024r-300x212.jpg 300w, https:\/\/sauver-le-guirbaden.fr\/wp-content\/uploads\/2024\/02\/AG-accueil-2024r-768x542.jpg 768w, https:\/\/sauver-le-guirbaden.fr\/wp-content\/uploads\/2024\/02\/AG-accueil-2024r-600x424.jpg 600w, https:\/\/sauver-le-guirbaden.fr\/wp-content\/uploads\/2024\/02\/AG-accueil-2024r.jpg 800w\" sizes=\"auto, (max-width: 300px) 100vw, 300px\" \/>\u00a0<\/a><a href=\"https:\/\/sauver-le-guirbaden.fr\/wp-content\/uploads\/2023\/09\/affiche-SG-JEP-2023r.jpg\" target=\"_blank\" rel=\"noopener\"><img loading=\"lazy\" decoding=\"async\" class=\"alignnone wp-image-7790 size-medium\" src=\"https:\/\/sauver-le-guirbaden.fr\/wp-content\/uploads\/2023\/09\/affiche-SG-JEP-2023r-300x212.jpg\" alt=\"\" width=\"300\" height=\"212\" srcset=\"https:\/\/sauver-le-guirbaden.fr\/wp-content\/uploads\/2023\/09\/affiche-SG-JEP-2023r-300x212.jpg 300w, https:\/\/sauver-le-guirbaden.fr\/wp-content\/uploads\/2023\/09\/affiche-SG-JEP-2023r-768x542.jpg 768w, https:\/\/sauver-le-guirbaden.fr\/wp-content\/uploads\/2023\/09\/affiche-SG-JEP-2023r-600x424.jpg 600w, https:\/\/sauver-le-guirbaden.fr\/wp-content\/uploads\/2023\/09\/affiche-SG-JEP-2023r.jpg 800w\" sizes=\"auto, (max-width: 300px) 100vw, 300px\" \/><\/a><\/p>\n<p><a href=\"https:\/\/sauver-le-guirbaden.fr\/wp-content\/uploads\/2023\/05\/affiche-calligraphie-11-juin-2023-r.jpg\" target=\"_blank\" rel=\"noopener\"><img loading=\"lazy\" decoding=\"async\" class=\"alignnone wp-image-7567 size-medium\" src=\"https:\/\/sauver-le-guirbaden.fr\/wp-content\/uploads\/2023\/05\/affiche-calligraphie-11-juin-2023-r-212x300.jpg\" alt=\"\" width=\"212\" height=\"300\" srcset=\"https:\/\/sauver-le-guirbaden.fr\/wp-content\/uploads\/2023\/05\/affiche-calligraphie-11-juin-2023-r-212x300.jpg 212w, https:\/\/sauver-le-guirbaden.fr\/wp-content\/uploads\/2023\/05\/affiche-calligraphie-11-juin-2023-r.jpg 565w\" sizes=\"auto, (max-width: 212px) 100vw, 212px\" \/>\u00a0 \u00a0 \u00a0 \u00a0 \u00a0 <\/a><a href=\"https:\/\/sauver-le-guirbaden.fr\/wp-content\/uploads\/2023\/07\/affiche-tissage-au-peigne-27-aout-2023r.jpg\" target=\"_blank\" rel=\"noopener\"><img loading=\"lazy\" decoding=\"async\" class=\"alignnone wp-image-7726 size-medium\" src=\"https:\/\/sauver-le-guirbaden.fr\/wp-content\/uploads\/2023\/07\/affiche-tissage-au-peigne-27-aout-2023r-212x300.jpg\" alt=\"\" width=\"212\" height=\"300\" srcset=\"https:\/\/sauver-le-guirbaden.fr\/wp-content\/uploads\/2023\/07\/affiche-tissage-au-peigne-27-aout-2023r-212x300.jpg 212w, https:\/\/sauver-le-guirbaden.fr\/wp-content\/uploads\/2023\/07\/affiche-tissage-au-peigne-27-aout-2023r.jpg 565w\" sizes=\"auto, (max-width: 212px) 100vw, 212px\" \/><\/a><\/p>\n\n\n\n\n<p>&nbsp;<\/p>\n","protected":false},"excerpt":{"rendered":"<p>Elle est de retour la\u00a0f\u00eate m\u00e9di\u00e9vale au ch\u00e2teau de Guirbaden ce 1er mai de 10h \u00e0 17h.dans le cadre de la journ\u00e9e\u00a0 \u00ab tous aux ch\u00e2teaux \u00bb.\u00a0 Les b\u00e9n\u00e9voles qui restaurent le ch\u00e2teau seront 46 en costume m\u00e9di\u00e9val pour vous accueillir sur les diff\u00e9rents stands et vous raconter le ch\u00e2teau .\u00a0 \u00a0 \u00a0 \u00a0 \u00a0 &hellip; <a href=\"https:\/\/www.sauver-le-guirbaden.fr\/index.php\/agenda\/\" class=\"more-link\">Continuer la lecture de <span class=\"screen-reader-text\">Agenda<\/span> <span class=\"meta-nav\">&rarr;<\/span><\/a><\/p>\n","protected":false},"author":1,"featured_media":0,"parent":0,"menu_order":0,"comment_status":"closed","ping_status":"closed","template":"","meta":{"footnotes":""},"class_list":["post-210","page","type-page","status-publish","hentry"],"_links":{"self":[{"href":"https:\/\/www.sauver-le-guirbaden.fr\/index.php\/wp-json\/wp\/v2\/pages\/210","targetHints":{"allow":["GET"]}}],"collection":[{"href":"https:\/\/www.sauver-le-guirbaden.fr\/index.php\/wp-json\/wp\/v2\/pages"}],"about":[{"href":"https:\/\/www.sauver-le-guirbaden.fr\/index.php\/wp-json\/wp\/v2\/types\/page"}],"author":[{"embeddable":true,"href":"https:\/\/www.sauver-le-guirbaden.fr\/index.php\/wp-json\/wp\/v2\/users\/1"}],"replies":[{"embeddable":true,"href":"https:\/\/www.sauver-le-guirbaden.fr\/index.php\/wp-json\/wp\/v2\/comments?post=210"}],"version-history":[{"count":3,"href":"https:\/\/www.sauver-le-guirbaden.fr\/index.php\/wp-json\/wp\/v2\/pages\/210\/revisions"}],"predecessor-version":[{"id":8501,"href":"https:\/\/www.sauver-le-guirbaden.fr\/index.php\/wp-json\/wp\/v2\/pages\/210\/revisions\/8501"}],"wp:attachment":[{"href":"https:\/\/www.sauver-le-guirbaden.fr\/index.php\/wp-json\/wp\/v2\/media?parent=210"}],"curies":[{"name":"wp","href":"https:\/\/api.w.org\/{rel}","templated":true}]}}