{"id":213,"date":"2015-09-24T16:41:44","date_gmt":"2015-09-24T15:41:44","guid":{"rendered":"https:\/\/www.sauver-le-guirbaden.fr\/?page_id=213"},"modified":"2025-02-16T18:29:34","modified_gmt":"2025-02-16T17:29:34","slug":"accueil-de-groupes","status":"publish","type":"page","link":"https:\/\/www.sauver-le-guirbaden.fr\/index.php\/accueil-de-groupes\/","title":{"rendered":"Accueil de groupes et d&#8217;entreprises"},"content":{"rendered":"<p>L&#8217;accueil pour une journ\u00e9e d&#8217;animation de groupe au ch\u00e2teau est possible sur demande pr\u00e9alable. Le programme est \u00e0 convenir ensemble : visite guid\u00e9e, go\u00fbter m\u00e9di\u00e9val, jeux en bois, jeu de piste &#8230; Nous sommes ouverts \u00e0 toutes les propositions coh\u00e9rentes\u00a0 et non farfelues, dans la mesure de nos moyens humains et du moment que cela est compatible avec les exigences de s\u00e9curit\u00e9 et autres li\u00e9es au site &#8230;<\/p>\n<p>1er juin 2024: accueil de l&#8217;Amicale de la CeA: visite guid\u00e9e, jeux et go\u00fbter m\u00e9di\u00e9val.<\/p>\n<p><a href=\"https:\/\/sauver-le-guirbaden.fr\/wp-content\/uploads\/2025\/02\/01.06.2024-REINBOLD-Christophe-4.jpg\" target=\"_blank\" rel=\"noopener\"><img loading=\"lazy\" decoding=\"async\" class=\"alignnone wp-image-8229 size-medium\" src=\"https:\/\/sauver-le-guirbaden.fr\/wp-content\/uploads\/2025\/02\/01.06.2024-REINBOLD-Christophe-4-300x200.jpg\" alt=\"\" width=\"300\" height=\"200\" srcset=\"https:\/\/sauver-le-guirbaden.fr\/wp-content\/uploads\/2025\/02\/01.06.2024-REINBOLD-Christophe-4-300x200.jpg 300w, https:\/\/sauver-le-guirbaden.fr\/wp-content\/uploads\/2025\/02\/01.06.2024-REINBOLD-Christophe-4-768x512.jpg 768w, https:\/\/sauver-le-guirbaden.fr\/wp-content\/uploads\/2025\/02\/01.06.2024-REINBOLD-Christophe-4-600x400.jpg 600w, https:\/\/sauver-le-guirbaden.fr\/wp-content\/uploads\/2025\/02\/01.06.2024-REINBOLD-Christophe-4.jpg 800w\" sizes=\"auto, (max-width: 300px) 100vw, 300px\" \/><\/a> <a href=\"https:\/\/sauver-le-guirbaden.fr\/wp-content\/uploads\/2025\/02\/01.06.2024-FRANCK-M-1r.jpg\" target=\"_blank\" rel=\"noopener\"><img loading=\"lazy\" decoding=\"async\" class=\"alignnone wp-image-8228 size-medium\" src=\"https:\/\/sauver-le-guirbaden.fr\/wp-content\/uploads\/2025\/02\/01.06.2024-FRANCK-M-1r-300x172.jpg\" alt=\"\" width=\"300\" height=\"172\" srcset=\"https:\/\/sauver-le-guirbaden.fr\/wp-content\/uploads\/2025\/02\/01.06.2024-FRANCK-M-1r-300x172.jpg 300w, https:\/\/sauver-le-guirbaden.fr\/wp-content\/uploads\/2025\/02\/01.06.2024-FRANCK-M-1r-768x441.jpg 768w, https:\/\/sauver-le-guirbaden.fr\/wp-content\/uploads\/2025\/02\/01.06.2024-FRANCK-M-1r-600x344.jpg 600w, https:\/\/sauver-le-guirbaden.fr\/wp-content\/uploads\/2025\/02\/01.06.2024-FRANCK-M-1r.jpg 800w\" sizes=\"auto, (max-width: 300px) 100vw, 300px\" \/><\/a><\/p>\n<p><a href=\"https:\/\/sauver-le-guirbaden.fr\/wp-content\/uploads\/2025\/02\/01.06.2024-REINBOLD-Christophe-24.jpg\" target=\"_blank\" rel=\"noopener\"><img loading=\"lazy\" decoding=\"async\" class=\"alignnone wp-image-8231 size-medium\" src=\"https:\/\/sauver-le-guirbaden.fr\/wp-content\/uploads\/2025\/02\/01.06.2024-REINBOLD-Christophe-24-300x200.jpg\" alt=\"\" width=\"300\" height=\"200\" srcset=\"https:\/\/sauver-le-guirbaden.fr\/wp-content\/uploads\/2025\/02\/01.06.2024-REINBOLD-Christophe-24-300x200.jpg 300w, https:\/\/sauver-le-guirbaden.fr\/wp-content\/uploads\/2025\/02\/01.06.2024-REINBOLD-Christophe-24-768x512.jpg 768w, https:\/\/sauver-le-guirbaden.fr\/wp-content\/uploads\/2025\/02\/01.06.2024-REINBOLD-Christophe-24-600x400.jpg 600w, https:\/\/sauver-le-guirbaden.fr\/wp-content\/uploads\/2025\/02\/01.06.2024-REINBOLD-Christophe-24.jpg 800w\" sizes=\"auto, (max-width: 300px) 100vw, 300px\" \/><\/a> <a href=\"https:\/\/sauver-le-guirbaden.fr\/wp-content\/uploads\/2025\/02\/01.06.2024-REINBOLD-Christophe-22.jpg\" target=\"_blank\" rel=\"noopener\"><img loading=\"lazy\" decoding=\"async\" class=\"alignnone wp-image-8230 size-medium\" src=\"https:\/\/sauver-le-guirbaden.fr\/wp-content\/uploads\/2025\/02\/01.06.2024-REINBOLD-Christophe-22-300x200.jpg\" alt=\"\" width=\"300\" height=\"200\" srcset=\"https:\/\/sauver-le-guirbaden.fr\/wp-content\/uploads\/2025\/02\/01.06.2024-REINBOLD-Christophe-22-300x200.jpg 300w, https:\/\/sauver-le-guirbaden.fr\/wp-content\/uploads\/2025\/02\/01.06.2024-REINBOLD-Christophe-22-768x512.jpg 768w, https:\/\/sauver-le-guirbaden.fr\/wp-content\/uploads\/2025\/02\/01.06.2024-REINBOLD-Christophe-22-600x400.jpg 600w, https:\/\/sauver-le-guirbaden.fr\/wp-content\/uploads\/2025\/02\/01.06.2024-REINBOLD-Christophe-22.jpg 800w\" sizes=\"auto, (max-width: 300px) 100vw, 300px\" \/><\/a><\/p>\n<p>Des journ\u00e9es de travail sur site pour des groupes est aussi envisageable: comme les\u00a0 journ\u00e9es de solidarit\u00e9 des entreprises par exemple &#8230; ( Lilly, Caisse d&#8217;Epargne, B\u00fcrkert &#8230; ) Veuillez nous contacter au pr\u00e9alable pour convenir du programme ensemble.<\/p>\n<p>En 2023: 19 employ\u00e9s de l&#8217;entreprise Lilly sont venus sur le site pour participer aux chantiers.<\/p>\n<p><a href=\"https:\/\/sauver-le-guirbaden.fr\/wp-content\/uploads\/2023\/10\/09.10.2023-Genevieve-HAETTEL-18.jpg\" target=\"_blank\" rel=\"noopener\"><img loading=\"lazy\" decoding=\"async\" class=\"alignnone wp-image-7883 size-medium\" src=\"https:\/\/sauver-le-guirbaden.fr\/wp-content\/uploads\/2023\/10\/09.10.2023-Genevieve-HAETTEL-18-300x225.jpg\" alt=\"\" width=\"300\" height=\"225\" srcset=\"https:\/\/sauver-le-guirbaden.fr\/wp-content\/uploads\/2023\/10\/09.10.2023-Genevieve-HAETTEL-18-300x225.jpg 300w, https:\/\/sauver-le-guirbaden.fr\/wp-content\/uploads\/2023\/10\/09.10.2023-Genevieve-HAETTEL-18-768x576.jpg 768w, https:\/\/sauver-le-guirbaden.fr\/wp-content\/uploads\/2023\/10\/09.10.2023-Genevieve-HAETTEL-18-600x450.jpg 600w, https:\/\/sauver-le-guirbaden.fr\/wp-content\/uploads\/2023\/10\/09.10.2023-Genevieve-HAETTEL-18.jpg 800w\" sizes=\"auto, (max-width: 300px) 100vw, 300px\" \/><\/a> <a href=\"https:\/\/sauver-le-guirbaden.fr\/wp-content\/uploads\/2023\/10\/09.10.2023-Genevieve-HAETTEL-22.jpg\" target=\"_blank\" rel=\"noopener\"><img loading=\"lazy\" decoding=\"async\" class=\"alignnone wp-image-7884 size-medium\" src=\"https:\/\/sauver-le-guirbaden.fr\/wp-content\/uploads\/2023\/10\/09.10.2023-Genevieve-HAETTEL-22-300x220.jpg\" alt=\"\" width=\"300\" height=\"220\" srcset=\"https:\/\/sauver-le-guirbaden.fr\/wp-content\/uploads\/2023\/10\/09.10.2023-Genevieve-HAETTEL-22-300x220.jpg 300w, https:\/\/sauver-le-guirbaden.fr\/wp-content\/uploads\/2023\/10\/09.10.2023-Genevieve-HAETTEL-22-768x564.jpg 768w, https:\/\/sauver-le-guirbaden.fr\/wp-content\/uploads\/2023\/10\/09.10.2023-Genevieve-HAETTEL-22-600x440.jpg 600w, https:\/\/sauver-le-guirbaden.fr\/wp-content\/uploads\/2023\/10\/09.10.2023-Genevieve-HAETTEL-22.jpg 800w\" sizes=\"auto, (max-width: 300px) 100vw, 300px\" \/><\/a><\/p>\n<p><a href=\"https:\/\/sauver-le-guirbaden.fr\/wp-content\/uploads\/2023\/10\/16.10.2023-REINBOLD-Christophe-4.jpg\" target=\"_blank\" rel=\"noopener\"><img loading=\"lazy\" decoding=\"async\" class=\"alignnone wp-image-7896 size-medium\" src=\"https:\/\/sauver-le-guirbaden.fr\/wp-content\/uploads\/2023\/10\/16.10.2023-REINBOLD-Christophe-4-300x200.jpg\" alt=\"\" width=\"300\" height=\"200\" srcset=\"https:\/\/sauver-le-guirbaden.fr\/wp-content\/uploads\/2023\/10\/16.10.2023-REINBOLD-Christophe-4-300x200.jpg 300w, https:\/\/sauver-le-guirbaden.fr\/wp-content\/uploads\/2023\/10\/16.10.2023-REINBOLD-Christophe-4-768x512.jpg 768w, https:\/\/sauver-le-guirbaden.fr\/wp-content\/uploads\/2023\/10\/16.10.2023-REINBOLD-Christophe-4-600x400.jpg 600w, https:\/\/sauver-le-guirbaden.fr\/wp-content\/uploads\/2023\/10\/16.10.2023-REINBOLD-Christophe-4.jpg 800w\" sizes=\"auto, (max-width: 300px) 100vw, 300px\" \/><\/a> <a href=\"https:\/\/sauver-le-guirbaden.fr\/wp-content\/uploads\/2023\/10\/Photos-de-Franquette-8.jpg\" target=\"_blank\" rel=\"noopener\"><img loading=\"lazy\" decoding=\"async\" class=\"alignnone wp-image-7903 size-medium\" src=\"https:\/\/sauver-le-guirbaden.fr\/wp-content\/uploads\/2023\/10\/Photos-de-Franquette-8-300x225.jpg\" alt=\"\" width=\"300\" height=\"225\" srcset=\"https:\/\/sauver-le-guirbaden.fr\/wp-content\/uploads\/2023\/10\/Photos-de-Franquette-8-300x225.jpg 300w, https:\/\/sauver-le-guirbaden.fr\/wp-content\/uploads\/2023\/10\/Photos-de-Franquette-8-768x576.jpg 768w, https:\/\/sauver-le-guirbaden.fr\/wp-content\/uploads\/2023\/10\/Photos-de-Franquette-8-600x450.jpg 600w, https:\/\/sauver-le-guirbaden.fr\/wp-content\/uploads\/2023\/10\/Photos-de-Franquette-8.jpg 800w\" sizes=\"auto, (max-width: 300px) 100vw, 300px\" \/><\/a><\/p>\n<p>En 2022: 29 employ\u00e9s de l&#8217;entreprise Lilly de Fegersheim sont venus sur site dans le cadre de leur &#8220;day of service&#8221; pour aider les b\u00e9n\u00e9voles<\/p>\n<p><a href=\"https:\/\/sauver-le-guirbaden.fr\/wp-content\/uploads\/2022\/10\/20.10.2022-FS-14.jpg\" target=\"_blank\" rel=\"noopener\"><img loading=\"lazy\" decoding=\"async\" class=\"alignnone wp-image-7151 size-medium\" src=\"https:\/\/sauver-le-guirbaden.fr\/wp-content\/uploads\/2022\/10\/20.10.2022-FS-14-300x225.jpg\" alt=\"\" width=\"300\" height=\"225\" srcset=\"https:\/\/sauver-le-guirbaden.fr\/wp-content\/uploads\/2022\/10\/20.10.2022-FS-14-300x225.jpg 300w, https:\/\/sauver-le-guirbaden.fr\/wp-content\/uploads\/2022\/10\/20.10.2022-FS-14-768x576.jpg 768w, https:\/\/sauver-le-guirbaden.fr\/wp-content\/uploads\/2022\/10\/20.10.2022-FS-14-600x450.jpg 600w, https:\/\/sauver-le-guirbaden.fr\/wp-content\/uploads\/2022\/10\/20.10.2022-FS-14.jpg 800w\" sizes=\"auto, (max-width: 300px) 100vw, 300px\" \/><\/a> <a href=\"https:\/\/sauver-le-guirbaden.fr\/wp-content\/uploads\/2022\/10\/07.10.2022-Lilly-REINBOLD-ChristopheJPG-23.jpg\" target=\"_blank\" rel=\"noopener\"><img loading=\"lazy\" decoding=\"async\" class=\"alignnone wp-image-7145 size-medium\" src=\"https:\/\/sauver-le-guirbaden.fr\/wp-content\/uploads\/2022\/10\/07.10.2022-Lilly-REINBOLD-ChristopheJPG-23-300x200.jpg\" alt=\"\" width=\"300\" height=\"200\" srcset=\"https:\/\/sauver-le-guirbaden.fr\/wp-content\/uploads\/2022\/10\/07.10.2022-Lilly-REINBOLD-ChristopheJPG-23-300x200.jpg 300w, https:\/\/sauver-le-guirbaden.fr\/wp-content\/uploads\/2022\/10\/07.10.2022-Lilly-REINBOLD-ChristopheJPG-23-768x512.jpg 768w, https:\/\/sauver-le-guirbaden.fr\/wp-content\/uploads\/2022\/10\/07.10.2022-Lilly-REINBOLD-ChristopheJPG-23-600x400.jpg 600w, https:\/\/sauver-le-guirbaden.fr\/wp-content\/uploads\/2022\/10\/07.10.2022-Lilly-REINBOLD-ChristopheJPG-23.jpg 800w\" sizes=\"auto, (max-width: 300px) 100vw, 300px\" \/><\/a><\/p>\n<p><a href=\"https:\/\/sauver-le-guirbaden.fr\/wp-content\/uploads\/2022\/10\/20.10.2022-KARCHER-Frederic-7.jpg\" target=\"_blank\" rel=\"noopener\"><img loading=\"lazy\" decoding=\"async\" class=\"alignnone wp-image-7153 size-medium\" src=\"https:\/\/sauver-le-guirbaden.fr\/wp-content\/uploads\/2022\/10\/20.10.2022-KARCHER-Frederic-7-300x138.jpg\" alt=\"\" width=\"300\" height=\"138\" srcset=\"https:\/\/sauver-le-guirbaden.fr\/wp-content\/uploads\/2022\/10\/20.10.2022-KARCHER-Frederic-7-300x138.jpg 300w, https:\/\/sauver-le-guirbaden.fr\/wp-content\/uploads\/2022\/10\/20.10.2022-KARCHER-Frederic-7-768x354.jpg 768w, https:\/\/sauver-le-guirbaden.fr\/wp-content\/uploads\/2022\/10\/20.10.2022-KARCHER-Frederic-7-600x277.jpg 600w, https:\/\/sauver-le-guirbaden.fr\/wp-content\/uploads\/2022\/10\/20.10.2022-KARCHER-Frederic-7.jpg 800w\" sizes=\"auto, (max-width: 300px) 100vw, 300px\" \/><\/a> <a href=\"https:\/\/sauver-le-guirbaden.fr\/wp-content\/uploads\/2022\/10\/10.10.2022-KARCHER-Frederic-7.jpg\" target=\"_blank\" rel=\"noopener\"><img loading=\"lazy\" decoding=\"async\" class=\"alignnone wp-image-7149 size-medium\" src=\"https:\/\/sauver-le-guirbaden.fr\/wp-content\/uploads\/2022\/10\/10.10.2022-KARCHER-Frederic-7-300x138.jpg\" alt=\"\" width=\"300\" height=\"138\" srcset=\"https:\/\/sauver-le-guirbaden.fr\/wp-content\/uploads\/2022\/10\/10.10.2022-KARCHER-Frederic-7-300x138.jpg 300w, https:\/\/sauver-le-guirbaden.fr\/wp-content\/uploads\/2022\/10\/10.10.2022-KARCHER-Frederic-7-768x354.jpg 768w, https:\/\/sauver-le-guirbaden.fr\/wp-content\/uploads\/2022\/10\/10.10.2022-KARCHER-Frederic-7-600x277.jpg 600w, https:\/\/sauver-le-guirbaden.fr\/wp-content\/uploads\/2022\/10\/10.10.2022-KARCHER-Frederic-7.jpg 800w\" sizes=\"auto, (max-width: 300px) 100vw, 300px\" \/><\/a><\/p>\n<p>En 2018: accueil de 3 entreprises:<\/p>\n<ul>\n<li>le 27 septembre 2018: Lilly\u00a0 \u00a0 \u00a0 \u00a0 \u00a0 \u00a0<a href=\"https:\/\/www.sauver-le-guirbaden.fr\/wp-content\/uploads\/2018\/09\/t\u00e9l\u00e9chargement.png\" target=\"_blank\" rel=\"noopener\"><img loading=\"lazy\" decoding=\"async\" class=\"alignnone wp-image-3973\" src=\"https:\/\/www.sauver-le-guirbaden.fr\/wp-content\/uploads\/2018\/09\/t\u00e9l\u00e9chargement.png\" alt=\"\" width=\"104\" height=\"106\" \/><\/a> \u00a0 \u00a0 \u00a0 \u00a0 \u00a0 \u00a0 \u00a0 \u00a0 \u00a0 \u00a0 \u00a0\u00a0\u00a0<a href=\"https:\/\/www.sauver-le-guirbaden.fr\/wp-content\/uploads\/2018\/09\/29.09.2018-Lilly-9.jpg\" target=\"_blank\" rel=\"noopener\"><img loading=\"lazy\" decoding=\"async\" class=\"alignnone wp-image-3969\" src=\"https:\/\/www.sauver-le-guirbaden.fr\/wp-content\/uploads\/2018\/09\/29.09.2018-Lilly-9-300x225.jpg\" alt=\"\" width=\"260\" height=\"195\" srcset=\"https:\/\/sauver-le-guirbaden.fr\/wp-content\/uploads\/2018\/09\/29.09.2018-Lilly-9-300x225.jpg 300w, https:\/\/sauver-le-guirbaden.fr\/wp-content\/uploads\/2018\/09\/29.09.2018-Lilly-9-768x576.jpg 768w, https:\/\/sauver-le-guirbaden.fr\/wp-content\/uploads\/2018\/09\/29.09.2018-Lilly-9-600x450.jpg 600w, https:\/\/sauver-le-guirbaden.fr\/wp-content\/uploads\/2018\/09\/29.09.2018-Lilly-9.jpg 800w\" sizes=\"auto, (max-width: 260px) 100vw, 260px\" \/><\/a>\u00a0<a href=\"https:\/\/www.sauver-le-guirbaden.fr\/wp-content\/uploads\/2018\/09\/29.09.2018-Lilly-7.jpg\" target=\"_blank\" rel=\"noopener\"><img loading=\"lazy\" decoding=\"async\" class=\"alignnone wp-image-3968\" src=\"https:\/\/www.sauver-le-guirbaden.fr\/wp-content\/uploads\/2018\/09\/29.09.2018-Lilly-7-300x225.jpg\" alt=\"\" width=\"280\" height=\"210\" srcset=\"https:\/\/sauver-le-guirbaden.fr\/wp-content\/uploads\/2018\/09\/29.09.2018-Lilly-7-300x225.jpg 300w, https:\/\/sauver-le-guirbaden.fr\/wp-content\/uploads\/2018\/09\/29.09.2018-Lilly-7-768x576.jpg 768w, https:\/\/sauver-le-guirbaden.fr\/wp-content\/uploads\/2018\/09\/29.09.2018-Lilly-7-600x450.jpg 600w, https:\/\/sauver-le-guirbaden.fr\/wp-content\/uploads\/2018\/09\/29.09.2018-Lilly-7.jpg 800w\" sizes=\"auto, (max-width: 280px) 100vw, 280px\" \/><\/a><\/li>\n<li>le 4 juin 2018:\u00a0 Caisse d&#8217;Epargne\u00a0 \u00a0 \u00a0 \u00a0 \u00a0 \u00a0 \u00a0 \u00a0 \u00a0\u00a0<a href=\"https:\/\/www.sauver-le-guirbaden.fr\/wp-content\/uploads\/2018\/06\/04.06.2018-38.jpg\" target=\"_blank\" rel=\"noopener\"><img loading=\"lazy\" decoding=\"async\" class=\"alignnone wp-image-3721 size-medium\" src=\"https:\/\/www.sauver-le-guirbaden.fr\/wp-content\/uploads\/2018\/06\/04.06.2018-38-300x225.jpg\" alt=\"\" width=\"300\" height=\"225\" srcset=\"https:\/\/sauver-le-guirbaden.fr\/wp-content\/uploads\/2018\/06\/04.06.2018-38-300x225.jpg 300w, https:\/\/sauver-le-guirbaden.fr\/wp-content\/uploads\/2018\/06\/04.06.2018-38-768x576.jpg 768w, https:\/\/sauver-le-guirbaden.fr\/wp-content\/uploads\/2018\/06\/04.06.2018-38-600x450.jpg 600w, https:\/\/sauver-le-guirbaden.fr\/wp-content\/uploads\/2018\/06\/04.06.2018-38.jpg 800w\" sizes=\"auto, (max-width: 300px) 100vw, 300px\" \/><\/a>\u00a0<a href=\"https:\/\/www.sauver-le-guirbaden.fr\/wp-content\/uploads\/2018\/06\/04.06.2018-36.jpg\" target=\"_blank\" rel=\"noopener\"><img loading=\"lazy\" decoding=\"async\" class=\"alignnone wp-image-3720\" src=\"https:\/\/www.sauver-le-guirbaden.fr\/wp-content\/uploads\/2018\/06\/04.06.2018-36-300x225.jpg\" alt=\"\" width=\"257\" height=\"193\" srcset=\"https:\/\/sauver-le-guirbaden.fr\/wp-content\/uploads\/2018\/06\/04.06.2018-36-300x225.jpg 300w, https:\/\/sauver-le-guirbaden.fr\/wp-content\/uploads\/2018\/06\/04.06.2018-36-768x576.jpg 768w, https:\/\/sauver-le-guirbaden.fr\/wp-content\/uploads\/2018\/06\/04.06.2018-36-600x450.jpg 600w, https:\/\/sauver-le-guirbaden.fr\/wp-content\/uploads\/2018\/06\/04.06.2018-36.jpg 800w\" sizes=\"auto, (max-width: 257px) 100vw, 257px\" \/><\/a><\/li>\n<li>\u00a0Les 5 et 12 mai 2018: B\u00fcrkert\u00a0 \u00a0 \u00a0 \u00a0 \u00a0 \u00a0 \u00a0 \u00a0 \u00a0 \u00a0 \u00a0 \u00a0 \u00a0 \u00a0 \u00a0 \u00a0 \u00a0 \u00a0 \u00a0 \u00a0 \u00a0 \u00a0<a href=\"https:\/\/www.sauver-le-guirbaden.fr\/wp-content\/uploads\/2018\/05\/12.05.2018-12.jpg\" target=\"_blank\" rel=\"noopener\"><img loading=\"lazy\" decoding=\"async\" class=\"alignnone wp-image-3671\" src=\"https:\/\/www.sauver-le-guirbaden.fr\/wp-content\/uploads\/2018\/05\/12.05.2018-12-300x225.jpg\" alt=\"\" width=\"277\" height=\"208\" srcset=\"https:\/\/sauver-le-guirbaden.fr\/wp-content\/uploads\/2018\/05\/12.05.2018-12-300x225.jpg 300w, https:\/\/sauver-le-guirbaden.fr\/wp-content\/uploads\/2018\/05\/12.05.2018-12-768x576.jpg 768w, https:\/\/sauver-le-guirbaden.fr\/wp-content\/uploads\/2018\/05\/12.05.2018-12-600x450.jpg 600w, https:\/\/sauver-le-guirbaden.fr\/wp-content\/uploads\/2018\/05\/12.05.2018-12.jpg 800w\" sizes=\"auto, (max-width: 277px) 100vw, 277px\" \/><\/a>\u00a0<a href=\"https:\/\/www.sauver-le-guirbaden.fr\/wp-content\/uploads\/2018\/05\/20180512_145939.jpg\" target=\"_blank\" rel=\"noopener\"><img loading=\"lazy\" decoding=\"async\" class=\"alignnone wp-image-3674\" src=\"https:\/\/www.sauver-le-guirbaden.fr\/wp-content\/uploads\/2018\/05\/20180512_145939-300x225.jpg\" alt=\"\" width=\"279\" height=\"209\" srcset=\"https:\/\/sauver-le-guirbaden.fr\/wp-content\/uploads\/2018\/05\/20180512_145939-300x225.jpg 300w, https:\/\/sauver-le-guirbaden.fr\/wp-content\/uploads\/2018\/05\/20180512_145939-768x576.jpg 768w, https:\/\/sauver-le-guirbaden.fr\/wp-content\/uploads\/2018\/05\/20180512_145939-600x450.jpg 600w, https:\/\/sauver-le-guirbaden.fr\/wp-content\/uploads\/2018\/05\/20180512_145939.jpg 800w\" sizes=\"auto, (max-width: 279px) 100vw, 279px\" \/><\/a><\/li>\n<\/ul>\n","protected":false},"excerpt":{"rendered":"<p>L&#8217;accueil pour une journ\u00e9e d&#8217;animation de groupe au ch\u00e2teau est possible sur demande pr\u00e9alable. Le programme est \u00e0 convenir ensemble : visite guid\u00e9e, go\u00fbter m\u00e9di\u00e9val, jeux en bois, jeu de piste &#8230; Nous sommes ouverts \u00e0 toutes les propositions coh\u00e9rentes\u00a0 et non farfelues, dans la mesure de nos moyens humains et du moment que cela &hellip; <a href=\"https:\/\/www.sauver-le-guirbaden.fr\/index.php\/accueil-de-groupes\/\" class=\"more-link\">Continuer la lecture de <span class=\"screen-reader-text\">Accueil de groupes et d&#8217;entreprises<\/span> <span class=\"meta-nav\">&rarr;<\/span><\/a><\/p>\n","protected":false},"author":1,"featured_media":0,"parent":0,"menu_order":0,"comment_status":"closed","ping_status":"closed","template":"","meta":{"footnotes":""},"class_list":["post-213","page","type-page","status-publish","hentry"],"_links":{"self":[{"href":"https:\/\/www.sauver-le-guirbaden.fr\/index.php\/wp-json\/wp\/v2\/pages\/213","targetHints":{"allow":["GET"]}}],"collection":[{"href":"https:\/\/www.sauver-le-guirbaden.fr\/index.php\/wp-json\/wp\/v2\/pages"}],"about":[{"href":"https:\/\/www.sauver-le-guirbaden.fr\/index.php\/wp-json\/wp\/v2\/types\/page"}],"author":[{"embeddable":true,"href":"https:\/\/www.sauver-le-guirbaden.fr\/index.php\/wp-json\/wp\/v2\/users\/1"}],"replies":[{"embeddable":true,"href":"https:\/\/www.sauver-le-guirbaden.fr\/index.php\/wp-json\/wp\/v2\/comments?post=213"}],"version-history":[{"count":3,"href":"https:\/\/www.sauver-le-guirbaden.fr\/index.php\/wp-json\/wp\/v2\/pages\/213\/revisions"}],"predecessor-version":[{"id":8236,"href":"https:\/\/www.sauver-le-guirbaden.fr\/index.php\/wp-json\/wp\/v2\/pages\/213\/revisions\/8236"}],"wp:attachment":[{"href":"https:\/\/www.sauver-le-guirbaden.fr\/index.php\/wp-json\/wp\/v2\/media?parent=213"}],"curies":[{"name":"wp","href":"https:\/\/api.w.org\/{rel}","templated":true}]}}