{"id":216,"date":"2015-09-24T16:42:13","date_gmt":"2015-09-24T15:42:13","guid":{"rendered":"https:\/\/www.sauver-le-guirbaden.fr\/?page_id=216"},"modified":"2018-11-10T20:03:06","modified_gmt":"2018-11-10T19:03:06","slug":"chateaux-forts-vivants","status":"publish","type":"page","link":"https:\/\/www.sauver-le-guirbaden.fr\/index.php\/chateaux-forts-vivants\/","title":{"rendered":"Ch\u00e2teaux Forts Vivants"},"content":{"rendered":"<p style=\"text-align: justify;\">&#8220;<a href=\"http:\/\/www.chateaux-forts-vivants.fr\/\" target=\"_blank\" rel=\"noopener\">Ch\u00e2teaux Forts Vivants<\/a>&#8221; notre f\u00e9d\u00e9ration, est une association qui regroupe toutes les associations qui \u0153uvrent pour la sauvegarde\u00a0du patrimoine dans le Bas-Rhin.<\/p>\n<p style=\"text-align: justify;\"><a href=\"http:\/\/www.chateaux-forts-vivants.fr\/\" target=\"_blank\" rel=\"noopener\"><img loading=\"lazy\" decoding=\"async\" class=\"size-full wp-image-115 aligncenter\" src=\"https:\/\/www.sauver-le-guirbaden.fr\/wp-content\/uploads\/2015\/09\/chateau-forts-vivants.png\" alt=\"chateau-forts-vivants\" width=\"269\" height=\"179\" \/><\/a><\/p>\n<p style=\"text-align: justify;\">L&#8217;association met en commun du mat\u00e9riel, des savoir-faire et \u00a0facilite la t\u00e2che des passionn\u00e9s qui voudraient se lancer dans la restauration d&#8217;un ch\u00e2teau fort.<\/p>\n<p style=\"text-align: justify;\">Au cours de la derni\u00e8re d\u00e9cennie, plus d\u2019une dizaine d\u2019associations a vu le jour en Alsace partageant des objectifs et des projets globalement communs, \u00e0 savoir\u00a0: sauvegarde, restauration, valorisation et animation du patrimoine castral. Ces initiatives isol\u00e9es, fortement accompagn\u00e9es par la collectivit\u00e9 ont d\u00e9montr\u00e9 la forte implication de la population autour de ce patrimoine commun.<\/p>\n<p style=\"text-align: center;\"><a href=\"https:\/\/www.sauver-le-guirbaden.fr\/wp-content\/uploads\/2018\/05\/IMG_0980.jpg\" target=\"_blank\" rel=\"noopener\"><img loading=\"lazy\" decoding=\"async\" class=\"alignnone wp-image-3654 size-medium\" src=\"https:\/\/www.sauver-le-guirbaden.fr\/wp-content\/uploads\/2018\/05\/IMG_0980-300x225.jpg\" alt=\"\" width=\"300\" height=\"225\" srcset=\"https:\/\/sauver-le-guirbaden.fr\/wp-content\/uploads\/2018\/05\/IMG_0980-300x225.jpg 300w, https:\/\/sauver-le-guirbaden.fr\/wp-content\/uploads\/2018\/05\/IMG_0980-768x576.jpg 768w, https:\/\/sauver-le-guirbaden.fr\/wp-content\/uploads\/2018\/05\/IMG_0980-600x450.jpg 600w, https:\/\/sauver-le-guirbaden.fr\/wp-content\/uploads\/2018\/05\/IMG_0980.jpg 800w\" sizes=\"auto, (max-width: 300px) 100vw, 300px\" \/><\/a><\/p>\n<h2 style=\"text-align: justify;\"><\/h2>\n<p style=\"text-align: justify;\">\n","protected":false},"excerpt":{"rendered":"<p>&#8220;Ch\u00e2teaux Forts Vivants&#8221; notre f\u00e9d\u00e9ration, est une association qui regroupe toutes les associations qui \u0153uvrent pour la sauvegarde\u00a0du patrimoine dans le Bas-Rhin. L&#8217;association met en commun du mat\u00e9riel, des savoir-faire et \u00a0facilite la t\u00e2che des passionn\u00e9s qui voudraient se lancer dans la restauration d&#8217;un ch\u00e2teau fort. Au cours de la derni\u00e8re d\u00e9cennie, plus d\u2019une dizaine &hellip; <a href=\"https:\/\/www.sauver-le-guirbaden.fr\/index.php\/chateaux-forts-vivants\/\" class=\"more-link\">Continuer la lecture de <span class=\"screen-reader-text\">Ch\u00e2teaux Forts Vivants<\/span> <span class=\"meta-nav\">&rarr;<\/span><\/a><\/p>\n","protected":false},"author":1,"featured_media":0,"parent":0,"menu_order":0,"comment_status":"closed","ping_status":"closed","template":"","meta":{"footnotes":""},"class_list":["post-216","page","type-page","status-publish","hentry"],"_links":{"self":[{"href":"https:\/\/www.sauver-le-guirbaden.fr\/index.php\/wp-json\/wp\/v2\/pages\/216","targetHints":{"allow":["GET"]}}],"collection":[{"href":"https:\/\/www.sauver-le-guirbaden.fr\/index.php\/wp-json\/wp\/v2\/pages"}],"about":[{"href":"https:\/\/www.sauver-le-guirbaden.fr\/index.php\/wp-json\/wp\/v2\/types\/page"}],"author":[{"embeddable":true,"href":"https:\/\/www.sauver-le-guirbaden.fr\/index.php\/wp-json\/wp\/v2\/users\/1"}],"replies":[{"embeddable":true,"href":"https:\/\/www.sauver-le-guirbaden.fr\/index.php\/wp-json\/wp\/v2\/comments?post=216"}],"version-history":[{"count":0,"href":"https:\/\/www.sauver-le-guirbaden.fr\/index.php\/wp-json\/wp\/v2\/pages\/216\/revisions"}],"wp:attachment":[{"href":"https:\/\/www.sauver-le-guirbaden.fr\/index.php\/wp-json\/wp\/v2\/media?parent=216"}],"curies":[{"name":"wp","href":"https:\/\/api.w.org\/{rel}","templated":true}]}}