{"id":232,"date":"2015-09-24T16:48:08","date_gmt":"2015-09-24T15:48:08","guid":{"rendered":"https:\/\/www.sauver-le-guirbaden.fr\/?page_id=232"},"modified":"2024-01-28T21:48:26","modified_gmt":"2024-01-28T20:48:26","slug":"visites-guidees","status":"publish","type":"page","link":"https:\/\/www.sauver-le-guirbaden.fr\/index.php\/visites-guidees\/","title":{"rendered":"Visites guid\u00e9es"},"content":{"rendered":"<p style=\"text-align: justify;\">Les <strong>visites guid\u00e9es<\/strong>\u00a0pour les groupes se font sur demande pr\u00e9alable.<\/p>\n<p style=\"text-align: justify;\">La dur\u00e9e est de 1h30 environ, mais vous n&#8217;aurez pas le temps de regarder votre montre !!!! Vous serez captiv\u00e9s par les sch\u00e9mas, dessins et explications qui vous ferons oublier le temps pour vous faire plonger dans un autre monde !!!!<\/p>\n<p><span style=\"color: #0000ff;\">\u00a0<\/span>Pour l&#8217;accueil de scolaires, les visites guid\u00e9es sont adapt\u00e9es au niveau et \u00e0 la demande. <a href=\"https:\/\/www.sauver-le-guirbaden.fr\/wp-content\/uploads\/2019\/06\/DSC03791.jpg\" target=\"_blank\" rel=\"noopener\"><img loading=\"lazy\" decoding=\"async\" class=\"alignnone wp-image-4640 size-medium\" src=\"https:\/\/www.sauver-le-guirbaden.fr\/wp-content\/uploads\/2019\/06\/DSC03791-300x200.jpg\" alt=\"\" width=\"300\" height=\"200\" srcset=\"https:\/\/sauver-le-guirbaden.fr\/wp-content\/uploads\/2019\/06\/DSC03791-300x200.jpg 300w, https:\/\/sauver-le-guirbaden.fr\/wp-content\/uploads\/2019\/06\/DSC03791-768x512.jpg 768w, https:\/\/sauver-le-guirbaden.fr\/wp-content\/uploads\/2019\/06\/DSC03791-600x400.jpg 600w, https:\/\/sauver-le-guirbaden.fr\/wp-content\/uploads\/2019\/06\/DSC03791.jpg 800w\" sizes=\"auto, (max-width: 300px) 100vw, 300px\" \/>\u00a0<\/a><a href=\"https:\/\/www.sauver-le-guirbaden.fr\/wp-content\/uploads\/2019\/06\/11.06.2019-2.jpg\" target=\"_blank\" rel=\"noopener\"><img loading=\"lazy\" decoding=\"async\" class=\"alignnone wp-image-4627 size-medium\" src=\"https:\/\/www.sauver-le-guirbaden.fr\/wp-content\/uploads\/2019\/06\/11.06.2019-2-300x200.jpg\" alt=\"\" width=\"300\" height=\"200\" srcset=\"https:\/\/sauver-le-guirbaden.fr\/wp-content\/uploads\/2019\/06\/11.06.2019-2-300x200.jpg 300w, https:\/\/sauver-le-guirbaden.fr\/wp-content\/uploads\/2019\/06\/11.06.2019-2-768x512.jpg 768w, https:\/\/sauver-le-guirbaden.fr\/wp-content\/uploads\/2019\/06\/11.06.2019-2-600x400.jpg 600w, https:\/\/sauver-le-guirbaden.fr\/wp-content\/uploads\/2019\/06\/11.06.2019-2.jpg 800w\" sizes=\"auto, (max-width: 300px) 100vw, 300px\" \/><\/a><\/p>\n<p><a href=\"https:\/\/www.sauver-le-guirbaden.fr\/wp-content\/uploads\/2019\/06\/DSC03841.jpg\" target=\"_blank\" rel=\"noopener\"><img loading=\"lazy\" decoding=\"async\" class=\"alignnone wp-image-4647 size-medium\" src=\"https:\/\/www.sauver-le-guirbaden.fr\/wp-content\/uploads\/2019\/06\/DSC03841-300x200.jpg\" alt=\"\" width=\"300\" height=\"200\" srcset=\"https:\/\/sauver-le-guirbaden.fr\/wp-content\/uploads\/2019\/06\/DSC03841-300x200.jpg 300w, https:\/\/sauver-le-guirbaden.fr\/wp-content\/uploads\/2019\/06\/DSC03841-768x512.jpg 768w, https:\/\/sauver-le-guirbaden.fr\/wp-content\/uploads\/2019\/06\/DSC03841-600x400.jpg 600w, https:\/\/sauver-le-guirbaden.fr\/wp-content\/uploads\/2019\/06\/DSC03841.jpg 800w\" sizes=\"auto, (max-width: 300px) 100vw, 300px\" \/><\/a>\u00a0<a href=\"https:\/\/www.sauver-le-guirbaden.fr\/wp-content\/uploads\/2019\/06\/DSC03838.jpg\" target=\"_blank\" rel=\"noopener\"><img loading=\"lazy\" decoding=\"async\" class=\"alignnone wp-image-4646 size-medium\" src=\"https:\/\/www.sauver-le-guirbaden.fr\/wp-content\/uploads\/2019\/06\/DSC03838-300x200.jpg\" alt=\"\" width=\"300\" height=\"200\" srcset=\"https:\/\/sauver-le-guirbaden.fr\/wp-content\/uploads\/2019\/06\/DSC03838-300x200.jpg 300w, https:\/\/sauver-le-guirbaden.fr\/wp-content\/uploads\/2019\/06\/DSC03838-768x512.jpg 768w, https:\/\/sauver-le-guirbaden.fr\/wp-content\/uploads\/2019\/06\/DSC03838-600x400.jpg 600w, https:\/\/sauver-le-guirbaden.fr\/wp-content\/uploads\/2019\/06\/DSC03838.jpg 800w\" sizes=\"auto, (max-width: 300px) 100vw, 300px\" \/><\/a><\/p>\n<p>Groupes d&#8217;adultes tout au long de l&#8217;ann\u00e9e:<\/p>\n<p><a href=\"https:\/\/www.sauver-le-guirbaden.fr\/wp-content\/uploads\/2019\/07\/30739125_1744153642307715_6218572915505893855_n.jpg\" target=\"_blank\" rel=\"noopener\"><img loading=\"lazy\" decoding=\"async\" class=\"alignnone wp-image-4722 size-medium\" src=\"https:\/\/www.sauver-le-guirbaden.fr\/wp-content\/uploads\/2019\/07\/30739125_1744153642307715_6218572915505893855_n-300x225.jpg\" alt=\"\" width=\"300\" height=\"225\" srcset=\"https:\/\/sauver-le-guirbaden.fr\/wp-content\/uploads\/2019\/07\/30739125_1744153642307715_6218572915505893855_n-300x225.jpg 300w, https:\/\/sauver-le-guirbaden.fr\/wp-content\/uploads\/2019\/07\/30739125_1744153642307715_6218572915505893855_n-768x576.jpg 768w, https:\/\/sauver-le-guirbaden.fr\/wp-content\/uploads\/2019\/07\/30739125_1744153642307715_6218572915505893855_n-600x450.jpg 600w, https:\/\/sauver-le-guirbaden.fr\/wp-content\/uploads\/2019\/07\/30739125_1744153642307715_6218572915505893855_n-640x480.jpg 640w, https:\/\/sauver-le-guirbaden.fr\/wp-content\/uploads\/2019\/07\/30739125_1744153642307715_6218572915505893855_n-620x465.jpg 620w, https:\/\/sauver-le-guirbaden.fr\/wp-content\/uploads\/2019\/07\/30739125_1744153642307715_6218572915505893855_n-400x300.jpg 400w, https:\/\/sauver-le-guirbaden.fr\/wp-content\/uploads\/2019\/07\/30739125_1744153642307715_6218572915505893855_n.jpg 800w\" sizes=\"auto, (max-width: 300px) 100vw, 300px\" \/><\/a>\u00a0<a href=\"https:\/\/www.sauver-le-guirbaden.fr\/wp-content\/uploads\/2019\/07\/DSC03830.jpg\" target=\"_blank\" rel=\"noopener\"><img loading=\"lazy\" decoding=\"async\" class=\"alignnone wp-image-4724 size-medium\" src=\"https:\/\/www.sauver-le-guirbaden.fr\/wp-content\/uploads\/2019\/07\/DSC03830-300x225.jpg\" alt=\"\" width=\"300\" height=\"225\" srcset=\"https:\/\/sauver-le-guirbaden.fr\/wp-content\/uploads\/2019\/07\/DSC03830-300x225.jpg 300w, https:\/\/sauver-le-guirbaden.fr\/wp-content\/uploads\/2019\/07\/DSC03830-768x576.jpg 768w, https:\/\/sauver-le-guirbaden.fr\/wp-content\/uploads\/2019\/07\/DSC03830-600x450.jpg 600w, https:\/\/sauver-le-guirbaden.fr\/wp-content\/uploads\/2019\/07\/DSC03830-640x480.jpg 640w, https:\/\/sauver-le-guirbaden.fr\/wp-content\/uploads\/2019\/07\/DSC03830-620x465.jpg 620w, https:\/\/sauver-le-guirbaden.fr\/wp-content\/uploads\/2019\/07\/DSC03830-400x300.jpg 400w, https:\/\/sauver-le-guirbaden.fr\/wp-content\/uploads\/2019\/07\/DSC03830.jpg 800w\" sizes=\"auto, (max-width: 300px) 100vw, 300px\" \/><\/a><\/p>\n<p><a href=\"https:\/\/www.sauver-le-guirbaden.fr\/wp-content\/uploads\/2018\/05\/DSC02268.jpg\" target=\"_blank\" rel=\"noopener\"><img loading=\"lazy\" decoding=\"async\" class=\"alignnone wp-image-3649 size-medium\" src=\"https:\/\/www.sauver-le-guirbaden.fr\/wp-content\/uploads\/2018\/05\/DSC02268-300x225.jpg\" alt=\"\" width=\"300\" height=\"225\" srcset=\"https:\/\/sauver-le-guirbaden.fr\/wp-content\/uploads\/2018\/05\/DSC02268-300x225.jpg 300w, https:\/\/sauver-le-guirbaden.fr\/wp-content\/uploads\/2018\/05\/DSC02268-768x576.jpg 768w, https:\/\/sauver-le-guirbaden.fr\/wp-content\/uploads\/2018\/05\/DSC02268-600x450.jpg 600w, https:\/\/sauver-le-guirbaden.fr\/wp-content\/uploads\/2018\/05\/DSC02268.jpg 800w, https:\/\/sauver-le-guirbaden.fr\/wp-content\/uploads\/2018\/05\/DSC02268-640x480.jpg 640w, https:\/\/sauver-le-guirbaden.fr\/wp-content\/uploads\/2018\/05\/DSC02268-620x465.jpg 620w, https:\/\/sauver-le-guirbaden.fr\/wp-content\/uploads\/2018\/05\/DSC02268-400x300.jpg 400w\" sizes=\"auto, (max-width: 300px) 100vw, 300px\" \/><\/a>\u00a0<a href=\"https:\/\/www.sauver-le-guirbaden.fr\/wp-content\/uploads\/2017\/09\/P1370005-r\u00e9duite.jpg\" target=\"_blank\" rel=\"noopener\"><img loading=\"lazy\" decoding=\"async\" class=\"alignnone wp-image-2934 size-medium\" src=\"https:\/\/www.sauver-le-guirbaden.fr\/wp-content\/uploads\/2017\/09\/P1370005-r\u00e9duite-300x169.jpg\" alt=\"\" width=\"300\" height=\"169\" srcset=\"https:\/\/sauver-le-guirbaden.fr\/wp-content\/uploads\/2017\/09\/P1370005-r\u00e9duite-300x169.jpg 300w, https:\/\/sauver-le-guirbaden.fr\/wp-content\/uploads\/2017\/09\/P1370005-r\u00e9duite-768x432.jpg 768w, https:\/\/sauver-le-guirbaden.fr\/wp-content\/uploads\/2017\/09\/P1370005-r\u00e9duite-600x338.jpg 600w, https:\/\/sauver-le-guirbaden.fr\/wp-content\/uploads\/2017\/09\/P1370005-r\u00e9duite.jpg 800w\" sizes=\"auto, (max-width: 300px) 100vw, 300px\" \/><\/a><\/p>\n<p>&nbsp;<\/p>\n<p>Attention : <strong>Annulation en cas d&#8217;intemp\u00e9ries<\/strong> (pluie, neige, verglas&#8230;)<\/p>\n<p>&nbsp;<\/p>\n","protected":false},"excerpt":{"rendered":"<p>Les visites guid\u00e9es\u00a0pour les groupes se font sur demande pr\u00e9alable. La dur\u00e9e est de 1h30 environ, mais vous n&#8217;aurez pas le temps de regarder votre montre !!!! Vous serez captiv\u00e9s par les sch\u00e9mas, dessins et explications qui vous ferons oublier le temps pour vous faire plonger dans un autre monde !!!! \u00a0Pour l&#8217;accueil de scolaires, &hellip; <a href=\"https:\/\/www.sauver-le-guirbaden.fr\/index.php\/visites-guidees\/\" class=\"more-link\">Continuer la lecture de <span class=\"screen-reader-text\">Visites guid\u00e9es<\/span> <span class=\"meta-nav\">&rarr;<\/span><\/a><\/p>\n","protected":false},"author":1,"featured_media":0,"parent":0,"menu_order":0,"comment_status":"closed","ping_status":"closed","template":"","meta":{"footnotes":""},"class_list":["post-232","page","type-page","status-publish","hentry"],"_links":{"self":[{"href":"https:\/\/www.sauver-le-guirbaden.fr\/index.php\/wp-json\/wp\/v2\/pages\/232","targetHints":{"allow":["GET"]}}],"collection":[{"href":"https:\/\/www.sauver-le-guirbaden.fr\/index.php\/wp-json\/wp\/v2\/pages"}],"about":[{"href":"https:\/\/www.sauver-le-guirbaden.fr\/index.php\/wp-json\/wp\/v2\/types\/page"}],"author":[{"embeddable":true,"href":"https:\/\/www.sauver-le-guirbaden.fr\/index.php\/wp-json\/wp\/v2\/users\/1"}],"replies":[{"embeddable":true,"href":"https:\/\/www.sauver-le-guirbaden.fr\/index.php\/wp-json\/wp\/v2\/comments?post=232"}],"version-history":[{"count":2,"href":"https:\/\/www.sauver-le-guirbaden.fr\/index.php\/wp-json\/wp\/v2\/pages\/232\/revisions"}],"predecessor-version":[{"id":8036,"href":"https:\/\/www.sauver-le-guirbaden.fr\/index.php\/wp-json\/wp\/v2\/pages\/232\/revisions\/8036"}],"wp:attachment":[{"href":"https:\/\/www.sauver-le-guirbaden.fr\/index.php\/wp-json\/wp\/v2\/media?parent=232"}],"curies":[{"name":"wp","href":"https:\/\/api.w.org\/{rel}","templated":true}]}}