{"id":2339,"date":"2017-03-16T09:05:40","date_gmt":"2017-03-16T08:05:40","guid":{"rendered":"https:\/\/www.sauver-le-guirbaden.fr\/?page_id=2339"},"modified":"2022-01-14T15:14:28","modified_gmt":"2022-01-14T14:14:28","slug":"paypal","status":"publish","type":"page","link":"https:\/\/www.sauver-le-guirbaden.fr\/index.php\/paypal\/","title":{"rendered":"Faire un don en ligne"},"content":{"rendered":"<h3 style=\"text-align: center;\">Ensemble nous pouvons sauver le Guirbaden !<\/h3>\n<p style=\"text-align: justify;\">Comme vous le savez, l\u2019Association SAUVER LE GUIRBADEN tente de pr\u00e9server la ruine du\u00a0<a href=\"https:\/\/www.sauver-le-guirbaden.fr\/index.php\/le-chateau\/\">ch\u00e2teau m\u00e9di\u00e9val du Guirbaden<\/a> gr\u00e2ce \u00e0 l\u2019implication courageuse et d\u00e9sint\u00e9ress\u00e9e de b\u00e9n\u00e9voles, mais nos moyens sont modestes\u2026<\/p>\n<p style=\"text-align: justify;\">C&#8217;est un v\u00e9ritable d\u00e9fi ! Votre soutien financier est par cons\u00e9quent primordial dans notre d\u00e9marche, afin de nous permettre d\u2019acheter du mat\u00e9riel, des mat\u00e9riaux et d&#8217;assumer financi\u00e8rement la t\u00e2che colossale qui nous attend.<\/p>\n<p style=\"text-align: justify;\">Toute somme, aussi minime soit-elle, sera la bienvenue et nous aidera grandement dans notre objectif\u2026\u00a0<i>\u00a0<\/i><\/p>\n<p>Attention: aucun re\u00e7u fiscal ne pourra \u00eatre d\u00e9livr\u00e9, car les services fiscaux ne reconnaissent pas l&#8217;int\u00e9r\u00eat g\u00e9n\u00e9ral de notre travail, du fait que la ruine est priv\u00e9e !<\/p>\n<p style=\"text-align: justify;\"><img loading=\"lazy\" decoding=\"async\" class=\" wp-image-2342 aligncenter\" src=\"https:\/\/www.sauver-le-guirbaden.fr\/wp-content\/uploads\/2017\/03\/don-1euro.jpg\" alt=\"\" width=\"180\" height=\"120\" \/><\/p>\n<p><span style=\"color: #ff00ff;\">Information importante: : PayPal\u00a0 garde une commission de\u00a0 0.35 \u20ac\u00a0 + 2.90 %\u00a0 par transaction &#8230;\u00a0 alors que Helloasso nous reverse le don en entier &#8230;<\/span><\/p>\n<p style=\"text-align: justify;\">Merci \u00e0 vous de soutenir SAUVER LE GUIRBADEN en effectuant un don (montant libre) en ligne gr\u00e2ce au paiement s\u00e9curis\u00e9 par <strong>Paypal<\/strong> ci-dessous :<\/p>\n<form action=\"https:\/\/www.paypal.com\/cgi-bin\/webscr\" method=\"post\" target=\"_top\"><input alt=\"PayPal, le r\u00e9flexe s\u00e9curit\u00e9 pour payer en ligne\" name=\"submit\" src=\"https:\/\/www.paypalobjects.com\/fr_FR\/FR\/i\/btn\/btn_donateCC_LG.gif\" type=\"image\" \/><br \/>\n<img loading=\"lazy\" decoding=\"async\" src=\"https:\/\/www.paypalobjects.com\/fr_FR\/i\/scr\/pixel.gif\" alt=\"\" width=\"1\" height=\"1\" border=\"0\" \/><\/form>\n<p>ou par <strong>HelloAsso<\/strong> :<\/p>\n<p><iframe loading=\"lazy\" id=\"haWidget\" style=\"width: 800px; height: 750px; border: none;\" src=\"https:\/\/www.donnerenligne.fr\/sauver-le-guirbaden\/faire-un-don\" width=\"300\" height=\"150\"><\/iframe><\/p>\n<p>Merci \u00e0 vous pour votre g\u00e9n\u00e9rosit\u00e9. \u00a0\ud83d\ude42<\/p>\n<p>L&#8217;\u00e9quipe Sauver-le-Guirbaden.fr<\/p>\n","protected":false},"excerpt":{"rendered":"<p>Ensemble nous pouvons sauver le Guirbaden ! Comme vous le savez, l\u2019Association SAUVER LE GUIRBADEN tente de pr\u00e9server la ruine du\u00a0ch\u00e2teau m\u00e9di\u00e9val du Guirbaden gr\u00e2ce \u00e0 l\u2019implication courageuse et d\u00e9sint\u00e9ress\u00e9e de b\u00e9n\u00e9voles, mais nos moyens sont modestes\u2026 C&#8217;est un v\u00e9ritable d\u00e9fi ! Votre soutien financier est par cons\u00e9quent primordial dans notre d\u00e9marche, afin de nous &hellip; <a href=\"https:\/\/www.sauver-le-guirbaden.fr\/index.php\/paypal\/\" class=\"more-link\">Continuer la lecture de <span class=\"screen-reader-text\">Faire un don en ligne<\/span> <span class=\"meta-nav\">&rarr;<\/span><\/a><\/p>\n","protected":false},"author":1,"featured_media":0,"parent":0,"menu_order":0,"comment_status":"closed","ping_status":"closed","template":"","meta":{"footnotes":""},"class_list":["post-2339","page","type-page","status-publish","hentry"],"_links":{"self":[{"href":"https:\/\/www.sauver-le-guirbaden.fr\/index.php\/wp-json\/wp\/v2\/pages\/2339","targetHints":{"allow":["GET"]}}],"collection":[{"href":"https:\/\/www.sauver-le-guirbaden.fr\/index.php\/wp-json\/wp\/v2\/pages"}],"about":[{"href":"https:\/\/www.sauver-le-guirbaden.fr\/index.php\/wp-json\/wp\/v2\/types\/page"}],"author":[{"embeddable":true,"href":"https:\/\/www.sauver-le-guirbaden.fr\/index.php\/wp-json\/wp\/v2\/users\/1"}],"replies":[{"embeddable":true,"href":"https:\/\/www.sauver-le-guirbaden.fr\/index.php\/wp-json\/wp\/v2\/comments?post=2339"}],"version-history":[{"count":0,"href":"https:\/\/www.sauver-le-guirbaden.fr\/index.php\/wp-json\/wp\/v2\/pages\/2339\/revisions"}],"wp:attachment":[{"href":"https:\/\/www.sauver-le-guirbaden.fr\/index.php\/wp-json\/wp\/v2\/media?parent=2339"}],"curies":[{"name":"wp","href":"https:\/\/api.w.org\/{rel}","templated":true}]}}