{"id":241,"date":"2015-09-24T16:49:31","date_gmt":"2015-09-24T15:49:31","guid":{"rendered":"https:\/\/www.sauver-le-guirbaden.fr\/?page_id=241"},"modified":"2025-11-30T22:55:02","modified_gmt":"2025-11-30T21:55:02","slug":"conferences","status":"publish","type":"page","link":"https:\/\/www.sauver-le-guirbaden.fr\/index.php\/conferences\/","title":{"rendered":"Conf\u00e9rences"},"content":{"rendered":"<p>Des conf\u00e9rences sur le ch\u00e2teau et l&#8217;association peuvent \u00eatre faites si vous \u00eates int\u00e9ress\u00e9s&#8230;<\/p>\n<p>Veuillez <a href=\"https:\/\/www.sauver-le-guirbaden.fr\/index.php\/contact\/\">nous contacter<\/a> pour toute demande.<\/p>\n<p><span style=\"color: #0000ff;\"><em>27 juin 2025<\/em><\/span>: conf\u00e9rence sur les 10 ans de l&#8217;association \u00e0 Mollkirch<\/p>\n<p style=\"text-align: center;\"><a href=\"https:\/\/sauver-le-guirbaden.fr\/wp-content\/uploads\/2025\/11\/affiche-conference-10-ans-27.06.2025-r.jpg\"><img loading=\"lazy\" decoding=\"async\" class=\"alignnone size-medium wp-image-8378\" src=\"https:\/\/sauver-le-guirbaden.fr\/wp-content\/uploads\/2025\/11\/affiche-conference-10-ans-27.06.2025-r-212x300.jpg\" alt=\"\" width=\"212\" height=\"300\" srcset=\"https:\/\/sauver-le-guirbaden.fr\/wp-content\/uploads\/2025\/11\/affiche-conference-10-ans-27.06.2025-r-212x300.jpg 212w, https:\/\/sauver-le-guirbaden.fr\/wp-content\/uploads\/2025\/11\/affiche-conference-10-ans-27.06.2025-r.jpg 565w\" sizes=\"auto, (max-width: 212px) 100vw, 212px\" \/><\/a><\/p>\n<p><span style=\"color: #0000ff;\"><em>18 novembre 2022<\/em><\/span>: conf\u00e9rence au ch\u00e2teau de Dorlisheim<\/p>\n<p><a href=\"https:\/\/www.sauver-le-guirbaden.fr\/wp-content\/uploads\/2022\/11\/18.11.2022-REINBOLD-Christophe-r.jpg\" target=\"_blank\" rel=\"noopener\"><img loading=\"lazy\" decoding=\"async\" class=\"aligncenter wp-image-7222 size-medium\" src=\"https:\/\/www.sauver-le-guirbaden.fr\/wp-content\/uploads\/2022\/11\/18.11.2022-REINBOLD-Christophe-r-300x200.jpg\" alt=\"\" width=\"300\" height=\"200\" srcset=\"https:\/\/sauver-le-guirbaden.fr\/wp-content\/uploads\/2022\/11\/18.11.2022-REINBOLD-Christophe-r-300x200.jpg 300w, https:\/\/sauver-le-guirbaden.fr\/wp-content\/uploads\/2022\/11\/18.11.2022-REINBOLD-Christophe-r-768x512.jpg 768w, https:\/\/sauver-le-guirbaden.fr\/wp-content\/uploads\/2022\/11\/18.11.2022-REINBOLD-Christophe-r-600x400.jpg 600w, https:\/\/sauver-le-guirbaden.fr\/wp-content\/uploads\/2022\/11\/18.11.2022-REINBOLD-Christophe-r.jpg 800w\" sizes=\"auto, (max-width: 300px) 100vw, 300px\" \/><\/a><\/p>\n<p><em><span style=\"color: #0000ff;\">5 septembre 2022<\/span><\/em>: conf\u00e9rence \u00e0 Dachstein pour le Rotary Club de Molsheim\u00a0 \u00a0 \u00a0 \u00a0 \u00a0 \u00a0 \u00a0 \u00a0 \u00a0 \u00a0 \u00a0 \u00a0 \u00a0 \u00a0 \u00a0 \u00a0 <em><span style=\"color: #0000ff;\">22 mai 2022:<\/span><\/em> conf\u00e9rence \u00e0 Urmatt \u00e0 la scierie Siat dans le cadre de la f\u00eate de la for\u00eat<\/p>\n<p><a href=\"https:\/\/www.sauver-le-guirbaden.fr\/wp-content\/uploads\/2022\/05\/22.05.2022-HAETTEL-Genevieve-1.jpg\" target=\"_blank\" rel=\"noopener\"><img loading=\"lazy\" decoding=\"async\" class=\"alignnone wp-image-6885 size-medium\" src=\"https:\/\/www.sauver-le-guirbaden.fr\/wp-content\/uploads\/2022\/05\/22.05.2022-HAETTEL-Genevieve-1-300x225.jpg\" alt=\"\" width=\"300\" height=\"225\" srcset=\"https:\/\/sauver-le-guirbaden.fr\/wp-content\/uploads\/2022\/05\/22.05.2022-HAETTEL-Genevieve-1-300x225.jpg 300w, https:\/\/sauver-le-guirbaden.fr\/wp-content\/uploads\/2022\/05\/22.05.2022-HAETTEL-Genevieve-1-768x576.jpg 768w, https:\/\/sauver-le-guirbaden.fr\/wp-content\/uploads\/2022\/05\/22.05.2022-HAETTEL-Genevieve-1-600x450.jpg 600w, https:\/\/sauver-le-guirbaden.fr\/wp-content\/uploads\/2022\/05\/22.05.2022-HAETTEL-Genevieve-1.jpg 800w\" sizes=\"auto, (max-width: 300px) 100vw, 300px\" \/><\/a> <a href=\"https:\/\/www.sauver-le-guirbaden.fr\/wp-content\/uploads\/2022\/05\/le-printemps.jpg\" target=\"_blank\" rel=\"noopener\"><img loading=\"lazy\" decoding=\"async\" class=\"alignnone wp-image-6897 size-medium\" src=\"https:\/\/www.sauver-le-guirbaden.fr\/wp-content\/uploads\/2022\/05\/le-printemps-267x300.jpg\" alt=\"\" width=\"267\" height=\"300\" srcset=\"https:\/\/sauver-le-guirbaden.fr\/wp-content\/uploads\/2022\/05\/le-printemps-267x300.jpg 267w, https:\/\/sauver-le-guirbaden.fr\/wp-content\/uploads\/2022\/05\/le-printemps-600x673.jpg 600w, https:\/\/sauver-le-guirbaden.fr\/wp-content\/uploads\/2022\/05\/le-printemps.jpg 639w\" sizes=\"auto, (max-width: 267px) 100vw, 267px\" \/><\/a><\/p>\n<p><span style=\"color: #0000ff;\"><em>9 avril 2022<\/em>:<\/span> conf\u00e9rence \u00e0 l&#8217;\u00e9cole Saint Thomas d&#8217;Acquin \u00e0 Urmatt pour les \u00e9l\u00e8ves dans le cadre de leurs \u00e9tudes<\/p>\n<p><span style=\"color: #0000ff;\"><em>23 novembre 2021<\/em><\/span>: conf\u00e9rence \u00e0 Mutzig pour le Club f\u00e9minin<\/p>\n<p><span style=\"color: #0000ff;\"><em>4 octobre 2019\u00a0<\/em><\/span>: conf\u00e9rence \u00e0 la mairie de Grendelbruch<\/p>\n<p><a href=\"https:\/\/www.sauver-le-guirbaden.fr\/wp-content\/uploads\/2019\/09\/SG-affiche-conf\u00e9rence-Grendelbruch-4-oct-2019-r.jpg\" target=\"_blank\" rel=\"noopener\"><img loading=\"lazy\" decoding=\"async\" class=\"alignnone wp-image-4804 size-medium\" src=\"https:\/\/www.sauver-le-guirbaden.fr\/wp-content\/uploads\/2019\/09\/SG-affiche-conf\u00e9rence-Grendelbruch-4-oct-2019-r-212x300.jpg\" alt=\"\" width=\"212\" height=\"300\" srcset=\"https:\/\/sauver-le-guirbaden.fr\/wp-content\/uploads\/2019\/09\/SG-affiche-conf\u00e9rence-Grendelbruch-4-oct-2019-r-212x300.jpg 212w, https:\/\/sauver-le-guirbaden.fr\/wp-content\/uploads\/2019\/09\/SG-affiche-conf\u00e9rence-Grendelbruch-4-oct-2019-r.jpg 565w\" sizes=\"auto, (max-width: 212px) 100vw, 212px\" \/><\/a>\u00a0<a href=\"https:\/\/www.sauver-le-guirbaden.fr\/wp-content\/uploads\/2019\/10\/lami-hebdo.jpg\" target=\"_blank\" rel=\"noopener\"><img loading=\"lazy\" decoding=\"async\" class=\"alignnone wp-image-4900 size-medium\" src=\"https:\/\/www.sauver-le-guirbaden.fr\/wp-content\/uploads\/2019\/10\/lami-hebdo-300x297.jpg\" alt=\"\" width=\"300\" height=\"297\" srcset=\"https:\/\/sauver-le-guirbaden.fr\/wp-content\/uploads\/2019\/10\/lami-hebdo-300x297.jpg 300w, https:\/\/sauver-le-guirbaden.fr\/wp-content\/uploads\/2019\/10\/lami-hebdo-150x150.jpg 150w, https:\/\/sauver-le-guirbaden.fr\/wp-content\/uploads\/2019\/10\/lami-hebdo-768x760.jpg 768w, https:\/\/sauver-le-guirbaden.fr\/wp-content\/uploads\/2019\/10\/lami-hebdo-600x594.jpg 600w, https:\/\/sauver-le-guirbaden.fr\/wp-content\/uploads\/2019\/10\/lami-hebdo.jpg 800w\" sizes=\"auto, (max-width: 300px) 100vw, 300px\" \/><\/a><\/p>\n<p><a href=\"https:\/\/www.sauver-le-guirbaden.fr\/wp-content\/uploads\/2019\/10\/20191004_201107-1600x1200.jpg\" target=\"_blank\" rel=\"noopener\"><img loading=\"lazy\" decoding=\"async\" class=\"wp-image-4892 size-medium aligncenter\" src=\"https:\/\/www.sauver-le-guirbaden.fr\/wp-content\/uploads\/2019\/10\/20191004_201107-1600x1200-300x225.jpg\" alt=\"\" width=\"300\" height=\"225\" srcset=\"https:\/\/sauver-le-guirbaden.fr\/wp-content\/uploads\/2019\/10\/20191004_201107-1600x1200-300x225.jpg 300w, https:\/\/sauver-le-guirbaden.fr\/wp-content\/uploads\/2019\/10\/20191004_201107-1600x1200-768x575.jpg 768w, https:\/\/sauver-le-guirbaden.fr\/wp-content\/uploads\/2019\/10\/20191004_201107-1600x1200-600x449.jpg 600w, https:\/\/sauver-le-guirbaden.fr\/wp-content\/uploads\/2019\/10\/20191004_201107-1600x1200.jpg 800w\" sizes=\"auto, (max-width: 300px) 100vw, 300px\" \/><\/a><\/p>\n<p><span style=\"color: #0000ff;\"><em>1er juin 2018 <\/em><\/span>: conf\u00e9rence \u00e0 Molsheim pour la Soci\u00e9t\u00e9 d&#8217;Histoire de Molsheim<\/p>\n<p><span style=\"color: #0000ff;\"><em>2017: 20 janvier<\/em><\/span> \u00e0 Barembach, <em><span style=\"color: #0000ff;\">10 mars<\/span><\/em> \u00e0 Altorf, <em><span style=\"color: #0000ff;\">17 mars<\/span><\/em> \u00e0 Boersch\u00a0 \u00a0 \u00a0 \u00a0 \u00a0 \u00a0 \u00a0 \u00a0 \u00a0 \u00a0 \u00a0 \u00a0 \u00a0 \u00a0 \u00a0 \u00a0 \u00a0 \u00a0 \u00a0 \u00a0 \u00a0 \u00a0 \u00a0 \u00a0 \u00a0 \u00a0 \u00a0 \u00a0 \u00a0 \u00a0 \u00a0 \u00a0 \u00a0 \u00a0<em><span style=\"color: #0000ff;\">29 septembre<\/span><\/em> \u00e0 Hoenheim\u00a0 lors de l&#8217;assembl\u00e9e g\u00e9n\u00e9rale de l&#8217;association r\u00e9gionale\u00a0 \u00a0 \u00a0 \u00a0 \u00a0 \u00a0 \u00a0 \u00a0 \u00a0 \u00a0 \u00a0 \u00a0 \u00a0 \u00a0 \u00a0 \u00a0 \u00a0 \u00a0 \u00a0 \u00a0 \u00a0 \u00a0 \u00a0 \u00a0 \u00a0 \u00a0 \u00a0 \u00a0 \u00a0 \u00a0 \u00a0 \u00a0 \u00a0 \u00a0 \u00a0 \u00a0 \u00a0 du b\u00e9n\u00e9volat<\/p>\n<p><em><span style=\"color: #0000ff;\">2016:\u00a0 4 novembre<\/span><\/em> \u00e0 Rosenwiller, <em><span style=\"color: #0000ff;\">8 novembre<\/span><\/em> \u00e0 Oberhaslach, <em><span style=\"color: #0000ff;\">11 novembre<\/span><\/em> \u00e0 Lutzelhouse,\u00a0 \u00a0 \u00a0 \u00a0 \u00a0 \u00a0 \u00a0 \u00a0 \u00a0 \u00a0 <em><span style=\"color: #0000ff;\">18 novembre<\/span><\/em> \u00e0 Rosheim, <em><span style=\"color: #0000ff;\">25 novembre<\/span><\/em> \u00e0 Muhlbach sur Bruche,\u00a0 \u00a0 \u00a0 \u00a0 \u00a0 \u00a0 \u00a0 \u00a0 \u00a0 \u00a0 \u00a0 \u00a0 \u00a0 \u00a0 \u00a0 \u00a0 \u00a0 \u00a0 \u00a0 \u00a0 \u00a0 \u00a0 \u00a0 \u00a0 \u00a0 \u00a0 \u00a0 \u00a0 \u00a0 \u00a0 \u00a0 \u00a0 \u00a0 <span style=\"color: #0000ff;\"><em>29 novembre<\/em><\/span> \u00e0 Mollkirch<\/p>\n","protected":false},"excerpt":{"rendered":"<p>Des conf\u00e9rences sur le ch\u00e2teau et l&#8217;association peuvent \u00eatre faites si vous \u00eates int\u00e9ress\u00e9s&#8230; Veuillez nous contacter pour toute demande. 27 juin 2025: conf\u00e9rence sur les 10 ans de l&#8217;association \u00e0 Mollkirch 18 novembre 2022: conf\u00e9rence au ch\u00e2teau de Dorlisheim 5 septembre 2022: conf\u00e9rence \u00e0 Dachstein pour le Rotary Club de Molsheim\u00a0 \u00a0 \u00a0 \u00a0 &hellip; <a href=\"https:\/\/www.sauver-le-guirbaden.fr\/index.php\/conferences\/\" class=\"more-link\">Continuer la lecture de <span class=\"screen-reader-text\">Conf\u00e9rences<\/span> <span class=\"meta-nav\">&rarr;<\/span><\/a><\/p>\n","protected":false},"author":1,"featured_media":0,"parent":0,"menu_order":0,"comment_status":"closed","ping_status":"closed","template":"","meta":{"footnotes":""},"class_list":["post-241","page","type-page","status-publish","hentry"],"_links":{"self":[{"href":"https:\/\/www.sauver-le-guirbaden.fr\/index.php\/wp-json\/wp\/v2\/pages\/241","targetHints":{"allow":["GET"]}}],"collection":[{"href":"https:\/\/www.sauver-le-guirbaden.fr\/index.php\/wp-json\/wp\/v2\/pages"}],"about":[{"href":"https:\/\/www.sauver-le-guirbaden.fr\/index.php\/wp-json\/wp\/v2\/types\/page"}],"author":[{"embeddable":true,"href":"https:\/\/www.sauver-le-guirbaden.fr\/index.php\/wp-json\/wp\/v2\/users\/1"}],"replies":[{"embeddable":true,"href":"https:\/\/www.sauver-le-guirbaden.fr\/index.php\/wp-json\/wp\/v2\/comments?post=241"}],"version-history":[{"count":2,"href":"https:\/\/www.sauver-le-guirbaden.fr\/index.php\/wp-json\/wp\/v2\/pages\/241\/revisions"}],"predecessor-version":[{"id":8379,"href":"https:\/\/www.sauver-le-guirbaden.fr\/index.php\/wp-json\/wp\/v2\/pages\/241\/revisions\/8379"}],"wp:attachment":[{"href":"https:\/\/www.sauver-le-guirbaden.fr\/index.php\/wp-json\/wp\/v2\/media?parent=241"}],"curies":[{"name":"wp","href":"https:\/\/api.w.org\/{rel}","templated":true}]}}