{"id":253,"date":"2015-09-24T17:02:21","date_gmt":"2015-09-24T16:02:21","guid":{"rendered":"https:\/\/www.sauver-le-guirbaden.fr\/?page_id=253"},"modified":"2016-08-10T09:37:46","modified_gmt":"2016-08-10T07:37:46","slug":"acces-gps","status":"publish","type":"page","link":"https:\/\/www.sauver-le-guirbaden.fr\/index.php\/acces-gps\/","title":{"rendered":"Acc\u00e8s &#8211; GPS"},"content":{"rendered":"<p style=\"text-align: left;\">L&#8217;acc\u00e8s au ch\u00e2teau se fait \u00e0 pied par diff\u00e9rents chemins:<\/p>\n<ul>\n<li style=\"text-align: left;\">vous pouvez venir de Mollkirch en montant dans la for\u00eat par le chemin situ\u00e9 \u00e0 droite juste apr\u00e8s l&#8217;\u00e9cole \u00a0 \u00a0ou \u00a0en venant de la Fischhutte \u00a0 \u00a0 ou du sentier des Demoiselles de Pierre: \u00a0fl\u00e9chage Club Vosgien: \u00a0chemin raide, compter 25 minutes pour un bon marcheur<\/li>\n<li style=\"text-align: left;\">en venant depuis la gare de Heiligenberg\/Mollkirch<\/li>\n<li style=\"text-align: left;\">en venant depuis Grendelbruch: prendre le chemin qui monte vers la for\u00eat au niveau du cimeti\u00e8re: \u00a0 agr\u00e9able et moins raide, compter 45 minutes<\/li>\n<\/ul>\n<p style=\"text-align: center;\"><strong>Localisation du Ch\u00e2teau de Guirbaden<\/strong><\/p>\n<p style=\"text-align: center;\">Coordonn\u00e9es 48\u00b0 29&#8242; 37&#8242; &#8216; Nord 7\u00b0 22&#8242; 13&#8217; &#8216; Est<\/p>\n<p><iframe loading=\"lazy\" style=\"border: 0;\" src=\"https:\/\/www.google.com\/maps\/embed?pb=!1m18!1m12!1m3!1d2644.0739763756437!2d7.368666515872374!3d48.493473434284546!2m3!1f0!2f0!3f0!3m2!1i1024!2i768!4f13.1!3m3!1m2!1s0x4796ab460347b78f%3A0x17a855470caa5f98!2sCh%C3%A2teau+du+Guirbaden!5e0!3m2!1sfr!2sfr!4v1470813668491\" width=\"600\" height=\"450\" frameborder=\"0\" allowfullscreen=\"allowfullscreen\"><\/iframe><\/p>\n","protected":false},"excerpt":{"rendered":"<p>L&#8217;acc\u00e8s au ch\u00e2teau se fait \u00e0 pied par diff\u00e9rents chemins: vous pouvez venir de Mollkirch en montant dans la for\u00eat par le chemin situ\u00e9 \u00e0 droite juste apr\u00e8s l&#8217;\u00e9cole \u00a0 \u00a0ou \u00a0en venant de la Fischhutte \u00a0 \u00a0 ou du sentier des Demoiselles de Pierre: \u00a0fl\u00e9chage Club Vosgien: \u00a0chemin raide, compter 25 minutes pour un &hellip; <a href=\"https:\/\/www.sauver-le-guirbaden.fr\/index.php\/acces-gps\/\" class=\"more-link\">Continuer la lecture de <span class=\"screen-reader-text\">Acc\u00e8s &#8211; GPS<\/span> <span class=\"meta-nav\">&rarr;<\/span><\/a><\/p>\n","protected":false},"author":1,"featured_media":0,"parent":0,"menu_order":0,"comment_status":"closed","ping_status":"closed","template":"","meta":{"footnotes":""},"class_list":["post-253","page","type-page","status-publish","hentry"],"_links":{"self":[{"href":"https:\/\/www.sauver-le-guirbaden.fr\/index.php\/wp-json\/wp\/v2\/pages\/253","targetHints":{"allow":["GET"]}}],"collection":[{"href":"https:\/\/www.sauver-le-guirbaden.fr\/index.php\/wp-json\/wp\/v2\/pages"}],"about":[{"href":"https:\/\/www.sauver-le-guirbaden.fr\/index.php\/wp-json\/wp\/v2\/types\/page"}],"author":[{"embeddable":true,"href":"https:\/\/www.sauver-le-guirbaden.fr\/index.php\/wp-json\/wp\/v2\/users\/1"}],"replies":[{"embeddable":true,"href":"https:\/\/www.sauver-le-guirbaden.fr\/index.php\/wp-json\/wp\/v2\/comments?post=253"}],"version-history":[{"count":0,"href":"https:\/\/www.sauver-le-guirbaden.fr\/index.php\/wp-json\/wp\/v2\/pages\/253\/revisions"}],"wp:attachment":[{"href":"https:\/\/www.sauver-le-guirbaden.fr\/index.php\/wp-json\/wp\/v2\/media?parent=253"}],"curies":[{"name":"wp","href":"https:\/\/api.w.org\/{rel}","templated":true}]}}