{"id":4151,"date":"2018-11-26T22:59:24","date_gmt":"2018-11-26T21:59:24","guid":{"rendered":"https:\/\/www.sauver-le-guirbaden.fr\/?page_id=4151"},"modified":"2018-11-26T23:00:32","modified_gmt":"2018-11-26T22:00:32","slug":"soupe-pour-les-sorcieres","status":"publish","type":"page","link":"https:\/\/www.sauver-le-guirbaden.fr\/index.php\/soupe-pour-les-sorcieres\/","title":{"rendered":"Soupe pour les sorci\u00e8res"},"content":{"rendered":"<p>Le potiron a \u00e9t\u00e9 f\u00eat\u00e9 au ch\u00e2teau en ce dimanche 11 novembre 2018 &#8230;\u00a0 \u00a0 \u00a0 \u00a0 \u00a0 \u00a0 \u00a0 \u00a0 \u00a0 \u00a0 \u00a0 \u00a0 \u00a0 \u00a0 \u00a0 \u00a0 \u00a0 \u00a0 \u00a0 \u00a0 \u00a0 \u00a0 \u00a0 \u00a0 \u00a0 \u00a0 \u00a0avec une soupe gratuite servie aux sorci\u00e8res&#8230;<\/p>\n<p style=\"text-align: center;\"><a href=\"https:\/\/www.sauver-le-guirbaden.fr\/wp-content\/uploads\/2018\/11\/affiche-soupe-11-nov-2018.jpg\" target=\"_blank\" rel=\"noopener\"><img loading=\"lazy\" decoding=\"async\" class=\"alignnone wp-image-4047 size-medium\" src=\"https:\/\/www.sauver-le-guirbaden.fr\/wp-content\/uploads\/2018\/11\/affiche-soupe-11-nov-2018-212x300.jpg\" alt=\"\" width=\"212\" height=\"300\" srcset=\"https:\/\/sauver-le-guirbaden.fr\/wp-content\/uploads\/2018\/11\/affiche-soupe-11-nov-2018-212x300.jpg 212w, https:\/\/sauver-le-guirbaden.fr\/wp-content\/uploads\/2018\/11\/affiche-soupe-11-nov-2018-768x1086.jpg 768w, https:\/\/sauver-le-guirbaden.fr\/wp-content\/uploads\/2018\/11\/affiche-soupe-11-nov-2018-724x1024.jpg 724w, https:\/\/sauver-le-guirbaden.fr\/wp-content\/uploads\/2018\/11\/affiche-soupe-11-nov-2018-600x849.jpg 600w, https:\/\/sauver-le-guirbaden.fr\/wp-content\/uploads\/2018\/11\/affiche-soupe-11-nov-2018.jpg 1240w\" sizes=\"auto, (max-width: 212px) 100vw, 212px\" \/><\/a><\/p>\n<p><a href=\"https:\/\/www.sauver-le-guirbaden.fr\/wp-content\/uploads\/2018\/11\/11.11.2018-1.jpg\" target=\"_blank\" rel=\"noopener\"><img loading=\"lazy\" decoding=\"async\" class=\"alignright wp-image-4145 size-medium\" src=\"https:\/\/www.sauver-le-guirbaden.fr\/wp-content\/uploads\/2018\/11\/11.11.2018-1-300x225.jpg\" alt=\"\" width=\"300\" height=\"225\" srcset=\"https:\/\/sauver-le-guirbaden.fr\/wp-content\/uploads\/2018\/11\/11.11.2018-1-300x225.jpg 300w, https:\/\/sauver-le-guirbaden.fr\/wp-content\/uploads\/2018\/11\/11.11.2018-1-768x576.jpg 768w, https:\/\/sauver-le-guirbaden.fr\/wp-content\/uploads\/2018\/11\/11.11.2018-1-600x450.jpg 600w, https:\/\/sauver-le-guirbaden.fr\/wp-content\/uploads\/2018\/11\/11.11.2018-1.jpg 800w\" sizes=\"auto, (max-width: 300px) 100vw, 300px\" \/><\/a><\/p>\n<p>&nbsp;<\/p>\n<p>Tout est pr\u00eat pour accueillir le public:\u00a0 \u00a0 \u00a0 \u00a0un stand infos et la soupe qui chauffe&#8230;<\/p>\n<p>&nbsp;<\/p>\n<p>&nbsp;<\/p>\n<p><a href=\"https:\/\/www.sauver-le-guirbaden.fr\/wp-content\/uploads\/2018\/11\/11.11.2018-4.jpg\" target=\"_blank\" rel=\"noopener\"><img loading=\"lazy\" decoding=\"async\" class=\"alignleft wp-image-4147 size-medium\" src=\"https:\/\/www.sauver-le-guirbaden.fr\/wp-content\/uploads\/2018\/11\/11.11.2018-4-300x225.jpg\" alt=\"\" width=\"300\" height=\"225\" srcset=\"https:\/\/sauver-le-guirbaden.fr\/wp-content\/uploads\/2018\/11\/11.11.2018-4-300x225.jpg 300w, https:\/\/sauver-le-guirbaden.fr\/wp-content\/uploads\/2018\/11\/11.11.2018-4-768x576.jpg 768w, https:\/\/sauver-le-guirbaden.fr\/wp-content\/uploads\/2018\/11\/11.11.2018-4-600x450.jpg 600w, https:\/\/sauver-le-guirbaden.fr\/wp-content\/uploads\/2018\/11\/11.11.2018-4.jpg 800w\" sizes=\"auto, (max-width: 300px) 100vw, 300px\" \/><\/a><\/p>\n<p>&nbsp;<\/p>\n<p>&nbsp;<\/p>\n<p>Belle affluence : 120 personnes sur la journ\u00e9e&#8230;<\/p>\n<p>&nbsp;<\/p>\n<p>&nbsp;<\/p>\n<p>et aussi\u00a0 quelques sorci\u00e8res plus vraies que nature &#8230;\u00a0 \u00a0 \u00a0 \u00a0<a href=\"https:\/\/www.sauver-le-guirbaden.fr\/wp-content\/uploads\/2018\/11\/11.11.2018-2.jpg\" target=\"_blank\" rel=\"noopener\"><img loading=\"lazy\" decoding=\"async\" class=\"alignnone wp-image-4146 size-medium\" src=\"https:\/\/www.sauver-le-guirbaden.fr\/wp-content\/uploads\/2018\/11\/11.11.2018-2-225x300.jpg\" alt=\"\" width=\"225\" height=\"300\" srcset=\"https:\/\/sauver-le-guirbaden.fr\/wp-content\/uploads\/2018\/11\/11.11.2018-2-225x300.jpg 225w, https:\/\/sauver-le-guirbaden.fr\/wp-content\/uploads\/2018\/11\/11.11.2018-2.jpg 600w\" sizes=\"auto, (max-width: 225px) 100vw, 225px\" \/><\/a><\/p>\n<p>Les b\u00e9n\u00e9voles ont eu grand plaisir \u00e0 servir la soupe avec le sourire&#8230;<\/p>\n<p><a href=\"https:\/\/www.sauver-le-guirbaden.fr\/wp-content\/uploads\/2018\/11\/11.11.2018-6.jpg\" target=\"_blank\" rel=\"noopener\"><img loading=\"lazy\" decoding=\"async\" class=\"alignnone wp-image-4149 size-medium\" src=\"https:\/\/www.sauver-le-guirbaden.fr\/wp-content\/uploads\/2018\/11\/11.11.2018-6-300x225.jpg\" alt=\"\" width=\"300\" height=\"225\" srcset=\"https:\/\/sauver-le-guirbaden.fr\/wp-content\/uploads\/2018\/11\/11.11.2018-6-300x225.jpg 300w, https:\/\/sauver-le-guirbaden.fr\/wp-content\/uploads\/2018\/11\/11.11.2018-6-768x576.jpg 768w, https:\/\/sauver-le-guirbaden.fr\/wp-content\/uploads\/2018\/11\/11.11.2018-6-600x450.jpg 600w, https:\/\/sauver-le-guirbaden.fr\/wp-content\/uploads\/2018\/11\/11.11.2018-6.jpg 800w\" sizes=\"auto, (max-width: 300px) 100vw, 300px\" \/><\/a>\u00a0<a href=\"https:\/\/www.sauver-le-guirbaden.fr\/wp-content\/uploads\/2018\/11\/11.11.2018-5.jpg\" target=\"_blank\" rel=\"noopener\"><img loading=\"lazy\" decoding=\"async\" class=\"alignnone wp-image-4148 size-medium\" src=\"https:\/\/www.sauver-le-guirbaden.fr\/wp-content\/uploads\/2018\/11\/11.11.2018-5-300x225.jpg\" alt=\"\" width=\"300\" height=\"225\" srcset=\"https:\/\/sauver-le-guirbaden.fr\/wp-content\/uploads\/2018\/11\/11.11.2018-5-300x225.jpg 300w, https:\/\/sauver-le-guirbaden.fr\/wp-content\/uploads\/2018\/11\/11.11.2018-5-768x576.jpg 768w, https:\/\/sauver-le-guirbaden.fr\/wp-content\/uploads\/2018\/11\/11.11.2018-5-600x450.jpg 600w, https:\/\/sauver-le-guirbaden.fr\/wp-content\/uploads\/2018\/11\/11.11.2018-5.jpg 800w\" sizes=\"auto, (max-width: 300px) 100vw, 300px\" \/><\/a><\/p>\n<p>18 litres de soupe de poti&#8230;.marrons&#8230;\u00a0 Merci aux cuistots &#8230;.<a href=\"https:\/\/www.sauver-le-guirbaden.fr\/wp-content\/uploads\/2018\/11\/11.11.2018-7.jpg\" target=\"_blank\" rel=\"noopener\"><img loading=\"lazy\" decoding=\"async\" class=\"aligncenter wp-image-4150 size-medium\" src=\"https:\/\/www.sauver-le-guirbaden.fr\/wp-content\/uploads\/2018\/11\/11.11.2018-7-300x225.jpg\" alt=\"\" width=\"300\" height=\"225\" srcset=\"https:\/\/sauver-le-guirbaden.fr\/wp-content\/uploads\/2018\/11\/11.11.2018-7-300x225.jpg 300w, https:\/\/sauver-le-guirbaden.fr\/wp-content\/uploads\/2018\/11\/11.11.2018-7-768x576.jpg 768w, https:\/\/sauver-le-guirbaden.fr\/wp-content\/uploads\/2018\/11\/11.11.2018-7-600x450.jpg 600w, https:\/\/sauver-le-guirbaden.fr\/wp-content\/uploads\/2018\/11\/11.11.2018-7.jpg 800w\" sizes=\"auto, (max-width: 300px) 100vw, 300px\" \/><\/a><\/p>\n<p>L&#8217;ann\u00e9e prochaine on vous fera une soupe d&#8217;orties&#8230;. C&#8217;est promis !!!<\/p>\n<p>&nbsp;<\/p>\n","protected":false},"excerpt":{"rendered":"<p>Le potiron a \u00e9t\u00e9 f\u00eat\u00e9 au ch\u00e2teau en ce dimanche 11 novembre 2018 &#8230;\u00a0 \u00a0 \u00a0 \u00a0 \u00a0 \u00a0 \u00a0 \u00a0 \u00a0 \u00a0 \u00a0 \u00a0 \u00a0 \u00a0 \u00a0 \u00a0 \u00a0 \u00a0 \u00a0 \u00a0 \u00a0 \u00a0 \u00a0 \u00a0 \u00a0 \u00a0 \u00a0avec une soupe gratuite servie aux sorci\u00e8res&#8230; &nbsp; Tout est pr\u00eat pour accueillir le public:\u00a0 \u00a0 &hellip; <a href=\"https:\/\/www.sauver-le-guirbaden.fr\/index.php\/soupe-pour-les-sorcieres\/\" class=\"more-link\">Continuer la lecture de <span class=\"screen-reader-text\">Soupe pour les sorci\u00e8res<\/span> <span class=\"meta-nav\">&rarr;<\/span><\/a><\/p>\n","protected":false},"author":2,"featured_media":0,"parent":0,"menu_order":0,"comment_status":"closed","ping_status":"closed","template":"","meta":{"footnotes":""},"class_list":["post-4151","page","type-page","status-publish","hentry"],"_links":{"self":[{"href":"https:\/\/www.sauver-le-guirbaden.fr\/index.php\/wp-json\/wp\/v2\/pages\/4151","targetHints":{"allow":["GET"]}}],"collection":[{"href":"https:\/\/www.sauver-le-guirbaden.fr\/index.php\/wp-json\/wp\/v2\/pages"}],"about":[{"href":"https:\/\/www.sauver-le-guirbaden.fr\/index.php\/wp-json\/wp\/v2\/types\/page"}],"author":[{"embeddable":true,"href":"https:\/\/www.sauver-le-guirbaden.fr\/index.php\/wp-json\/wp\/v2\/users\/2"}],"replies":[{"embeddable":true,"href":"https:\/\/www.sauver-le-guirbaden.fr\/index.php\/wp-json\/wp\/v2\/comments?post=4151"}],"version-history":[{"count":0,"href":"https:\/\/www.sauver-le-guirbaden.fr\/index.php\/wp-json\/wp\/v2\/pages\/4151\/revisions"}],"wp:attachment":[{"href":"https:\/\/www.sauver-le-guirbaden.fr\/index.php\/wp-json\/wp\/v2\/media?parent=4151"}],"curies":[{"name":"wp","href":"https:\/\/api.w.org\/{rel}","templated":true}]}}