{"id":4419,"date":"2019-03-24T20:33:35","date_gmt":"2019-03-24T19:33:35","guid":{"rendered":"https:\/\/www.sauver-le-guirbaden.fr\/?page_id=4419"},"modified":"2023-01-16T22:17:32","modified_gmt":"2023-01-16T21:17:32","slug":"animations-2019","status":"publish","type":"page","link":"https:\/\/www.sauver-le-guirbaden.fr\/index.php\/animations-2019\/","title":{"rendered":"Autres animations 2019"},"content":{"rendered":"<p>&nbsp;<\/p>\n<p><a href=\"https:\/\/www.sauver-le-guirbaden.fr\/wp-content\/uploads\/2019\/03\/affiche-stage-aquarelle-juin-2019-journ\u00e9e-des-artistes.jpg\" target=\"_blank\" rel=\"noopener\"><img loading=\"lazy\" decoding=\"async\" class=\"alignright wp-image-4413 size-medium\" src=\"https:\/\/www.sauver-le-guirbaden.fr\/wp-content\/uploads\/2019\/03\/affiche-stage-aquarelle-juin-2019-journ\u00e9e-des-artistes-212x300.jpg\" alt=\"\" width=\"212\" height=\"300\" srcset=\"https:\/\/sauver-le-guirbaden.fr\/wp-content\/uploads\/2019\/03\/affiche-stage-aquarelle-juin-2019-journ\u00e9e-des-artistes-212x300.jpg 212w, https:\/\/sauver-le-guirbaden.fr\/wp-content\/uploads\/2019\/03\/affiche-stage-aquarelle-juin-2019-journ\u00e9e-des-artistes-768x1086.jpg 768w, https:\/\/sauver-le-guirbaden.fr\/wp-content\/uploads\/2019\/03\/affiche-stage-aquarelle-juin-2019-journ\u00e9e-des-artistes-724x1024.jpg 724w, https:\/\/sauver-le-guirbaden.fr\/wp-content\/uploads\/2019\/03\/affiche-stage-aquarelle-juin-2019-journ\u00e9e-des-artistes-600x849.jpg 600w, https:\/\/sauver-le-guirbaden.fr\/wp-content\/uploads\/2019\/03\/affiche-stage-aquarelle-juin-2019-journ\u00e9e-des-artistes.jpg 1240w\" sizes=\"auto, (max-width: 212px) 100vw, 212px\" \/><\/a><\/p>\n<p>&nbsp;<\/p>\n<p><span style=\"color: #0000ff;\"><strong>du 11 au 16 juin 2019: stage d&#8217;aquarelle au ch\u00e2teau\u00a0 \u00a0 \u00a0 \u00a0 \u00a0 \u00a0 \u00a0 \u00a0 \u00a0 \u00a0 \u00a0 \u00a0 \u00a0 \u00a0 \u00a0 \u00a0 \u00a0 \u00a0 \u00a0 \u00a0 \u00a0 \u00a0 \u00a0 \u00a0 \u00a0 \u00a0 \u00a0 \u00a0 \u00a0 \u00a0 \u00a0 \u00a0 \u00a0 \u00a0 avec Raoul GEIB<\/strong><\/span><\/p>\n<p><span style=\"color: #0000ff;\"><b>\u00a0<a href=\"https:\/\/www.sauver-le-guirbaden.fr\/wp-content\/uploads\/2019\/06\/13.06.2019-19.jpg\"><img loading=\"lazy\" decoding=\"async\" class=\"alignnone size-medium wp-image-4633\" src=\"https:\/\/www.sauver-le-guirbaden.fr\/wp-content\/uploads\/2019\/06\/13.06.2019-19-300x225.jpg\" alt=\"\" width=\"300\" height=\"225\" srcset=\"https:\/\/sauver-le-guirbaden.fr\/wp-content\/uploads\/2019\/06\/13.06.2019-19-300x225.jpg 300w, https:\/\/sauver-le-guirbaden.fr\/wp-content\/uploads\/2019\/06\/13.06.2019-19-768x576.jpg 768w, https:\/\/sauver-le-guirbaden.fr\/wp-content\/uploads\/2019\/06\/13.06.2019-19-600x450.jpg 600w, https:\/\/sauver-le-guirbaden.fr\/wp-content\/uploads\/2019\/06\/13.06.2019-19.jpg 800w\" sizes=\"auto, (max-width: 300px) 100vw, 300px\" \/><\/a>\u00a0\u00a0<a href=\"https:\/\/www.sauver-le-guirbaden.fr\/wp-content\/uploads\/2019\/06\/13.06.2019-5.jpg\"><img loading=\"lazy\" decoding=\"async\" class=\"alignnone size-medium wp-image-4629\" src=\"https:\/\/www.sauver-le-guirbaden.fr\/wp-content\/uploads\/2019\/06\/13.06.2019-5-300x225.jpg\" alt=\"\" width=\"300\" height=\"225\" srcset=\"https:\/\/sauver-le-guirbaden.fr\/wp-content\/uploads\/2019\/06\/13.06.2019-5-300x225.jpg 300w, https:\/\/sauver-le-guirbaden.fr\/wp-content\/uploads\/2019\/06\/13.06.2019-5-768x576.jpg 768w, https:\/\/sauver-le-guirbaden.fr\/wp-content\/uploads\/2019\/06\/13.06.2019-5-600x450.jpg 600w, https:\/\/sauver-le-guirbaden.fr\/wp-content\/uploads\/2019\/06\/13.06.2019-5.jpg 800w\" sizes=\"auto, (max-width: 300px) 100vw, 300px\" \/><\/a>\u00a0<a href=\"https:\/\/www.sauver-le-guirbaden.fr\/wp-content\/uploads\/2019\/06\/13.06.2019-13.jpg\"><img loading=\"lazy\" decoding=\"async\" class=\"alignnone size-medium wp-image-4632\" src=\"https:\/\/www.sauver-le-guirbaden.fr\/wp-content\/uploads\/2019\/06\/13.06.2019-13-300x225.jpg\" alt=\"\" width=\"300\" height=\"225\" srcset=\"https:\/\/sauver-le-guirbaden.fr\/wp-content\/uploads\/2019\/06\/13.06.2019-13-300x225.jpg 300w, https:\/\/sauver-le-guirbaden.fr\/wp-content\/uploads\/2019\/06\/13.06.2019-13-768x576.jpg 768w, https:\/\/sauver-le-guirbaden.fr\/wp-content\/uploads\/2019\/06\/13.06.2019-13-600x450.jpg 600w, https:\/\/sauver-le-guirbaden.fr\/wp-content\/uploads\/2019\/06\/13.06.2019-13.jpg 800w\" sizes=\"auto, (max-width: 300px) 100vw, 300px\" \/><\/a><\/b><\/span><\/p>\n<p>&nbsp;<\/p>\n<p><strong><span style=\"color: #0000ff;\">Dimanche 11 ao\u00fbt 2019: peinture \u00e0 la javel avec Christophe Pogorzelski<\/span><\/strong><\/p>\n<p><a href=\"https:\/\/www.sauver-le-guirbaden.fr\/wp-content\/uploads\/2019\/08\/DSC05375.jpg\"><img loading=\"lazy\" decoding=\"async\" class=\"alignnone size-medium wp-image-4769\" src=\"https:\/\/www.sauver-le-guirbaden.fr\/wp-content\/uploads\/2019\/08\/DSC05375-300x200.jpg\" alt=\"\" width=\"300\" height=\"200\" srcset=\"https:\/\/sauver-le-guirbaden.fr\/wp-content\/uploads\/2019\/08\/DSC05375-300x200.jpg 300w, https:\/\/sauver-le-guirbaden.fr\/wp-content\/uploads\/2019\/08\/DSC05375-768x512.jpg 768w, https:\/\/sauver-le-guirbaden.fr\/wp-content\/uploads\/2019\/08\/DSC05375-600x400.jpg 600w, https:\/\/sauver-le-guirbaden.fr\/wp-content\/uploads\/2019\/08\/DSC05375.jpg 800w\" sizes=\"auto, (max-width: 300px) 100vw, 300px\" \/><\/a>\u00a0<a href=\"https:\/\/www.sauver-le-guirbaden.fr\/wp-content\/uploads\/2019\/08\/DSC05393.jpg\"><img loading=\"lazy\" decoding=\"async\" class=\"alignnone size-medium wp-image-4773\" src=\"https:\/\/www.sauver-le-guirbaden.fr\/wp-content\/uploads\/2019\/08\/DSC05393-300x200.jpg\" alt=\"\" width=\"300\" height=\"200\" srcset=\"https:\/\/sauver-le-guirbaden.fr\/wp-content\/uploads\/2019\/08\/DSC05393-300x200.jpg 300w, https:\/\/sauver-le-guirbaden.fr\/wp-content\/uploads\/2019\/08\/DSC05393-768x512.jpg 768w, https:\/\/sauver-le-guirbaden.fr\/wp-content\/uploads\/2019\/08\/DSC05393-600x400.jpg 600w, https:\/\/sauver-le-guirbaden.fr\/wp-content\/uploads\/2019\/08\/DSC05393.jpg 800w\" sizes=\"auto, (max-width: 300px) 100vw, 300px\" \/><\/a><\/p>\n<p>&nbsp;<\/p>\n<p><a href=\"https:\/\/www.sauver-le-guirbaden.fr\/wp-content\/uploads\/2019\/03\/affiche-concert-La-Messinoise-06.10.19-sans-titres-musicaux-r\u00e9duit.jpg\" target=\"_blank\" rel=\"noopener\"><img loading=\"lazy\" decoding=\"async\" class=\"alignright wp-image-4428 size-medium\" src=\"https:\/\/www.sauver-le-guirbaden.fr\/wp-content\/uploads\/2019\/03\/affiche-concert-La-Messinoise-06.10.19-sans-titres-musicaux-r\u00e9duit-212x300.jpg\" alt=\"\" width=\"212\" height=\"300\" srcset=\"https:\/\/sauver-le-guirbaden.fr\/wp-content\/uploads\/2019\/03\/affiche-concert-La-Messinoise-06.10.19-sans-titres-musicaux-r\u00e9duit-212x300.jpg 212w, https:\/\/sauver-le-guirbaden.fr\/wp-content\/uploads\/2019\/03\/affiche-concert-La-Messinoise-06.10.19-sans-titres-musicaux-r\u00e9duit.jpg 565w\" sizes=\"auto, (max-width: 212px) 100vw, 212px\" \/><\/a><\/p>\n<p>&nbsp;<\/p>\n<p>&nbsp;<\/p>\n<p><strong><span style=\"color: #0000ff;\">Dimanche 6 octobre 2019:\u00a0 \u00a0 \u00a0 \u00a0 \u00a0 \u00a0 \u00a0 \u00a0 \u00a0 \u00a0 \u00a0 \u00a0 \u00a0 \u00a0 \u00a0 \u00a0 \u00a0 \u00a0 \u00a0 \u00a0 \u00a0 \u00a0 \u00a0 \u00a0 \u00a0 \u00a0 \u00a0 \u00a0 \u00a0 \u00a0 \u00a0 \u00a0 \u00a0 \u00a0 \u00a0 \u00a0 \u00a0 \u00a0 \u00a0 \u00a0 concert avec l&#8217;ensemble La Messinoise\u00a0 \u00a0 \u00a0 \u00a0<\/span><\/strong> \u00a0 \u00a0 \u00a0 \u00a0 \u00a0 \u00a0 \u00a0 \u00a0 \u00a0 \u00a0 \u00a0 \u00a0 \u00a0 \u00a0 \u00a0 \u00a0 \u00a0 \u00e0 17 h \u00e0 l&#8217;\u00e9glise de Mollkirch<\/p>\n<p>&nbsp;<\/p>\n<p><a href=\"https:\/\/www.sauver-le-guirbaden.fr\/wp-content\/uploads\/2019\/10\/20191006_174929-2-r\u00e9duit.png\" target=\"_blank\" rel=\"noopener\"><img loading=\"lazy\" decoding=\"async\" class=\"alignnone wp-image-4894 size-medium\" src=\"https:\/\/www.sauver-le-guirbaden.fr\/wp-content\/uploads\/2019\/10\/20191006_174929-2-r\u00e9duit-300x300.png\" alt=\"\" width=\"300\" height=\"300\" srcset=\"https:\/\/sauver-le-guirbaden.fr\/wp-content\/uploads\/2019\/10\/20191006_174929-2-r\u00e9duit-300x300.png 300w, https:\/\/sauver-le-guirbaden.fr\/wp-content\/uploads\/2019\/10\/20191006_174929-2-r\u00e9duit-150x150.png 150w, https:\/\/sauver-le-guirbaden.fr\/wp-content\/uploads\/2019\/10\/20191006_174929-2-r\u00e9duit-768x768.png 768w, https:\/\/sauver-le-guirbaden.fr\/wp-content\/uploads\/2019\/10\/20191006_174929-2-r\u00e9duit-600x600.png 600w, https:\/\/sauver-le-guirbaden.fr\/wp-content\/uploads\/2019\/10\/20191006_174929-2-r\u00e9duit.png 800w\" sizes=\"auto, (max-width: 300px) 100vw, 300px\" \/><\/a>\u00a0<a href=\"https:\/\/www.sauver-le-guirbaden.fr\/wp-content\/uploads\/2019\/10\/20191006_174813-r\u00e9duit.png\" target=\"_blank\" rel=\"noopener\"><img loading=\"lazy\" decoding=\"async\" class=\"alignnone wp-image-4893 size-medium\" src=\"https:\/\/www.sauver-le-guirbaden.fr\/wp-content\/uploads\/2019\/10\/20191006_174813-r\u00e9duit-300x300.png\" alt=\"\" width=\"300\" height=\"300\" srcset=\"https:\/\/sauver-le-guirbaden.fr\/wp-content\/uploads\/2019\/10\/20191006_174813-r\u00e9duit-300x300.png 300w, https:\/\/sauver-le-guirbaden.fr\/wp-content\/uploads\/2019\/10\/20191006_174813-r\u00e9duit-150x150.png 150w, https:\/\/sauver-le-guirbaden.fr\/wp-content\/uploads\/2019\/10\/20191006_174813-r\u00e9duit-768x768.png 768w, https:\/\/sauver-le-guirbaden.fr\/wp-content\/uploads\/2019\/10\/20191006_174813-r\u00e9duit-600x600.png 600w, https:\/\/sauver-le-guirbaden.fr\/wp-content\/uploads\/2019\/10\/20191006_174813-r\u00e9duit.png 800w\" sizes=\"auto, (max-width: 300px) 100vw, 300px\" \/><\/a><\/p>\n<p>&nbsp;<\/p>\n<p>&nbsp;<\/p>\n<p><span style=\"color: #0000ff;\"><b>\u00a0<\/b><\/span><\/p>\n<p>&nbsp;<\/p>\n<p>&nbsp;<\/p>\n","protected":false},"excerpt":{"rendered":"<p>&nbsp; &nbsp; du 11 au 16 juin 2019: stage d&#8217;aquarelle au ch\u00e2teau\u00a0 \u00a0 \u00a0 \u00a0 \u00a0 \u00a0 \u00a0 \u00a0 \u00a0 \u00a0 \u00a0 \u00a0 \u00a0 \u00a0 \u00a0 \u00a0 \u00a0 \u00a0 \u00a0 \u00a0 \u00a0 \u00a0 \u00a0 \u00a0 \u00a0 \u00a0 \u00a0 \u00a0 \u00a0 \u00a0 \u00a0 \u00a0 \u00a0 \u00a0 avec Raoul GEIB \u00a0\u00a0\u00a0\u00a0 &nbsp; Dimanche 11 ao\u00fbt 2019: peinture &hellip; <a href=\"https:\/\/www.sauver-le-guirbaden.fr\/index.php\/animations-2019\/\" class=\"more-link\">Continuer la lecture de <span class=\"screen-reader-text\">Autres animations 2019<\/span> <span class=\"meta-nav\">&rarr;<\/span><\/a><\/p>\n","protected":false},"author":2,"featured_media":0,"parent":0,"menu_order":0,"comment_status":"closed","ping_status":"closed","template":"","meta":{"footnotes":""},"class_list":["post-4419","page","type-page","status-publish","hentry"],"_links":{"self":[{"href":"https:\/\/www.sauver-le-guirbaden.fr\/index.php\/wp-json\/wp\/v2\/pages\/4419","targetHints":{"allow":["GET"]}}],"collection":[{"href":"https:\/\/www.sauver-le-guirbaden.fr\/index.php\/wp-json\/wp\/v2\/pages"}],"about":[{"href":"https:\/\/www.sauver-le-guirbaden.fr\/index.php\/wp-json\/wp\/v2\/types\/page"}],"author":[{"embeddable":true,"href":"https:\/\/www.sauver-le-guirbaden.fr\/index.php\/wp-json\/wp\/v2\/users\/2"}],"replies":[{"embeddable":true,"href":"https:\/\/www.sauver-le-guirbaden.fr\/index.php\/wp-json\/wp\/v2\/comments?post=4419"}],"version-history":[{"count":1,"href":"https:\/\/www.sauver-le-guirbaden.fr\/index.php\/wp-json\/wp\/v2\/pages\/4419\/revisions"}],"predecessor-version":[{"id":7386,"href":"https:\/\/www.sauver-le-guirbaden.fr\/index.php\/wp-json\/wp\/v2\/pages\/4419\/revisions\/7386"}],"wp:attachment":[{"href":"https:\/\/www.sauver-le-guirbaden.fr\/index.php\/wp-json\/wp\/v2\/media?parent=4419"}],"curies":[{"name":"wp","href":"https:\/\/api.w.org\/{rel}","templated":true}]}}