{"id":4993,"date":"2019-11-04T18:52:49","date_gmt":"2019-11-04T17:52:49","guid":{"rendered":"https:\/\/www.sauver-le-guirbaden.fr\/?page_id=4993"},"modified":"2023-01-16T19:29:01","modified_gmt":"2023-01-16T18:29:01","slug":"travaux-2019","status":"publish","type":"page","link":"https:\/\/www.sauver-le-guirbaden.fr\/index.php\/travaux-2019\/","title":{"rendered":"Travaux 2019"},"content":{"rendered":"<p>En 2019:\u00a0 5503 heures de b\u00e9n\u00e9volat ont \u00e9t\u00e9 r\u00e9alis\u00e9es sur le site.<\/p>\n<p>Les travaux de ma\u00e7onnerie ont consist\u00e9 en la consolidation du mur de la poterne Est sous la citadelle.<\/p>\n<p>Il a tout d&#8217;abord fallu monter l\u2019\u00e9chafaudage pour pouvoir acc\u00e9der au sommet du mur.<a href=\"https:\/\/www.sauver-le-guirbaden.fr\/wp-content\/uploads\/2019\/03\/30.03.2019-32.jpg\">\u00a0<\/a><a href=\"https:\/\/www.sauver-le-guirbaden.fr\/wp-content\/uploads\/2019\/03\/30.03.2019-32.jpg\" target=\"_blank\" rel=\"noopener\">\u00a0<\/a><a href=\"https:\/\/www.sauver-le-guirbaden.fr\/wp-content\/uploads\/2019\/03\/30.03.2019-32.jpg\" target=\"_blank\" rel=\"noopener\"><img loading=\"lazy\" decoding=\"async\" class=\"alignnone wp-image-4473 size-medium\" src=\"https:\/\/www.sauver-le-guirbaden.fr\/wp-content\/uploads\/2019\/03\/30.03.2019-32-300x225.jpg\" alt=\"\" width=\"300\" height=\"225\" srcset=\"https:\/\/sauver-le-guirbaden.fr\/wp-content\/uploads\/2019\/03\/30.03.2019-32-300x225.jpg 300w, https:\/\/sauver-le-guirbaden.fr\/wp-content\/uploads\/2019\/03\/30.03.2019-32-768x576.jpg 768w, https:\/\/sauver-le-guirbaden.fr\/wp-content\/uploads\/2019\/03\/30.03.2019-32-600x450.jpg 600w, https:\/\/sauver-le-guirbaden.fr\/wp-content\/uploads\/2019\/03\/30.03.2019-32.jpg 800w\" sizes=\"auto, (max-width: 300px) 100vw, 300px\" \/><\/a><a href=\"https:\/\/www.sauver-le-guirbaden.fr\/wp-content\/uploads\/2019\/03\/30.03.2019-30.jpg\" target=\"_blank\" rel=\"noopener\"><img loading=\"lazy\" decoding=\"async\" class=\"alignnone wp-image-4472 size-medium\" src=\"https:\/\/www.sauver-le-guirbaden.fr\/wp-content\/uploads\/2019\/03\/30.03.2019-30-300x225.jpg\" alt=\"\" width=\"300\" height=\"225\" srcset=\"https:\/\/sauver-le-guirbaden.fr\/wp-content\/uploads\/2019\/03\/30.03.2019-30-300x225.jpg 300w, https:\/\/sauver-le-guirbaden.fr\/wp-content\/uploads\/2019\/03\/30.03.2019-30-768x576.jpg 768w, https:\/\/sauver-le-guirbaden.fr\/wp-content\/uploads\/2019\/03\/30.03.2019-30-600x450.jpg 600w, https:\/\/sauver-le-guirbaden.fr\/wp-content\/uploads\/2019\/03\/30.03.2019-30.jpg 800w\" sizes=\"auto, (max-width: 300px) 100vw, 300px\" \/><\/a><\/p>\n<p>Ensuite l&#8217;arase a \u00e9t\u00e9 nettoy\u00e9e<\/p>\n<p><a href=\"https:\/\/www.sauver-le-guirbaden.fr\/wp-content\/uploads\/2019\/06\/22.04.2019-26.jpg\" target=\"_blank\" rel=\"noopener\"><img loading=\"lazy\" decoding=\"async\" class=\"alignnone wp-image-4636 size-medium\" src=\"https:\/\/www.sauver-le-guirbaden.fr\/wp-content\/uploads\/2019\/06\/22.04.2019-26-300x225.jpg\" alt=\"\" width=\"300\" height=\"225\" srcset=\"https:\/\/sauver-le-guirbaden.fr\/wp-content\/uploads\/2019\/06\/22.04.2019-26-300x225.jpg 300w, https:\/\/sauver-le-guirbaden.fr\/wp-content\/uploads\/2019\/06\/22.04.2019-26-768x576.jpg 768w, https:\/\/sauver-le-guirbaden.fr\/wp-content\/uploads\/2019\/06\/22.04.2019-26-600x450.jpg 600w, https:\/\/sauver-le-guirbaden.fr\/wp-content\/uploads\/2019\/06\/22.04.2019-26.jpg 800w\" sizes=\"auto, (max-width: 300px) 100vw, 300px\" \/><\/a>\u00a0<a href=\"https:\/\/www.sauver-le-guirbaden.fr\/wp-content\/uploads\/2019\/06\/29.04.2019-17.jpg\" target=\"_blank\" rel=\"noopener\"><img loading=\"lazy\" decoding=\"async\" class=\"alignnone wp-image-4637 size-medium\" src=\"https:\/\/www.sauver-le-guirbaden.fr\/wp-content\/uploads\/2019\/06\/29.04.2019-17-300x225.jpg\" alt=\"\" width=\"300\" height=\"225\" srcset=\"https:\/\/sauver-le-guirbaden.fr\/wp-content\/uploads\/2019\/06\/29.04.2019-17-300x225.jpg 300w, https:\/\/sauver-le-guirbaden.fr\/wp-content\/uploads\/2019\/06\/29.04.2019-17-768x576.jpg 768w, https:\/\/sauver-le-guirbaden.fr\/wp-content\/uploads\/2019\/06\/29.04.2019-17-600x450.jpg 600w, https:\/\/sauver-le-guirbaden.fr\/wp-content\/uploads\/2019\/06\/29.04.2019-17.jpg 800w\" sizes=\"auto, (max-width: 300px) 100vw, 300px\" \/><\/a><\/p>\n<p>puis ma\u00e7onn\u00e9e<\/p>\n<p><a href=\"https:\/\/www.sauver-le-guirbaden.fr\/wp-content\/uploads\/2019\/08\/05.08.2019-4.jpg\" target=\"_blank\" rel=\"noopener\"><img loading=\"lazy\" decoding=\"async\" class=\"alignnone wp-image-4780 size-medium\" src=\"https:\/\/www.sauver-le-guirbaden.fr\/wp-content\/uploads\/2019\/08\/05.08.2019-4-300x225.jpg\" alt=\"\" width=\"300\" height=\"225\" srcset=\"https:\/\/sauver-le-guirbaden.fr\/wp-content\/uploads\/2019\/08\/05.08.2019-4-300x225.jpg 300w, https:\/\/sauver-le-guirbaden.fr\/wp-content\/uploads\/2019\/08\/05.08.2019-4-768x576.jpg 768w, https:\/\/sauver-le-guirbaden.fr\/wp-content\/uploads\/2019\/08\/05.08.2019-4-600x450.jpg 600w, https:\/\/sauver-le-guirbaden.fr\/wp-content\/uploads\/2019\/08\/05.08.2019-4.jpg 800w\" sizes=\"auto, (max-width: 300px) 100vw, 300px\" \/><\/a>\u00a0<a href=\"https:\/\/www.sauver-le-guirbaden.fr\/wp-content\/uploads\/2019\/08\/24.08.2019-15.jpg\" target=\"_blank\" rel=\"noopener\"><img loading=\"lazy\" decoding=\"async\" class=\"alignnone wp-image-4787 size-medium\" src=\"https:\/\/www.sauver-le-guirbaden.fr\/wp-content\/uploads\/2019\/08\/24.08.2019-15-300x225.jpg\" alt=\"\" width=\"300\" height=\"225\" srcset=\"https:\/\/sauver-le-guirbaden.fr\/wp-content\/uploads\/2019\/08\/24.08.2019-15-300x225.jpg 300w, https:\/\/sauver-le-guirbaden.fr\/wp-content\/uploads\/2019\/08\/24.08.2019-15-768x576.jpg 768w, https:\/\/sauver-le-guirbaden.fr\/wp-content\/uploads\/2019\/08\/24.08.2019-15-600x450.jpg 600w, https:\/\/sauver-le-guirbaden.fr\/wp-content\/uploads\/2019\/08\/24.08.2019-15.jpg 800w\" sizes=\"auto, (max-width: 300px) 100vw, 300px\" \/><\/a><\/p>\n<p>Les trous entre les pierres ont \u00e9t\u00e9 d\u00e9gag\u00e9s des racines et de le terre<\/p>\n<p><a href=\"https:\/\/www.sauver-le-guirbaden.fr\/wp-content\/uploads\/2019\/08\/24.08.2019-19.jpg\" target=\"_blank\" rel=\"noopener\"><img loading=\"lazy\" decoding=\"async\" class=\"alignnone wp-image-4788 size-medium\" src=\"https:\/\/www.sauver-le-guirbaden.fr\/wp-content\/uploads\/2019\/08\/24.08.2019-19-300x225.jpg\" alt=\"\" width=\"300\" height=\"225\" srcset=\"https:\/\/sauver-le-guirbaden.fr\/wp-content\/uploads\/2019\/08\/24.08.2019-19-300x225.jpg 300w, https:\/\/sauver-le-guirbaden.fr\/wp-content\/uploads\/2019\/08\/24.08.2019-19-768x576.jpg 768w, https:\/\/sauver-le-guirbaden.fr\/wp-content\/uploads\/2019\/08\/24.08.2019-19-600x450.jpg 600w, https:\/\/sauver-le-guirbaden.fr\/wp-content\/uploads\/2019\/08\/24.08.2019-19.jpg 800w\" sizes=\"auto, (max-width: 300px) 100vw, 300px\" \/><\/a>\u00a0<a href=\"https:\/\/www.sauver-le-guirbaden.fr\/wp-content\/uploads\/2019\/08\/24.08.2019-20.jpg\" target=\"_blank\" rel=\"noopener\"><img loading=\"lazy\" decoding=\"async\" class=\"alignnone wp-image-4789 size-medium\" src=\"https:\/\/www.sauver-le-guirbaden.fr\/wp-content\/uploads\/2019\/08\/24.08.2019-20-300x225.jpg\" alt=\"\" width=\"300\" height=\"225\" srcset=\"https:\/\/sauver-le-guirbaden.fr\/wp-content\/uploads\/2019\/08\/24.08.2019-20-300x225.jpg 300w, https:\/\/sauver-le-guirbaden.fr\/wp-content\/uploads\/2019\/08\/24.08.2019-20-768x576.jpg 768w, https:\/\/sauver-le-guirbaden.fr\/wp-content\/uploads\/2019\/08\/24.08.2019-20-600x450.jpg 600w, https:\/\/sauver-le-guirbaden.fr\/wp-content\/uploads\/2019\/08\/24.08.2019-20.jpg 800w\" sizes=\"auto, (max-width: 300px) 100vw, 300px\" \/><\/a><\/p>\n<p>puis nettoy\u00e9s \u00e0 l&#8217;eau et remplis de mortier gr\u00e2ce \u00e0 un compresseur<\/p>\n<p><a href=\"https:\/\/www.sauver-le-guirbaden.fr\/wp-content\/uploads\/2019\/07\/22062019_Pierre2.jpg\" target=\"_blank\" rel=\"noopener\"><img loading=\"lazy\" decoding=\"async\" class=\"alignnone wp-image-4748 size-medium\" src=\"https:\/\/www.sauver-le-guirbaden.fr\/wp-content\/uploads\/2019\/07\/22062019_Pierre2-300x225.jpg\" alt=\"\" width=\"300\" height=\"225\" srcset=\"https:\/\/sauver-le-guirbaden.fr\/wp-content\/uploads\/2019\/07\/22062019_Pierre2-300x225.jpg 300w, https:\/\/sauver-le-guirbaden.fr\/wp-content\/uploads\/2019\/07\/22062019_Pierre2-768x576.jpg 768w, https:\/\/sauver-le-guirbaden.fr\/wp-content\/uploads\/2019\/07\/22062019_Pierre2-600x450.jpg 600w, https:\/\/sauver-le-guirbaden.fr\/wp-content\/uploads\/2019\/07\/22062019_Pierre2.jpg 800w\" sizes=\"auto, (max-width: 300px) 100vw, 300px\" \/><\/a>\u00a0<a href=\"https:\/\/www.sauver-le-guirbaden.fr\/wp-content\/uploads\/2019\/08\/24.08.2019-4.jpg\" target=\"_blank\" rel=\"noopener\"><img loading=\"lazy\" decoding=\"async\" class=\"alignnone wp-image-4785 size-medium\" src=\"https:\/\/www.sauver-le-guirbaden.fr\/wp-content\/uploads\/2019\/08\/24.08.2019-4-300x225.jpg\" alt=\"\" width=\"300\" height=\"225\" srcset=\"https:\/\/sauver-le-guirbaden.fr\/wp-content\/uploads\/2019\/08\/24.08.2019-4-300x225.jpg 300w, https:\/\/sauver-le-guirbaden.fr\/wp-content\/uploads\/2019\/08\/24.08.2019-4-768x576.jpg 768w, https:\/\/sauver-le-guirbaden.fr\/wp-content\/uploads\/2019\/08\/24.08.2019-4-600x450.jpg 600w, https:\/\/sauver-le-guirbaden.fr\/wp-content\/uploads\/2019\/08\/24.08.2019-4.jpg 800w\" sizes=\"auto, (max-width: 300px) 100vw, 300px\" \/><\/a><\/p>\n<p>Ensuite les joints ont \u00e9t\u00e9 faits \u00e0 la poche, puis bross\u00e9s<\/p>\n<p><a href=\"https:\/\/www.sauver-le-guirbaden.fr\/wp-content\/uploads\/2019\/10\/r\u00e9sultat-joints-avec-poche-20191007_160506.jpg\" target=\"_blank\" rel=\"noopener\"><img loading=\"lazy\" decoding=\"async\" class=\"alignnone wp-image-4903 size-medium\" src=\"https:\/\/www.sauver-le-guirbaden.fr\/wp-content\/uploads\/2019\/10\/r\u00e9sultat-joints-avec-poche-20191007_160506-300x138.jpg\" alt=\"\" width=\"300\" height=\"138\" srcset=\"https:\/\/sauver-le-guirbaden.fr\/wp-content\/uploads\/2019\/10\/r\u00e9sultat-joints-avec-poche-20191007_160506-300x138.jpg 300w, https:\/\/sauver-le-guirbaden.fr\/wp-content\/uploads\/2019\/10\/r\u00e9sultat-joints-avec-poche-20191007_160506-768x354.jpg 768w, https:\/\/sauver-le-guirbaden.fr\/wp-content\/uploads\/2019\/10\/r\u00e9sultat-joints-avec-poche-20191007_160506-600x277.jpg 600w, https:\/\/sauver-le-guirbaden.fr\/wp-content\/uploads\/2019\/10\/r\u00e9sultat-joints-avec-poche-20191007_160506.jpg 800w\" sizes=\"auto, (max-width: 300px) 100vw, 300px\" \/><\/a>\u00a0<a href=\"https:\/\/www.sauver-le-guirbaden.fr\/wp-content\/uploads\/2019\/10\/R\u00e9sultat-global-apres-brossage-20191008_110713.jpg\" target=\"_blank\" rel=\"noopener\"><img loading=\"lazy\" decoding=\"async\" class=\"alignnone wp-image-4902 size-medium\" src=\"https:\/\/www.sauver-le-guirbaden.fr\/wp-content\/uploads\/2019\/10\/R\u00e9sultat-global-apres-brossage-20191008_110713-300x138.jpg\" alt=\"\" width=\"300\" height=\"138\" srcset=\"https:\/\/sauver-le-guirbaden.fr\/wp-content\/uploads\/2019\/10\/R\u00e9sultat-global-apres-brossage-20191008_110713-300x138.jpg 300w, https:\/\/sauver-le-guirbaden.fr\/wp-content\/uploads\/2019\/10\/R\u00e9sultat-global-apres-brossage-20191008_110713-768x354.jpg 768w, https:\/\/sauver-le-guirbaden.fr\/wp-content\/uploads\/2019\/10\/R\u00e9sultat-global-apres-brossage-20191008_110713-600x277.jpg 600w, https:\/\/sauver-le-guirbaden.fr\/wp-content\/uploads\/2019\/10\/R\u00e9sultat-global-apres-brossage-20191008_110713.jpg 800w\" sizes=\"auto, (max-width: 300px) 100vw, 300px\" \/><\/a><\/p>\n<p>au dessus de la poterne avant et apr\u00e8s&#8230;<\/p>\n<p><a href=\"https:\/\/www.sauver-le-guirbaden.fr\/wp-content\/uploads\/2019\/10\/18.03.2019-3.jpg\">\u00a0<\/a><a href=\"https:\/\/www.sauver-le-guirbaden.fr\/wp-content\/uploads\/2019\/10\/18.03.2019-3.jpg\" target=\"_blank\" rel=\"noopener\"><img loading=\"lazy\" decoding=\"async\" class=\"alignnone wp-image-4914 size-medium\" src=\"https:\/\/www.sauver-le-guirbaden.fr\/wp-content\/uploads\/2019\/10\/18.03.2019-3-225x300.jpg\" alt=\"\" width=\"225\" height=\"300\" srcset=\"https:\/\/sauver-le-guirbaden.fr\/wp-content\/uploads\/2019\/10\/18.03.2019-3-225x300.jpg 225w, https:\/\/sauver-le-guirbaden.fr\/wp-content\/uploads\/2019\/10\/18.03.2019-3.jpg 600w\" sizes=\"auto, (max-width: 225px) 100vw, 225px\" \/><\/a><a href=\"https:\/\/www.sauver-le-guirbaden.fr\/wp-content\/uploads\/2019\/10\/16.09.2019-12.jpg\" target=\"_blank\" rel=\"noopener\"><img loading=\"lazy\" decoding=\"async\" class=\"alignnone wp-image-4913 size-medium\" src=\"https:\/\/www.sauver-le-guirbaden.fr\/wp-content\/uploads\/2019\/10\/16.09.2019-12-267x300.jpg\" alt=\"\" width=\"267\" height=\"300\" srcset=\"https:\/\/sauver-le-guirbaden.fr\/wp-content\/uploads\/2019\/10\/16.09.2019-12-267x300.jpg 267w, https:\/\/sauver-le-guirbaden.fr\/wp-content\/uploads\/2019\/10\/16.09.2019-12-600x673.jpg 600w, https:\/\/sauver-le-guirbaden.fr\/wp-content\/uploads\/2019\/10\/16.09.2019-12.jpg 713w\" sizes=\"auto, (max-width: 267px) 100vw, 267px\" \/><\/a><\/p>\n<p>Le mur de la poterne Est consolid\u00e9 interne et externe.<\/p>\n<p><a href=\"https:\/\/www.sauver-le-guirbaden.fr\/wp-content\/uploads\/2019\/10\/21.10.2019-93.jpg\" target=\"_blank\" rel=\"noopener\"><img loading=\"lazy\" decoding=\"async\" class=\"alignnone wp-image-4890 size-medium\" src=\"https:\/\/www.sauver-le-guirbaden.fr\/wp-content\/uploads\/2019\/10\/21.10.2019-93-300x225.jpg\" alt=\"\" width=\"300\" height=\"225\" srcset=\"https:\/\/sauver-le-guirbaden.fr\/wp-content\/uploads\/2019\/10\/21.10.2019-93-300x225.jpg 300w, https:\/\/sauver-le-guirbaden.fr\/wp-content\/uploads\/2019\/10\/21.10.2019-93-768x576.jpg 768w, https:\/\/sauver-le-guirbaden.fr\/wp-content\/uploads\/2019\/10\/21.10.2019-93-600x450.jpg 600w, https:\/\/sauver-le-guirbaden.fr\/wp-content\/uploads\/2019\/10\/21.10.2019-93.jpg 800w\" sizes=\"auto, (max-width: 300px) 100vw, 300px\" \/><\/a>\u00a0<a href=\"https:\/\/www.sauver-le-guirbaden.fr\/wp-content\/uploads\/2019\/10\/21.10.2019-94.jpg\" target=\"_blank\" rel=\"noopener\"><img loading=\"lazy\" decoding=\"async\" class=\"alignnone wp-image-4891 size-medium\" src=\"https:\/\/www.sauver-le-guirbaden.fr\/wp-content\/uploads\/2019\/10\/21.10.2019-94-300x225.jpg\" alt=\"\" width=\"300\" height=\"225\" srcset=\"https:\/\/sauver-le-guirbaden.fr\/wp-content\/uploads\/2019\/10\/21.10.2019-94-300x225.jpg 300w, https:\/\/sauver-le-guirbaden.fr\/wp-content\/uploads\/2019\/10\/21.10.2019-94-768x576.jpg 768w, https:\/\/sauver-le-guirbaden.fr\/wp-content\/uploads\/2019\/10\/21.10.2019-94-600x450.jpg 600w, https:\/\/sauver-le-guirbaden.fr\/wp-content\/uploads\/2019\/10\/21.10.2019-94.jpg 800w\" sizes=\"auto, (max-width: 300px) 100vw, 300px\" \/><\/a><\/p>\n<p>En octobre 2019, les arbres au sommet de la tour de la faim ont \u00e9t\u00e9 coup\u00e9s<\/p>\n<p><a href=\"https:\/\/www.sauver-le-guirbaden.fr\/wp-content\/uploads\/2019\/10\/21.10.2019-22r.jpg\" target=\"_blank\" rel=\"noopener\"><img loading=\"lazy\" decoding=\"async\" class=\"alignnone wp-image-4923 size-medium\" src=\"https:\/\/www.sauver-le-guirbaden.fr\/wp-content\/uploads\/2019\/10\/21.10.2019-22r-300x225.jpg\" alt=\"\" width=\"300\" height=\"225\" srcset=\"https:\/\/sauver-le-guirbaden.fr\/wp-content\/uploads\/2019\/10\/21.10.2019-22r-300x225.jpg 300w, https:\/\/sauver-le-guirbaden.fr\/wp-content\/uploads\/2019\/10\/21.10.2019-22r-768x576.jpg 768w, https:\/\/sauver-le-guirbaden.fr\/wp-content\/uploads\/2019\/10\/21.10.2019-22r-600x450.jpg 600w, https:\/\/sauver-le-guirbaden.fr\/wp-content\/uploads\/2019\/10\/21.10.2019-22r-640x480.jpg 640w, https:\/\/sauver-le-guirbaden.fr\/wp-content\/uploads\/2019\/10\/21.10.2019-22r-620x465.jpg 620w, https:\/\/sauver-le-guirbaden.fr\/wp-content\/uploads\/2019\/10\/21.10.2019-22r-400x300.jpg 400w, https:\/\/sauver-le-guirbaden.fr\/wp-content\/uploads\/2019\/10\/21.10.2019-22r.jpg 800w\" sizes=\"auto, (max-width: 300px) 100vw, 300px\" \/><\/a>\u00a0<a href=\"https:\/\/www.sauver-le-guirbaden.fr\/wp-content\/uploads\/2019\/10\/21.10.2019-41.jpg\" target=\"_blank\" rel=\"noopener\"><img loading=\"lazy\" decoding=\"async\" class=\"alignnone wp-image-4928 size-medium\" src=\"https:\/\/www.sauver-le-guirbaden.fr\/wp-content\/uploads\/2019\/10\/21.10.2019-41-300x225.jpg\" alt=\"\" width=\"300\" height=\"225\" srcset=\"https:\/\/sauver-le-guirbaden.fr\/wp-content\/uploads\/2019\/10\/21.10.2019-41-300x225.jpg 300w, https:\/\/sauver-le-guirbaden.fr\/wp-content\/uploads\/2019\/10\/21.10.2019-41-768x576.jpg 768w, https:\/\/sauver-le-guirbaden.fr\/wp-content\/uploads\/2019\/10\/21.10.2019-41-600x450.jpg 600w, https:\/\/sauver-le-guirbaden.fr\/wp-content\/uploads\/2019\/10\/21.10.2019-41-640x480.jpg 640w, https:\/\/sauver-le-guirbaden.fr\/wp-content\/uploads\/2019\/10\/21.10.2019-41-620x465.jpg 620w, https:\/\/sauver-le-guirbaden.fr\/wp-content\/uploads\/2019\/10\/21.10.2019-41-400x300.jpg 400w, https:\/\/sauver-le-guirbaden.fr\/wp-content\/uploads\/2019\/10\/21.10.2019-41.jpg 800w\" sizes=\"auto, (max-width: 300px) 100vw, 300px\" \/><\/a><\/p>\n<p>En f\u00e9vrier\/mars 2019 des goutti\u00e8res ont \u00e9t\u00e9 mises c\u00f4t\u00e9 nord de la chapelle Saint Valentin<\/p>\n<p><a href=\"https:\/\/www.sauver-le-guirbaden.fr\/wp-content\/uploads\/2019\/02\/18.02.2019-1.jpg\" target=\"_blank\" rel=\"noopener\"><img loading=\"lazy\" decoding=\"async\" class=\"alignnone wp-image-4396 size-medium\" src=\"https:\/\/www.sauver-le-guirbaden.fr\/wp-content\/uploads\/2019\/02\/18.02.2019-1-300x225.jpg\" alt=\"\" width=\"300\" height=\"225\" srcset=\"https:\/\/sauver-le-guirbaden.fr\/wp-content\/uploads\/2019\/02\/18.02.2019-1-300x225.jpg 300w, https:\/\/sauver-le-guirbaden.fr\/wp-content\/uploads\/2019\/02\/18.02.2019-1-768x576.jpg 768w, https:\/\/sauver-le-guirbaden.fr\/wp-content\/uploads\/2019\/02\/18.02.2019-1-600x450.jpg 600w, https:\/\/sauver-le-guirbaden.fr\/wp-content\/uploads\/2019\/02\/18.02.2019-1.jpg 800w\" sizes=\"auto, (max-width: 300px) 100vw, 300px\" \/><\/a>\u00a0<a href=\"https:\/\/www.sauver-le-guirbaden.fr\/wp-content\/uploads\/2019\/02\/23.02.2019-13.jpg\" target=\"_blank\" rel=\"noopener\"><img loading=\"lazy\" decoding=\"async\" class=\"alignnone wp-image-4398 size-medium\" src=\"https:\/\/www.sauver-le-guirbaden.fr\/wp-content\/uploads\/2019\/02\/23.02.2019-13-300x225.jpg\" alt=\"\" width=\"300\" height=\"225\" srcset=\"https:\/\/sauver-le-guirbaden.fr\/wp-content\/uploads\/2019\/02\/23.02.2019-13-300x225.jpg 300w, https:\/\/sauver-le-guirbaden.fr\/wp-content\/uploads\/2019\/02\/23.02.2019-13-768x576.jpg 768w, https:\/\/sauver-le-guirbaden.fr\/wp-content\/uploads\/2019\/02\/23.02.2019-13-600x450.jpg 600w, https:\/\/sauver-le-guirbaden.fr\/wp-content\/uploads\/2019\/02\/23.02.2019-13.jpg 800w\" sizes=\"auto, (max-width: 300px) 100vw, 300px\" \/><\/a><\/p>\n<p>&nbsp;<\/p>\n","protected":false},"excerpt":{"rendered":"<p>En 2019:\u00a0 5503 heures de b\u00e9n\u00e9volat ont \u00e9t\u00e9 r\u00e9alis\u00e9es sur le site. Les travaux de ma\u00e7onnerie ont consist\u00e9 en la consolidation du mur de la poterne Est sous la citadelle. Il a tout d&#8217;abord fallu monter l\u2019\u00e9chafaudage pour pouvoir acc\u00e9der au sommet du mur.\u00a0\u00a0 Ensuite l&#8217;arase a \u00e9t\u00e9 nettoy\u00e9e \u00a0 puis ma\u00e7onn\u00e9e \u00a0 Les trous &hellip; <a href=\"https:\/\/www.sauver-le-guirbaden.fr\/index.php\/travaux-2019\/\" class=\"more-link\">Continuer la lecture de <span class=\"screen-reader-text\">Travaux 2019<\/span> <span class=\"meta-nav\">&rarr;<\/span><\/a><\/p>\n","protected":false},"author":2,"featured_media":0,"parent":0,"menu_order":0,"comment_status":"closed","ping_status":"closed","template":"","meta":{"footnotes":""},"class_list":["post-4993","page","type-page","status-publish","hentry"],"_links":{"self":[{"href":"https:\/\/www.sauver-le-guirbaden.fr\/index.php\/wp-json\/wp\/v2\/pages\/4993","targetHints":{"allow":["GET"]}}],"collection":[{"href":"https:\/\/www.sauver-le-guirbaden.fr\/index.php\/wp-json\/wp\/v2\/pages"}],"about":[{"href":"https:\/\/www.sauver-le-guirbaden.fr\/index.php\/wp-json\/wp\/v2\/types\/page"}],"author":[{"embeddable":true,"href":"https:\/\/www.sauver-le-guirbaden.fr\/index.php\/wp-json\/wp\/v2\/users\/2"}],"replies":[{"embeddable":true,"href":"https:\/\/www.sauver-le-guirbaden.fr\/index.php\/wp-json\/wp\/v2\/comments?post=4993"}],"version-history":[{"count":1,"href":"https:\/\/www.sauver-le-guirbaden.fr\/index.php\/wp-json\/wp\/v2\/pages\/4993\/revisions"}],"predecessor-version":[{"id":7339,"href":"https:\/\/www.sauver-le-guirbaden.fr\/index.php\/wp-json\/wp\/v2\/pages\/4993\/revisions\/7339"}],"wp:attachment":[{"href":"https:\/\/www.sauver-le-guirbaden.fr\/index.php\/wp-json\/wp\/v2\/media?parent=4993"}],"curies":[{"name":"wp","href":"https:\/\/api.w.org\/{rel}","templated":true}]}}