{"id":5735,"date":"2020-10-03T21:52:54","date_gmt":"2020-10-03T19:52:54","guid":{"rendered":"https:\/\/www.sauver-le-guirbaden.fr\/?page_id=5735"},"modified":"2023-01-16T19:32:37","modified_gmt":"2023-01-16T18:32:37","slug":"travaux-2020","status":"publish","type":"page","link":"https:\/\/www.sauver-le-guirbaden.fr\/index.php\/travaux-2020\/","title":{"rendered":"Travaux 2020"},"content":{"rendered":"<p>En 2020: la pand\u00e9mie de covid 19 a lourdement impact\u00e9 le travail des b\u00e9n\u00e9voles.\u00a0 \u00a0 \u00a0 \u00a0 \u00a0 \u00a0 \u00a0 \u00a0 \u00a0 \u00a0 \u00a0 \u00a0 \u00a0 \u00a0 \u00a0 \u00a0 \u00a0 \u00a0 \u00a0 \u00a0 \u00a0 \u00a03485 heures de b\u00e9n\u00e9volat ont \u00e9t\u00e9 r\u00e9alis\u00e9es sur site.<\/p>\n<p>Nous avons poursuivi la consolidation du mur nord. Voici le c\u00f4t\u00e9 externe<\/p>\n<p><a href=\"https:\/\/www.sauver-le-guirbaden.fr\/wp-content\/uploads\/2020\/01\/28.09.2020-FS-3.jpg\" target=\"_blank\" rel=\"noopener\"><img loading=\"lazy\" decoding=\"async\" class=\"alignnone wp-image-5681 size-medium\" src=\"https:\/\/www.sauver-le-guirbaden.fr\/wp-content\/uploads\/2020\/01\/28.09.2020-FS-3-300x225.jpg\" alt=\"\" width=\"300\" height=\"225\" srcset=\"https:\/\/sauver-le-guirbaden.fr\/wp-content\/uploads\/2020\/01\/28.09.2020-FS-3-300x225.jpg 300w, https:\/\/sauver-le-guirbaden.fr\/wp-content\/uploads\/2020\/01\/28.09.2020-FS-3-768x576.jpg 768w, https:\/\/sauver-le-guirbaden.fr\/wp-content\/uploads\/2020\/01\/28.09.2020-FS-3-600x450.jpg 600w, https:\/\/sauver-le-guirbaden.fr\/wp-content\/uploads\/2020\/01\/28.09.2020-FS-3.jpg 800w\" sizes=\"auto, (max-width: 300px) 100vw, 300px\" \/><\/a>\u00a0<a href=\"https:\/\/www.sauver-le-guirbaden.fr\/wp-content\/uploads\/2020\/01\/28.09.2020-FS-10.jpg\" target=\"_blank\" rel=\"noopener\"><img loading=\"lazy\" decoding=\"async\" class=\"alignnone wp-image-5682 size-medium\" src=\"https:\/\/www.sauver-le-guirbaden.fr\/wp-content\/uploads\/2020\/01\/28.09.2020-FS-10-300x225.jpg\" alt=\"\" width=\"300\" height=\"225\" srcset=\"https:\/\/sauver-le-guirbaden.fr\/wp-content\/uploads\/2020\/01\/28.09.2020-FS-10-300x225.jpg 300w, https:\/\/sauver-le-guirbaden.fr\/wp-content\/uploads\/2020\/01\/28.09.2020-FS-10-768x576.jpg 768w, https:\/\/sauver-le-guirbaden.fr\/wp-content\/uploads\/2020\/01\/28.09.2020-FS-10-600x450.jpg 600w, https:\/\/sauver-le-guirbaden.fr\/wp-content\/uploads\/2020\/01\/28.09.2020-FS-10.jpg 800w\" sizes=\"auto, (max-width: 300px) 100vw, 300px\" \/><\/a><\/p>\n<p>et le c\u00f4t\u00e9 interne avec la consolidation et le fermeture de l&#8217;armoire murale<\/p>\n<p><a href=\"https:\/\/www.sauver-le-guirbaden.fr\/wp-content\/uploads\/2020\/01\/JMS-2011-armoire-P1020203.jpg\" target=\"_blank\" rel=\"noopener\"><img loading=\"lazy\" decoding=\"async\" class=\"alignnone wp-image-5714 size-medium\" src=\"https:\/\/www.sauver-le-guirbaden.fr\/wp-content\/uploads\/2020\/01\/JMS-2011-armoire-P1020203-300x225.jpg\" alt=\"\" width=\"300\" height=\"225\" srcset=\"https:\/\/sauver-le-guirbaden.fr\/wp-content\/uploads\/2020\/01\/JMS-2011-armoire-P1020203-300x225.jpg 300w, https:\/\/sauver-le-guirbaden.fr\/wp-content\/uploads\/2020\/01\/JMS-2011-armoire-P1020203-768x575.jpg 768w, https:\/\/sauver-le-guirbaden.fr\/wp-content\/uploads\/2020\/01\/JMS-2011-armoire-P1020203-600x449.jpg 600w, https:\/\/sauver-le-guirbaden.fr\/wp-content\/uploads\/2020\/01\/JMS-2011-armoire-P1020203.jpg 800w\" sizes=\"auto, (max-width: 300px) 100vw, 300px\" \/><\/a>\u00a0<a href=\"https:\/\/www.sauver-le-guirbaden.fr\/wp-content\/uploads\/2020\/01\/FS-01.08.2020-10.jpg\" target=\"_blank\" rel=\"noopener\"><img loading=\"lazy\" decoding=\"async\" class=\"alignnone wp-image-5688 size-medium\" src=\"https:\/\/www.sauver-le-guirbaden.fr\/wp-content\/uploads\/2020\/01\/FS-01.08.2020-10-300x225.jpg\" alt=\"\" width=\"300\" height=\"225\" srcset=\"https:\/\/sauver-le-guirbaden.fr\/wp-content\/uploads\/2020\/01\/FS-01.08.2020-10-300x225.jpg 300w, https:\/\/sauver-le-guirbaden.fr\/wp-content\/uploads\/2020\/01\/FS-01.08.2020-10-768x576.jpg 768w, https:\/\/sauver-le-guirbaden.fr\/wp-content\/uploads\/2020\/01\/FS-01.08.2020-10-600x450.jpg 600w, https:\/\/sauver-le-guirbaden.fr\/wp-content\/uploads\/2020\/01\/FS-01.08.2020-10.jpg 800w\" sizes=\"auto, (max-width: 300px) 100vw, 300px\" \/><\/a><a href=\"https:\/\/www.sauver-le-guirbaden.fr\/wp-content\/uploads\/2020\/01\/Th\u00e9o-RICHARD-3.jpg\" target=\"_blank\" rel=\"noopener\"><img loading=\"lazy\" decoding=\"async\" class=\"aligncenter wp-image-5721 size-medium\" src=\"https:\/\/www.sauver-le-guirbaden.fr\/wp-content\/uploads\/2020\/01\/Th\u00e9o-RICHARD-3-300x269.jpg\" alt=\"\" width=\"300\" height=\"269\" srcset=\"https:\/\/sauver-le-guirbaden.fr\/wp-content\/uploads\/2020\/01\/Th\u00e9o-RICHARD-3-300x269.jpg 300w, https:\/\/sauver-le-guirbaden.fr\/wp-content\/uploads\/2020\/01\/Th\u00e9o-RICHARD-3-768x689.jpg 768w, https:\/\/sauver-le-guirbaden.fr\/wp-content\/uploads\/2020\/01\/Th\u00e9o-RICHARD-3-600x539.jpg 600w, https:\/\/sauver-le-guirbaden.fr\/wp-content\/uploads\/2020\/01\/Th\u00e9o-RICHARD-3.jpg 800w\" sizes=\"auto, (max-width: 300px) 100vw, 300px\" \/><\/a><\/p>\n<p>Les b\u00e9n\u00e9voles en action: nettoyage et consolidation de l&#8217;arase<\/p>\n<p><a href=\"https:\/\/www.sauver-le-guirbaden.fr\/wp-content\/uploads\/2020\/01\/08.06.2020-Fred-K-3.jpg\" target=\"_blank\" rel=\"noopener\"><img loading=\"lazy\" decoding=\"async\" class=\"alignnone wp-image-5523 size-medium\" src=\"https:\/\/www.sauver-le-guirbaden.fr\/wp-content\/uploads\/2020\/01\/08.06.2020-Fred-K-3-300x138.jpg\" alt=\"\" width=\"300\" height=\"138\" srcset=\"https:\/\/sauver-le-guirbaden.fr\/wp-content\/uploads\/2020\/01\/08.06.2020-Fred-K-3-300x138.jpg 300w, https:\/\/sauver-le-guirbaden.fr\/wp-content\/uploads\/2020\/01\/08.06.2020-Fred-K-3-768x354.jpg 768w, https:\/\/sauver-le-guirbaden.fr\/wp-content\/uploads\/2020\/01\/08.06.2020-Fred-K-3-600x277.jpg 600w, https:\/\/sauver-le-guirbaden.fr\/wp-content\/uploads\/2020\/01\/08.06.2020-Fred-K-3.jpg 800w\" sizes=\"auto, (max-width: 300px) 100vw, 300px\" \/><\/a>\u00a0<a href=\"https:\/\/www.sauver-le-guirbaden.fr\/wp-content\/uploads\/2020\/01\/20.06.2020-Fred-Karcher-1.jpg\" target=\"_blank\" rel=\"noopener\"><img loading=\"lazy\" decoding=\"async\" class=\"alignnone wp-image-5528 size-medium\" src=\"https:\/\/www.sauver-le-guirbaden.fr\/wp-content\/uploads\/2020\/01\/20.06.2020-Fred-Karcher-1-300x138.jpg\" alt=\"\" width=\"300\" height=\"138\" srcset=\"https:\/\/sauver-le-guirbaden.fr\/wp-content\/uploads\/2020\/01\/20.06.2020-Fred-Karcher-1-300x138.jpg 300w, https:\/\/sauver-le-guirbaden.fr\/wp-content\/uploads\/2020\/01\/20.06.2020-Fred-Karcher-1-768x354.jpg 768w, https:\/\/sauver-le-guirbaden.fr\/wp-content\/uploads\/2020\/01\/20.06.2020-Fred-Karcher-1-600x277.jpg 600w, https:\/\/sauver-le-guirbaden.fr\/wp-content\/uploads\/2020\/01\/20.06.2020-Fred-Karcher-1.jpg 800w\" sizes=\"auto, (max-width: 300px) 100vw, 300px\" \/><\/a><\/p>\n<p>Nettoyage des joints<\/p>\n<p><a href=\"https:\/\/www.sauver-le-guirbaden.fr\/wp-content\/uploads\/2020\/01\/22.06.2020-FS-4.jpg\" target=\"_blank\" rel=\"noopener\"><img loading=\"lazy\" decoding=\"async\" class=\"alignnone wp-image-5529 size-medium\" src=\"https:\/\/www.sauver-le-guirbaden.fr\/wp-content\/uploads\/2020\/01\/22.06.2020-FS-4-300x225.jpg\" alt=\"\" width=\"300\" height=\"225\" srcset=\"https:\/\/sauver-le-guirbaden.fr\/wp-content\/uploads\/2020\/01\/22.06.2020-FS-4-300x225.jpg 300w, https:\/\/sauver-le-guirbaden.fr\/wp-content\/uploads\/2020\/01\/22.06.2020-FS-4-768x576.jpg 768w, https:\/\/sauver-le-guirbaden.fr\/wp-content\/uploads\/2020\/01\/22.06.2020-FS-4-600x450.jpg 600w, https:\/\/sauver-le-guirbaden.fr\/wp-content\/uploads\/2020\/01\/22.06.2020-FS-4.jpg 800w\" sizes=\"auto, (max-width: 300px) 100vw, 300px\" \/><\/a>\u00a0<a href=\"https:\/\/www.sauver-le-guirbaden.fr\/wp-content\/uploads\/2020\/01\/LANFRANCA-Martine-10.08.2020-1-r.jpg\" target=\"_blank\" rel=\"noopener\"><img loading=\"lazy\" decoding=\"async\" class=\"alignnone wp-image-5715 size-medium\" src=\"https:\/\/www.sauver-le-guirbaden.fr\/wp-content\/uploads\/2020\/01\/LANFRANCA-Martine-10.08.2020-1-r-300x228.jpg\" alt=\"\" width=\"300\" height=\"228\" srcset=\"https:\/\/sauver-le-guirbaden.fr\/wp-content\/uploads\/2020\/01\/LANFRANCA-Martine-10.08.2020-1-r-300x228.jpg 300w, https:\/\/sauver-le-guirbaden.fr\/wp-content\/uploads\/2020\/01\/LANFRANCA-Martine-10.08.2020-1-r-600x455.jpg 600w, https:\/\/sauver-le-guirbaden.fr\/wp-content\/uploads\/2020\/01\/LANFRANCA-Martine-10.08.2020-1-r.jpg 684w\" sizes=\"auto, (max-width: 300px) 100vw, 300px\" \/><\/a><\/p>\n<p>R\u00e9alisation des nombreux joints&#8230;<\/p>\n<p><a href=\"https:\/\/www.sauver-le-guirbaden.fr\/wp-content\/uploads\/2020\/01\/Genevi\u00e8ve-HAETTEL-17.08.2020-12.jpg\" target=\"_blank\" rel=\"noopener\"><img loading=\"lazy\" decoding=\"async\" class=\"alignnone wp-image-5699 size-medium\" src=\"https:\/\/www.sauver-le-guirbaden.fr\/wp-content\/uploads\/2020\/01\/Genevi\u00e8ve-HAETTEL-17.08.2020-12-300x300.jpg\" alt=\"\" width=\"300\" height=\"300\" srcset=\"https:\/\/sauver-le-guirbaden.fr\/wp-content\/uploads\/2020\/01\/Genevi\u00e8ve-HAETTEL-17.08.2020-12-300x300.jpg 300w, https:\/\/sauver-le-guirbaden.fr\/wp-content\/uploads\/2020\/01\/Genevi\u00e8ve-HAETTEL-17.08.2020-12-150x150.jpg 150w, https:\/\/sauver-le-guirbaden.fr\/wp-content\/uploads\/2020\/01\/Genevi\u00e8ve-HAETTEL-17.08.2020-12-768x768.jpg 768w, https:\/\/sauver-le-guirbaden.fr\/wp-content\/uploads\/2020\/01\/Genevi\u00e8ve-HAETTEL-17.08.2020-12-600x600.jpg 600w, https:\/\/sauver-le-guirbaden.fr\/wp-content\/uploads\/2020\/01\/Genevi\u00e8ve-HAETTEL-17.08.2020-12.jpg 800w\" sizes=\"auto, (max-width: 300px) 100vw, 300px\" \/><\/a>\u00a0<a href=\"https:\/\/www.sauver-le-guirbaden.fr\/wp-content\/uploads\/2020\/01\/26.06.2020-FS-5.jpg\" target=\"_blank\" rel=\"noopener\"><img loading=\"lazy\" decoding=\"async\" class=\"alignnone wp-image-5531 size-medium\" src=\"https:\/\/www.sauver-le-guirbaden.fr\/wp-content\/uploads\/2020\/01\/26.06.2020-FS-5-300x225.jpg\" alt=\"\" width=\"300\" height=\"225\" srcset=\"https:\/\/sauver-le-guirbaden.fr\/wp-content\/uploads\/2020\/01\/26.06.2020-FS-5-300x225.jpg 300w, https:\/\/sauver-le-guirbaden.fr\/wp-content\/uploads\/2020\/01\/26.06.2020-FS-5-768x576.jpg 768w, https:\/\/sauver-le-guirbaden.fr\/wp-content\/uploads\/2020\/01\/26.06.2020-FS-5-600x450.jpg 600w, https:\/\/sauver-le-guirbaden.fr\/wp-content\/uploads\/2020\/01\/26.06.2020-FS-5.jpg 800w\" sizes=\"auto, (max-width: 300px) 100vw, 300px\" \/><\/a><\/p>\n<p>Sans oublier l&#8217;entretien et la mise en valeur du site tout au long de l&#8217;ann\u00e9e<\/p>\n<p><a href=\"https:\/\/www.sauver-le-guirbaden.fr\/wp-content\/uploads\/2020\/01\/25.06.2020-FS-5.jpg\" target=\"_blank\" rel=\"noopener\"><img loading=\"lazy\" decoding=\"async\" class=\"alignnone wp-image-5530 size-medium\" src=\"https:\/\/www.sauver-le-guirbaden.fr\/wp-content\/uploads\/2020\/01\/25.06.2020-FS-5-300x225.jpg\" alt=\"\" width=\"300\" height=\"225\" srcset=\"https:\/\/sauver-le-guirbaden.fr\/wp-content\/uploads\/2020\/01\/25.06.2020-FS-5-300x225.jpg 300w, https:\/\/sauver-le-guirbaden.fr\/wp-content\/uploads\/2020\/01\/25.06.2020-FS-5-768x576.jpg 768w, https:\/\/sauver-le-guirbaden.fr\/wp-content\/uploads\/2020\/01\/25.06.2020-FS-5-600x450.jpg 600w, https:\/\/sauver-le-guirbaden.fr\/wp-content\/uploads\/2020\/01\/25.06.2020-FS-5.jpg 800w\" sizes=\"auto, (max-width: 300px) 100vw, 300px\" \/><\/a>\u00a0<a href=\"https:\/\/www.sauver-le-guirbaden.fr\/wp-content\/uploads\/2020\/01\/Martine-FRANCK-10.08.2020-5.jpg\" target=\"_blank\" rel=\"noopener\"><img loading=\"lazy\" decoding=\"async\" class=\"alignnone wp-image-5716 size-medium\" src=\"https:\/\/www.sauver-le-guirbaden.fr\/wp-content\/uploads\/2020\/01\/Martine-FRANCK-10.08.2020-5-300x179.jpg\" alt=\"\" width=\"300\" height=\"179\" srcset=\"https:\/\/sauver-le-guirbaden.fr\/wp-content\/uploads\/2020\/01\/Martine-FRANCK-10.08.2020-5-300x179.jpg 300w, https:\/\/sauver-le-guirbaden.fr\/wp-content\/uploads\/2020\/01\/Martine-FRANCK-10.08.2020-5-768x459.jpg 768w, https:\/\/sauver-le-guirbaden.fr\/wp-content\/uploads\/2020\/01\/Martine-FRANCK-10.08.2020-5-600x359.jpg 600w, https:\/\/sauver-le-guirbaden.fr\/wp-content\/uploads\/2020\/01\/Martine-FRANCK-10.08.2020-5.jpg 800w\" sizes=\"auto, (max-width: 300px) 100vw, 300px\" \/><\/a><\/p>\n<p>&nbsp;<\/p>\n<p><a href=\"https:\/\/www.sauver-le-guirbaden.fr\/wp-content\/uploads\/2020\/01\/HAETTEL-Genevi\u00e8ve-21.09.2020-7.jpg\" target=\"_blank\" rel=\"noopener\"><img loading=\"lazy\" decoding=\"async\" class=\"alignnone wp-image-5709 size-medium\" src=\"https:\/\/www.sauver-le-guirbaden.fr\/wp-content\/uploads\/2020\/01\/HAETTEL-Genevi\u00e8ve-21.09.2020-7-300x300.jpg\" alt=\"\" width=\"300\" height=\"300\" srcset=\"https:\/\/sauver-le-guirbaden.fr\/wp-content\/uploads\/2020\/01\/HAETTEL-Genevi\u00e8ve-21.09.2020-7-300x300.jpg 300w, https:\/\/sauver-le-guirbaden.fr\/wp-content\/uploads\/2020\/01\/HAETTEL-Genevi\u00e8ve-21.09.2020-7-150x150.jpg 150w, https:\/\/sauver-le-guirbaden.fr\/wp-content\/uploads\/2020\/01\/HAETTEL-Genevi\u00e8ve-21.09.2020-7-768x768.jpg 768w, https:\/\/sauver-le-guirbaden.fr\/wp-content\/uploads\/2020\/01\/HAETTEL-Genevi\u00e8ve-21.09.2020-7-600x600.jpg 600w, https:\/\/sauver-le-guirbaden.fr\/wp-content\/uploads\/2020\/01\/HAETTEL-Genevi\u00e8ve-21.09.2020-7.jpg 800w\" sizes=\"auto, (max-width: 300px) 100vw, 300px\" \/><\/a>\u00a0<a href=\"https:\/\/www.sauver-le-guirbaden.fr\/wp-content\/uploads\/2020\/01\/HAETTEL-Genevi\u00e8ve-21.09.2020-22.jpg\" target=\"_blank\" rel=\"noopener\"><img loading=\"lazy\" decoding=\"async\" class=\"alignnone wp-image-5713 size-medium\" src=\"https:\/\/www.sauver-le-guirbaden.fr\/wp-content\/uploads\/2020\/01\/HAETTEL-Genevi\u00e8ve-21.09.2020-22-300x300.jpg\" alt=\"\" width=\"300\" height=\"300\" srcset=\"https:\/\/sauver-le-guirbaden.fr\/wp-content\/uploads\/2020\/01\/HAETTEL-Genevi\u00e8ve-21.09.2020-22-300x300.jpg 300w, https:\/\/sauver-le-guirbaden.fr\/wp-content\/uploads\/2020\/01\/HAETTEL-Genevi\u00e8ve-21.09.2020-22-150x150.jpg 150w, https:\/\/sauver-le-guirbaden.fr\/wp-content\/uploads\/2020\/01\/HAETTEL-Genevi\u00e8ve-21.09.2020-22-768x768.jpg 768w, https:\/\/sauver-le-guirbaden.fr\/wp-content\/uploads\/2020\/01\/HAETTEL-Genevi\u00e8ve-21.09.2020-22-600x600.jpg 600w, https:\/\/sauver-le-guirbaden.fr\/wp-content\/uploads\/2020\/01\/HAETTEL-Genevi\u00e8ve-21.09.2020-22.jpg 800w\" sizes=\"auto, (max-width: 300px) 100vw, 300px\" \/><\/a><\/p>\n<p>&nbsp;<\/p>\n","protected":false},"excerpt":{"rendered":"<p>En 2020: la pand\u00e9mie de covid 19 a lourdement impact\u00e9 le travail des b\u00e9n\u00e9voles.\u00a0 \u00a0 \u00a0 \u00a0 \u00a0 \u00a0 \u00a0 \u00a0 \u00a0 \u00a0 \u00a0 \u00a0 \u00a0 \u00a0 \u00a0 \u00a0 \u00a0 \u00a0 \u00a0 \u00a0 \u00a0 \u00a03485 heures de b\u00e9n\u00e9volat ont \u00e9t\u00e9 r\u00e9alis\u00e9es sur site. Nous avons poursuivi la consolidation du mur nord. Voici le c\u00f4t\u00e9 externe &hellip; <a href=\"https:\/\/www.sauver-le-guirbaden.fr\/index.php\/travaux-2020\/\" class=\"more-link\">Continuer la lecture de <span class=\"screen-reader-text\">Travaux 2020<\/span> <span class=\"meta-nav\">&rarr;<\/span><\/a><\/p>\n","protected":false},"author":2,"featured_media":0,"parent":0,"menu_order":0,"comment_status":"closed","ping_status":"closed","template":"","meta":{"footnotes":""},"class_list":["post-5735","page","type-page","status-publish","hentry"],"_links":{"self":[{"href":"https:\/\/www.sauver-le-guirbaden.fr\/index.php\/wp-json\/wp\/v2\/pages\/5735","targetHints":{"allow":["GET"]}}],"collection":[{"href":"https:\/\/www.sauver-le-guirbaden.fr\/index.php\/wp-json\/wp\/v2\/pages"}],"about":[{"href":"https:\/\/www.sauver-le-guirbaden.fr\/index.php\/wp-json\/wp\/v2\/types\/page"}],"author":[{"embeddable":true,"href":"https:\/\/www.sauver-le-guirbaden.fr\/index.php\/wp-json\/wp\/v2\/users\/2"}],"replies":[{"embeddable":true,"href":"https:\/\/www.sauver-le-guirbaden.fr\/index.php\/wp-json\/wp\/v2\/comments?post=5735"}],"version-history":[{"count":2,"href":"https:\/\/www.sauver-le-guirbaden.fr\/index.php\/wp-json\/wp\/v2\/pages\/5735\/revisions"}],"predecessor-version":[{"id":7341,"href":"https:\/\/www.sauver-le-guirbaden.fr\/index.php\/wp-json\/wp\/v2\/pages\/5735\/revisions\/7341"}],"wp:attachment":[{"href":"https:\/\/www.sauver-le-guirbaden.fr\/index.php\/wp-json\/wp\/v2\/media?parent=5735"}],"curies":[{"name":"wp","href":"https:\/\/api.w.org\/{rel}","templated":true}]}}