{"id":7331,"date":"2023-01-16T19:16:29","date_gmt":"2023-01-16T18:16:29","guid":{"rendered":"https:\/\/www.sauver-le-guirbaden.fr\/?page_id=7331"},"modified":"2023-01-16T20:31:24","modified_gmt":"2023-01-16T19:31:24","slug":"entretien-du-site","status":"publish","type":"page","link":"https:\/\/www.sauver-le-guirbaden.fr\/index.php\/entretien-du-site\/","title":{"rendered":"Entretien du site"},"content":{"rendered":"<p>Tout au long de l&#8217;ann\u00e9e, \u00e9t\u00e9 comme hiver, les b\u00e9n\u00e9voles entretiennent et mettent en valeur le site, afin de contenir la v\u00e9g\u00e9tation qui ne demande qu&#8217;\u00e0 reprendre du terrain&#8230;.<\/p>\n<p><a href=\"https:\/\/sauver-le-guirbaden.fr\/wp-content\/uploads\/2022\/08\/IMG-20220827-WA0000.jpg\" target=\"_blank\" rel=\"noopener\"><img loading=\"lazy\" decoding=\"async\" class=\"alignnone wp-image-7081 size-medium\" src=\"https:\/\/sauver-le-guirbaden.fr\/wp-content\/uploads\/2022\/08\/IMG-20220827-WA0000-300x225.jpg\" alt=\"\" width=\"300\" height=\"225\" srcset=\"https:\/\/sauver-le-guirbaden.fr\/wp-content\/uploads\/2022\/08\/IMG-20220827-WA0000-300x225.jpg 300w, https:\/\/sauver-le-guirbaden.fr\/wp-content\/uploads\/2022\/08\/IMG-20220827-WA0000-768x576.jpg 768w, https:\/\/sauver-le-guirbaden.fr\/wp-content\/uploads\/2022\/08\/IMG-20220827-WA0000-600x450.jpg 600w, https:\/\/sauver-le-guirbaden.fr\/wp-content\/uploads\/2022\/08\/IMG-20220827-WA0000.jpg 800w\" sizes=\"auto, (max-width: 300px) 100vw, 300px\" \/><\/a> <a href=\"https:\/\/sauver-le-guirbaden.fr\/wp-content\/uploads\/2022\/08\/01.08.2022-FS-4.jpg\" target=\"_blank\" rel=\"noopener\"><img loading=\"lazy\" decoding=\"async\" class=\"alignnone wp-image-7053 size-medium\" src=\"https:\/\/sauver-le-guirbaden.fr\/wp-content\/uploads\/2022\/08\/01.08.2022-FS-4-300x225.jpg\" alt=\"\" width=\"300\" height=\"225\" srcset=\"https:\/\/sauver-le-guirbaden.fr\/wp-content\/uploads\/2022\/08\/01.08.2022-FS-4-300x225.jpg 300w, https:\/\/sauver-le-guirbaden.fr\/wp-content\/uploads\/2022\/08\/01.08.2022-FS-4-768x576.jpg 768w, https:\/\/sauver-le-guirbaden.fr\/wp-content\/uploads\/2022\/08\/01.08.2022-FS-4-600x450.jpg 600w, https:\/\/sauver-le-guirbaden.fr\/wp-content\/uploads\/2022\/08\/01.08.2022-FS-4.jpg 800w\" sizes=\"auto, (max-width: 300px) 100vw, 300px\" \/><\/a><\/p>\n<p><a href=\"https:\/\/sauver-le-guirbaden.fr\/wp-content\/uploads\/2022\/07\/25.07.2022-RISCH-Josiane-2.jpg\" target=\"_blank\" rel=\"noopener\"><img loading=\"lazy\" decoding=\"async\" class=\"alignnone wp-image-7041 size-medium\" src=\"https:\/\/sauver-le-guirbaden.fr\/wp-content\/uploads\/2022\/07\/25.07.2022-RISCH-Josiane-2-300x225.jpg\" alt=\"\" width=\"300\" height=\"225\" srcset=\"https:\/\/sauver-le-guirbaden.fr\/wp-content\/uploads\/2022\/07\/25.07.2022-RISCH-Josiane-2-300x225.jpg 300w, https:\/\/sauver-le-guirbaden.fr\/wp-content\/uploads\/2022\/07\/25.07.2022-RISCH-Josiane-2-768x576.jpg 768w, https:\/\/sauver-le-guirbaden.fr\/wp-content\/uploads\/2022\/07\/25.07.2022-RISCH-Josiane-2-600x450.jpg 600w, https:\/\/sauver-le-guirbaden.fr\/wp-content\/uploads\/2022\/07\/25.07.2022-RISCH-Josiane-2.jpg 800w\" sizes=\"auto, (max-width: 300px) 100vw, 300px\" \/><\/a> <a href=\"https:\/\/sauver-le-guirbaden.fr\/wp-content\/uploads\/2022\/07\/25.07.2022-HAETTEL-Genevieve-16.jpg\" target=\"_blank\" rel=\"noopener\"><img loading=\"lazy\" decoding=\"async\" class=\"alignnone wp-image-7040 size-medium\" src=\"https:\/\/sauver-le-guirbaden.fr\/wp-content\/uploads\/2022\/07\/25.07.2022-HAETTEL-Genevieve-16-225x300.jpg\" alt=\"\" width=\"225\" height=\"300\" srcset=\"https:\/\/sauver-le-guirbaden.fr\/wp-content\/uploads\/2022\/07\/25.07.2022-HAETTEL-Genevieve-16-225x300.jpg 225w, https:\/\/sauver-le-guirbaden.fr\/wp-content\/uploads\/2022\/07\/25.07.2022-HAETTEL-Genevieve-16.jpg 600w\" sizes=\"auto, (max-width: 225px) 100vw, 225px\" \/><\/a><\/p>\n<p><a href=\"https:\/\/sauver-le-guirbaden.fr\/wp-content\/uploads\/2022\/07\/04.07.2022-RISCH-Josiane-3.jpg\" target=\"_blank\" rel=\"noopener\"><img loading=\"lazy\" decoding=\"async\" class=\"alignnone wp-image-7028 size-medium\" src=\"https:\/\/sauver-le-guirbaden.fr\/wp-content\/uploads\/2022\/07\/04.07.2022-RISCH-Josiane-3-300x225.jpg\" alt=\"\" width=\"300\" height=\"225\" srcset=\"https:\/\/sauver-le-guirbaden.fr\/wp-content\/uploads\/2022\/07\/04.07.2022-RISCH-Josiane-3-300x225.jpg 300w, https:\/\/sauver-le-guirbaden.fr\/wp-content\/uploads\/2022\/07\/04.07.2022-RISCH-Josiane-3-768x576.jpg 768w, https:\/\/sauver-le-guirbaden.fr\/wp-content\/uploads\/2022\/07\/04.07.2022-RISCH-Josiane-3-600x450.jpg 600w, https:\/\/sauver-le-guirbaden.fr\/wp-content\/uploads\/2022\/07\/04.07.2022-RISCH-Josiane-3.jpg 800w\" sizes=\"auto, (max-width: 300px) 100vw, 300px\" \/><\/a> <a href=\"https:\/\/sauver-le-guirbaden.fr\/wp-content\/uploads\/2022\/07\/04.07.2022-FS-9.jpg\" target=\"_blank\" rel=\"noopener\"><img loading=\"lazy\" decoding=\"async\" class=\"alignnone wp-image-7022 size-medium\" src=\"https:\/\/sauver-le-guirbaden.fr\/wp-content\/uploads\/2022\/07\/04.07.2022-FS-9-300x225.jpg\" alt=\"\" width=\"300\" height=\"225\" srcset=\"https:\/\/sauver-le-guirbaden.fr\/wp-content\/uploads\/2022\/07\/04.07.2022-FS-9-300x225.jpg 300w, https:\/\/sauver-le-guirbaden.fr\/wp-content\/uploads\/2022\/07\/04.07.2022-FS-9-768x576.jpg 768w, https:\/\/sauver-le-guirbaden.fr\/wp-content\/uploads\/2022\/07\/04.07.2022-FS-9-600x450.jpg 600w, https:\/\/sauver-le-guirbaden.fr\/wp-content\/uploads\/2022\/07\/04.07.2022-FS-9.jpg 800w\" sizes=\"auto, (max-width: 300px) 100vw, 300px\" \/><\/a><\/p>\n<p><a href=\"https:\/\/sauver-le-guirbaden.fr\/wp-content\/uploads\/2022\/06\/15.06.2022-HAETTEL-genevieve-8.jpg\" target=\"_blank\" rel=\"noopener\"><img loading=\"lazy\" decoding=\"async\" class=\"alignnone wp-image-6978 size-medium\" src=\"https:\/\/sauver-le-guirbaden.fr\/wp-content\/uploads\/2022\/06\/15.06.2022-HAETTEL-genevieve-8-300x225.jpg\" alt=\"\" width=\"300\" height=\"225\" srcset=\"https:\/\/sauver-le-guirbaden.fr\/wp-content\/uploads\/2022\/06\/15.06.2022-HAETTEL-genevieve-8-300x225.jpg 300w, https:\/\/sauver-le-guirbaden.fr\/wp-content\/uploads\/2022\/06\/15.06.2022-HAETTEL-genevieve-8-768x576.jpg 768w, https:\/\/sauver-le-guirbaden.fr\/wp-content\/uploads\/2022\/06\/15.06.2022-HAETTEL-genevieve-8-600x450.jpg 600w, https:\/\/sauver-le-guirbaden.fr\/wp-content\/uploads\/2022\/06\/15.06.2022-HAETTEL-genevieve-8.jpg 800w\" sizes=\"auto, (max-width: 300px) 100vw, 300px\" \/><\/a> <a href=\"https:\/\/sauver-le-guirbaden.fr\/wp-content\/uploads\/2022\/05\/20220530_145017.jpg\" target=\"_blank\" rel=\"noopener\"><img loading=\"lazy\" decoding=\"async\" class=\"alignnone wp-image-6928 size-medium\" src=\"https:\/\/sauver-le-guirbaden.fr\/wp-content\/uploads\/2022\/05\/20220530_145017-300x225.jpg\" alt=\"\" width=\"300\" height=\"225\" srcset=\"https:\/\/sauver-le-guirbaden.fr\/wp-content\/uploads\/2022\/05\/20220530_145017-300x225.jpg 300w, https:\/\/sauver-le-guirbaden.fr\/wp-content\/uploads\/2022\/05\/20220530_145017-768x576.jpg 768w, https:\/\/sauver-le-guirbaden.fr\/wp-content\/uploads\/2022\/05\/20220530_145017-600x450.jpg 600w, https:\/\/sauver-le-guirbaden.fr\/wp-content\/uploads\/2022\/05\/20220530_145017.jpg 800w\" sizes=\"auto, (max-width: 300px) 100vw, 300px\" \/><\/a><\/p>\n<p><a href=\"https:\/\/sauver-le-guirbaden.fr\/wp-content\/uploads\/2022\/05\/23.05.2022-HAETTEL-Genevieve-13.jpg\" target=\"_blank\" rel=\"noopener\"><img loading=\"lazy\" decoding=\"async\" class=\"alignnone wp-image-6927 size-medium\" src=\"https:\/\/sauver-le-guirbaden.fr\/wp-content\/uploads\/2022\/05\/23.05.2022-HAETTEL-Genevieve-13-300x225.jpg\" alt=\"\" width=\"300\" height=\"225\" srcset=\"https:\/\/sauver-le-guirbaden.fr\/wp-content\/uploads\/2022\/05\/23.05.2022-HAETTEL-Genevieve-13-300x225.jpg 300w, https:\/\/sauver-le-guirbaden.fr\/wp-content\/uploads\/2022\/05\/23.05.2022-HAETTEL-Genevieve-13-768x576.jpg 768w, https:\/\/sauver-le-guirbaden.fr\/wp-content\/uploads\/2022\/05\/23.05.2022-HAETTEL-Genevieve-13-600x450.jpg 600w, https:\/\/sauver-le-guirbaden.fr\/wp-content\/uploads\/2022\/05\/23.05.2022-HAETTEL-Genevieve-13.jpg 800w\" sizes=\"auto, (max-width: 300px) 100vw, 300px\" \/><\/a> <a href=\"https:\/\/sauver-le-guirbaden.fr\/wp-content\/uploads\/2022\/04\/18.04.2022-HAETTEL-Genevieve-28.jpg\" target=\"_blank\" rel=\"noopener\"><img loading=\"lazy\" decoding=\"async\" class=\"alignnone wp-image-6800 size-medium\" src=\"https:\/\/sauver-le-guirbaden.fr\/wp-content\/uploads\/2022\/04\/18.04.2022-HAETTEL-Genevieve-28-300x225.jpg\" alt=\"\" width=\"300\" height=\"225\" srcset=\"https:\/\/sauver-le-guirbaden.fr\/wp-content\/uploads\/2022\/04\/18.04.2022-HAETTEL-Genevieve-28-300x225.jpg 300w, https:\/\/sauver-le-guirbaden.fr\/wp-content\/uploads\/2022\/04\/18.04.2022-HAETTEL-Genevieve-28-768x576.jpg 768w, https:\/\/sauver-le-guirbaden.fr\/wp-content\/uploads\/2022\/04\/18.04.2022-HAETTEL-Genevieve-28-600x450.jpg 600w, https:\/\/sauver-le-guirbaden.fr\/wp-content\/uploads\/2022\/04\/18.04.2022-HAETTEL-Genevieve-28.jpg 800w\" sizes=\"auto, (max-width: 300px) 100vw, 300px\" \/><\/a><\/p>\n<p><a href=\"https:\/\/sauver-le-guirbaden.fr\/wp-content\/uploads\/2022\/04\/11.04.2022-RISCH-Josiane-5.jpg\" target=\"_blank\" rel=\"noopener\"><img loading=\"lazy\" decoding=\"async\" class=\"alignnone wp-image-6795 size-medium\" src=\"https:\/\/sauver-le-guirbaden.fr\/wp-content\/uploads\/2022\/04\/11.04.2022-RISCH-Josiane-5-300x225.jpg\" alt=\"\" width=\"300\" height=\"225\" srcset=\"https:\/\/sauver-le-guirbaden.fr\/wp-content\/uploads\/2022\/04\/11.04.2022-RISCH-Josiane-5-300x225.jpg 300w, https:\/\/sauver-le-guirbaden.fr\/wp-content\/uploads\/2022\/04\/11.04.2022-RISCH-Josiane-5-768x576.jpg 768w, https:\/\/sauver-le-guirbaden.fr\/wp-content\/uploads\/2022\/04\/11.04.2022-RISCH-Josiane-5-600x450.jpg 600w, https:\/\/sauver-le-guirbaden.fr\/wp-content\/uploads\/2022\/04\/11.04.2022-RISCH-Josiane-5.jpg 800w\" sizes=\"auto, (max-width: 300px) 100vw, 300px\" \/><\/a> <a href=\"https:\/\/sauver-le-guirbaden.fr\/wp-content\/uploads\/2022\/01\/22.01.2022-FS-10.jpg\" target=\"_blank\" rel=\"noopener\"><img loading=\"lazy\" decoding=\"async\" class=\"alignnone wp-image-6618 size-medium\" src=\"https:\/\/sauver-le-guirbaden.fr\/wp-content\/uploads\/2022\/01\/22.01.2022-FS-10-300x225.jpg\" alt=\"\" width=\"300\" height=\"225\" srcset=\"https:\/\/sauver-le-guirbaden.fr\/wp-content\/uploads\/2022\/01\/22.01.2022-FS-10-300x225.jpg 300w, https:\/\/sauver-le-guirbaden.fr\/wp-content\/uploads\/2022\/01\/22.01.2022-FS-10-768x576.jpg 768w, https:\/\/sauver-le-guirbaden.fr\/wp-content\/uploads\/2022\/01\/22.01.2022-FS-10-600x450.jpg 600w, https:\/\/sauver-le-guirbaden.fr\/wp-content\/uploads\/2022\/01\/22.01.2022-FS-10.jpg 800w\" sizes=\"auto, (max-width: 300px) 100vw, 300px\" \/><\/a><\/p>\n<p><a href=\"https:\/\/sauver-le-guirbaden.fr\/wp-content\/uploads\/2021\/06\/25.06.2021-FS-4.jpg\" target=\"_blank\" rel=\"noopener\"><img loading=\"lazy\" decoding=\"async\" class=\"alignnone wp-image-6245 size-medium\" src=\"https:\/\/sauver-le-guirbaden.fr\/wp-content\/uploads\/2021\/06\/25.06.2021-FS-4-300x225.jpg\" alt=\"\" width=\"300\" height=\"225\" srcset=\"https:\/\/sauver-le-guirbaden.fr\/wp-content\/uploads\/2021\/06\/25.06.2021-FS-4-300x225.jpg 300w, https:\/\/sauver-le-guirbaden.fr\/wp-content\/uploads\/2021\/06\/25.06.2021-FS-4-768x576.jpg 768w, https:\/\/sauver-le-guirbaden.fr\/wp-content\/uploads\/2021\/06\/25.06.2021-FS-4-600x450.jpg 600w, https:\/\/sauver-le-guirbaden.fr\/wp-content\/uploads\/2021\/06\/25.06.2021-FS-4.jpg 800w\" sizes=\"auto, (max-width: 300px) 100vw, 300px\" \/><\/a><a href=\"https:\/\/sauver-le-guirbaden.fr\/wp-content\/uploads\/2021\/05\/24.05.2021-FS-13.jpg\" target=\"_blank\" rel=\"noopener\"><img loading=\"lazy\" decoding=\"async\" class=\"alignnone wp-image-6143 size-medium\" src=\"https:\/\/sauver-le-guirbaden.fr\/wp-content\/uploads\/2021\/05\/24.05.2021-FS-13-300x225.jpg\" alt=\"\" width=\"300\" height=\"225\" srcset=\"https:\/\/sauver-le-guirbaden.fr\/wp-content\/uploads\/2021\/05\/24.05.2021-FS-13-300x225.jpg 300w, https:\/\/sauver-le-guirbaden.fr\/wp-content\/uploads\/2021\/05\/24.05.2021-FS-13-768x576.jpg 768w, https:\/\/sauver-le-guirbaden.fr\/wp-content\/uploads\/2021\/05\/24.05.2021-FS-13-600x450.jpg 600w, https:\/\/sauver-le-guirbaden.fr\/wp-content\/uploads\/2021\/05\/24.05.2021-FS-13.jpg 800w\" sizes=\"auto, (max-width: 300px) 100vw, 300px\" \/><\/a><\/p>\n<p>&nbsp;<\/p>\n<p>Venez pr\u00eater mains fortes aux &#8220;petites mains&#8221; qui travaillent \u00e0 embellir le site&#8230;<\/p>\n<p>Devenez b\u00e9n\u00e9vole !<\/p>\n<p style=\"text-align: center;\"><a href=\"https:\/\/sauver-le-guirbaden.fr\/wp-content\/uploads\/2023\/01\/0-merci-aux-benevoles-2015-2022-r.jpg\" target=\"_blank\" rel=\"noopener\"><img loading=\"lazy\" decoding=\"async\" class=\"alignnone wp-image-7335 size-medium\" src=\"https:\/\/sauver-le-guirbaden.fr\/wp-content\/uploads\/2023\/01\/0-merci-aux-benevoles-2015-2022-r-300x171.jpg\" alt=\"\" width=\"300\" height=\"171\" srcset=\"https:\/\/sauver-le-guirbaden.fr\/wp-content\/uploads\/2023\/01\/0-merci-aux-benevoles-2015-2022-r-300x171.jpg 300w, https:\/\/sauver-le-guirbaden.fr\/wp-content\/uploads\/2023\/01\/0-merci-aux-benevoles-2015-2022-r-768x438.jpg 768w, https:\/\/sauver-le-guirbaden.fr\/wp-content\/uploads\/2023\/01\/0-merci-aux-benevoles-2015-2022-r-600x342.jpg 600w, https:\/\/sauver-le-guirbaden.fr\/wp-content\/uploads\/2023\/01\/0-merci-aux-benevoles-2015-2022-r.jpg 800w\" sizes=\"auto, (max-width: 300px) 100vw, 300px\" \/><\/a><\/p>\n<p>&nbsp;<\/p>\n","protected":false},"excerpt":{"rendered":"<p>Tout au long de l&#8217;ann\u00e9e, \u00e9t\u00e9 comme hiver, les b\u00e9n\u00e9voles entretiennent et mettent en valeur le site, afin de contenir la v\u00e9g\u00e9tation qui ne demande qu&#8217;\u00e0 reprendre du terrain&#8230;. &nbsp; Venez pr\u00eater mains fortes aux &#8220;petites mains&#8221; qui travaillent \u00e0 embellir le site&#8230; Devenez b\u00e9n\u00e9vole ! &nbsp;<\/p>\n","protected":false},"author":2,"featured_media":0,"parent":0,"menu_order":0,"comment_status":"closed","ping_status":"closed","template":"","meta":{"footnotes":""},"class_list":["post-7331","page","type-page","status-publish","hentry"],"_links":{"self":[{"href":"https:\/\/www.sauver-le-guirbaden.fr\/index.php\/wp-json\/wp\/v2\/pages\/7331","targetHints":{"allow":["GET"]}}],"collection":[{"href":"https:\/\/www.sauver-le-guirbaden.fr\/index.php\/wp-json\/wp\/v2\/pages"}],"about":[{"href":"https:\/\/www.sauver-le-guirbaden.fr\/index.php\/wp-json\/wp\/v2\/types\/page"}],"author":[{"embeddable":true,"href":"https:\/\/www.sauver-le-guirbaden.fr\/index.php\/wp-json\/wp\/v2\/users\/2"}],"replies":[{"embeddable":true,"href":"https:\/\/www.sauver-le-guirbaden.fr\/index.php\/wp-json\/wp\/v2\/comments?post=7331"}],"version-history":[{"count":3,"href":"https:\/\/www.sauver-le-guirbaden.fr\/index.php\/wp-json\/wp\/v2\/pages\/7331\/revisions"}],"predecessor-version":[{"id":7347,"href":"https:\/\/www.sauver-le-guirbaden.fr\/index.php\/wp-json\/wp\/v2\/pages\/7331\/revisions\/7347"}],"wp:attachment":[{"href":"https:\/\/www.sauver-le-guirbaden.fr\/index.php\/wp-json\/wp\/v2\/media?parent=7331"}],"curies":[{"name":"wp","href":"https:\/\/api.w.org\/{rel}","templated":true}]}}