{"id":7350,"date":"2023-01-16T20:53:59","date_gmt":"2023-01-16T19:53:59","guid":{"rendered":"https:\/\/www.sauver-le-guirbaden.fr\/?page_id=7350"},"modified":"2023-01-16T20:53:59","modified_gmt":"2023-01-16T19:53:59","slug":"le-jardin-medieval","status":"publish","type":"page","link":"https:\/\/www.sauver-le-guirbaden.fr\/index.php\/le-jardin-medieval\/","title":{"rendered":"Le jardin m\u00e9di\u00e9val"},"content":{"rendered":"<p>En 2022 les b\u00e9n\u00e9voles de l&#8217;association ont finalis\u00e9 un petit jardin m\u00e9di\u00e9val dans les lices pour le plus grand bonheur des visiteurs&#8230;<\/p>\n<p><a href=\"https:\/\/sauver-le-guirbaden.fr\/wp-content\/uploads\/2022\/02\/19.02.2022-FS-17.jpg\" target=\"_blank\" rel=\"noopener\"><img loading=\"lazy\" decoding=\"async\" class=\"alignnone wp-image-6711 size-medium\" src=\"https:\/\/sauver-le-guirbaden.fr\/wp-content\/uploads\/2022\/02\/19.02.2022-FS-17-300x225.jpg\" alt=\"\" width=\"300\" height=\"225\" srcset=\"https:\/\/sauver-le-guirbaden.fr\/wp-content\/uploads\/2022\/02\/19.02.2022-FS-17-300x225.jpg 300w, https:\/\/sauver-le-guirbaden.fr\/wp-content\/uploads\/2022\/02\/19.02.2022-FS-17-768x576.jpg 768w, https:\/\/sauver-le-guirbaden.fr\/wp-content\/uploads\/2022\/02\/19.02.2022-FS-17-600x450.jpg 600w, https:\/\/sauver-le-guirbaden.fr\/wp-content\/uploads\/2022\/02\/19.02.2022-FS-17.jpg 800w\" sizes=\"auto, (max-width: 300px) 100vw, 300px\" \/><\/a> <a href=\"https:\/\/sauver-le-guirbaden.fr\/wp-content\/uploads\/2022\/02\/19.02.2022-FS-12-r.jpg\" target=\"_blank\" rel=\"noopener\"><img loading=\"lazy\" decoding=\"async\" class=\"alignnone wp-image-6709 size-medium\" src=\"https:\/\/sauver-le-guirbaden.fr\/wp-content\/uploads\/2022\/02\/19.02.2022-FS-12-r-300x183.jpg\" alt=\"\" width=\"300\" height=\"183\" srcset=\"https:\/\/sauver-le-guirbaden.fr\/wp-content\/uploads\/2022\/02\/19.02.2022-FS-12-r-300x183.jpg 300w, https:\/\/sauver-le-guirbaden.fr\/wp-content\/uploads\/2022\/02\/19.02.2022-FS-12-r-768x469.jpg 768w, https:\/\/sauver-le-guirbaden.fr\/wp-content\/uploads\/2022\/02\/19.02.2022-FS-12-r-600x367.jpg 600w, https:\/\/sauver-le-guirbaden.fr\/wp-content\/uploads\/2022\/02\/19.02.2022-FS-12-r.jpg 800w\" sizes=\"auto, (max-width: 300px) 100vw, 300px\" \/><\/a><\/p>\n<p><a href=\"https:\/\/sauver-le-guirbaden.fr\/wp-content\/uploads\/2022\/02\/19.02.2022-FS-15.jpg\" target=\"_blank\" rel=\"noopener\"><img loading=\"lazy\" decoding=\"async\" class=\"alignnone wp-image-6710 size-medium\" src=\"https:\/\/sauver-le-guirbaden.fr\/wp-content\/uploads\/2022\/02\/19.02.2022-FS-15-300x225.jpg\" alt=\"\" width=\"300\" height=\"225\" srcset=\"https:\/\/sauver-le-guirbaden.fr\/wp-content\/uploads\/2022\/02\/19.02.2022-FS-15-300x225.jpg 300w, https:\/\/sauver-le-guirbaden.fr\/wp-content\/uploads\/2022\/02\/19.02.2022-FS-15-768x576.jpg 768w, https:\/\/sauver-le-guirbaden.fr\/wp-content\/uploads\/2022\/02\/19.02.2022-FS-15-600x450.jpg 600w, https:\/\/sauver-le-guirbaden.fr\/wp-content\/uploads\/2022\/02\/19.02.2022-FS-15.jpg 800w\" sizes=\"auto, (max-width: 300px) 100vw, 300px\" \/><\/a> <a href=\"https:\/\/sauver-le-guirbaden.fr\/wp-content\/uploads\/2022\/02\/DSC01687.jpg\" target=\"_blank\" rel=\"noopener\"><img loading=\"lazy\" decoding=\"async\" class=\"alignnone wp-image-6718 size-medium\" src=\"https:\/\/sauver-le-guirbaden.fr\/wp-content\/uploads\/2022\/02\/DSC01687-300x200.jpg\" alt=\"\" width=\"300\" height=\"200\" srcset=\"https:\/\/sauver-le-guirbaden.fr\/wp-content\/uploads\/2022\/02\/DSC01687-300x200.jpg 300w, https:\/\/sauver-le-guirbaden.fr\/wp-content\/uploads\/2022\/02\/DSC01687-768x512.jpg 768w, https:\/\/sauver-le-guirbaden.fr\/wp-content\/uploads\/2022\/02\/DSC01687-600x400.jpg 600w, https:\/\/sauver-le-guirbaden.fr\/wp-content\/uploads\/2022\/02\/DSC01687.jpg 800w\" sizes=\"auto, (max-width: 300px) 100vw, 300px\" \/><\/a><\/p>\n<p><a href=\"https:\/\/sauver-le-guirbaden.fr\/wp-content\/uploads\/2022\/05\/01.05.2022-KARCHER-frederc-3.jpg\" target=\"_blank\" rel=\"noopener\"><img loading=\"lazy\" decoding=\"async\" class=\"alignnone wp-image-6877 size-medium\" src=\"https:\/\/sauver-le-guirbaden.fr\/wp-content\/uploads\/2022\/05\/01.05.2022-KARCHER-frederc-3-300x149.jpg\" alt=\"\" width=\"300\" height=\"149\" srcset=\"https:\/\/sauver-le-guirbaden.fr\/wp-content\/uploads\/2022\/05\/01.05.2022-KARCHER-frederc-3-300x149.jpg 300w, https:\/\/sauver-le-guirbaden.fr\/wp-content\/uploads\/2022\/05\/01.05.2022-KARCHER-frederc-3-600x298.jpg 600w, https:\/\/sauver-le-guirbaden.fr\/wp-content\/uploads\/2022\/05\/01.05.2022-KARCHER-frederc-3.jpg 720w\" sizes=\"auto, (max-width: 300px) 100vw, 300px\" \/><\/a> <a href=\"https:\/\/sauver-le-guirbaden.fr\/wp-content\/uploads\/2022\/05\/09.05.2022-FS-89.jpg\" target=\"_blank\" rel=\"noopener\"><img loading=\"lazy\" decoding=\"async\" class=\"alignnone wp-image-6905 size-medium\" src=\"https:\/\/sauver-le-guirbaden.fr\/wp-content\/uploads\/2022\/05\/09.05.2022-FS-89-300x225.jpg\" alt=\"\" width=\"300\" height=\"225\" srcset=\"https:\/\/sauver-le-guirbaden.fr\/wp-content\/uploads\/2022\/05\/09.05.2022-FS-89-300x225.jpg 300w, https:\/\/sauver-le-guirbaden.fr\/wp-content\/uploads\/2022\/05\/09.05.2022-FS-89-768x576.jpg 768w, https:\/\/sauver-le-guirbaden.fr\/wp-content\/uploads\/2022\/05\/09.05.2022-FS-89-600x450.jpg 600w, https:\/\/sauver-le-guirbaden.fr\/wp-content\/uploads\/2022\/05\/09.05.2022-FS-89.jpg 800w\" sizes=\"auto, (max-width: 300px) 100vw, 300px\" \/><\/a><\/p>\n<p>&nbsp;<\/p>\n<p><a href=\"https:\/\/sauver-le-guirbaden.fr\/wp-content\/uploads\/2022\/06\/13.06.2022-FS-13.jpg\" target=\"_blank\" rel=\"noopener\"><img loading=\"lazy\" decoding=\"async\" class=\"alignnone wp-image-6965 size-medium\" src=\"https:\/\/sauver-le-guirbaden.fr\/wp-content\/uploads\/2022\/06\/13.06.2022-FS-13-300x169.jpg\" alt=\"\" width=\"300\" height=\"169\" srcset=\"https:\/\/sauver-le-guirbaden.fr\/wp-content\/uploads\/2022\/06\/13.06.2022-FS-13-300x169.jpg 300w, https:\/\/sauver-le-guirbaden.fr\/wp-content\/uploads\/2022\/06\/13.06.2022-FS-13-768x432.jpg 768w, https:\/\/sauver-le-guirbaden.fr\/wp-content\/uploads\/2022\/06\/13.06.2022-FS-13-600x338.jpg 600w, https:\/\/sauver-le-guirbaden.fr\/wp-content\/uploads\/2022\/06\/13.06.2022-FS-13.jpg 800w\" sizes=\"auto, (max-width: 300px) 100vw, 300px\" \/><\/a> <a href=\"https:\/\/sauver-le-guirbaden.fr\/wp-content\/uploads\/2022\/06\/13.06.2022-FS-9.jpg\" target=\"_blank\" rel=\"noopener\"><img loading=\"lazy\" decoding=\"async\" class=\"alignnone wp-image-6963 size-medium\" src=\"https:\/\/sauver-le-guirbaden.fr\/wp-content\/uploads\/2022\/06\/13.06.2022-FS-9-300x169.jpg\" alt=\"\" width=\"300\" height=\"169\" srcset=\"https:\/\/sauver-le-guirbaden.fr\/wp-content\/uploads\/2022\/06\/13.06.2022-FS-9-300x169.jpg 300w, https:\/\/sauver-le-guirbaden.fr\/wp-content\/uploads\/2022\/06\/13.06.2022-FS-9-768x432.jpg 768w, https:\/\/sauver-le-guirbaden.fr\/wp-content\/uploads\/2022\/06\/13.06.2022-FS-9-600x338.jpg 600w, https:\/\/sauver-le-guirbaden.fr\/wp-content\/uploads\/2022\/06\/13.06.2022-FS-9.jpg 800w\" sizes=\"auto, (max-width: 300px) 100vw, 300px\" \/><\/a><\/p>\n<p><a href=\"https:\/\/sauver-le-guirbaden.fr\/wp-content\/uploads\/2022\/07\/16.07.2022-DROUIN-Yves-1.jpg\" target=\"_blank\" rel=\"noopener\"><img loading=\"lazy\" decoding=\"async\" class=\"alignnone wp-image-7034 size-medium\" src=\"https:\/\/sauver-le-guirbaden.fr\/wp-content\/uploads\/2022\/07\/16.07.2022-DROUIN-Yves-1-224x300.jpg\" alt=\"\" width=\"224\" height=\"300\" srcset=\"https:\/\/sauver-le-guirbaden.fr\/wp-content\/uploads\/2022\/07\/16.07.2022-DROUIN-Yves-1-224x300.jpg 224w, https:\/\/sauver-le-guirbaden.fr\/wp-content\/uploads\/2022\/07\/16.07.2022-DROUIN-Yves-1.jpg 598w\" sizes=\"auto, (max-width: 224px) 100vw, 224px\" \/><\/a> <a href=\"https:\/\/sauver-le-guirbaden.fr\/wp-content\/uploads\/2022\/06\/13.06.2022-FS-11.jpg\" target=\"_blank\" rel=\"noopener\"><img loading=\"lazy\" decoding=\"async\" class=\"alignnone wp-image-6964 size-medium\" src=\"https:\/\/sauver-le-guirbaden.fr\/wp-content\/uploads\/2022\/06\/13.06.2022-FS-11-300x169.jpg\" alt=\"\" width=\"300\" height=\"169\" srcset=\"https:\/\/sauver-le-guirbaden.fr\/wp-content\/uploads\/2022\/06\/13.06.2022-FS-11-300x169.jpg 300w, https:\/\/sauver-le-guirbaden.fr\/wp-content\/uploads\/2022\/06\/13.06.2022-FS-11-768x432.jpg 768w, https:\/\/sauver-le-guirbaden.fr\/wp-content\/uploads\/2022\/06\/13.06.2022-FS-11-600x338.jpg 600w, https:\/\/sauver-le-guirbaden.fr\/wp-content\/uploads\/2022\/06\/13.06.2022-FS-11.jpg 800w\" sizes=\"auto, (max-width: 300px) 100vw, 300px\" \/><\/a><\/p>\n<p><a href=\"https:\/\/sauver-le-guirbaden.fr\/wp-content\/uploads\/2022\/08\/DSC04615.jpg\" target=\"_blank\" rel=\"noopener\"><img loading=\"lazy\" decoding=\"async\" class=\"alignnone wp-image-7080 size-medium\" src=\"https:\/\/sauver-le-guirbaden.fr\/wp-content\/uploads\/2022\/08\/DSC04615-300x200.jpg\" alt=\"\" width=\"300\" height=\"200\" srcset=\"https:\/\/sauver-le-guirbaden.fr\/wp-content\/uploads\/2022\/08\/DSC04615-300x200.jpg 300w, https:\/\/sauver-le-guirbaden.fr\/wp-content\/uploads\/2022\/08\/DSC04615-768x512.jpg 768w, https:\/\/sauver-le-guirbaden.fr\/wp-content\/uploads\/2022\/08\/DSC04615-600x400.jpg 600w, https:\/\/sauver-le-guirbaden.fr\/wp-content\/uploads\/2022\/08\/DSC04615.jpg 800w\" sizes=\"auto, (max-width: 300px) 100vw, 300px\" \/><\/a> <a href=\"https:\/\/sauver-le-guirbaden.fr\/wp-content\/uploads\/2022\/08\/01.08.2022-FS-16.jpg\" target=\"_blank\" rel=\"noopener\"><img loading=\"lazy\" decoding=\"async\" class=\"alignnone wp-image-7055 size-medium\" src=\"https:\/\/sauver-le-guirbaden.fr\/wp-content\/uploads\/2022\/08\/01.08.2022-FS-16-300x225.jpg\" alt=\"\" width=\"300\" height=\"225\" srcset=\"https:\/\/sauver-le-guirbaden.fr\/wp-content\/uploads\/2022\/08\/01.08.2022-FS-16-300x225.jpg 300w, https:\/\/sauver-le-guirbaden.fr\/wp-content\/uploads\/2022\/08\/01.08.2022-FS-16-768x576.jpg 768w, https:\/\/sauver-le-guirbaden.fr\/wp-content\/uploads\/2022\/08\/01.08.2022-FS-16-600x450.jpg 600w, https:\/\/sauver-le-guirbaden.fr\/wp-content\/uploads\/2022\/08\/01.08.2022-FS-16.jpg 800w\" sizes=\"auto, (max-width: 300px) 100vw, 300px\" \/><\/a><\/p>\n<p><a href=\"https:\/\/sauver-le-guirbaden.fr\/wp-content\/uploads\/2022\/09\/26.09.2022-HAETTEL-Genevieve-1.jpg\" target=\"_blank\" rel=\"noopener\"><img loading=\"lazy\" decoding=\"async\" class=\"alignnone wp-image-7097 size-medium\" src=\"https:\/\/sauver-le-guirbaden.fr\/wp-content\/uploads\/2022\/09\/26.09.2022-HAETTEL-Genevieve-1-225x300.jpg\" alt=\"\" width=\"225\" height=\"300\" srcset=\"https:\/\/sauver-le-guirbaden.fr\/wp-content\/uploads\/2022\/09\/26.09.2022-HAETTEL-Genevieve-1-225x300.jpg 225w, https:\/\/sauver-le-guirbaden.fr\/wp-content\/uploads\/2022\/09\/26.09.2022-HAETTEL-Genevieve-1.jpg 600w\" sizes=\"auto, (max-width: 225px) 100vw, 225px\" \/><\/a> <a href=\"https:\/\/sauver-le-guirbaden.fr\/wp-content\/uploads\/2022\/09\/26.09.2022-HAETTEL-Genevieve-2.jpg\" target=\"_blank\" rel=\"noopener\"><img loading=\"lazy\" decoding=\"async\" class=\"alignnone wp-image-7098 size-medium\" src=\"https:\/\/sauver-le-guirbaden.fr\/wp-content\/uploads\/2022\/09\/26.09.2022-HAETTEL-Genevieve-2-300x225.jpg\" alt=\"\" width=\"300\" height=\"225\" srcset=\"https:\/\/sauver-le-guirbaden.fr\/wp-content\/uploads\/2022\/09\/26.09.2022-HAETTEL-Genevieve-2-300x225.jpg 300w, https:\/\/sauver-le-guirbaden.fr\/wp-content\/uploads\/2022\/09\/26.09.2022-HAETTEL-Genevieve-2-768x576.jpg 768w, https:\/\/sauver-le-guirbaden.fr\/wp-content\/uploads\/2022\/09\/26.09.2022-HAETTEL-Genevieve-2-600x450.jpg 600w, https:\/\/sauver-le-guirbaden.fr\/wp-content\/uploads\/2022\/09\/26.09.2022-HAETTEL-Genevieve-2.jpg 800w\" sizes=\"auto, (max-width: 300px) 100vw, 300px\" \/><\/a><\/p>\n<p><a href=\"https:\/\/sauver-le-guirbaden.fr\/wp-content\/uploads\/2022\/09\/REINBOLD-Christophe-9.jpg\" target=\"_blank\" rel=\"noopener\"><img loading=\"lazy\" decoding=\"async\" class=\"alignnone wp-image-7112 size-medium\" src=\"https:\/\/sauver-le-guirbaden.fr\/wp-content\/uploads\/2022\/09\/REINBOLD-Christophe-9-300x169.jpg\" alt=\"\" width=\"300\" height=\"169\" srcset=\"https:\/\/sauver-le-guirbaden.fr\/wp-content\/uploads\/2022\/09\/REINBOLD-Christophe-9-300x169.jpg 300w, https:\/\/sauver-le-guirbaden.fr\/wp-content\/uploads\/2022\/09\/REINBOLD-Christophe-9-768x432.jpg 768w, https:\/\/sauver-le-guirbaden.fr\/wp-content\/uploads\/2022\/09\/REINBOLD-Christophe-9-600x338.jpg 600w, https:\/\/sauver-le-guirbaden.fr\/wp-content\/uploads\/2022\/09\/REINBOLD-Christophe-9.jpg 800w\" sizes=\"auto, (max-width: 300px) 100vw, 300px\" \/><\/a> <a href=\"https:\/\/sauver-le-guirbaden.fr\/wp-content\/uploads\/2022\/09\/REINBOLD-Christophe-9r.jpg\" target=\"_blank\" rel=\"noopener\"><img loading=\"lazy\" decoding=\"async\" class=\"alignnone wp-image-7113 size-medium\" src=\"https:\/\/sauver-le-guirbaden.fr\/wp-content\/uploads\/2022\/09\/REINBOLD-Christophe-9r-300x193.jpg\" alt=\"\" width=\"300\" height=\"193\" srcset=\"https:\/\/sauver-le-guirbaden.fr\/wp-content\/uploads\/2022\/09\/REINBOLD-Christophe-9r-300x193.jpg 300w, https:\/\/sauver-le-guirbaden.fr\/wp-content\/uploads\/2022\/09\/REINBOLD-Christophe-9r-768x493.jpg 768w, https:\/\/sauver-le-guirbaden.fr\/wp-content\/uploads\/2022\/09\/REINBOLD-Christophe-9r-600x386.jpg 600w, https:\/\/sauver-le-guirbaden.fr\/wp-content\/uploads\/2022\/09\/REINBOLD-Christophe-9r.jpg 800w\" sizes=\"auto, (max-width: 300px) 100vw, 300px\" \/><\/a><\/p>\n<p><a href=\"https:\/\/sauver-le-guirbaden.fr\/wp-content\/uploads\/2022\/10\/IMG_20221015_162132.jpg\" target=\"_blank\" rel=\"noopener\"><img loading=\"lazy\" decoding=\"async\" class=\"alignnone wp-image-7176 size-medium\" src=\"https:\/\/sauver-le-guirbaden.fr\/wp-content\/uploads\/2022\/10\/IMG_20221015_162132-224x300.jpg\" alt=\"\" width=\"224\" height=\"300\" srcset=\"https:\/\/sauver-le-guirbaden.fr\/wp-content\/uploads\/2022\/10\/IMG_20221015_162132-224x300.jpg 224w, https:\/\/sauver-le-guirbaden.fr\/wp-content\/uploads\/2022\/10\/IMG_20221015_162132.jpg 598w\" sizes=\"auto, (max-width: 224px) 100vw, 224px\" \/><\/a> <a href=\"https:\/\/sauver-le-guirbaden.fr\/wp-content\/uploads\/2022\/10\/IMG_20221015_162132-r.jpg\" target=\"_blank\" rel=\"noopener\"><img loading=\"lazy\" decoding=\"async\" class=\"alignnone wp-image-7175 size-medium\" src=\"https:\/\/sauver-le-guirbaden.fr\/wp-content\/uploads\/2022\/10\/IMG_20221015_162132-r-255x300.jpg\" alt=\"\" width=\"255\" height=\"300\" srcset=\"https:\/\/sauver-le-guirbaden.fr\/wp-content\/uploads\/2022\/10\/IMG_20221015_162132-r-255x300.jpg 255w, https:\/\/sauver-le-guirbaden.fr\/wp-content\/uploads\/2022\/10\/IMG_20221015_162132-r-600x705.jpg 600w, https:\/\/sauver-le-guirbaden.fr\/wp-content\/uploads\/2022\/10\/IMG_20221015_162132-r.jpg 681w\" sizes=\"auto, (max-width: 255px) 100vw, 255px\" \/><\/a><\/p>\n<p><a href=\"https:\/\/sauver-le-guirbaden.fr\/wp-content\/uploads\/2022\/11\/07.11.2022-FS-12.jpg\" target=\"_blank\" rel=\"noopener\"><img loading=\"lazy\" decoding=\"async\" class=\"alignnone wp-image-7246 size-medium\" src=\"https:\/\/sauver-le-guirbaden.fr\/wp-content\/uploads\/2022\/11\/07.11.2022-FS-12-300x229.jpg\" alt=\"\" width=\"300\" height=\"229\" srcset=\"https:\/\/sauver-le-guirbaden.fr\/wp-content\/uploads\/2022\/11\/07.11.2022-FS-12-300x229.jpg 300w, https:\/\/sauver-le-guirbaden.fr\/wp-content\/uploads\/2022\/11\/07.11.2022-FS-12-768x586.jpg 768w, https:\/\/sauver-le-guirbaden.fr\/wp-content\/uploads\/2022\/11\/07.11.2022-FS-12-600x458.jpg 600w, https:\/\/sauver-le-guirbaden.fr\/wp-content\/uploads\/2022\/11\/07.11.2022-FS-12.jpg 800w\" sizes=\"auto, (max-width: 300px) 100vw, 300px\" \/><\/a> <a href=\"https:\/\/sauver-le-guirbaden.fr\/wp-content\/uploads\/2022\/11\/07.11.2022-FS-1.jpg\" target=\"_blank\" rel=\"noopener\"><img loading=\"lazy\" decoding=\"async\" class=\"alignnone wp-image-7245 size-medium\" src=\"https:\/\/sauver-le-guirbaden.fr\/wp-content\/uploads\/2022\/11\/07.11.2022-FS-1-300x225.jpg\" alt=\"\" width=\"300\" height=\"225\" srcset=\"https:\/\/sauver-le-guirbaden.fr\/wp-content\/uploads\/2022\/11\/07.11.2022-FS-1-300x225.jpg 300w, https:\/\/sauver-le-guirbaden.fr\/wp-content\/uploads\/2022\/11\/07.11.2022-FS-1-768x576.jpg 768w, https:\/\/sauver-le-guirbaden.fr\/wp-content\/uploads\/2022\/11\/07.11.2022-FS-1-600x450.jpg 600w, https:\/\/sauver-le-guirbaden.fr\/wp-content\/uploads\/2022\/11\/07.11.2022-FS-1.jpg 800w\" sizes=\"auto, (max-width: 300px) 100vw, 300px\" \/><\/a><\/p>\n","protected":false},"excerpt":{"rendered":"<p>En 2022 les b\u00e9n\u00e9voles de l&#8217;association ont finalis\u00e9 un petit jardin m\u00e9di\u00e9val dans les lices pour le plus grand bonheur des visiteurs&#8230; &nbsp;<\/p>\n","protected":false},"author":2,"featured_media":0,"parent":0,"menu_order":0,"comment_status":"closed","ping_status":"closed","template":"","meta":{"footnotes":""},"class_list":["post-7350","page","type-page","status-publish","hentry"],"_links":{"self":[{"href":"https:\/\/www.sauver-le-guirbaden.fr\/index.php\/wp-json\/wp\/v2\/pages\/7350","targetHints":{"allow":["GET"]}}],"collection":[{"href":"https:\/\/www.sauver-le-guirbaden.fr\/index.php\/wp-json\/wp\/v2\/pages"}],"about":[{"href":"https:\/\/www.sauver-le-guirbaden.fr\/index.php\/wp-json\/wp\/v2\/types\/page"}],"author":[{"embeddable":true,"href":"https:\/\/www.sauver-le-guirbaden.fr\/index.php\/wp-json\/wp\/v2\/users\/2"}],"replies":[{"embeddable":true,"href":"https:\/\/www.sauver-le-guirbaden.fr\/index.php\/wp-json\/wp\/v2\/comments?post=7350"}],"version-history":[{"count":1,"href":"https:\/\/www.sauver-le-guirbaden.fr\/index.php\/wp-json\/wp\/v2\/pages\/7350\/revisions"}],"predecessor-version":[{"id":7352,"href":"https:\/\/www.sauver-le-guirbaden.fr\/index.php\/wp-json\/wp\/v2\/pages\/7350\/revisions\/7352"}],"wp:attachment":[{"href":"https:\/\/www.sauver-le-guirbaden.fr\/index.php\/wp-json\/wp\/v2\/media?parent=7350"}],"curies":[{"name":"wp","href":"https:\/\/api.w.org\/{rel}","templated":true}]}}