{"id":7357,"date":"2023-01-16T21:09:22","date_gmt":"2023-01-16T20:09:22","guid":{"rendered":"https:\/\/www.sauver-le-guirbaden.fr\/?page_id=7357"},"modified":"2023-01-16T21:27:15","modified_gmt":"2023-01-16T20:27:15","slug":"tables-et-bancs","status":"publish","type":"page","link":"https:\/\/www.sauver-le-guirbaden.fr\/index.php\/tables-et-bancs\/","title":{"rendered":"Des tables et des bancs"},"content":{"rendered":"<p>Pique-niquer assis en profitant du site et de la vue est d\u00e9sormais possible gr\u00e2ce aux tables et bancs r\u00e9alis\u00e9s par les b\u00e9n\u00e9voles pendant l&#8217;hiver 2021\/2022 &#8230;<\/p>\n<p><a href=\"https:\/\/sauver-le-guirbaden.fr\/wp-content\/uploads\/2022\/05\/DSC03742.jpg\" target=\"_blank\" rel=\"noopener\"><img loading=\"lazy\" decoding=\"async\" class=\"alignnone wp-image-6931 size-medium\" src=\"https:\/\/sauver-le-guirbaden.fr\/wp-content\/uploads\/2022\/05\/DSC03742-300x200.jpg\" alt=\"\" width=\"300\" height=\"200\" srcset=\"https:\/\/sauver-le-guirbaden.fr\/wp-content\/uploads\/2022\/05\/DSC03742-300x200.jpg 300w, https:\/\/sauver-le-guirbaden.fr\/wp-content\/uploads\/2022\/05\/DSC03742-768x512.jpg 768w, https:\/\/sauver-le-guirbaden.fr\/wp-content\/uploads\/2022\/05\/DSC03742-600x400.jpg 600w, https:\/\/sauver-le-guirbaden.fr\/wp-content\/uploads\/2022\/05\/DSC03742.jpg 800w\" sizes=\"auto, (max-width: 300px) 100vw, 300px\" \/><\/a> <a href=\"https:\/\/sauver-le-guirbaden.fr\/wp-content\/uploads\/2022\/05\/16.05.2022-REINBOLD-Christophe.jpg\" target=\"_blank\" rel=\"noopener\"><img loading=\"lazy\" decoding=\"async\" class=\"alignnone wp-image-6925 size-medium\" src=\"https:\/\/sauver-le-guirbaden.fr\/wp-content\/uploads\/2022\/05\/16.05.2022-REINBOLD-Christophe-300x200.jpg\" alt=\"\" width=\"300\" height=\"200\" srcset=\"https:\/\/sauver-le-guirbaden.fr\/wp-content\/uploads\/2022\/05\/16.05.2022-REINBOLD-Christophe-300x200.jpg 300w, https:\/\/sauver-le-guirbaden.fr\/wp-content\/uploads\/2022\/05\/16.05.2022-REINBOLD-Christophe-768x512.jpg 768w, https:\/\/sauver-le-guirbaden.fr\/wp-content\/uploads\/2022\/05\/16.05.2022-REINBOLD-Christophe-600x400.jpg 600w, https:\/\/sauver-le-guirbaden.fr\/wp-content\/uploads\/2022\/05\/16.05.2022-REINBOLD-Christophe.jpg 800w\" sizes=\"auto, (max-width: 300px) 100vw, 300px\" \/><\/a><\/p>\n<p><a href=\"https:\/\/sauver-le-guirbaden.fr\/wp-content\/uploads\/2022\/01\/03.01.2022-Fred-KARCHER-13.jpg\" target=\"_blank\" rel=\"noopener\"><img loading=\"lazy\" decoding=\"async\" class=\"alignnone wp-image-6600 size-medium\" src=\"https:\/\/sauver-le-guirbaden.fr\/wp-content\/uploads\/2022\/01\/03.01.2022-Fred-KARCHER-13-300x138.jpg\" alt=\"\" width=\"300\" height=\"138\" srcset=\"https:\/\/sauver-le-guirbaden.fr\/wp-content\/uploads\/2022\/01\/03.01.2022-Fred-KARCHER-13-300x138.jpg 300w, https:\/\/sauver-le-guirbaden.fr\/wp-content\/uploads\/2022\/01\/03.01.2022-Fred-KARCHER-13-768x354.jpg 768w, https:\/\/sauver-le-guirbaden.fr\/wp-content\/uploads\/2022\/01\/03.01.2022-Fred-KARCHER-13-600x277.jpg 600w, https:\/\/sauver-le-guirbaden.fr\/wp-content\/uploads\/2022\/01\/03.01.2022-Fred-KARCHER-13.jpg 800w\" sizes=\"auto, (max-width: 300px) 100vw, 300px\" \/><\/a> <a href=\"https:\/\/sauver-le-guirbaden.fr\/wp-content\/uploads\/2022\/01\/10.01.2022-KARCHER-Frederic-6.jpg\" target=\"_blank\" rel=\"noopener\"><img loading=\"lazy\" decoding=\"async\" class=\"alignnone wp-image-6606 size-medium\" src=\"https:\/\/sauver-le-guirbaden.fr\/wp-content\/uploads\/2022\/01\/10.01.2022-KARCHER-Frederic-6-300x138.jpg\" alt=\"\" width=\"300\" height=\"138\" srcset=\"https:\/\/sauver-le-guirbaden.fr\/wp-content\/uploads\/2022\/01\/10.01.2022-KARCHER-Frederic-6-300x138.jpg 300w, https:\/\/sauver-le-guirbaden.fr\/wp-content\/uploads\/2022\/01\/10.01.2022-KARCHER-Frederic-6-768x354.jpg 768w, https:\/\/sauver-le-guirbaden.fr\/wp-content\/uploads\/2022\/01\/10.01.2022-KARCHER-Frederic-6-600x277.jpg 600w, https:\/\/sauver-le-guirbaden.fr\/wp-content\/uploads\/2022\/01\/10.01.2022-KARCHER-Frederic-6.jpg 800w\" sizes=\"auto, (max-width: 300px) 100vw, 300px\" \/><\/a><\/p>\n<p><a href=\"https:\/\/sauver-le-guirbaden.fr\/wp-content\/uploads\/2022\/04\/11.04.2022-RISCH-Josiane-4.jpg\" target=\"_blank\" rel=\"noopener\"><img loading=\"lazy\" decoding=\"async\" class=\"alignnone wp-image-6794 size-medium\" src=\"https:\/\/sauver-le-guirbaden.fr\/wp-content\/uploads\/2022\/04\/11.04.2022-RISCH-Josiane-4-300x225.jpg\" alt=\"\" width=\"300\" height=\"225\" srcset=\"https:\/\/sauver-le-guirbaden.fr\/wp-content\/uploads\/2022\/04\/11.04.2022-RISCH-Josiane-4-300x225.jpg 300w, https:\/\/sauver-le-guirbaden.fr\/wp-content\/uploads\/2022\/04\/11.04.2022-RISCH-Josiane-4-768x576.jpg 768w, https:\/\/sauver-le-guirbaden.fr\/wp-content\/uploads\/2022\/04\/11.04.2022-RISCH-Josiane-4-600x450.jpg 600w, https:\/\/sauver-le-guirbaden.fr\/wp-content\/uploads\/2022\/04\/11.04.2022-RISCH-Josiane-4.jpg 800w\" sizes=\"auto, (max-width: 300px) 100vw, 300px\" \/><\/a><a href=\"https:\/\/sauver-le-guirbaden.fr\/wp-content\/uploads\/2022\/04\/quatrieme-banc-20220423_150715.jpg\" target=\"_blank\" rel=\"noopener\"><img loading=\"lazy\" decoding=\"async\" class=\"alignnone wp-image-6812 size-medium\" src=\"https:\/\/sauver-le-guirbaden.fr\/wp-content\/uploads\/2022\/04\/quatrieme-banc-20220423_150715-300x138.jpg\" alt=\"\" width=\"300\" height=\"138\" srcset=\"https:\/\/sauver-le-guirbaden.fr\/wp-content\/uploads\/2022\/04\/quatrieme-banc-20220423_150715-300x138.jpg 300w, https:\/\/sauver-le-guirbaden.fr\/wp-content\/uploads\/2022\/04\/quatrieme-banc-20220423_150715-768x354.jpg 768w, https:\/\/sauver-le-guirbaden.fr\/wp-content\/uploads\/2022\/04\/quatrieme-banc-20220423_150715-600x277.jpg 600w, https:\/\/sauver-le-guirbaden.fr\/wp-content\/uploads\/2022\/04\/quatrieme-banc-20220423_150715.jpg 800w\" sizes=\"auto, (max-width: 300px) 100vw, 300px\" \/><\/a><\/p>\n<p><a href=\"https:\/\/sauver-le-guirbaden.fr\/wp-content\/uploads\/2022\/02\/07.02.2022-FRANCK-Martine-2.jpg\" target=\"_blank\" rel=\"noopener\"><img loading=\"lazy\" decoding=\"async\" class=\"alignnone wp-image-6697 size-medium\" src=\"https:\/\/sauver-le-guirbaden.fr\/wp-content\/uploads\/2022\/02\/07.02.2022-FRANCK-Martine-2-300x169.jpg\" alt=\"\" width=\"300\" height=\"169\" srcset=\"https:\/\/sauver-le-guirbaden.fr\/wp-content\/uploads\/2022\/02\/07.02.2022-FRANCK-Martine-2-300x169.jpg 300w, https:\/\/sauver-le-guirbaden.fr\/wp-content\/uploads\/2022\/02\/07.02.2022-FRANCK-Martine-2-768x432.jpg 768w, https:\/\/sauver-le-guirbaden.fr\/wp-content\/uploads\/2022\/02\/07.02.2022-FRANCK-Martine-2-600x338.jpg 600w, https:\/\/sauver-le-guirbaden.fr\/wp-content\/uploads\/2022\/02\/07.02.2022-FRANCK-Martine-2.jpg 800w\" sizes=\"auto, (max-width: 300px) 100vw, 300px\" \/><\/a> <a href=\"https:\/\/sauver-le-guirbaden.fr\/wp-content\/uploads\/2022\/03\/14.03.2022-HAETTEL-Genevieve-2.jpg\" target=\"_blank\" rel=\"noopener\"><img loading=\"lazy\" decoding=\"async\" class=\"alignnone wp-image-6755 size-medium\" src=\"https:\/\/sauver-le-guirbaden.fr\/wp-content\/uploads\/2022\/03\/14.03.2022-HAETTEL-Genevieve-2-300x225.jpg\" alt=\"\" width=\"300\" height=\"225\" srcset=\"https:\/\/sauver-le-guirbaden.fr\/wp-content\/uploads\/2022\/03\/14.03.2022-HAETTEL-Genevieve-2-300x225.jpg 300w, https:\/\/sauver-le-guirbaden.fr\/wp-content\/uploads\/2022\/03\/14.03.2022-HAETTEL-Genevieve-2-768x576.jpg 768w, https:\/\/sauver-le-guirbaden.fr\/wp-content\/uploads\/2022\/03\/14.03.2022-HAETTEL-Genevieve-2-600x450.jpg 600w, https:\/\/sauver-le-guirbaden.fr\/wp-content\/uploads\/2022\/03\/14.03.2022-HAETTEL-Genevieve-2.jpg 800w\" sizes=\"auto, (max-width: 300px) 100vw, 300px\" \/><\/a><\/p>\n<p><a href=\"https:\/\/sauver-le-guirbaden.fr\/wp-content\/uploads\/2022\/04\/29.04.2022-FS-13.jpg\" target=\"_blank\" rel=\"noopener\"><img loading=\"lazy\" decoding=\"async\" class=\"alignnone wp-image-6838 size-medium\" src=\"https:\/\/sauver-le-guirbaden.fr\/wp-content\/uploads\/2022\/04\/29.04.2022-FS-13-300x225.jpg\" alt=\"\" width=\"300\" height=\"225\" srcset=\"https:\/\/sauver-le-guirbaden.fr\/wp-content\/uploads\/2022\/04\/29.04.2022-FS-13-300x225.jpg 300w, https:\/\/sauver-le-guirbaden.fr\/wp-content\/uploads\/2022\/04\/29.04.2022-FS-13-768x576.jpg 768w, https:\/\/sauver-le-guirbaden.fr\/wp-content\/uploads\/2022\/04\/29.04.2022-FS-13-600x450.jpg 600w, https:\/\/sauver-le-guirbaden.fr\/wp-content\/uploads\/2022\/04\/29.04.2022-FS-13.jpg 800w\" sizes=\"auto, (max-width: 300px) 100vw, 300px\" \/><\/a><a href=\"https:\/\/sauver-le-guirbaden.fr\/wp-content\/uploads\/2022\/02\/19.02.2022-FS-9.jpg\" target=\"_blank\" rel=\"noopener\"><img loading=\"lazy\" decoding=\"async\" class=\"alignnone wp-image-6708 size-medium\" src=\"https:\/\/sauver-le-guirbaden.fr\/wp-content\/uploads\/2022\/02\/19.02.2022-FS-9-300x225.jpg\" alt=\"\" width=\"300\" height=\"225\" srcset=\"https:\/\/sauver-le-guirbaden.fr\/wp-content\/uploads\/2022\/02\/19.02.2022-FS-9-300x225.jpg 300w, https:\/\/sauver-le-guirbaden.fr\/wp-content\/uploads\/2022\/02\/19.02.2022-FS-9-768x576.jpg 768w, https:\/\/sauver-le-guirbaden.fr\/wp-content\/uploads\/2022\/02\/19.02.2022-FS-9-600x450.jpg 600w, https:\/\/sauver-le-guirbaden.fr\/wp-content\/uploads\/2022\/02\/19.02.2022-FS-9.jpg 800w\" sizes=\"auto, (max-width: 300px) 100vw, 300px\" \/><\/a><\/p>\n<p><a href=\"https:\/\/sauver-le-guirbaden.fr\/wp-content\/uploads\/2022\/05\/09.05.2022-HAETTEL-Genevieve-10.jpg\" target=\"_blank\" rel=\"noopener\"><img loading=\"lazy\" decoding=\"async\" class=\"wp-image-6914 size-medium aligncenter\" src=\"https:\/\/sauver-le-guirbaden.fr\/wp-content\/uploads\/2022\/05\/09.05.2022-HAETTEL-Genevieve-10-300x176.jpg\" alt=\"\" width=\"300\" height=\"176\" srcset=\"https:\/\/sauver-le-guirbaden.fr\/wp-content\/uploads\/2022\/05\/09.05.2022-HAETTEL-Genevieve-10-300x176.jpg 300w, https:\/\/sauver-le-guirbaden.fr\/wp-content\/uploads\/2022\/05\/09.05.2022-HAETTEL-Genevieve-10-768x451.jpg 768w, https:\/\/sauver-le-guirbaden.fr\/wp-content\/uploads\/2022\/05\/09.05.2022-HAETTEL-Genevieve-10-600x353.jpg 600w, https:\/\/sauver-le-guirbaden.fr\/wp-content\/uploads\/2022\/05\/09.05.2022-HAETTEL-Genevieve-10.jpg 800w\" sizes=\"auto, (max-width: 300px) 100vw, 300px\" \/><\/a><\/p>\n","protected":false},"excerpt":{"rendered":"<p>Pique-niquer assis en profitant du site et de la vue est d\u00e9sormais possible gr\u00e2ce aux tables et bancs r\u00e9alis\u00e9s par les b\u00e9n\u00e9voles pendant l&#8217;hiver 2021\/2022 &#8230;<\/p>\n","protected":false},"author":2,"featured_media":0,"parent":0,"menu_order":0,"comment_status":"closed","ping_status":"closed","template":"","meta":{"footnotes":""},"class_list":["post-7357","page","type-page","status-publish","hentry"],"_links":{"self":[{"href":"https:\/\/www.sauver-le-guirbaden.fr\/index.php\/wp-json\/wp\/v2\/pages\/7357","targetHints":{"allow":["GET"]}}],"collection":[{"href":"https:\/\/www.sauver-le-guirbaden.fr\/index.php\/wp-json\/wp\/v2\/pages"}],"about":[{"href":"https:\/\/www.sauver-le-guirbaden.fr\/index.php\/wp-json\/wp\/v2\/types\/page"}],"author":[{"embeddable":true,"href":"https:\/\/www.sauver-le-guirbaden.fr\/index.php\/wp-json\/wp\/v2\/users\/2"}],"replies":[{"embeddable":true,"href":"https:\/\/www.sauver-le-guirbaden.fr\/index.php\/wp-json\/wp\/v2\/comments?post=7357"}],"version-history":[{"count":3,"href":"https:\/\/www.sauver-le-guirbaden.fr\/index.php\/wp-json\/wp\/v2\/pages\/7357\/revisions"}],"predecessor-version":[{"id":7369,"href":"https:\/\/www.sauver-le-guirbaden.fr\/index.php\/wp-json\/wp\/v2\/pages\/7357\/revisions\/7369"}],"wp:attachment":[{"href":"https:\/\/www.sauver-le-guirbaden.fr\/index.php\/wp-json\/wp\/v2\/media?parent=7357"}],"curies":[{"name":"wp","href":"https:\/\/api.w.org\/{rel}","templated":true}]}}