{"id":7360,"date":"2023-01-16T21:17:13","date_gmt":"2023-01-16T20:17:13","guid":{"rendered":"https:\/\/www.sauver-le-guirbaden.fr\/?page_id=7360"},"modified":"2025-11-29T22:14:15","modified_gmt":"2025-11-29T21:14:15","slug":"des-panneaux-dinformation","status":"publish","type":"page","link":"https:\/\/www.sauver-le-guirbaden.fr\/index.php\/des-panneaux-dinformation\/","title":{"rendered":"Des panneaux d&#8217;information"},"content":{"rendered":"<p>Deux panneaux avec des informations concernant l&#8217;histoire du ch\u00e2teau, le travail des b\u00e9n\u00e9voles et d&#8217;autres informations utiles ont \u00e9t\u00e9 install\u00e9s sur le site en mars 2021.<\/p>\n<p><a href=\"https:\/\/sauver-le-guirbaden.fr\/wp-content\/uploads\/2020\/01\/08.03.2021-FRANCK-Martine-5.jpg\" target=\"_blank\" rel=\"noopener\"><img loading=\"lazy\" decoding=\"async\" class=\"alignnone wp-image-6012 size-medium\" src=\"https:\/\/sauver-le-guirbaden.fr\/wp-content\/uploads\/2020\/01\/08.03.2021-FRANCK-Martine-5-300x169.jpg\" alt=\"\" width=\"300\" height=\"169\" srcset=\"https:\/\/sauver-le-guirbaden.fr\/wp-content\/uploads\/2020\/01\/08.03.2021-FRANCK-Martine-5-300x169.jpg 300w, https:\/\/sauver-le-guirbaden.fr\/wp-content\/uploads\/2020\/01\/08.03.2021-FRANCK-Martine-5-768x432.jpg 768w, https:\/\/sauver-le-guirbaden.fr\/wp-content\/uploads\/2020\/01\/08.03.2021-FRANCK-Martine-5-600x338.jpg 600w, https:\/\/sauver-le-guirbaden.fr\/wp-content\/uploads\/2020\/01\/08.03.2021-FRANCK-Martine-5.jpg 800w\" sizes=\"auto, (max-width: 300px) 100vw, 300px\" \/><\/a> <a href=\"https:\/\/sauver-le-guirbaden.fr\/wp-content\/uploads\/2020\/01\/08.03.2021-FRANCK-Martine-11.jpg\" target=\"_blank\" rel=\"noopener\"><img loading=\"lazy\" decoding=\"async\" class=\"alignnone wp-image-6013 size-medium\" src=\"https:\/\/sauver-le-guirbaden.fr\/wp-content\/uploads\/2020\/01\/08.03.2021-FRANCK-Martine-11-300x169.jpg\" alt=\"\" width=\"300\" height=\"169\" srcset=\"https:\/\/sauver-le-guirbaden.fr\/wp-content\/uploads\/2020\/01\/08.03.2021-FRANCK-Martine-11-300x169.jpg 300w, https:\/\/sauver-le-guirbaden.fr\/wp-content\/uploads\/2020\/01\/08.03.2021-FRANCK-Martine-11-768x432.jpg 768w, https:\/\/sauver-le-guirbaden.fr\/wp-content\/uploads\/2020\/01\/08.03.2021-FRANCK-Martine-11-600x338.jpg 600w, https:\/\/sauver-le-guirbaden.fr\/wp-content\/uploads\/2020\/01\/08.03.2021-FRANCK-Martine-11.jpg 800w\" sizes=\"auto, (max-width: 300px) 100vw, 300px\" \/><\/a><\/p>\n<p><a href=\"https:\/\/sauver-le-guirbaden.fr\/wp-content\/uploads\/2020\/01\/08.03.2021-FRANCK-Martine-22.jpg\" target=\"_blank\" rel=\"noopener\"><img loading=\"lazy\" decoding=\"async\" class=\"alignnone wp-image-6014 size-medium\" src=\"https:\/\/sauver-le-guirbaden.fr\/wp-content\/uploads\/2020\/01\/08.03.2021-FRANCK-Martine-22-300x169.jpg\" alt=\"\" width=\"300\" height=\"169\" srcset=\"https:\/\/sauver-le-guirbaden.fr\/wp-content\/uploads\/2020\/01\/08.03.2021-FRANCK-Martine-22-300x169.jpg 300w, https:\/\/sauver-le-guirbaden.fr\/wp-content\/uploads\/2020\/01\/08.03.2021-FRANCK-Martine-22-768x432.jpg 768w, https:\/\/sauver-le-guirbaden.fr\/wp-content\/uploads\/2020\/01\/08.03.2021-FRANCK-Martine-22-600x338.jpg 600w, https:\/\/sauver-le-guirbaden.fr\/wp-content\/uploads\/2020\/01\/08.03.2021-FRANCK-Martine-22.jpg 800w\" sizes=\"auto, (max-width: 300px) 100vw, 300px\" \/><\/a> <a href=\"https:\/\/sauver-le-guirbaden.fr\/wp-content\/uploads\/2020\/01\/08.03.2021-FRANCK-Martine-30.jpg\" target=\"_blank\" rel=\"noopener\"><img loading=\"lazy\" decoding=\"async\" class=\"alignnone wp-image-6015 size-medium\" src=\"https:\/\/sauver-le-guirbaden.fr\/wp-content\/uploads\/2020\/01\/08.03.2021-FRANCK-Martine-30-300x169.jpg\" alt=\"\" width=\"300\" height=\"169\" srcset=\"https:\/\/sauver-le-guirbaden.fr\/wp-content\/uploads\/2020\/01\/08.03.2021-FRANCK-Martine-30-300x169.jpg 300w, https:\/\/sauver-le-guirbaden.fr\/wp-content\/uploads\/2020\/01\/08.03.2021-FRANCK-Martine-30-768x432.jpg 768w, https:\/\/sauver-le-guirbaden.fr\/wp-content\/uploads\/2020\/01\/08.03.2021-FRANCK-Martine-30-600x338.jpg 600w, https:\/\/sauver-le-guirbaden.fr\/wp-content\/uploads\/2020\/01\/08.03.2021-FRANCK-Martine-30.jpg 800w\" sizes=\"auto, (max-width: 300px) 100vw, 300px\" \/><\/a><\/p>\n<p><a href=\"https:\/\/sauver-le-guirbaden.fr\/wp-content\/uploads\/2020\/01\/20.03.2021-FS-3.jpg\" target=\"_blank\" rel=\"noopener\"><img loading=\"lazy\" decoding=\"async\" class=\"alignnone wp-image-6023 size-medium\" src=\"https:\/\/sauver-le-guirbaden.fr\/wp-content\/uploads\/2020\/01\/20.03.2021-FS-3-300x225.jpg\" alt=\"\" width=\"300\" height=\"225\" srcset=\"https:\/\/sauver-le-guirbaden.fr\/wp-content\/uploads\/2020\/01\/20.03.2021-FS-3-300x225.jpg 300w, https:\/\/sauver-le-guirbaden.fr\/wp-content\/uploads\/2020\/01\/20.03.2021-FS-3-768x576.jpg 768w, https:\/\/sauver-le-guirbaden.fr\/wp-content\/uploads\/2020\/01\/20.03.2021-FS-3-600x450.jpg 600w, https:\/\/sauver-le-guirbaden.fr\/wp-content\/uploads\/2020\/01\/20.03.2021-FS-3.jpg 800w\" sizes=\"auto, (max-width: 300px) 100vw, 300px\" \/><\/a> <a href=\"https:\/\/sauver-le-guirbaden.fr\/wp-content\/uploads\/2020\/01\/20.03.2021-FS-9.jpg\" target=\"_blank\" rel=\"noopener\"><img loading=\"lazy\" decoding=\"async\" class=\"alignnone wp-image-6024 size-medium\" src=\"https:\/\/sauver-le-guirbaden.fr\/wp-content\/uploads\/2020\/01\/20.03.2021-FS-9-300x225.jpg\" alt=\"\" width=\"300\" height=\"225\" srcset=\"https:\/\/sauver-le-guirbaden.fr\/wp-content\/uploads\/2020\/01\/20.03.2021-FS-9-300x225.jpg 300w, https:\/\/sauver-le-guirbaden.fr\/wp-content\/uploads\/2020\/01\/20.03.2021-FS-9-768x576.jpg 768w, https:\/\/sauver-le-guirbaden.fr\/wp-content\/uploads\/2020\/01\/20.03.2021-FS-9-600x450.jpg 600w, https:\/\/sauver-le-guirbaden.fr\/wp-content\/uploads\/2020\/01\/20.03.2021-FS-9.jpg 800w\" sizes=\"auto, (max-width: 300px) 100vw, 300px\" \/><\/a><\/p>\n<p><a href=\"https:\/\/sauver-le-guirbaden.fr\/wp-content\/uploads\/2021\/03\/visiteurs-qui-lisent-le-panneau-20210320_144940-1.jpg\" target=\"_blank\" rel=\"noopener\"><img loading=\"lazy\" decoding=\"async\" class=\"alignnone wp-image-6046 size-medium\" src=\"https:\/\/sauver-le-guirbaden.fr\/wp-content\/uploads\/2021\/03\/visiteurs-qui-lisent-le-panneau-20210320_144940-1-300x138.jpg\" alt=\"\" width=\"300\" height=\"138\" srcset=\"https:\/\/sauver-le-guirbaden.fr\/wp-content\/uploads\/2021\/03\/visiteurs-qui-lisent-le-panneau-20210320_144940-1-300x138.jpg 300w, https:\/\/sauver-le-guirbaden.fr\/wp-content\/uploads\/2021\/03\/visiteurs-qui-lisent-le-panneau-20210320_144940-1-768x354.jpg 768w, https:\/\/sauver-le-guirbaden.fr\/wp-content\/uploads\/2021\/03\/visiteurs-qui-lisent-le-panneau-20210320_144940-1-600x277.jpg 600w, https:\/\/sauver-le-guirbaden.fr\/wp-content\/uploads\/2021\/03\/visiteurs-qui-lisent-le-panneau-20210320_144940-1.jpg 800w\" sizes=\"auto, (max-width: 300px) 100vw, 300px\" \/><\/a> Les premiers lecteurs ont \u00e9t\u00e9 immortalis\u00e9s&#8230;<\/p>\n<p>Un panneau offert par le plan Interreg ( travail commun sur les ch\u00e2teaux forts rh\u00e9nans : Alsace\/Allemagne\/Suisse)\u00a0 et install\u00e9\u00a0 en ao\u00fbt 2025.<\/p>\n<p style=\"text-align: center;\"><a href=\"https:\/\/sauver-le-guirbaden.fr\/wp-content\/uploads\/2025\/10\/11.08.2025-FS-3.jpg\"><img loading=\"lazy\" decoding=\"async\" class=\"alignnone size-medium wp-image-8296\" src=\"https:\/\/sauver-le-guirbaden.fr\/wp-content\/uploads\/2025\/10\/11.08.2025-FS-3-300x225.jpg\" alt=\"\" width=\"300\" height=\"225\" srcset=\"https:\/\/sauver-le-guirbaden.fr\/wp-content\/uploads\/2025\/10\/11.08.2025-FS-3-300x225.jpg 300w, https:\/\/sauver-le-guirbaden.fr\/wp-content\/uploads\/2025\/10\/11.08.2025-FS-3-768x576.jpg 768w, https:\/\/sauver-le-guirbaden.fr\/wp-content\/uploads\/2025\/10\/11.08.2025-FS-3-600x450.jpg 600w, https:\/\/sauver-le-guirbaden.fr\/wp-content\/uploads\/2025\/10\/11.08.2025-FS-3.jpg 800w\" sizes=\"auto, (max-width: 300px) 100vw, 300px\" \/><\/a><\/p>\n","protected":false},"excerpt":{"rendered":"<p>Deux panneaux avec des informations concernant l&#8217;histoire du ch\u00e2teau, le travail des b\u00e9n\u00e9voles et d&#8217;autres informations utiles ont \u00e9t\u00e9 install\u00e9s sur le site en mars 2021. Les premiers lecteurs ont \u00e9t\u00e9 immortalis\u00e9s&#8230; Un panneau offert par le plan Interreg ( travail commun sur les ch\u00e2teaux forts rh\u00e9nans : Alsace\/Allemagne\/Suisse)\u00a0 et install\u00e9\u00a0 en ao\u00fbt 2025.<\/p>\n","protected":false},"author":2,"featured_media":0,"parent":0,"menu_order":0,"comment_status":"closed","ping_status":"closed","template":"","meta":{"footnotes":""},"class_list":["post-7360","page","type-page","status-publish","hentry"],"_links":{"self":[{"href":"https:\/\/www.sauver-le-guirbaden.fr\/index.php\/wp-json\/wp\/v2\/pages\/7360","targetHints":{"allow":["GET"]}}],"collection":[{"href":"https:\/\/www.sauver-le-guirbaden.fr\/index.php\/wp-json\/wp\/v2\/pages"}],"about":[{"href":"https:\/\/www.sauver-le-guirbaden.fr\/index.php\/wp-json\/wp\/v2\/types\/page"}],"author":[{"embeddable":true,"href":"https:\/\/www.sauver-le-guirbaden.fr\/index.php\/wp-json\/wp\/v2\/users\/2"}],"replies":[{"embeddable":true,"href":"https:\/\/www.sauver-le-guirbaden.fr\/index.php\/wp-json\/wp\/v2\/comments?post=7360"}],"version-history":[{"count":3,"href":"https:\/\/www.sauver-le-guirbaden.fr\/index.php\/wp-json\/wp\/v2\/pages\/7360\/revisions"}],"predecessor-version":[{"id":8344,"href":"https:\/\/www.sauver-le-guirbaden.fr\/index.php\/wp-json\/wp\/v2\/pages\/7360\/revisions\/8344"}],"wp:attachment":[{"href":"https:\/\/www.sauver-le-guirbaden.fr\/index.php\/wp-json\/wp\/v2\/media?parent=7360"}],"curies":[{"name":"wp","href":"https:\/\/api.w.org\/{rel}","templated":true}]}}