{"id":7370,"date":"2023-01-16T21:52:26","date_gmt":"2023-01-16T20:52:26","guid":{"rendered":"https:\/\/www.sauver-le-guirbaden.fr\/?page_id=7370"},"modified":"2023-01-16T21:52:26","modified_gmt":"2023-01-16T20:52:26","slug":"un-chemin-dacces-nord","status":"publish","type":"page","link":"https:\/\/www.sauver-le-guirbaden.fr\/index.php\/un-chemin-dacces-nord\/","title":{"rendered":"Un chemin d&#8217;acc\u00e8s Nord"},"content":{"rendered":"<p>En 2015, sous la demande de la Conservation R\u00e9gionale des Monuments Historiques, le propri\u00e9taire du ch\u00e2teau a \u00e9t\u00e9 contraint de fermer l&#8217;acc\u00e8s \u00e0 certaines zones du site par des grilles vu le dangerosit\u00e9 du donjon qui menace de tomber.<\/p>\n<p><a href=\"https:\/\/sauver-le-guirbaden.fr\/wp-content\/uploads\/2015\/11\/15.06.2015-4-e1448697209269.jpg\" target=\"_blank\" rel=\"noopener\"><img loading=\"lazy\" decoding=\"async\" class=\"alignnone wp-image-1016 size-medium\" src=\"https:\/\/sauver-le-guirbaden.fr\/wp-content\/uploads\/2015\/11\/15.06.2015-4-300x225.jpg\" alt=\"\" width=\"300\" height=\"225\" \/><\/a> <a href=\"https:\/\/sauver-le-guirbaden.fr\/wp-content\/uploads\/2015\/11\/13.06.2015-4-e1448697245865.jpg\" target=\"_blank\" rel=\"noopener\"><img loading=\"lazy\" decoding=\"async\" class=\"alignnone wp-image-1013 size-medium\" src=\"https:\/\/sauver-le-guirbaden.fr\/wp-content\/uploads\/2015\/11\/13.06.2015-4-300x225.jpg\" alt=\"\" width=\"300\" height=\"225\" \/><\/a><\/p>\n<p>Pour permettre aux visiteurs de monter dans la cour castrale et de pouvoir visiter le palas et les communs, les b\u00e9n\u00e9voles ont r\u00e9alis\u00e9 un chemin dans la pente Nord en ao\u00fbt 2017.<\/p>\n<p><a href=\"https:\/\/sauver-le-guirbaden.fr\/wp-content\/uploads\/2017\/08\/12-24.08.2017-16.jpg\" target=\"_blank\" rel=\"noopener\"><img loading=\"lazy\" decoding=\"async\" class=\"alignnone wp-image-2837 size-medium\" src=\"https:\/\/sauver-le-guirbaden.fr\/wp-content\/uploads\/2017\/08\/12-24.08.2017-16-169x300.jpg\" alt=\"\" width=\"169\" height=\"300\" srcset=\"https:\/\/sauver-le-guirbaden.fr\/wp-content\/uploads\/2017\/08\/12-24.08.2017-16-169x300.jpg 169w, https:\/\/sauver-le-guirbaden.fr\/wp-content\/uploads\/2017\/08\/12-24.08.2017-16.jpg 450w\" sizes=\"auto, (max-width: 169px) 100vw, 169px\" \/><\/a>  <a href=\"https:\/\/sauver-le-guirbaden.fr\/wp-content\/uploads\/2017\/08\/14-24.08.2017-19.jpg\" target=\"_blank\" rel=\"noopener\"><img loading=\"lazy\" decoding=\"async\" class=\"alignnone wp-image-2839 size-medium\" src=\"https:\/\/sauver-le-guirbaden.fr\/wp-content\/uploads\/2017\/08\/14-24.08.2017-19-169x300.jpg\" alt=\"\" width=\"169\" height=\"300\" srcset=\"https:\/\/sauver-le-guirbaden.fr\/wp-content\/uploads\/2017\/08\/14-24.08.2017-19-169x300.jpg 169w, https:\/\/sauver-le-guirbaden.fr\/wp-content\/uploads\/2017\/08\/14-24.08.2017-19.jpg 450w\" sizes=\"auto, (max-width: 169px) 100vw, 169px\" \/><\/a> <a href=\"https:\/\/sauver-le-guirbaden.fr\/wp-content\/uploads\/2017\/08\/06-22.08.2017-2.jpg\" target=\"_blank\" rel=\"noopener\"><img loading=\"lazy\" decoding=\"async\" class=\"alignnone wp-image-2831 size-medium\" src=\"https:\/\/sauver-le-guirbaden.fr\/wp-content\/uploads\/2017\/08\/06-22.08.2017-2-300x169.jpg\" alt=\"\" width=\"300\" height=\"169\" srcset=\"https:\/\/sauver-le-guirbaden.fr\/wp-content\/uploads\/2017\/08\/06-22.08.2017-2-300x169.jpg 300w, https:\/\/sauver-le-guirbaden.fr\/wp-content\/uploads\/2017\/08\/06-22.08.2017-2-768x432.jpg 768w, https:\/\/sauver-le-guirbaden.fr\/wp-content\/uploads\/2017\/08\/06-22.08.2017-2-600x338.jpg 600w, https:\/\/sauver-le-guirbaden.fr\/wp-content\/uploads\/2017\/08\/06-22.08.2017-2.jpg 800w\" sizes=\"auto, (max-width: 300px) 100vw, 300px\" \/><\/a><a href=\"https:\/\/sauver-le-guirbaden.fr\/wp-content\/uploads\/2017\/08\/02-24.08.2017-28.jpg\" target=\"_blank\" rel=\"noopener\"><img loading=\"lazy\" decoding=\"async\" class=\"alignnone wp-image-2827 size-medium\" src=\"https:\/\/sauver-le-guirbaden.fr\/wp-content\/uploads\/2017\/08\/02-24.08.2017-28-300x169.jpg\" alt=\"\" width=\"300\" height=\"169\" srcset=\"https:\/\/sauver-le-guirbaden.fr\/wp-content\/uploads\/2017\/08\/02-24.08.2017-28-300x169.jpg 300w, https:\/\/sauver-le-guirbaden.fr\/wp-content\/uploads\/2017\/08\/02-24.08.2017-28-768x432.jpg 768w, https:\/\/sauver-le-guirbaden.fr\/wp-content\/uploads\/2017\/08\/02-24.08.2017-28-600x338.jpg 600w, https:\/\/sauver-le-guirbaden.fr\/wp-content\/uploads\/2017\/08\/02-24.08.2017-28.jpg 800w\" sizes=\"auto, (max-width: 300px) 100vw, 300px\" \/><\/a><\/p>\n<p>Les d\u00e9ambulations autoris\u00e9es sont d\u00e9crites sur le plan situ\u00e9 dans les panneaux d&#8217;information.<\/p>\n","protected":false},"excerpt":{"rendered":"<p>En 2015, sous la demande de la Conservation R\u00e9gionale des Monuments Historiques, le propri\u00e9taire du ch\u00e2teau a \u00e9t\u00e9 contraint de fermer l&#8217;acc\u00e8s \u00e0 certaines zones du site par des grilles vu le dangerosit\u00e9 du donjon qui menace de tomber. Pour permettre aux visiteurs de monter dans la cour castrale et de pouvoir visiter le palas &hellip; <a href=\"https:\/\/www.sauver-le-guirbaden.fr\/index.php\/un-chemin-dacces-nord\/\" class=\"more-link\">Continuer la lecture de <span class=\"screen-reader-text\">Un chemin d&#8217;acc\u00e8s Nord<\/span> <span class=\"meta-nav\">&rarr;<\/span><\/a><\/p>\n","protected":false},"author":2,"featured_media":0,"parent":0,"menu_order":0,"comment_status":"closed","ping_status":"closed","template":"","meta":{"footnotes":""},"class_list":["post-7370","page","type-page","status-publish","hentry"],"_links":{"self":[{"href":"https:\/\/www.sauver-le-guirbaden.fr\/index.php\/wp-json\/wp\/v2\/pages\/7370","targetHints":{"allow":["GET"]}}],"collection":[{"href":"https:\/\/www.sauver-le-guirbaden.fr\/index.php\/wp-json\/wp\/v2\/pages"}],"about":[{"href":"https:\/\/www.sauver-le-guirbaden.fr\/index.php\/wp-json\/wp\/v2\/types\/page"}],"author":[{"embeddable":true,"href":"https:\/\/www.sauver-le-guirbaden.fr\/index.php\/wp-json\/wp\/v2\/users\/2"}],"replies":[{"embeddable":true,"href":"https:\/\/www.sauver-le-guirbaden.fr\/index.php\/wp-json\/wp\/v2\/comments?post=7370"}],"version-history":[{"count":1,"href":"https:\/\/www.sauver-le-guirbaden.fr\/index.php\/wp-json\/wp\/v2\/pages\/7370\/revisions"}],"predecessor-version":[{"id":7372,"href":"https:\/\/www.sauver-le-guirbaden.fr\/index.php\/wp-json\/wp\/v2\/pages\/7370\/revisions\/7372"}],"wp:attachment":[{"href":"https:\/\/www.sauver-le-guirbaden.fr\/index.php\/wp-json\/wp\/v2\/media?parent=7370"}],"curies":[{"name":"wp","href":"https:\/\/api.w.org\/{rel}","templated":true}]}}