{"id":7867,"date":"2023-10-22T00:31:42","date_gmt":"2023-10-21T22:31:42","guid":{"rendered":"https:\/\/www.sauver-le-guirbaden.fr\/?page_id=7867"},"modified":"2023-10-22T01:14:49","modified_gmt":"2023-10-21T23:14:49","slug":"autres-animations-2023","status":"publish","type":"page","link":"https:\/\/www.sauver-le-guirbaden.fr\/index.php\/autres-animations-2023\/","title":{"rendered":"Autres animations 2023"},"content":{"rendered":"<p>Atelier cr\u00e9atif en juin 2023: calligraphie au calame<\/p>\n<p><a href=\"https:\/\/sauver-le-guirbaden.fr\/wp-content\/uploads\/2023\/05\/affiche-calligraphie-11-juin-2023-r.jpg\" target=\"_blank\" rel=\"noopener\"><img loading=\"lazy\" decoding=\"async\" class=\"alignnone wp-image-7567 size-medium\" src=\"https:\/\/sauver-le-guirbaden.fr\/wp-content\/uploads\/2023\/05\/affiche-calligraphie-11-juin-2023-r-212x300.jpg\" alt=\"\" width=\"212\" height=\"300\" srcset=\"https:\/\/sauver-le-guirbaden.fr\/wp-content\/uploads\/2023\/05\/affiche-calligraphie-11-juin-2023-r-212x300.jpg 212w, https:\/\/sauver-le-guirbaden.fr\/wp-content\/uploads\/2023\/05\/affiche-calligraphie-11-juin-2023-r.jpg 565w\" sizes=\"auto, (max-width: 212px) 100vw, 212px\" \/><\/a> <a href=\"https:\/\/sauver-le-guirbaden.fr\/wp-content\/uploads\/2023\/06\/11.06.2023-FS-2.jpg\" target=\"_blank\" rel=\"noopener\"><img loading=\"lazy\" decoding=\"async\" class=\"alignnone wp-image-7643 size-medium\" src=\"https:\/\/sauver-le-guirbaden.fr\/wp-content\/uploads\/2023\/06\/11.06.2023-FS-2-300x225.jpg\" alt=\"\" width=\"300\" height=\"225\" srcset=\"https:\/\/sauver-le-guirbaden.fr\/wp-content\/uploads\/2023\/06\/11.06.2023-FS-2-300x225.jpg 300w, https:\/\/sauver-le-guirbaden.fr\/wp-content\/uploads\/2023\/06\/11.06.2023-FS-2-768x576.jpg 768w, https:\/\/sauver-le-guirbaden.fr\/wp-content\/uploads\/2023\/06\/11.06.2023-FS-2-600x450.jpg 600w, https:\/\/sauver-le-guirbaden.fr\/wp-content\/uploads\/2023\/06\/11.06.2023-FS-2.jpg 800w\" sizes=\"auto, (max-width: 300px) 100vw, 300px\" \/><\/a><\/p>\n<p><a href=\"https:\/\/sauver-le-guirbaden.fr\/wp-content\/uploads\/2023\/06\/11.06.2023-FS-4.jpg\" target=\"_blank\" rel=\"noopener\"><img loading=\"lazy\" decoding=\"async\" class=\"alignnone wp-image-7644 size-medium\" src=\"https:\/\/sauver-le-guirbaden.fr\/wp-content\/uploads\/2023\/06\/11.06.2023-FS-4-300x225.jpg\" alt=\"\" width=\"300\" height=\"225\" srcset=\"https:\/\/sauver-le-guirbaden.fr\/wp-content\/uploads\/2023\/06\/11.06.2023-FS-4-300x225.jpg 300w, https:\/\/sauver-le-guirbaden.fr\/wp-content\/uploads\/2023\/06\/11.06.2023-FS-4-768x576.jpg 768w, https:\/\/sauver-le-guirbaden.fr\/wp-content\/uploads\/2023\/06\/11.06.2023-FS-4-600x450.jpg 600w, https:\/\/sauver-le-guirbaden.fr\/wp-content\/uploads\/2023\/06\/11.06.2023-FS-4.jpg 800w\" sizes=\"auto, (max-width: 300px) 100vw, 300px\" \/><\/a><\/p>\n<p>Atelier cr\u00e9atif en ao\u00fbt 2023: tissage au peigne<\/p>\n<p><a href=\"https:\/\/sauver-le-guirbaden.fr\/wp-content\/uploads\/2023\/07\/affiche-tissage-au-peigne-27-aout-2023r.jpg\" target=\"_blank\" rel=\"noopener\"><img loading=\"lazy\" decoding=\"async\" class=\"alignnone wp-image-7726 size-medium\" src=\"https:\/\/sauver-le-guirbaden.fr\/wp-content\/uploads\/2023\/07\/affiche-tissage-au-peigne-27-aout-2023r-212x300.jpg\" alt=\"\" width=\"212\" height=\"300\" srcset=\"https:\/\/sauver-le-guirbaden.fr\/wp-content\/uploads\/2023\/07\/affiche-tissage-au-peigne-27-aout-2023r-212x300.jpg 212w, https:\/\/sauver-le-guirbaden.fr\/wp-content\/uploads\/2023\/07\/affiche-tissage-au-peigne-27-aout-2023r.jpg 565w\" sizes=\"auto, (max-width: 212px) 100vw, 212px\" \/><\/a> <a href=\"https:\/\/sauver-le-guirbaden.fr\/wp-content\/uploads\/2023\/08\/27.08.2023-KREISEL-Hedwig-8.jpg\" target=\"_blank\" rel=\"noopener\"><img loading=\"lazy\" decoding=\"async\" class=\"alignnone wp-image-7782 size-medium\" src=\"https:\/\/sauver-le-guirbaden.fr\/wp-content\/uploads\/2023\/08\/27.08.2023-KREISEL-Hedwig-8-300x135.jpg\" alt=\"\" width=\"300\" height=\"135\" srcset=\"https:\/\/sauver-le-guirbaden.fr\/wp-content\/uploads\/2023\/08\/27.08.2023-KREISEL-Hedwig-8-300x135.jpg 300w, https:\/\/sauver-le-guirbaden.fr\/wp-content\/uploads\/2023\/08\/27.08.2023-KREISEL-Hedwig-8-768x345.jpg 768w, https:\/\/sauver-le-guirbaden.fr\/wp-content\/uploads\/2023\/08\/27.08.2023-KREISEL-Hedwig-8-600x269.jpg 600w, https:\/\/sauver-le-guirbaden.fr\/wp-content\/uploads\/2023\/08\/27.08.2023-KREISEL-Hedwig-8-604x270.jpg 604w, https:\/\/sauver-le-guirbaden.fr\/wp-content\/uploads\/2023\/08\/27.08.2023-KREISEL-Hedwig-8.jpg 800w\" sizes=\"auto, (max-width: 300px) 100vw, 300px\" \/><\/a><\/p>\n<p><a href=\"https:\/\/sauver-le-guirbaden.fr\/wp-content\/uploads\/2023\/08\/27.08.2023-FS-17.jpg\" target=\"_blank\" rel=\"noopener\"><img loading=\"lazy\" decoding=\"async\" class=\"alignnone wp-image-7779 size-medium\" src=\"https:\/\/sauver-le-guirbaden.fr\/wp-content\/uploads\/2023\/08\/27.08.2023-FS-17-300x225.jpg\" alt=\"\" width=\"300\" height=\"225\" srcset=\"https:\/\/sauver-le-guirbaden.fr\/wp-content\/uploads\/2023\/08\/27.08.2023-FS-17-300x225.jpg 300w, https:\/\/sauver-le-guirbaden.fr\/wp-content\/uploads\/2023\/08\/27.08.2023-FS-17-768x576.jpg 768w, https:\/\/sauver-le-guirbaden.fr\/wp-content\/uploads\/2023\/08\/27.08.2023-FS-17-600x450.jpg 600w, https:\/\/sauver-le-guirbaden.fr\/wp-content\/uploads\/2023\/08\/27.08.2023-FS-17.jpg 800w\" sizes=\"auto, (max-width: 300px) 100vw, 300px\" \/><\/a> <a href=\"https:\/\/sauver-le-guirbaden.fr\/wp-content\/uploads\/2023\/08\/27.08.2023-FS-8.jpg\" target=\"_blank\" rel=\"noopener\"><img loading=\"lazy\" decoding=\"async\" class=\"alignnone wp-image-7777 size-medium\" src=\"https:\/\/sauver-le-guirbaden.fr\/wp-content\/uploads\/2023\/08\/27.08.2023-FS-8-300x225.jpg\" alt=\"\" width=\"300\" height=\"225\" srcset=\"https:\/\/sauver-le-guirbaden.fr\/wp-content\/uploads\/2023\/08\/27.08.2023-FS-8-300x225.jpg 300w, https:\/\/sauver-le-guirbaden.fr\/wp-content\/uploads\/2023\/08\/27.08.2023-FS-8-768x576.jpg 768w, https:\/\/sauver-le-guirbaden.fr\/wp-content\/uploads\/2023\/08\/27.08.2023-FS-8-600x450.jpg 600w, https:\/\/sauver-le-guirbaden.fr\/wp-content\/uploads\/2023\/08\/27.08.2023-FS-8.jpg 800w\" sizes=\"auto, (max-width: 300px) 100vw, 300px\" \/><\/a><\/p>\n<p><a href=\"https:\/\/sauver-le-guirbaden.fr\/wp-content\/uploads\/2023\/08\/27.08.2023-FS-5.jpg\" target=\"_blank\" rel=\"noopener\"><img loading=\"lazy\" decoding=\"async\" class=\"alignnone wp-image-7776 size-medium\" src=\"https:\/\/sauver-le-guirbaden.fr\/wp-content\/uploads\/2023\/08\/27.08.2023-FS-5-300x225.jpg\" alt=\"\" width=\"300\" height=\"225\" srcset=\"https:\/\/sauver-le-guirbaden.fr\/wp-content\/uploads\/2023\/08\/27.08.2023-FS-5-300x225.jpg 300w, https:\/\/sauver-le-guirbaden.fr\/wp-content\/uploads\/2023\/08\/27.08.2023-FS-5-768x576.jpg 768w, https:\/\/sauver-le-guirbaden.fr\/wp-content\/uploads\/2023\/08\/27.08.2023-FS-5-600x450.jpg 600w, https:\/\/sauver-le-guirbaden.fr\/wp-content\/uploads\/2023\/08\/27.08.2023-FS-5.jpg 800w\" sizes=\"auto, (max-width: 300px) 100vw, 300px\" \/><\/a> <a href=\"https:\/\/sauver-le-guirbaden.fr\/wp-content\/uploads\/2023\/08\/27.08.2023-KREISEL-Hedwig-5.jpg\" target=\"_blank\" rel=\"noopener\"><img loading=\"lazy\" decoding=\"async\" class=\"alignnone wp-image-7780 size-medium\" src=\"https:\/\/sauver-le-guirbaden.fr\/wp-content\/uploads\/2023\/08\/27.08.2023-KREISEL-Hedwig-5-300x135.jpg\" alt=\"\" width=\"300\" height=\"135\" srcset=\"https:\/\/sauver-le-guirbaden.fr\/wp-content\/uploads\/2023\/08\/27.08.2023-KREISEL-Hedwig-5-300x135.jpg 300w, https:\/\/sauver-le-guirbaden.fr\/wp-content\/uploads\/2023\/08\/27.08.2023-KREISEL-Hedwig-5-768x346.jpg 768w, https:\/\/sauver-le-guirbaden.fr\/wp-content\/uploads\/2023\/08\/27.08.2023-KREISEL-Hedwig-5-600x270.jpg 600w, https:\/\/sauver-le-guirbaden.fr\/wp-content\/uploads\/2023\/08\/27.08.2023-KREISEL-Hedwig-5-604x270.jpg 604w, https:\/\/sauver-le-guirbaden.fr\/wp-content\/uploads\/2023\/08\/27.08.2023-KREISEL-Hedwig-5.jpg 800w\" sizes=\"auto, (max-width: 300px) 100vw, 300px\" \/><\/a><\/p>\n","protected":false},"excerpt":{"rendered":"<p>Atelier cr\u00e9atif en juin 2023: calligraphie au calame Atelier cr\u00e9atif en ao\u00fbt 2023: tissage au peigne<\/p>\n","protected":false},"author":2,"featured_media":0,"parent":0,"menu_order":0,"comment_status":"closed","ping_status":"closed","template":"","meta":{"footnotes":""},"class_list":["post-7867","page","type-page","status-publish","hentry"],"_links":{"self":[{"href":"https:\/\/www.sauver-le-guirbaden.fr\/index.php\/wp-json\/wp\/v2\/pages\/7867","targetHints":{"allow":["GET"]}}],"collection":[{"href":"https:\/\/www.sauver-le-guirbaden.fr\/index.php\/wp-json\/wp\/v2\/pages"}],"about":[{"href":"https:\/\/www.sauver-le-guirbaden.fr\/index.php\/wp-json\/wp\/v2\/types\/page"}],"author":[{"embeddable":true,"href":"https:\/\/www.sauver-le-guirbaden.fr\/index.php\/wp-json\/wp\/v2\/users\/2"}],"replies":[{"embeddable":true,"href":"https:\/\/www.sauver-le-guirbaden.fr\/index.php\/wp-json\/wp\/v2\/comments?post=7867"}],"version-history":[{"count":3,"href":"https:\/\/www.sauver-le-guirbaden.fr\/index.php\/wp-json\/wp\/v2\/pages\/7867\/revisions"}],"predecessor-version":[{"id":7879,"href":"https:\/\/www.sauver-le-guirbaden.fr\/index.php\/wp-json\/wp\/v2\/pages\/7867\/revisions\/7879"}],"wp:attachment":[{"href":"https:\/\/www.sauver-le-guirbaden.fr\/index.php\/wp-json\/wp\/v2\/media?parent=7867"}],"curies":[{"name":"wp","href":"https:\/\/api.w.org\/{rel}","templated":true}]}}