{"id":7873,"date":"2023-10-22T00:40:20","date_gmt":"2023-10-21T22:40:20","guid":{"rendered":"https:\/\/www.sauver-le-guirbaden.fr\/?page_id=7873"},"modified":"2023-10-22T01:13:03","modified_gmt":"2023-10-21T23:13:03","slug":"travaux-2023","status":"publish","type":"page","link":"https:\/\/www.sauver-le-guirbaden.fr\/index.php\/travaux-2023\/","title":{"rendered":"Travaux 2023"},"content":{"rendered":"<p>Entretien du site toujours et encore &#8230;<\/p>\n<p><a href=\"https:\/\/sauver-le-guirbaden.fr\/wp-content\/uploads\/2023\/07\/03-07-2023-Photos-Jojo-1.jpg\" target=\"_blank\" rel=\"noopener\"><img loading=\"lazy\" decoding=\"async\" class=\"alignnone wp-image-7677 size-medium\" src=\"https:\/\/sauver-le-guirbaden.fr\/wp-content\/uploads\/2023\/07\/03-07-2023-Photos-Jojo-1-300x225.jpg\" alt=\"\" width=\"300\" height=\"225\" srcset=\"https:\/\/sauver-le-guirbaden.fr\/wp-content\/uploads\/2023\/07\/03-07-2023-Photos-Jojo-1-300x225.jpg 300w, https:\/\/sauver-le-guirbaden.fr\/wp-content\/uploads\/2023\/07\/03-07-2023-Photos-Jojo-1-768x576.jpg 768w, https:\/\/sauver-le-guirbaden.fr\/wp-content\/uploads\/2023\/07\/03-07-2023-Photos-Jojo-1-600x450.jpg 600w, https:\/\/sauver-le-guirbaden.fr\/wp-content\/uploads\/2023\/07\/03-07-2023-Photos-Jojo-1.jpg 800w\" sizes=\"auto, (max-width: 300px) 100vw, 300px\" \/><\/a> <a href=\"https:\/\/sauver-le-guirbaden.fr\/wp-content\/uploads\/2023\/06\/12.06.2023-FS-7.jpg\" target=\"_blank\" rel=\"noopener\"><img loading=\"lazy\" decoding=\"async\" class=\"alignnone wp-image-7624 size-medium\" src=\"https:\/\/sauver-le-guirbaden.fr\/wp-content\/uploads\/2023\/06\/12.06.2023-FS-7-300x225.jpg\" alt=\"\" width=\"300\" height=\"225\" srcset=\"https:\/\/sauver-le-guirbaden.fr\/wp-content\/uploads\/2023\/06\/12.06.2023-FS-7-300x225.jpg 300w, https:\/\/sauver-le-guirbaden.fr\/wp-content\/uploads\/2023\/06\/12.06.2023-FS-7-768x576.jpg 768w, https:\/\/sauver-le-guirbaden.fr\/wp-content\/uploads\/2023\/06\/12.06.2023-FS-7-600x450.jpg 600w, https:\/\/sauver-le-guirbaden.fr\/wp-content\/uploads\/2023\/06\/12.06.2023-FS-7.jpg 800w\" sizes=\"auto, (max-width: 300px) 100vw, 300px\" \/><\/a><\/p>\n<p>Remontage de l&#8217;\u00e9boulis du mur Nord: photos avant et apr\u00e8s remontage<\/p>\n<p><a href=\"https:\/\/sauver-le-guirbaden.fr\/wp-content\/uploads\/2023\/09\/16.05.2022-FRANCK-Martine-2r.jpg\" target=\"_blank\" rel=\"noopener\"><img loading=\"lazy\" decoding=\"async\" class=\"alignnone wp-image-7857 size-medium\" src=\"https:\/\/sauver-le-guirbaden.fr\/wp-content\/uploads\/2023\/09\/16.05.2022-FRANCK-Martine-2r-300x169.jpg\" alt=\"\" width=\"300\" height=\"169\" srcset=\"https:\/\/sauver-le-guirbaden.fr\/wp-content\/uploads\/2023\/09\/16.05.2022-FRANCK-Martine-2r-300x169.jpg 300w, https:\/\/sauver-le-guirbaden.fr\/wp-content\/uploads\/2023\/09\/16.05.2022-FRANCK-Martine-2r-768x432.jpg 768w, https:\/\/sauver-le-guirbaden.fr\/wp-content\/uploads\/2023\/09\/16.05.2022-FRANCK-Martine-2r-600x338.jpg 600w, https:\/\/sauver-le-guirbaden.fr\/wp-content\/uploads\/2023\/09\/16.05.2022-FRANCK-Martine-2r.jpg 800w\" sizes=\"auto, (max-width: 300px) 100vw, 300px\" \/><\/a> <a href=\"https:\/\/sauver-le-guirbaden.fr\/wp-content\/uploads\/2023\/09\/25.09.2023-HAETTEL-Genevieve-6.jpg\" target=\"_blank\" rel=\"noopener\"><img loading=\"lazy\" decoding=\"async\" class=\"alignnone wp-image-7850 size-medium\" src=\"https:\/\/sauver-le-guirbaden.fr\/wp-content\/uploads\/2023\/09\/25.09.2023-HAETTEL-Genevieve-6-300x225.jpg\" alt=\"\" width=\"300\" height=\"225\" srcset=\"https:\/\/sauver-le-guirbaden.fr\/wp-content\/uploads\/2023\/09\/25.09.2023-HAETTEL-Genevieve-6-300x225.jpg 300w, https:\/\/sauver-le-guirbaden.fr\/wp-content\/uploads\/2023\/09\/25.09.2023-HAETTEL-Genevieve-6-768x576.jpg 768w, https:\/\/sauver-le-guirbaden.fr\/wp-content\/uploads\/2023\/09\/25.09.2023-HAETTEL-Genevieve-6-600x450.jpg 600w, https:\/\/sauver-le-guirbaden.fr\/wp-content\/uploads\/2023\/09\/25.09.2023-HAETTEL-Genevieve-6.jpg 800w\" sizes=\"auto, (max-width: 300px) 100vw, 300px\" \/><\/a><\/p>\n<p><a href=\"https:\/\/sauver-le-guirbaden.fr\/wp-content\/uploads\/2023\/09\/16.05.2022-FRANCK-Martine-1r.jpg\" target=\"_blank\" rel=\"noopener\"><img loading=\"lazy\" decoding=\"async\" class=\"alignnone wp-image-7856 size-medium\" src=\"https:\/\/sauver-le-guirbaden.fr\/wp-content\/uploads\/2023\/09\/16.05.2022-FRANCK-Martine-1r-300x169.jpg\" alt=\"\" width=\"300\" height=\"169\" srcset=\"https:\/\/sauver-le-guirbaden.fr\/wp-content\/uploads\/2023\/09\/16.05.2022-FRANCK-Martine-1r-300x169.jpg 300w, https:\/\/sauver-le-guirbaden.fr\/wp-content\/uploads\/2023\/09\/16.05.2022-FRANCK-Martine-1r-768x432.jpg 768w, https:\/\/sauver-le-guirbaden.fr\/wp-content\/uploads\/2023\/09\/16.05.2022-FRANCK-Martine-1r-600x338.jpg 600w, https:\/\/sauver-le-guirbaden.fr\/wp-content\/uploads\/2023\/09\/16.05.2022-FRANCK-Martine-1r.jpg 800w\" sizes=\"auto, (max-width: 300px) 100vw, 300px\" \/><\/a> <a href=\"https:\/\/sauver-le-guirbaden.fr\/wp-content\/uploads\/2023\/09\/SEPT-2023-REINBOLD-Christophe-12.jpg\" target=\"_blank\" rel=\"noopener\"><img loading=\"lazy\" decoding=\"async\" class=\"alignnone wp-image-7841 size-medium\" src=\"https:\/\/sauver-le-guirbaden.fr\/wp-content\/uploads\/2023\/09\/SEPT-2023-REINBOLD-Christophe-12-300x200.jpg\" alt=\"\" width=\"300\" height=\"200\" srcset=\"https:\/\/sauver-le-guirbaden.fr\/wp-content\/uploads\/2023\/09\/SEPT-2023-REINBOLD-Christophe-12-300x200.jpg 300w, https:\/\/sauver-le-guirbaden.fr\/wp-content\/uploads\/2023\/09\/SEPT-2023-REINBOLD-Christophe-12-768x512.jpg 768w, https:\/\/sauver-le-guirbaden.fr\/wp-content\/uploads\/2023\/09\/SEPT-2023-REINBOLD-Christophe-12-600x400.jpg 600w, https:\/\/sauver-le-guirbaden.fr\/wp-content\/uploads\/2023\/09\/SEPT-2023-REINBOLD-Christophe-12.jpg 800w\" sizes=\"auto, (max-width: 300px) 100vw, 300px\" \/><\/a><\/p>\n<p><a href=\"https:\/\/sauver-le-guirbaden.fr\/wp-content\/uploads\/2023\/04\/24.04.2023-HAETTEL-Genevieve-12.jpg\" target=\"_blank\" rel=\"noopener\"><img loading=\"lazy\" decoding=\"async\" class=\"alignnone wp-image-7519 size-medium\" src=\"https:\/\/sauver-le-guirbaden.fr\/wp-content\/uploads\/2023\/04\/24.04.2023-HAETTEL-Genevieve-12-300x225.jpg\" alt=\"\" width=\"300\" height=\"225\" srcset=\"https:\/\/sauver-le-guirbaden.fr\/wp-content\/uploads\/2023\/04\/24.04.2023-HAETTEL-Genevieve-12-300x225.jpg 300w, https:\/\/sauver-le-guirbaden.fr\/wp-content\/uploads\/2023\/04\/24.04.2023-HAETTEL-Genevieve-12-768x576.jpg 768w, https:\/\/sauver-le-guirbaden.fr\/wp-content\/uploads\/2023\/04\/24.04.2023-HAETTEL-Genevieve-12-600x450.jpg 600w, https:\/\/sauver-le-guirbaden.fr\/wp-content\/uploads\/2023\/04\/24.04.2023-HAETTEL-Genevieve-12.jpg 800w\" sizes=\"auto, (max-width: 300px) 100vw, 300px\" \/><\/a> <a href=\"https:\/\/sauver-le-guirbaden.fr\/wp-content\/uploads\/2023\/06\/26.06.2023-FS-6.jpg\" target=\"_blank\" rel=\"noopener\"><img loading=\"lazy\" decoding=\"async\" class=\"alignnone wp-image-7641 size-medium\" src=\"https:\/\/sauver-le-guirbaden.fr\/wp-content\/uploads\/2023\/06\/26.06.2023-FS-6-300x225.jpg\" alt=\"\" width=\"300\" height=\"225\" srcset=\"https:\/\/sauver-le-guirbaden.fr\/wp-content\/uploads\/2023\/06\/26.06.2023-FS-6-300x225.jpg 300w, https:\/\/sauver-le-guirbaden.fr\/wp-content\/uploads\/2023\/06\/26.06.2023-FS-6-768x576.jpg 768w, https:\/\/sauver-le-guirbaden.fr\/wp-content\/uploads\/2023\/06\/26.06.2023-FS-6-600x450.jpg 600w, https:\/\/sauver-le-guirbaden.fr\/wp-content\/uploads\/2023\/06\/26.06.2023-FS-6.jpg 800w\" sizes=\"auto, (max-width: 300px) 100vw, 300px\" \/><\/a><\/p>\n<p><a href=\"https:\/\/sauver-le-guirbaden.fr\/wp-content\/uploads\/2023\/07\/17.07.2023-REINBOLD-Christophe-12.jpg\" target=\"_blank\" rel=\"noopener\"><img loading=\"lazy\" decoding=\"async\" class=\"alignnone wp-image-7693 size-medium\" src=\"https:\/\/sauver-le-guirbaden.fr\/wp-content\/uploads\/2023\/07\/17.07.2023-REINBOLD-Christophe-12-300x200.jpg\" alt=\"\" width=\"300\" height=\"200\" srcset=\"https:\/\/sauver-le-guirbaden.fr\/wp-content\/uploads\/2023\/07\/17.07.2023-REINBOLD-Christophe-12-300x200.jpg 300w, https:\/\/sauver-le-guirbaden.fr\/wp-content\/uploads\/2023\/07\/17.07.2023-REINBOLD-Christophe-12-768x512.jpg 768w, https:\/\/sauver-le-guirbaden.fr\/wp-content\/uploads\/2023\/07\/17.07.2023-REINBOLD-Christophe-12-600x400.jpg 600w, https:\/\/sauver-le-guirbaden.fr\/wp-content\/uploads\/2023\/07\/17.07.2023-REINBOLD-Christophe-12.jpg 800w\" sizes=\"auto, (max-width: 300px) 100vw, 300px\" \/><\/a> <a href=\"https:\/\/sauver-le-guirbaden.fr\/wp-content\/uploads\/2023\/09\/18.09.2023-HAETTEL-Genevieve-3.jpg\" target=\"_blank\" rel=\"noopener\"><img loading=\"lazy\" decoding=\"async\" class=\"alignnone wp-image-7834 size-medium\" src=\"https:\/\/sauver-le-guirbaden.fr\/wp-content\/uploads\/2023\/09\/18.09.2023-HAETTEL-Genevieve-3-225x300.jpg\" alt=\"\" width=\"225\" height=\"300\" srcset=\"https:\/\/sauver-le-guirbaden.fr\/wp-content\/uploads\/2023\/09\/18.09.2023-HAETTEL-Genevieve-3-225x300.jpg 225w, https:\/\/sauver-le-guirbaden.fr\/wp-content\/uploads\/2023\/09\/18.09.2023-HAETTEL-Genevieve-3.jpg 600w\" sizes=\"auto, (max-width: 225px) 100vw, 225px\" \/><\/a><\/p>\n<p>Remontage et consolidation du mur sud des communs<\/p>\n<p><a href=\"https:\/\/sauver-le-guirbaden.fr\/wp-content\/uploads\/2023\/05\/05.05.2023-Fs-11.jpg\" target=\"_blank\" rel=\"noopener\"><img loading=\"lazy\" decoding=\"async\" class=\"alignnone wp-image-7585 size-medium\" src=\"https:\/\/sauver-le-guirbaden.fr\/wp-content\/uploads\/2023\/05\/05.05.2023-Fs-11-300x225.jpg\" alt=\"\" width=\"300\" height=\"225\" srcset=\"https:\/\/sauver-le-guirbaden.fr\/wp-content\/uploads\/2023\/05\/05.05.2023-Fs-11-300x225.jpg 300w, https:\/\/sauver-le-guirbaden.fr\/wp-content\/uploads\/2023\/05\/05.05.2023-Fs-11-768x576.jpg 768w, https:\/\/sauver-le-guirbaden.fr\/wp-content\/uploads\/2023\/05\/05.05.2023-Fs-11-600x450.jpg 600w, https:\/\/sauver-le-guirbaden.fr\/wp-content\/uploads\/2023\/05\/05.05.2023-Fs-11.jpg 800w\" sizes=\"auto, (max-width: 300px) 100vw, 300px\" \/><\/a><a href=\"https:\/\/sauver-le-guirbaden.fr\/wp-content\/uploads\/2023\/07\/17.07.2023-REINBOLD-Christophe-28.jpg\" target=\"_blank\" rel=\"noopener\"><img loading=\"lazy\" decoding=\"async\" class=\"alignnone wp-image-7696 size-medium\" src=\"https:\/\/sauver-le-guirbaden.fr\/wp-content\/uploads\/2023\/07\/17.07.2023-REINBOLD-Christophe-28-300x200.jpg\" alt=\"\" width=\"300\" height=\"200\" srcset=\"https:\/\/sauver-le-guirbaden.fr\/wp-content\/uploads\/2023\/07\/17.07.2023-REINBOLD-Christophe-28-300x200.jpg 300w, https:\/\/sauver-le-guirbaden.fr\/wp-content\/uploads\/2023\/07\/17.07.2023-REINBOLD-Christophe-28-768x512.jpg 768w, https:\/\/sauver-le-guirbaden.fr\/wp-content\/uploads\/2023\/07\/17.07.2023-REINBOLD-Christophe-28-600x400.jpg 600w, https:\/\/sauver-le-guirbaden.fr\/wp-content\/uploads\/2023\/07\/17.07.2023-REINBOLD-Christophe-28.jpg 800w\" sizes=\"auto, (max-width: 300px) 100vw, 300px\" \/><\/a><\/p>\n<p><a href=\"https:\/\/sauver-le-guirbaden.fr\/wp-content\/uploads\/2023\/06\/05.06.2023-Genevieve-HAETTEL-6.jpg\" target=\"_blank\" rel=\"noopener\"><img loading=\"lazy\" decoding=\"async\" class=\"alignnone wp-image-7621 size-medium\" src=\"https:\/\/sauver-le-guirbaden.fr\/wp-content\/uploads\/2023\/06\/05.06.2023-Genevieve-HAETTEL-6-300x225.jpg\" alt=\"\" width=\"300\" height=\"225\" srcset=\"https:\/\/sauver-le-guirbaden.fr\/wp-content\/uploads\/2023\/06\/05.06.2023-Genevieve-HAETTEL-6-300x225.jpg 300w, https:\/\/sauver-le-guirbaden.fr\/wp-content\/uploads\/2023\/06\/05.06.2023-Genevieve-HAETTEL-6-768x576.jpg 768w, https:\/\/sauver-le-guirbaden.fr\/wp-content\/uploads\/2023\/06\/05.06.2023-Genevieve-HAETTEL-6-600x450.jpg 600w, https:\/\/sauver-le-guirbaden.fr\/wp-content\/uploads\/2023\/06\/05.06.2023-Genevieve-HAETTEL-6.jpg 800w\" sizes=\"auto, (max-width: 300px) 100vw, 300px\" \/><\/a> <a href=\"https:\/\/sauver-le-guirbaden.fr\/wp-content\/uploads\/2023\/08\/07.08.2023-REINBOLD-Christophe-8.jpg\" target=\"_blank\" rel=\"noopener\"><img loading=\"lazy\" decoding=\"async\" class=\"alignnone wp-image-7749 size-medium\" src=\"https:\/\/sauver-le-guirbaden.fr\/wp-content\/uploads\/2023\/08\/07.08.2023-REINBOLD-Christophe-8-300x226.jpg\" alt=\"\" width=\"300\" height=\"226\" srcset=\"https:\/\/sauver-le-guirbaden.fr\/wp-content\/uploads\/2023\/08\/07.08.2023-REINBOLD-Christophe-8-300x226.jpg 300w, https:\/\/sauver-le-guirbaden.fr\/wp-content\/uploads\/2023\/08\/07.08.2023-REINBOLD-Christophe-8-768x578.jpg 768w, https:\/\/sauver-le-guirbaden.fr\/wp-content\/uploads\/2023\/08\/07.08.2023-REINBOLD-Christophe-8-600x452.jpg 600w, https:\/\/sauver-le-guirbaden.fr\/wp-content\/uploads\/2023\/08\/07.08.2023-REINBOLD-Christophe-8.jpg 800w\" sizes=\"auto, (max-width: 300px) 100vw, 300px\" \/><\/a><\/p>\n<p>Poursuite de la ma\u00e7onnerie des communs mur Est<\/p>\n<p><a href=\"https:\/\/sauver-le-guirbaden.fr\/wp-content\/uploads\/2023\/05\/03.05.2023-HAETTEL-Genevieve-7.jpg\" target=\"_blank\" rel=\"noopener\"><img loading=\"lazy\" decoding=\"async\" class=\"alignnone wp-image-7580 size-medium\" src=\"https:\/\/sauver-le-guirbaden.fr\/wp-content\/uploads\/2023\/05\/03.05.2023-HAETTEL-Genevieve-7-300x225.jpg\" alt=\"\" width=\"300\" height=\"225\" srcset=\"https:\/\/sauver-le-guirbaden.fr\/wp-content\/uploads\/2023\/05\/03.05.2023-HAETTEL-Genevieve-7-300x225.jpg 300w, https:\/\/sauver-le-guirbaden.fr\/wp-content\/uploads\/2023\/05\/03.05.2023-HAETTEL-Genevieve-7-768x576.jpg 768w, https:\/\/sauver-le-guirbaden.fr\/wp-content\/uploads\/2023\/05\/03.05.2023-HAETTEL-Genevieve-7-600x450.jpg 600w, https:\/\/sauver-le-guirbaden.fr\/wp-content\/uploads\/2023\/05\/03.05.2023-HAETTEL-Genevieve-7.jpg 800w\" sizes=\"auto, (max-width: 300px) 100vw, 300px\" \/><\/a> <a href=\"https:\/\/sauver-le-guirbaden.fr\/wp-content\/uploads\/2023\/05\/20.05.2023-Martine-AESCHELMANN-1.jpg\" target=\"_blank\" rel=\"noopener\"><img loading=\"lazy\" decoding=\"async\" class=\"alignnone wp-image-7592 size-medium\" src=\"https:\/\/sauver-le-guirbaden.fr\/wp-content\/uploads\/2023\/05\/20.05.2023-Martine-AESCHELMANN-1-300x225.jpg\" alt=\"\" width=\"300\" height=\"225\" srcset=\"https:\/\/sauver-le-guirbaden.fr\/wp-content\/uploads\/2023\/05\/20.05.2023-Martine-AESCHELMANN-1-300x225.jpg 300w, https:\/\/sauver-le-guirbaden.fr\/wp-content\/uploads\/2023\/05\/20.05.2023-Martine-AESCHELMANN-1-768x576.jpg 768w, https:\/\/sauver-le-guirbaden.fr\/wp-content\/uploads\/2023\/05\/20.05.2023-Martine-AESCHELMANN-1-600x450.jpg 600w, https:\/\/sauver-le-guirbaden.fr\/wp-content\/uploads\/2023\/05\/20.05.2023-Martine-AESCHELMANN-1.jpg 800w\" sizes=\"auto, (max-width: 300px) 100vw, 300px\" \/><\/a><\/p>\n<p>et du &#8220;kastele&#8221; &#8230;<\/p>\n<p><a href=\"https:\/\/sauver-le-guirbaden.fr\/wp-content\/uploads\/2023\/06\/05.06.2023-FS-4.jpg\" target=\"_blank\" rel=\"noopener\"><img loading=\"lazy\" decoding=\"async\" class=\"alignnone wp-image-7618 size-medium\" src=\"https:\/\/sauver-le-guirbaden.fr\/wp-content\/uploads\/2023\/06\/05.06.2023-FS-4-300x225.jpg\" alt=\"\" width=\"300\" height=\"225\" srcset=\"https:\/\/sauver-le-guirbaden.fr\/wp-content\/uploads\/2023\/06\/05.06.2023-FS-4-300x225.jpg 300w, https:\/\/sauver-le-guirbaden.fr\/wp-content\/uploads\/2023\/06\/05.06.2023-FS-4-768x576.jpg 768w, https:\/\/sauver-le-guirbaden.fr\/wp-content\/uploads\/2023\/06\/05.06.2023-FS-4-600x450.jpg 600w, https:\/\/sauver-le-guirbaden.fr\/wp-content\/uploads\/2023\/06\/05.06.2023-FS-4.jpg 800w\" sizes=\"auto, (max-width: 300px) 100vw, 300px\" \/><\/a> <a href=\"https:\/\/sauver-le-guirbaden.fr\/wp-content\/uploads\/2023\/07\/17.07.2023-REINBOLD-Christophe-10.jpg\" target=\"_blank\" rel=\"noopener\"><img loading=\"lazy\" decoding=\"async\" class=\"alignnone wp-image-7692 size-medium\" src=\"https:\/\/sauver-le-guirbaden.fr\/wp-content\/uploads\/2023\/07\/17.07.2023-REINBOLD-Christophe-10-300x200.jpg\" alt=\"\" width=\"300\" height=\"200\" srcset=\"https:\/\/sauver-le-guirbaden.fr\/wp-content\/uploads\/2023\/07\/17.07.2023-REINBOLD-Christophe-10-300x200.jpg 300w, https:\/\/sauver-le-guirbaden.fr\/wp-content\/uploads\/2023\/07\/17.07.2023-REINBOLD-Christophe-10-768x512.jpg 768w, https:\/\/sauver-le-guirbaden.fr\/wp-content\/uploads\/2023\/07\/17.07.2023-REINBOLD-Christophe-10-600x400.jpg 600w, https:\/\/sauver-le-guirbaden.fr\/wp-content\/uploads\/2023\/07\/17.07.2023-REINBOLD-Christophe-10.jpg 800w\" sizes=\"auto, (max-width: 300px) 100vw, 300px\" \/><\/a><\/p>\n<p>Nettoyage de l&#8217;\u00e9boulis du bastion Sud en vue de sa restauration en 2024.<\/p>\n<p><a href=\"https:\/\/sauver-le-guirbaden.fr\/wp-content\/uploads\/2023\/07\/19.06.2023-HAETTEL-Genevieve-17.jpg\" target=\"_blank\" rel=\"noopener\"><img loading=\"lazy\" decoding=\"async\" class=\"alignnone wp-image-7700 size-medium\" src=\"https:\/\/sauver-le-guirbaden.fr\/wp-content\/uploads\/2023\/07\/19.06.2023-HAETTEL-Genevieve-17-300x225.jpg\" alt=\"\" width=\"300\" height=\"225\" srcset=\"https:\/\/sauver-le-guirbaden.fr\/wp-content\/uploads\/2023\/07\/19.06.2023-HAETTEL-Genevieve-17-300x225.jpg 300w, https:\/\/sauver-le-guirbaden.fr\/wp-content\/uploads\/2023\/07\/19.06.2023-HAETTEL-Genevieve-17-768x576.jpg 768w, https:\/\/sauver-le-guirbaden.fr\/wp-content\/uploads\/2023\/07\/19.06.2023-HAETTEL-Genevieve-17-600x450.jpg 600w, https:\/\/sauver-le-guirbaden.fr\/wp-content\/uploads\/2023\/07\/19.06.2023-HAETTEL-Genevieve-17.jpg 800w\" sizes=\"auto, (max-width: 300px) 100vw, 300px\" \/><\/a> <a href=\"https:\/\/sauver-le-guirbaden.fr\/wp-content\/uploads\/2023\/07\/17.07.2023-HAETTEL-Genevieve-18.jpg\" target=\"_blank\" rel=\"noopener\"><img loading=\"lazy\" decoding=\"async\" class=\"alignnone wp-image-7688 size-medium\" src=\"https:\/\/sauver-le-guirbaden.fr\/wp-content\/uploads\/2023\/07\/17.07.2023-HAETTEL-Genevieve-18-300x225.jpg\" alt=\"\" width=\"300\" height=\"225\" srcset=\"https:\/\/sauver-le-guirbaden.fr\/wp-content\/uploads\/2023\/07\/17.07.2023-HAETTEL-Genevieve-18-300x225.jpg 300w, https:\/\/sauver-le-guirbaden.fr\/wp-content\/uploads\/2023\/07\/17.07.2023-HAETTEL-Genevieve-18-768x576.jpg 768w, https:\/\/sauver-le-guirbaden.fr\/wp-content\/uploads\/2023\/07\/17.07.2023-HAETTEL-Genevieve-18-600x450.jpg 600w, https:\/\/sauver-le-guirbaden.fr\/wp-content\/uploads\/2023\/07\/17.07.2023-HAETTEL-Genevieve-18.jpg 800w\" sizes=\"auto, (max-width: 300px) 100vw, 300px\" \/><\/a><\/p>\n<p>Consolidation du chevet de la chapelle ab\u00eem\u00e9 par la pluie<\/p>\n<p><a href=\"https:\/\/sauver-le-guirbaden.fr\/wp-content\/uploads\/2023\/05\/03.05.2023-Fs-7.jpg\">\u00a0<\/a><a href=\"https:\/\/sauver-le-guirbaden.fr\/wp-content\/uploads\/2023\/05\/03.05.2023-Fs-7.jpg\" target=\"_blank\" rel=\"noopener\"><img loading=\"lazy\" decoding=\"async\" class=\"alignnone wp-image-7575 size-medium\" src=\"https:\/\/sauver-le-guirbaden.fr\/wp-content\/uploads\/2023\/05\/03.05.2023-Fs-7-300x225.jpg\" alt=\"\" width=\"300\" height=\"225\" srcset=\"https:\/\/sauver-le-guirbaden.fr\/wp-content\/uploads\/2023\/05\/03.05.2023-Fs-7-300x225.jpg 300w, https:\/\/sauver-le-guirbaden.fr\/wp-content\/uploads\/2023\/05\/03.05.2023-Fs-7-768x576.jpg 768w, https:\/\/sauver-le-guirbaden.fr\/wp-content\/uploads\/2023\/05\/03.05.2023-Fs-7-600x450.jpg 600w, https:\/\/sauver-le-guirbaden.fr\/wp-content\/uploads\/2023\/05\/03.05.2023-Fs-7.jpg 800w\" sizes=\"auto, (max-width: 300px) 100vw, 300px\" \/><\/a><a href=\"https:\/\/sauver-le-guirbaden.fr\/wp-content\/uploads\/2023\/05\/05.05.2023-Fs-5.jpg\" target=\"_blank\" rel=\"noopener\"><img loading=\"lazy\" decoding=\"async\" class=\"alignnone wp-image-7583 size-medium\" src=\"https:\/\/sauver-le-guirbaden.fr\/wp-content\/uploads\/2023\/05\/05.05.2023-Fs-5-300x225.jpg\" alt=\"\" width=\"300\" height=\"225\" srcset=\"https:\/\/sauver-le-guirbaden.fr\/wp-content\/uploads\/2023\/05\/05.05.2023-Fs-5-300x225.jpg 300w, https:\/\/sauver-le-guirbaden.fr\/wp-content\/uploads\/2023\/05\/05.05.2023-Fs-5-768x576.jpg 768w, https:\/\/sauver-le-guirbaden.fr\/wp-content\/uploads\/2023\/05\/05.05.2023-Fs-5-600x450.jpg 600w, https:\/\/sauver-le-guirbaden.fr\/wp-content\/uploads\/2023\/05\/05.05.2023-Fs-5.jpg 800w\" sizes=\"auto, (max-width: 300px) 100vw, 300px\" \/><\/a><\/p>\n<p><a href=\"https:\/\/sauver-le-guirbaden.fr\/wp-content\/uploads\/2023\/05\/03.05.2023-Fs-9.jpg\" target=\"_blank\" rel=\"noopener\"><img loading=\"lazy\" decoding=\"async\" class=\"alignnone wp-image-7577 size-medium\" src=\"https:\/\/sauver-le-guirbaden.fr\/wp-content\/uploads\/2023\/05\/03.05.2023-Fs-9-300x225.jpg\" alt=\"\" width=\"300\" height=\"225\" srcset=\"https:\/\/sauver-le-guirbaden.fr\/wp-content\/uploads\/2023\/05\/03.05.2023-Fs-9-300x225.jpg 300w, https:\/\/sauver-le-guirbaden.fr\/wp-content\/uploads\/2023\/05\/03.05.2023-Fs-9-768x576.jpg 768w, https:\/\/sauver-le-guirbaden.fr\/wp-content\/uploads\/2023\/05\/03.05.2023-Fs-9-600x450.jpg 600w, https:\/\/sauver-le-guirbaden.fr\/wp-content\/uploads\/2023\/05\/03.05.2023-Fs-9.jpg 800w\" sizes=\"auto, (max-width: 300px) 100vw, 300px\" \/><\/a><a href=\"https:\/\/sauver-le-guirbaden.fr\/wp-content\/uploads\/2023\/05\/06.05.2023-FS-4.jpg\" target=\"_blank\" rel=\"noopener\"><img loading=\"lazy\" decoding=\"async\" class=\"alignnone wp-image-7587 size-medium\" src=\"https:\/\/sauver-le-guirbaden.fr\/wp-content\/uploads\/2023\/05\/06.05.2023-FS-4-300x225.jpg\" alt=\"\" width=\"300\" height=\"225\" srcset=\"https:\/\/sauver-le-guirbaden.fr\/wp-content\/uploads\/2023\/05\/06.05.2023-FS-4-300x225.jpg 300w, https:\/\/sauver-le-guirbaden.fr\/wp-content\/uploads\/2023\/05\/06.05.2023-FS-4-768x576.jpg 768w, https:\/\/sauver-le-guirbaden.fr\/wp-content\/uploads\/2023\/05\/06.05.2023-FS-4-600x450.jpg 600w, https:\/\/sauver-le-guirbaden.fr\/wp-content\/uploads\/2023\/05\/06.05.2023-FS-4.jpg 800w\" sizes=\"auto, (max-width: 300px) 100vw, 300px\" \/><\/a><\/p>\n<p>Ratissage des feuilles sur tout le site<\/p>\n<p><a href=\"https:\/\/sauver-le-guirbaden.fr\/wp-content\/uploads\/2023\/03\/06.03.2023-HAETTEL-Genevieve-14.jpg\" target=\"_blank\" rel=\"noopener\"><img loading=\"lazy\" decoding=\"async\" class=\"alignnone wp-image-7450 size-medium\" src=\"https:\/\/sauver-le-guirbaden.fr\/wp-content\/uploads\/2023\/03\/06.03.2023-HAETTEL-Genevieve-14-300x225.jpg\" alt=\"\" width=\"300\" height=\"225\" srcset=\"https:\/\/sauver-le-guirbaden.fr\/wp-content\/uploads\/2023\/03\/06.03.2023-HAETTEL-Genevieve-14-300x225.jpg 300w, https:\/\/sauver-le-guirbaden.fr\/wp-content\/uploads\/2023\/03\/06.03.2023-HAETTEL-Genevieve-14-768x576.jpg 768w, https:\/\/sauver-le-guirbaden.fr\/wp-content\/uploads\/2023\/03\/06.03.2023-HAETTEL-Genevieve-14-600x450.jpg 600w, https:\/\/sauver-le-guirbaden.fr\/wp-content\/uploads\/2023\/03\/06.03.2023-HAETTEL-Genevieve-14.jpg 800w\" sizes=\"auto, (max-width: 300px) 100vw, 300px\" \/><\/a> <a href=\"https:\/\/sauver-le-guirbaden.fr\/wp-content\/uploads\/2023\/03\/06.03.2023-KARCHER-Frederic-4.jpg\" target=\"_blank\" rel=\"noopener\"><img loading=\"lazy\" decoding=\"async\" class=\"alignnone wp-image-7451 size-medium\" src=\"https:\/\/sauver-le-guirbaden.fr\/wp-content\/uploads\/2023\/03\/06.03.2023-KARCHER-Frederic-4-300x138.jpg\" alt=\"\" width=\"300\" height=\"138\" srcset=\"https:\/\/sauver-le-guirbaden.fr\/wp-content\/uploads\/2023\/03\/06.03.2023-KARCHER-Frederic-4-300x138.jpg 300w, https:\/\/sauver-le-guirbaden.fr\/wp-content\/uploads\/2023\/03\/06.03.2023-KARCHER-Frederic-4-768x354.jpg 768w, https:\/\/sauver-le-guirbaden.fr\/wp-content\/uploads\/2023\/03\/06.03.2023-KARCHER-Frederic-4-600x277.jpg 600w, https:\/\/sauver-le-guirbaden.fr\/wp-content\/uploads\/2023\/03\/06.03.2023-KARCHER-Frederic-4.jpg 800w\" sizes=\"auto, (max-width: 300px) 100vw, 300px\" \/><\/a><\/p>\n<p>Remise en \u00e9tat du chemin d&#8217;acc\u00e8s Nord pour les visiteurs<\/p>\n<p><a href=\"https:\/\/sauver-le-guirbaden.fr\/wp-content\/uploads\/2023\/02\/20230206_144110.jpg\">\u00a0<\/a><a href=\"https:\/\/sauver-le-guirbaden.fr\/wp-content\/uploads\/2023\/02\/20230206_144110.jpg\" target=\"_blank\" rel=\"noopener\"><img loading=\"lazy\" decoding=\"async\" class=\"alignnone wp-image-7438 size-medium\" src=\"https:\/\/sauver-le-guirbaden.fr\/wp-content\/uploads\/2023\/02\/20230206_144110-300x138.jpg\" alt=\"\" width=\"300\" height=\"138\" srcset=\"https:\/\/sauver-le-guirbaden.fr\/wp-content\/uploads\/2023\/02\/20230206_144110-300x138.jpg 300w, https:\/\/sauver-le-guirbaden.fr\/wp-content\/uploads\/2023\/02\/20230206_144110-768x354.jpg 768w, https:\/\/sauver-le-guirbaden.fr\/wp-content\/uploads\/2023\/02\/20230206_144110-600x277.jpg 600w, https:\/\/sauver-le-guirbaden.fr\/wp-content\/uploads\/2023\/02\/20230206_144110.jpg 800w\" sizes=\"auto, (max-width: 300px) 100vw, 300px\" \/><\/a><a href=\"https:\/\/sauver-le-guirbaden.fr\/wp-content\/uploads\/2023\/02\/20230206_110059.jpg\" target=\"_blank\" rel=\"noopener\"><img loading=\"lazy\" decoding=\"async\" class=\"alignnone wp-image-7435 size-medium\" src=\"https:\/\/sauver-le-guirbaden.fr\/wp-content\/uploads\/2023\/02\/20230206_110059-300x138.jpg\" alt=\"\" width=\"300\" height=\"138\" srcset=\"https:\/\/sauver-le-guirbaden.fr\/wp-content\/uploads\/2023\/02\/20230206_110059-300x138.jpg 300w, https:\/\/sauver-le-guirbaden.fr\/wp-content\/uploads\/2023\/02\/20230206_110059-768x354.jpg 768w, https:\/\/sauver-le-guirbaden.fr\/wp-content\/uploads\/2023\/02\/20230206_110059-600x277.jpg 600w, https:\/\/sauver-le-guirbaden.fr\/wp-content\/uploads\/2023\/02\/20230206_110059.jpg 800w\" sizes=\"auto, (max-width: 300px) 100vw, 300px\" \/><\/a><\/p>\n","protected":false},"excerpt":{"rendered":"<p>Entretien du site toujours et encore &#8230; Remontage de l&#8217;\u00e9boulis du mur Nord: photos avant et apr\u00e8s remontage Remontage et consolidation du mur sud des communs Poursuite de la ma\u00e7onnerie des communs mur Est et du &#8220;kastele&#8221; &#8230; Nettoyage de l&#8217;\u00e9boulis du bastion Sud en vue de sa restauration en 2024. Consolidation du chevet de &hellip; <a href=\"https:\/\/www.sauver-le-guirbaden.fr\/index.php\/travaux-2023\/\" class=\"more-link\">Continuer la lecture de <span class=\"screen-reader-text\">Travaux 2023<\/span> <span class=\"meta-nav\">&rarr;<\/span><\/a><\/p>\n","protected":false},"author":2,"featured_media":0,"parent":0,"menu_order":0,"comment_status":"closed","ping_status":"closed","template":"","meta":{"footnotes":""},"class_list":["post-7873","page","type-page","status-publish","hentry"],"_links":{"self":[{"href":"https:\/\/www.sauver-le-guirbaden.fr\/index.php\/wp-json\/wp\/v2\/pages\/7873","targetHints":{"allow":["GET"]}}],"collection":[{"href":"https:\/\/www.sauver-le-guirbaden.fr\/index.php\/wp-json\/wp\/v2\/pages"}],"about":[{"href":"https:\/\/www.sauver-le-guirbaden.fr\/index.php\/wp-json\/wp\/v2\/types\/page"}],"author":[{"embeddable":true,"href":"https:\/\/www.sauver-le-guirbaden.fr\/index.php\/wp-json\/wp\/v2\/users\/2"}],"replies":[{"embeddable":true,"href":"https:\/\/www.sauver-le-guirbaden.fr\/index.php\/wp-json\/wp\/v2\/comments?post=7873"}],"version-history":[{"count":3,"href":"https:\/\/www.sauver-le-guirbaden.fr\/index.php\/wp-json\/wp\/v2\/pages\/7873\/revisions"}],"predecessor-version":[{"id":7878,"href":"https:\/\/www.sauver-le-guirbaden.fr\/index.php\/wp-json\/wp\/v2\/pages\/7873\/revisions\/7878"}],"wp:attachment":[{"href":"https:\/\/www.sauver-le-guirbaden.fr\/index.php\/wp-json\/wp\/v2\/media?parent=7873"}],"curies":[{"name":"wp","href":"https:\/\/api.w.org\/{rel}","templated":true}]}}