{"id":8197,"date":"2025-03-05T17:03:35","date_gmt":"2025-03-05T16:03:35","guid":{"rendered":"https:\/\/www.sauver-le-guirbaden.fr\/?page_id=8197"},"modified":"2025-11-30T21:44:42","modified_gmt":"2025-11-30T20:44:42","slug":"travaux-2024","status":"publish","type":"page","link":"https:\/\/www.sauver-le-guirbaden.fr\/index.php\/travaux-2024\/","title":{"rendered":"Travaux 2024"},"content":{"rendered":"<p>Nous soulignerons tout d&#8217;abord l&#8217;effort remarquable des b\u00e9n\u00e9voles pour l&#8217;entretien du site et du jardin dans les lices tout au long de l&#8217;ann\u00e9e &#8230;<\/p>\n<p style=\"text-align: center;\"><a href=\"https:\/\/sauver-le-guirbaden.fr\/wp-content\/uploads\/2025\/03\/jardin.jpg\" target=\"_blank\" rel=\"noopener\"><img loading=\"lazy\" decoding=\"async\" class=\"alignnone wp-image-8255 size-medium\" src=\"https:\/\/sauver-le-guirbaden.fr\/wp-content\/uploads\/2025\/03\/jardin-300x168.jpg\" alt=\"\" width=\"300\" height=\"168\" srcset=\"https:\/\/sauver-le-guirbaden.fr\/wp-content\/uploads\/2025\/03\/jardin-300x168.jpg 300w, https:\/\/sauver-le-guirbaden.fr\/wp-content\/uploads\/2025\/03\/jardin-768x430.jpg 768w, https:\/\/sauver-le-guirbaden.fr\/wp-content\/uploads\/2025\/03\/jardin-600x336.jpg 600w, https:\/\/sauver-le-guirbaden.fr\/wp-content\/uploads\/2025\/03\/jardin.jpg 800w\" sizes=\"auto, (max-width: 300px) 100vw, 300px\" \/><\/a><\/p>\n<p>2024 a \u00e0 nouveau \u00e9t\u00e9 une grande ann\u00e9e c\u00f4t\u00e9 ma\u00e7onneries&#8230; avec divers chantiers r\u00e9partis sur le site &#8230;<\/p>\n<p><em><strong>Fausses braies Nord:\u00a0 \u00a0 \u00a0 \u00a0 \u00a0 \u00a0 \u00a0 \u00a0 \u00a0 \u00a0 \u00a0 \u00a0 \u00a0 \u00a0 \u00a0 \u00a0 \u00a0 \u00a0 \u00a0 \u00a0 \u00a0 \u00a0 \u00a0 \u00a0 \u00a0 \u00a0 \u00a0 \u00a0 \u00a0 \u00a0 \u00a0 \u00a0 \u00a0 \u00a0 \u00a0 \u00a0 \u00a0 \u00a0 \u00a0 \u00a0 \u00a0 \u00a0 \u00a0 \u00a0 \u00a0 \u00a0 \u00a0 \u00a0 \u00a0 \u00a0 \u00a0 \u00a0 \u00a0 \u00a0 \u00a0 \u00a0 \u00a0 \u00a0 \u00a0 \u00a0 \u00a0 \u00a0 \u00a0 \u00a0 \u00a0 \u00a0 \u00a0 \u00a0 \u00a0<\/strong><\/em>Nous terminions 2023 par un d\u00e9but de d\u00e9gagement des souches dans les fausses braies Nord. Ce travail a \u00e9t\u00e9 repris d\u00e8s janvier 2024.<\/p>\n<p><a href=\"https:\/\/sauver-le-guirbaden.fr\/wp-content\/uploads\/2024\/01\/29.01.2024-HAETTEL-Genevieve-74.jpg\" target=\"_blank\" rel=\"noopener\"><img loading=\"lazy\" decoding=\"async\" class=\"alignnone wp-image-8042 size-medium\" src=\"https:\/\/sauver-le-guirbaden.fr\/wp-content\/uploads\/2024\/01\/29.01.2024-HAETTEL-Genevieve-74-300x225.jpg\" alt=\"\" width=\"300\" height=\"225\" srcset=\"https:\/\/sauver-le-guirbaden.fr\/wp-content\/uploads\/2024\/01\/29.01.2024-HAETTEL-Genevieve-74-300x225.jpg 300w, https:\/\/sauver-le-guirbaden.fr\/wp-content\/uploads\/2024\/01\/29.01.2024-HAETTEL-Genevieve-74-768x576.jpg 768w, https:\/\/sauver-le-guirbaden.fr\/wp-content\/uploads\/2024\/01\/29.01.2024-HAETTEL-Genevieve-74-600x450.jpg 600w, https:\/\/sauver-le-guirbaden.fr\/wp-content\/uploads\/2024\/01\/29.01.2024-HAETTEL-Genevieve-74.jpg 800w\" sizes=\"auto, (max-width: 300px) 100vw, 300px\" \/><\/a> <a href=\"https:\/\/sauver-le-guirbaden.fr\/wp-content\/uploads\/2024\/01\/29.01.2024-HAETTEL-Genevieve-38.jpg\" target=\"_blank\" rel=\"noopener\"><img loading=\"lazy\" decoding=\"async\" class=\"alignnone wp-image-8039 size-medium\" src=\"https:\/\/sauver-le-guirbaden.fr\/wp-content\/uploads\/2024\/01\/29.01.2024-HAETTEL-Genevieve-38-300x225.jpg\" alt=\"\" width=\"300\" height=\"225\" srcset=\"https:\/\/sauver-le-guirbaden.fr\/wp-content\/uploads\/2024\/01\/29.01.2024-HAETTEL-Genevieve-38-300x225.jpg 300w, https:\/\/sauver-le-guirbaden.fr\/wp-content\/uploads\/2024\/01\/29.01.2024-HAETTEL-Genevieve-38-768x576.jpg 768w, https:\/\/sauver-le-guirbaden.fr\/wp-content\/uploads\/2024\/01\/29.01.2024-HAETTEL-Genevieve-38-600x450.jpg 600w, https:\/\/sauver-le-guirbaden.fr\/wp-content\/uploads\/2024\/01\/29.01.2024-HAETTEL-Genevieve-38.jpg 800w\" sizes=\"auto, (max-width: 300px) 100vw, 300px\" \/><\/a><\/p>\n<p><a href=\"https:\/\/sauver-le-guirbaden.fr\/wp-content\/uploads\/2025\/03\/fausses-braies-nord-1.jpg\" target=\"_blank\" rel=\"noopener\"><img loading=\"lazy\" decoding=\"async\" class=\"alignnone wp-image-8252 size-medium\" src=\"https:\/\/sauver-le-guirbaden.fr\/wp-content\/uploads\/2025\/03\/fausses-braies-nord-1-300x165.jpg\" alt=\"\" width=\"300\" height=\"165\" srcset=\"https:\/\/sauver-le-guirbaden.fr\/wp-content\/uploads\/2025\/03\/fausses-braies-nord-1-300x165.jpg 300w, https:\/\/sauver-le-guirbaden.fr\/wp-content\/uploads\/2025\/03\/fausses-braies-nord-1-768x423.jpg 768w, https:\/\/sauver-le-guirbaden.fr\/wp-content\/uploads\/2025\/03\/fausses-braies-nord-1-600x331.jpg 600w, https:\/\/sauver-le-guirbaden.fr\/wp-content\/uploads\/2025\/03\/fausses-braies-nord-1.jpg 800w\" sizes=\"auto, (max-width: 300px) 100vw, 300px\" \/><\/a> <a href=\"https:\/\/sauver-le-guirbaden.fr\/wp-content\/uploads\/2025\/03\/fausses-braies-nord-2.jpg\" target=\"_blank\" rel=\"noopener\"><img loading=\"lazy\" decoding=\"async\" class=\"alignnone wp-image-8253 size-medium\" src=\"https:\/\/sauver-le-guirbaden.fr\/wp-content\/uploads\/2025\/03\/fausses-braies-nord-2-300x173.jpg\" alt=\"\" width=\"300\" height=\"173\" srcset=\"https:\/\/sauver-le-guirbaden.fr\/wp-content\/uploads\/2025\/03\/fausses-braies-nord-2-300x173.jpg 300w, https:\/\/sauver-le-guirbaden.fr\/wp-content\/uploads\/2025\/03\/fausses-braies-nord-2-768x444.jpg 768w, https:\/\/sauver-le-guirbaden.fr\/wp-content\/uploads\/2025\/03\/fausses-braies-nord-2-600x347.jpg 600w, https:\/\/sauver-le-guirbaden.fr\/wp-content\/uploads\/2025\/03\/fausses-braies-nord-2.jpg 800w\" sizes=\"auto, (max-width: 300px) 100vw, 300px\" \/><\/a><\/p>\n<p>puis la ma\u00e7onnerie de ce mur a pu commencer:<\/p>\n<p style=\"text-align: center;\"><a href=\"https:\/\/sauver-le-guirbaden.fr\/wp-content\/uploads\/2025\/03\/fausses-braies-nord-3.jpg\" target=\"_blank\" rel=\"noopener\"><img loading=\"lazy\" decoding=\"async\" class=\"alignnone wp-image-8254 size-medium\" src=\"https:\/\/sauver-le-guirbaden.fr\/wp-content\/uploads\/2025\/03\/fausses-braies-nord-3-300x225.jpg\" alt=\"\" width=\"300\" height=\"225\" srcset=\"https:\/\/sauver-le-guirbaden.fr\/wp-content\/uploads\/2025\/03\/fausses-braies-nord-3-300x225.jpg 300w, https:\/\/sauver-le-guirbaden.fr\/wp-content\/uploads\/2025\/03\/fausses-braies-nord-3-768x577.jpg 768w, https:\/\/sauver-le-guirbaden.fr\/wp-content\/uploads\/2025\/03\/fausses-braies-nord-3-600x451.jpg 600w, https:\/\/sauver-le-guirbaden.fr\/wp-content\/uploads\/2025\/03\/fausses-braies-nord-3.jpg 800w\" sizes=\"auto, (max-width: 300px) 100vw, 300px\" \/><\/a><\/p>\n<p><em><strong>Dans les communs,<\/strong> <\/em>il restait un mur qui n&#8217;avait pas encore b\u00e9n\u00e9fici\u00e9 de travaux de\u00a0 \u00a0 \u00a0 \u00a0 \u00a0 \u00a0 \u00a0 \u00a0 \u00a0 \u00a0 \u00a0 \u00a0 \u00a0 restauration &#8230; C&#8217;est chose faite ! Les travaux en 3 \u00e9tapes:<\/p>\n<p><a href=\"https:\/\/sauver-le-guirbaden.fr\/wp-content\/uploads\/2025\/03\/communs-1.jpg\" target=\"_blank\" rel=\"noopener\"><img loading=\"lazy\" decoding=\"async\" class=\"alignnone wp-image-8244 size-medium\" src=\"https:\/\/sauver-le-guirbaden.fr\/wp-content\/uploads\/2025\/03\/communs-1-300x215.jpg\" alt=\"\" width=\"300\" height=\"215\" srcset=\"https:\/\/sauver-le-guirbaden.fr\/wp-content\/uploads\/2025\/03\/communs-1-300x215.jpg 300w, https:\/\/sauver-le-guirbaden.fr\/wp-content\/uploads\/2025\/03\/communs-1-768x550.jpg 768w, https:\/\/sauver-le-guirbaden.fr\/wp-content\/uploads\/2025\/03\/communs-1-600x430.jpg 600w, https:\/\/sauver-le-guirbaden.fr\/wp-content\/uploads\/2025\/03\/communs-1.jpg 800w\" sizes=\"auto, (max-width: 300px) 100vw, 300px\" \/><\/a> <a href=\"https:\/\/sauver-le-guirbaden.fr\/wp-content\/uploads\/2025\/03\/communs-2.jpg\" target=\"_blank\" rel=\"noopener\"><img loading=\"lazy\" decoding=\"async\" class=\"alignnone wp-image-8245 size-medium\" src=\"https:\/\/sauver-le-guirbaden.fr\/wp-content\/uploads\/2025\/03\/communs-2-300x183.jpg\" alt=\"\" width=\"300\" height=\"183\" srcset=\"https:\/\/sauver-le-guirbaden.fr\/wp-content\/uploads\/2025\/03\/communs-2-300x183.jpg 300w, https:\/\/sauver-le-guirbaden.fr\/wp-content\/uploads\/2025\/03\/communs-2-768x469.jpg 768w, https:\/\/sauver-le-guirbaden.fr\/wp-content\/uploads\/2025\/03\/communs-2-600x367.jpg 600w, https:\/\/sauver-le-guirbaden.fr\/wp-content\/uploads\/2025\/03\/communs-2.jpg 800w\" sizes=\"auto, (max-width: 300px) 100vw, 300px\" \/><\/a><a href=\"https:\/\/sauver-le-guirbaden.fr\/wp-content\/uploads\/2025\/03\/communs-3.jpg\" target=\"_blank\" rel=\"noopener\"><img loading=\"lazy\" decoding=\"async\" class=\"aligncenter wp-image-8246 size-medium\" src=\"https:\/\/sauver-le-guirbaden.fr\/wp-content\/uploads\/2025\/03\/communs-3-300x139.jpg\" alt=\"\" width=\"300\" height=\"139\" srcset=\"https:\/\/sauver-le-guirbaden.fr\/wp-content\/uploads\/2025\/03\/communs-3-300x139.jpg 300w, https:\/\/sauver-le-guirbaden.fr\/wp-content\/uploads\/2025\/03\/communs-3-768x355.jpg 768w, https:\/\/sauver-le-guirbaden.fr\/wp-content\/uploads\/2025\/03\/communs-3-600x278.jpg 600w, https:\/\/sauver-le-guirbaden.fr\/wp-content\/uploads\/2025\/03\/communs-3.jpg 800w\" sizes=\"auto, (max-width: 300px) 100vw, 300px\" \/><\/a><\/p>\n<p><em><strong>Mur Sud des lices:<\/strong><\/em> un arbre s&#8217;\u00e9tait \u00e9cras\u00e9 sur le mur en juillet 2015, laissant un grand trou &#8230; Nous avons commenc\u00e9 la consolidation et le remontage du mur.<a href=\"https:\/\/sauver-le-guirbaden.fr\/wp-content\/uploads\/2025\/03\/lices-1.jpg\" target=\"_blank\" rel=\"noopener\"><img loading=\"lazy\" decoding=\"async\" class=\"aligncenter wp-image-8256 size-medium\" src=\"https:\/\/sauver-le-guirbaden.fr\/wp-content\/uploads\/2025\/03\/lices-1-300x225.jpg\" alt=\"\" width=\"300\" height=\"225\" srcset=\"https:\/\/sauver-le-guirbaden.fr\/wp-content\/uploads\/2025\/03\/lices-1-300x225.jpg 300w, https:\/\/sauver-le-guirbaden.fr\/wp-content\/uploads\/2025\/03\/lices-1-768x576.jpg 768w, https:\/\/sauver-le-guirbaden.fr\/wp-content\/uploads\/2025\/03\/lices-1-600x450.jpg 600w, https:\/\/sauver-le-guirbaden.fr\/wp-content\/uploads\/2025\/03\/lices-1.jpg 800w\" sizes=\"auto, (max-width: 300px) 100vw, 300px\" \/><\/a><\/p>\n<p><strong><em>Le bastion Sud:\u00a0 \u00a0 \u00a0 \u00a0 \u00a0 \u00a0 \u00a0 \u00a0 \u00a0 \u00a0 \u00a0 \u00a0 \u00a0 \u00a0 \u00a0 \u00a0 \u00a0 \u00a0 \u00a0 \u00a0 \u00a0 \u00a0 \u00a0 \u00a0 \u00a0 \u00a0 \u00a0 \u00a0 \u00a0 \u00a0 \u00a0 \u00a0 \u00a0 \u00a0 \u00a0 \u00a0 \u00a0 \u00a0 \u00a0 \u00a0 \u00a0 \u00a0 \u00a0 \u00a0 \u00a0 \u00a0 \u00a0 \u00a0 \u00a0 \u00a0 \u00a0 \u00a0 \u00a0 \u00a0 \u00a0 \u00a0 \u00a0 \u00a0 \u00a0 \u00a0 \u00a0 \u00a0 \u00a0 \u00a0 \u00a0 \u00a0 \u00a0 \u00a0 \u00a0 \u00a0 \u00a0 \u00a0 \u00a0 \u00a0 \u00a0 \u00a0 \u00a0 \u00a0<\/em><\/strong>Le mur Ouest du bastion Sud a \u00e9t\u00e9 restaur\u00e9 en 2022: \u00e0 pr\u00e9sent nous nous sommes\u00a0 \u00a0 \u00a0 \u00a0 \u00a0 \u00a0 \u00a0 \u00a0 \u00a0 \u00a0 \u00a0 \u00a0 attaqu\u00e9s au mur Est:<a href=\"https:\/\/sauver-le-guirbaden.fr\/wp-content\/uploads\/2025\/03\/bastion-sud-1.jpg\" target=\"_blank\" rel=\"noopener\"><img loading=\"lazy\" decoding=\"async\" class=\"aligncenter wp-image-8240 size-medium\" src=\"https:\/\/sauver-le-guirbaden.fr\/wp-content\/uploads\/2025\/03\/bastion-sud-1-300x212.jpg\" alt=\"\" width=\"300\" height=\"212\" srcset=\"https:\/\/sauver-le-guirbaden.fr\/wp-content\/uploads\/2025\/03\/bastion-sud-1-300x212.jpg 300w, https:\/\/sauver-le-guirbaden.fr\/wp-content\/uploads\/2025\/03\/bastion-sud-1-768x541.jpg 768w, https:\/\/sauver-le-guirbaden.fr\/wp-content\/uploads\/2025\/03\/bastion-sud-1-600x423.jpg 600w, https:\/\/sauver-le-guirbaden.fr\/wp-content\/uploads\/2025\/03\/bastion-sud-1.jpg 800w\" sizes=\"auto, (max-width: 300px) 100vw, 300px\" \/><\/a><\/p>\n<p>En commen\u00e7ant \u00e0 nettoyer, tout le bastion s&#8217;est vid\u00e9 !<\/p>\n<p><a href=\"https:\/\/sauver-le-guirbaden.fr\/wp-content\/uploads\/2024\/03\/02.03.2024-KARCHER-Frederic-6.jpg\" target=\"_blank\" rel=\"noopener\"><img loading=\"lazy\" decoding=\"async\" class=\"alignnone wp-image-8107 size-medium\" src=\"https:\/\/sauver-le-guirbaden.fr\/wp-content\/uploads\/2024\/03\/02.03.2024-KARCHER-Frederic-6-279x300.jpg\" alt=\"\" width=\"279\" height=\"300\" srcset=\"https:\/\/sauver-le-guirbaden.fr\/wp-content\/uploads\/2024\/03\/02.03.2024-KARCHER-Frederic-6-279x300.jpg 279w, https:\/\/sauver-le-guirbaden.fr\/wp-content\/uploads\/2024\/03\/02.03.2024-KARCHER-Frederic-6-600x646.jpg 600w, https:\/\/sauver-le-guirbaden.fr\/wp-content\/uploads\/2024\/03\/02.03.2024-KARCHER-Frederic-6.jpg 743w\" sizes=\"auto, (max-width: 279px) 100vw, 279px\" \/><\/a> <a href=\"https:\/\/sauver-le-guirbaden.fr\/wp-content\/uploads\/2024\/03\/02.03.2024-REINBOLD-Christophe-17.jpg\" target=\"_blank\" rel=\"noopener\"><img loading=\"lazy\" decoding=\"async\" class=\"alignnone wp-image-8110 size-medium\" src=\"https:\/\/sauver-le-guirbaden.fr\/wp-content\/uploads\/2024\/03\/02.03.2024-REINBOLD-Christophe-17-200x300.jpg\" alt=\"\" width=\"200\" height=\"300\" srcset=\"https:\/\/sauver-le-guirbaden.fr\/wp-content\/uploads\/2024\/03\/02.03.2024-REINBOLD-Christophe-17-200x300.jpg 200w, https:\/\/sauver-le-guirbaden.fr\/wp-content\/uploads\/2024\/03\/02.03.2024-REINBOLD-Christophe-17.jpg 533w\" sizes=\"auto, (max-width: 200px) 100vw, 200px\" \/><\/a><\/p>\n<p>Ma\u00e7onnerie , puis r\u00e9alisation des joints par les filles !<a href=\"https:\/\/sauver-le-guirbaden.fr\/wp-content\/uploads\/2025\/03\/bastion-sud-4.jpg\" target=\"_blank\" rel=\"noopener\"><img loading=\"lazy\" decoding=\"async\" class=\"aligncenter wp-image-8243 size-medium\" src=\"https:\/\/sauver-le-guirbaden.fr\/wp-content\/uploads\/2025\/03\/bastion-sud-4-300x169.jpg\" alt=\"\" width=\"300\" height=\"169\" srcset=\"https:\/\/sauver-le-guirbaden.fr\/wp-content\/uploads\/2025\/03\/bastion-sud-4-300x169.jpg 300w, https:\/\/sauver-le-guirbaden.fr\/wp-content\/uploads\/2025\/03\/bastion-sud-4-768x433.jpg 768w, https:\/\/sauver-le-guirbaden.fr\/wp-content\/uploads\/2025\/03\/bastion-sud-4-600x338.jpg 600w, https:\/\/sauver-le-guirbaden.fr\/wp-content\/uploads\/2025\/03\/bastion-sud-4.jpg 800w\" sizes=\"auto, (max-width: 300px) 100vw, 300px\" \/><\/a><\/p>\n<p><a href=\"https:\/\/sauver-le-guirbaden.fr\/wp-content\/uploads\/2025\/03\/bastion-sud-2.jpg\" target=\"_blank\" rel=\"noopener\"><img loading=\"lazy\" decoding=\"async\" class=\"alignnone wp-image-8241 size-medium\" src=\"https:\/\/sauver-le-guirbaden.fr\/wp-content\/uploads\/2025\/03\/bastion-sud-2-300x227.jpg\" alt=\"\" width=\"300\" height=\"227\" srcset=\"https:\/\/sauver-le-guirbaden.fr\/wp-content\/uploads\/2025\/03\/bastion-sud-2-300x227.jpg 300w, https:\/\/sauver-le-guirbaden.fr\/wp-content\/uploads\/2025\/03\/bastion-sud-2-768x580.jpg 768w, https:\/\/sauver-le-guirbaden.fr\/wp-content\/uploads\/2025\/03\/bastion-sud-2-600x453.jpg 600w, https:\/\/sauver-le-guirbaden.fr\/wp-content\/uploads\/2025\/03\/bastion-sud-2.jpg 800w\" sizes=\"auto, (max-width: 300px) 100vw, 300px\" \/>\u00a0<\/a> <a href=\"https:\/\/sauver-le-guirbaden.fr\/wp-content\/uploads\/2025\/03\/bastion-sud-3.jpg\" target=\"_blank\" rel=\"noopener\"><img loading=\"lazy\" decoding=\"async\" class=\"alignnone wp-image-8242 size-medium\" src=\"https:\/\/sauver-le-guirbaden.fr\/wp-content\/uploads\/2025\/03\/bastion-sud-3-300x225.jpg\" alt=\"\" width=\"300\" height=\"225\" srcset=\"https:\/\/sauver-le-guirbaden.fr\/wp-content\/uploads\/2025\/03\/bastion-sud-3-300x225.jpg 300w, https:\/\/sauver-le-guirbaden.fr\/wp-content\/uploads\/2025\/03\/bastion-sud-3-768x576.jpg 768w, https:\/\/sauver-le-guirbaden.fr\/wp-content\/uploads\/2025\/03\/bastion-sud-3-600x450.jpg 600w, https:\/\/sauver-le-guirbaden.fr\/wp-content\/uploads\/2025\/03\/bastion-sud-3.jpg 800w\" sizes=\"auto, (max-width: 300px) 100vw, 300px\" \/><\/a><\/p>\n<p>Le mur Est du bastion Sud est termin\u00e9 !<\/p>\n<p style=\"text-align: center;\"><a href=\"https:\/\/sauver-le-guirbaden.fr\/wp-content\/uploads\/2025\/10\/22.06.2025-FS-8r.jpg\"><img loading=\"lazy\" decoding=\"async\" class=\"alignnone size-medium wp-image-8309\" src=\"https:\/\/sauver-le-guirbaden.fr\/wp-content\/uploads\/2025\/10\/22.06.2025-FS-8r-296x300.jpg\" alt=\"\" width=\"296\" height=\"300\" srcset=\"https:\/\/sauver-le-guirbaden.fr\/wp-content\/uploads\/2025\/10\/22.06.2025-FS-8r-296x300.jpg 296w, https:\/\/sauver-le-guirbaden.fr\/wp-content\/uploads\/2025\/10\/22.06.2025-FS-8r-768x778.jpg 768w, https:\/\/sauver-le-guirbaden.fr\/wp-content\/uploads\/2025\/10\/22.06.2025-FS-8r-600x608.jpg 600w, https:\/\/sauver-le-guirbaden.fr\/wp-content\/uploads\/2025\/10\/22.06.2025-FS-8r.jpg 790w\" sizes=\"auto, (max-width: 296px) 100vw, 296px\" \/><\/a><\/p>\n<p><em><strong>Eboulis 6\u00a0 \u00a0 \u00a0 \u00a0 \u00a0 \u00a0 \u00a0 \u00a0 \u00a0 \u00a0 \u00a0 \u00a0 \u00a0 \u00a0 \u00a0 \u00a0 \u00a0 \u00a0 \u00a0 \u00a0 \u00a0 \u00a0 \u00a0 \u00a0 \u00a0 \u00a0 \u00a0 \u00a0 \u00a0 \u00a0 \u00a0 \u00a0 \u00a0 \u00a0 \u00a0 \u00a0 \u00a0 \u00a0 \u00a0 \u00a0 \u00a0 \u00a0 \u00a0 \u00a0 \u00a0 \u00a0 \u00a0 \u00a0 \u00a0 \u00a0 \u00a0 \u00a0 \u00a0 \u00a0 \u00a0 \u00a0 \u00a0 \u00a0 \u00a0 \u00a0 \u00a0 \u00a0 \u00a0 \u00a0 \u00a0 \u00a0 \u00a0 \u00a0 \u00a0 \u00a0 \u00a0 \u00a0 \u00a0 \u00a0 \u00a0 \u00a0 \u00a0 \u00a0 \u00a0 \u00a0 \u00a0 \u00a0 \u00a0<\/strong><\/em>Le d\u00e9gagement de l&#8217;\u00e9boulis entre ce bastion Sud et le pont levis a commenc\u00e9 en ao\u00fbt 2024, pour se poursuivre jusqu&#8217;en f\u00e9vrier 2025.<\/p>\n<p><a href=\"https:\/\/sauver-le-guirbaden.fr\/wp-content\/uploads\/2025\/03\/eboulis-1.jpg\" target=\"_blank\" rel=\"noopener\"><img loading=\"lazy\" decoding=\"async\" class=\"alignnone wp-image-8247 size-medium\" src=\"https:\/\/sauver-le-guirbaden.fr\/wp-content\/uploads\/2025\/03\/eboulis-1-300x169.jpg\" alt=\"\" width=\"300\" height=\"169\" srcset=\"https:\/\/sauver-le-guirbaden.fr\/wp-content\/uploads\/2025\/03\/eboulis-1-300x169.jpg 300w, https:\/\/sauver-le-guirbaden.fr\/wp-content\/uploads\/2025\/03\/eboulis-1-768x433.jpg 768w, https:\/\/sauver-le-guirbaden.fr\/wp-content\/uploads\/2025\/03\/eboulis-1-600x338.jpg 600w, https:\/\/sauver-le-guirbaden.fr\/wp-content\/uploads\/2025\/03\/eboulis-1.jpg 800w\" sizes=\"auto, (max-width: 300px) 100vw, 300px\" \/><\/a> <a href=\"https:\/\/sauver-le-guirbaden.fr\/wp-content\/uploads\/2025\/03\/eboulis-2.jpg\" target=\"_blank\" rel=\"noopener\"><img loading=\"lazy\" decoding=\"async\" class=\"alignnone wp-image-8248 size-medium\" src=\"https:\/\/sauver-le-guirbaden.fr\/wp-content\/uploads\/2025\/03\/eboulis-2-300x168.jpg\" alt=\"\" width=\"300\" height=\"168\" srcset=\"https:\/\/sauver-le-guirbaden.fr\/wp-content\/uploads\/2025\/03\/eboulis-2-300x168.jpg 300w, https:\/\/sauver-le-guirbaden.fr\/wp-content\/uploads\/2025\/03\/eboulis-2-768x431.jpg 768w, https:\/\/sauver-le-guirbaden.fr\/wp-content\/uploads\/2025\/03\/eboulis-2-600x337.jpg 600w, https:\/\/sauver-le-guirbaden.fr\/wp-content\/uploads\/2025\/03\/eboulis-2.jpg 800w\" sizes=\"auto, (max-width: 300px) 100vw, 300px\" \/><\/a><\/p>\n<p><a href=\"https:\/\/sauver-le-guirbaden.fr\/wp-content\/uploads\/2025\/03\/30.11.2024-FS-4.jpg\" target=\"_blank\" rel=\"noopener\"><img loading=\"lazy\" decoding=\"async\" class=\"alignright wp-image-8239 size-medium\" src=\"https:\/\/sauver-le-guirbaden.fr\/wp-content\/uploads\/2025\/03\/30.11.2024-FS-4-300x225.jpg\" alt=\"\" width=\"300\" height=\"225\" srcset=\"https:\/\/sauver-le-guirbaden.fr\/wp-content\/uploads\/2025\/03\/30.11.2024-FS-4-300x225.jpg 300w, https:\/\/sauver-le-guirbaden.fr\/wp-content\/uploads\/2025\/03\/30.11.2024-FS-4-768x576.jpg 768w, https:\/\/sauver-le-guirbaden.fr\/wp-content\/uploads\/2025\/03\/30.11.2024-FS-4-600x450.jpg 600w, https:\/\/sauver-le-guirbaden.fr\/wp-content\/uploads\/2025\/03\/30.11.2024-FS-4.jpg 800w\" sizes=\"auto, (max-width: 300px) 100vw, 300px\" \/><\/a><\/p>\n<p>L&#8217;id\u00e9e est de retrouver la base du mur, en vue de son remontage &#8230;<\/p>\n<p>Chaque pierre d\u00e9gag\u00e9e a \u00e9t\u00e9 num\u00e9rot\u00e9e ( plus 500 ! ) , mesur\u00e9e, situ\u00e9e dans l&#8217;espace, afin de savoir d&#8217;o\u00f9 elle pouvait provenir dans le mur. Un remontage virtuel de ce mur a \u00e9t\u00e9 r\u00e9alis\u00e9 et sera soumis \u00e0 la DRAC pour validation en vue du remontage en 2025.<\/p>\n<p><a href=\"https:\/\/sauver-le-guirbaden.fr\/wp-content\/uploads\/2025\/03\/eboulis-dessin.jpg\" target=\"_blank\" rel=\"noopener\"><img loading=\"lazy\" decoding=\"async\" class=\"alignnone wp-image-8249 size-medium\" src=\"https:\/\/sauver-le-guirbaden.fr\/wp-content\/uploads\/2025\/03\/eboulis-dessin-300x219.jpg\" alt=\"\" width=\"300\" height=\"219\" srcset=\"https:\/\/sauver-le-guirbaden.fr\/wp-content\/uploads\/2025\/03\/eboulis-dessin-300x219.jpg 300w, https:\/\/sauver-le-guirbaden.fr\/wp-content\/uploads\/2025\/03\/eboulis-dessin-768x561.jpg 768w, https:\/\/sauver-le-guirbaden.fr\/wp-content\/uploads\/2025\/03\/eboulis-dessin-600x438.jpg 600w, https:\/\/sauver-le-guirbaden.fr\/wp-content\/uploads\/2025\/03\/eboulis-dessin.jpg 800w\" sizes=\"auto, (max-width: 300px) 100vw, 300px\" \/><\/a> <a href=\"https:\/\/sauver-le-guirbaden.fr\/wp-content\/uploads\/2025\/03\/eboulis-remontage.jpg\" target=\"_blank\" rel=\"noopener\"><img loading=\"lazy\" decoding=\"async\" class=\"alignnone wp-image-8250 size-medium\" src=\"https:\/\/sauver-le-guirbaden.fr\/wp-content\/uploads\/2025\/03\/eboulis-remontage-300x246.jpg\" alt=\"\" width=\"300\" height=\"246\" srcset=\"https:\/\/sauver-le-guirbaden.fr\/wp-content\/uploads\/2025\/03\/eboulis-remontage-300x246.jpg 300w, https:\/\/sauver-le-guirbaden.fr\/wp-content\/uploads\/2025\/03\/eboulis-remontage-600x492.jpg 600w, https:\/\/sauver-le-guirbaden.fr\/wp-content\/uploads\/2025\/03\/eboulis-remontage.jpg 732w\" sizes=\"auto, (max-width: 300px) 100vw, 300px\" \/><\/a><a href=\"https:\/\/sauver-le-guirbaden.fr\/wp-content\/uploads\/2025\/03\/evoulis-3.jpg\" target=\"_blank\" rel=\"noopener\"><img loading=\"lazy\" decoding=\"async\" class=\"aligncenter wp-image-8251 size-medium\" src=\"https:\/\/sauver-le-guirbaden.fr\/wp-content\/uploads\/2025\/03\/evoulis-3-300x172.jpg\" alt=\"\" width=\"300\" height=\"172\" srcset=\"https:\/\/sauver-le-guirbaden.fr\/wp-content\/uploads\/2025\/03\/evoulis-3-300x172.jpg 300w, https:\/\/sauver-le-guirbaden.fr\/wp-content\/uploads\/2025\/03\/evoulis-3-768x441.jpg 768w, https:\/\/sauver-le-guirbaden.fr\/wp-content\/uploads\/2025\/03\/evoulis-3-600x344.jpg 600w, https:\/\/sauver-le-guirbaden.fr\/wp-content\/uploads\/2025\/03\/evoulis-3.jpg 800w\" sizes=\"auto, (max-width: 300px) 100vw, 300px\" \/><\/a><\/p>\n","protected":false},"excerpt":{"rendered":"<p>Nous soulignerons tout d&#8217;abord l&#8217;effort remarquable des b\u00e9n\u00e9voles pour l&#8217;entretien du site et du jardin dans les lices tout au long de l&#8217;ann\u00e9e &#8230; 2024 a \u00e0 nouveau \u00e9t\u00e9 une grande ann\u00e9e c\u00f4t\u00e9 ma\u00e7onneries&#8230; avec divers chantiers r\u00e9partis sur le site &#8230; Fausses braies Nord:\u00a0 \u00a0 \u00a0 \u00a0 \u00a0 \u00a0 \u00a0 \u00a0 \u00a0 \u00a0 \u00a0 &hellip; <a href=\"https:\/\/www.sauver-le-guirbaden.fr\/index.php\/travaux-2024\/\" class=\"more-link\">Continuer la lecture de <span class=\"screen-reader-text\">Travaux 2024<\/span> <span class=\"meta-nav\">&rarr;<\/span><\/a><\/p>\n","protected":false},"author":2,"featured_media":0,"parent":0,"menu_order":0,"comment_status":"closed","ping_status":"closed","template":"","meta":{"footnotes":""},"class_list":["post-8197","page","type-page","status-publish","hentry"],"_links":{"self":[{"href":"https:\/\/www.sauver-le-guirbaden.fr\/index.php\/wp-json\/wp\/v2\/pages\/8197","targetHints":{"allow":["GET"]}}],"collection":[{"href":"https:\/\/www.sauver-le-guirbaden.fr\/index.php\/wp-json\/wp\/v2\/pages"}],"about":[{"href":"https:\/\/www.sauver-le-guirbaden.fr\/index.php\/wp-json\/wp\/v2\/types\/page"}],"author":[{"embeddable":true,"href":"https:\/\/www.sauver-le-guirbaden.fr\/index.php\/wp-json\/wp\/v2\/users\/2"}],"replies":[{"embeddable":true,"href":"https:\/\/www.sauver-le-guirbaden.fr\/index.php\/wp-json\/wp\/v2\/comments?post=8197"}],"version-history":[{"count":2,"href":"https:\/\/www.sauver-le-guirbaden.fr\/index.php\/wp-json\/wp\/v2\/pages\/8197\/revisions"}],"predecessor-version":[{"id":8354,"href":"https:\/\/www.sauver-le-guirbaden.fr\/index.php\/wp-json\/wp\/v2\/pages\/8197\/revisions\/8354"}],"wp:attachment":[{"href":"https:\/\/www.sauver-le-guirbaden.fr\/index.php\/wp-json\/wp\/v2\/media?parent=8197"}],"curies":[{"name":"wp","href":"https:\/\/api.w.org\/{rel}","templated":true}]}}