{"id":8340,"date":"2025-11-29T22:25:32","date_gmt":"2025-11-29T21:25:32","guid":{"rendered":"https:\/\/www.sauver-le-guirbaden.fr\/?page_id=8340"},"modified":"2025-11-30T22:17:03","modified_gmt":"2025-11-30T21:17:03","slug":"travaux-2025","status":"publish","type":"page","link":"https:\/\/www.sauver-le-guirbaden.fr\/index.php\/travaux-2025\/","title":{"rendered":"Travaux 2025"},"content":{"rendered":"\n<p><strong>Le mur Sud des lices:<\/strong><\/p>\n\n\n\n<p> Un gros arbre, pourri \u00e0 sa base, s&#8217;est \u00e9croul\u00e9 sur le mur en juillet 2015.  La consolidation du mur a commenc\u00e9 en 2024                               et s&#8217;est poursuivie en 2025.<\/p>\n\n\n\n<figure class=\"wp-block-image size-full\"><a href=\"https:\/\/sauver-le-guirbaden.fr\/wp-content\/uploads\/2025\/10\/26.05.2025-REINBOLD-Christophe-7.jpg\"><img loading=\"lazy\" decoding=\"async\" width=\"533\" height=\"800\" src=\"https:\/\/sauver-le-guirbaden.fr\/wp-content\/uploads\/2025\/10\/26.05.2025-REINBOLD-Christophe-7.jpg\" alt=\"\" class=\"wp-image-8310\" srcset=\"https:\/\/sauver-le-guirbaden.fr\/wp-content\/uploads\/2025\/10\/26.05.2025-REINBOLD-Christophe-7.jpg 533w, https:\/\/sauver-le-guirbaden.fr\/wp-content\/uploads\/2025\/10\/26.05.2025-REINBOLD-Christophe-7-200x300.jpg 200w\" sizes=\"auto, (max-width: 533px) 100vw, 533px\" \/><\/a><\/figure>\n\n\n\n<p>A pr\u00e9sent le mur est consolid\u00e9 et la grosse br\u00e8che combl\u00e9e&#8230; <\/p>\n\n\n\n<figure class=\"wp-block-image size-full\"><a href=\"https:\/\/sauver-le-guirbaden.fr\/wp-content\/uploads\/2025\/10\/20.06.2025-FS-1.jpg\"><img loading=\"lazy\" decoding=\"async\" width=\"800\" height=\"600\" src=\"https:\/\/sauver-le-guirbaden.fr\/wp-content\/uploads\/2025\/10\/20.06.2025-FS-1.jpg\" alt=\"\" class=\"wp-image-8299\" srcset=\"https:\/\/sauver-le-guirbaden.fr\/wp-content\/uploads\/2025\/10\/20.06.2025-FS-1.jpg 800w, https:\/\/sauver-le-guirbaden.fr\/wp-content\/uploads\/2025\/10\/20.06.2025-FS-1-300x225.jpg 300w, https:\/\/sauver-le-guirbaden.fr\/wp-content\/uploads\/2025\/10\/20.06.2025-FS-1-768x576.jpg 768w, https:\/\/sauver-le-guirbaden.fr\/wp-content\/uploads\/2025\/10\/20.06.2025-FS-1-600x450.jpg 600w\" sizes=\"auto, (max-width: 800px) 100vw, 800px\" \/><\/a><\/figure>\n\n\n\n<p><strong>Niche dans les communs:<\/strong><\/p>\n\n\n\n<p>Les communs, d\u00e9gag\u00e9s entre 1969 et 1972 \u00e0 la pelleteuse par l&#8217;ancien propri\u00e9taire, ont laiss\u00e9 apparaitre deux niches dans les murs. Faute de consolidations, ces niches se sont \u00e9croul\u00e9es au fil du temps.                                       Une premi\u00e8re niche a \u00e9t\u00e9 restitu\u00e9e gr\u00e2ce aux photos de l&#8217;\u00e9poque.<\/p>\n\n\n\n<figure class=\"wp-block-image size-full\"><a href=\"https:\/\/sauver-le-guirbaden.fr\/wp-content\/uploads\/2025\/10\/28.04.2025-FS-1.jpg\"><img loading=\"lazy\" decoding=\"async\" width=\"800\" height=\"600\" src=\"https:\/\/sauver-le-guirbaden.fr\/wp-content\/uploads\/2025\/10\/28.04.2025-FS-1.jpg\" alt=\"\" class=\"wp-image-8312\" srcset=\"https:\/\/sauver-le-guirbaden.fr\/wp-content\/uploads\/2025\/10\/28.04.2025-FS-1.jpg 800w, https:\/\/sauver-le-guirbaden.fr\/wp-content\/uploads\/2025\/10\/28.04.2025-FS-1-300x225.jpg 300w, https:\/\/sauver-le-guirbaden.fr\/wp-content\/uploads\/2025\/10\/28.04.2025-FS-1-768x576.jpg 768w, https:\/\/sauver-le-guirbaden.fr\/wp-content\/uploads\/2025\/10\/28.04.2025-FS-1-600x450.jpg 600w\" sizes=\"auto, (max-width: 800px) 100vw, 800px\" \/><\/a><\/figure>\n\n\n\n<figure class=\"wp-block-image size-full\"><a href=\"https:\/\/sauver-le-guirbaden.fr\/wp-content\/uploads\/2025\/11\/IMG-20250602-WA0003.jpg\"><img loading=\"lazy\" decoding=\"async\" width=\"800\" height=\"600\" src=\"https:\/\/sauver-le-guirbaden.fr\/wp-content\/uploads\/2025\/11\/IMG-20250602-WA0003.jpg\" alt=\"\" class=\"wp-image-8338\" srcset=\"https:\/\/sauver-le-guirbaden.fr\/wp-content\/uploads\/2025\/11\/IMG-20250602-WA0003.jpg 800w, https:\/\/sauver-le-guirbaden.fr\/wp-content\/uploads\/2025\/11\/IMG-20250602-WA0003-300x225.jpg 300w, https:\/\/sauver-le-guirbaden.fr\/wp-content\/uploads\/2025\/11\/IMG-20250602-WA0003-768x576.jpg 768w, https:\/\/sauver-le-guirbaden.fr\/wp-content\/uploads\/2025\/11\/IMG-20250602-WA0003-600x450.jpg 600w\" sizes=\"auto, (max-width: 800px) 100vw, 800px\" \/><\/a><\/figure>\n\n\n\n<p><strong>Eboulis 6: <\/strong><\/p>\n\n\n\n<p>Le d\u00e9gagement du talus pour retrouver la base du mur a commenc\u00e9 en ao\u00fbt 2024, pour s&#8217;achever en f\u00e9vrier 2025. <\/p>\n\n\n\n<figure class=\"wp-block-image size-full\"><a href=\"https:\/\/sauver-le-guirbaden.fr\/wp-content\/uploads\/2025\/10\/26.05.2025-REINBOLD-Christophe-14.jpg\"><img loading=\"lazy\" decoding=\"async\" width=\"800\" height=\"533\" src=\"https:\/\/sauver-le-guirbaden.fr\/wp-content\/uploads\/2025\/10\/26.05.2025-REINBOLD-Christophe-14.jpg\" alt=\"\" class=\"wp-image-8311\" srcset=\"https:\/\/sauver-le-guirbaden.fr\/wp-content\/uploads\/2025\/10\/26.05.2025-REINBOLD-Christophe-14.jpg 800w, https:\/\/sauver-le-guirbaden.fr\/wp-content\/uploads\/2025\/10\/26.05.2025-REINBOLD-Christophe-14-300x200.jpg 300w, https:\/\/sauver-le-guirbaden.fr\/wp-content\/uploads\/2025\/10\/26.05.2025-REINBOLD-Christophe-14-768x512.jpg 768w, https:\/\/sauver-le-guirbaden.fr\/wp-content\/uploads\/2025\/10\/26.05.2025-REINBOLD-Christophe-14-600x400.jpg 600w\" sizes=\"auto, (max-width: 800px) 100vw, 800px\" \/><\/a><\/figure>\n\n\n\n<p>Les premi\u00e8res ma\u00e7onneries sur ce mur ont pu commencer en 2025:<\/p>\n\n\n\n<figure class=\"wp-block-image size-full\"><a href=\"https:\/\/sauver-le-guirbaden.fr\/wp-content\/uploads\/2025\/10\/16.06.2025-FS-2.jpg\"><img loading=\"lazy\" decoding=\"async\" width=\"800\" height=\"600\" src=\"https:\/\/sauver-le-guirbaden.fr\/wp-content\/uploads\/2025\/10\/16.06.2025-FS-2.jpg\" alt=\"\" class=\"wp-image-8297\" srcset=\"https:\/\/sauver-le-guirbaden.fr\/wp-content\/uploads\/2025\/10\/16.06.2025-FS-2.jpg 800w, https:\/\/sauver-le-guirbaden.fr\/wp-content\/uploads\/2025\/10\/16.06.2025-FS-2-300x225.jpg 300w, https:\/\/sauver-le-guirbaden.fr\/wp-content\/uploads\/2025\/10\/16.06.2025-FS-2-768x576.jpg 768w, https:\/\/sauver-le-guirbaden.fr\/wp-content\/uploads\/2025\/10\/16.06.2025-FS-2-600x450.jpg 600w\" sizes=\"auto, (max-width: 800px) 100vw, 800px\" \/><\/a><\/figure>\n\n\n\n<p><strong>Fausses braies Nord:<\/strong><\/p>\n\n\n\n<p>Le d\u00e9gagement et la consolidation des fausses braies Nord se sont poursuivies en 2025.<\/p>\n\n\n\n<figure class=\"wp-block-image size-full\"><a href=\"https:\/\/sauver-le-guirbaden.fr\/wp-content\/uploads\/2025\/10\/28.04.2025-FS-4.jpg\"><img loading=\"lazy\" decoding=\"async\" width=\"800\" height=\"600\" src=\"https:\/\/sauver-le-guirbaden.fr\/wp-content\/uploads\/2025\/10\/28.04.2025-FS-4.jpg\" alt=\"\" class=\"wp-image-8313\" srcset=\"https:\/\/sauver-le-guirbaden.fr\/wp-content\/uploads\/2025\/10\/28.04.2025-FS-4.jpg 800w, https:\/\/sauver-le-guirbaden.fr\/wp-content\/uploads\/2025\/10\/28.04.2025-FS-4-300x225.jpg 300w, https:\/\/sauver-le-guirbaden.fr\/wp-content\/uploads\/2025\/10\/28.04.2025-FS-4-768x576.jpg 768w, https:\/\/sauver-le-guirbaden.fr\/wp-content\/uploads\/2025\/10\/28.04.2025-FS-4-600x450.jpg 600w\" sizes=\"auto, (max-width: 800px) 100vw, 800px\" \/><\/a><\/figure>\n\n\n\n<figure class=\"wp-block-image size-full\"><a href=\"https:\/\/sauver-le-guirbaden.fr\/wp-content\/uploads\/2025\/10\/09.06.2025-REINBOLD-Christophe-14.jpg\"><img loading=\"lazy\" decoding=\"async\" width=\"800\" height=\"533\" src=\"https:\/\/sauver-le-guirbaden.fr\/wp-content\/uploads\/2025\/10\/09.06.2025-REINBOLD-Christophe-14.jpg\" alt=\"\" class=\"wp-image-8295\" srcset=\"https:\/\/sauver-le-guirbaden.fr\/wp-content\/uploads\/2025\/10\/09.06.2025-REINBOLD-Christophe-14.jpg 800w, https:\/\/sauver-le-guirbaden.fr\/wp-content\/uploads\/2025\/10\/09.06.2025-REINBOLD-Christophe-14-300x200.jpg 300w, https:\/\/sauver-le-guirbaden.fr\/wp-content\/uploads\/2025\/10\/09.06.2025-REINBOLD-Christophe-14-768x512.jpg 768w, https:\/\/sauver-le-guirbaden.fr\/wp-content\/uploads\/2025\/10\/09.06.2025-REINBOLD-Christophe-14-600x400.jpg 600w\" sizes=\"auto, (max-width: 800px) 100vw, 800px\" \/><\/a><\/figure>\n\n\n\n<p>L&#8217;entretien du site est un \u00e9ternel recommencement &#8230;                                         comme le ratissage des feuilles en fin d&#8217;hiver &#8230;<\/p>\n\n\n\n<figure class=\"wp-block-image size-full\"><a href=\"https:\/\/sauver-le-guirbaden.fr\/wp-content\/uploads\/2025\/10\/22.02.2025-FS-3.jpg\"><img loading=\"lazy\" decoding=\"async\" width=\"800\" height=\"600\" src=\"https:\/\/sauver-le-guirbaden.fr\/wp-content\/uploads\/2025\/10\/22.02.2025-FS-3.jpg\" alt=\"\" class=\"wp-image-8302\" srcset=\"https:\/\/sauver-le-guirbaden.fr\/wp-content\/uploads\/2025\/10\/22.02.2025-FS-3.jpg 800w, https:\/\/sauver-le-guirbaden.fr\/wp-content\/uploads\/2025\/10\/22.02.2025-FS-3-300x225.jpg 300w, https:\/\/sauver-le-guirbaden.fr\/wp-content\/uploads\/2025\/10\/22.02.2025-FS-3-768x576.jpg 768w, https:\/\/sauver-le-guirbaden.fr\/wp-content\/uploads\/2025\/10\/22.02.2025-FS-3-600x450.jpg 600w\" sizes=\"auto, (max-width: 800px) 100vw, 800px\" \/><\/a><\/figure>\n\n\n\n<figure class=\"wp-block-image size-full\"><a href=\"https:\/\/sauver-le-guirbaden.fr\/wp-content\/uploads\/2025\/10\/03.03.2025-FS-7.jpg\"><img loading=\"lazy\" decoding=\"async\" width=\"800\" height=\"600\" src=\"https:\/\/sauver-le-guirbaden.fr\/wp-content\/uploads\/2025\/10\/03.03.2025-FS-7.jpg\" alt=\"\" class=\"wp-image-8292\" srcset=\"https:\/\/sauver-le-guirbaden.fr\/wp-content\/uploads\/2025\/10\/03.03.2025-FS-7.jpg 800w, https:\/\/sauver-le-guirbaden.fr\/wp-content\/uploads\/2025\/10\/03.03.2025-FS-7-300x225.jpg 300w, https:\/\/sauver-le-guirbaden.fr\/wp-content\/uploads\/2025\/10\/03.03.2025-FS-7-768x576.jpg 768w, https:\/\/sauver-le-guirbaden.fr\/wp-content\/uploads\/2025\/10\/03.03.2025-FS-7-600x450.jpg 600w\" sizes=\"auto, (max-width: 800px) 100vw, 800px\" \/><\/a><\/figure>\n\n\n\n<p>L&#8217;entretien des lices avec l&#8217;arrachage des orties 3 fois par an &#8230;<\/p>\n\n\n\n<figure class=\"wp-block-image size-full\"><a href=\"https:\/\/sauver-le-guirbaden.fr\/wp-content\/uploads\/2025\/10\/17.03.2025-HAETTEL-Genevieve-14.jpg\"><img loading=\"lazy\" decoding=\"async\" width=\"800\" height=\"600\" src=\"https:\/\/sauver-le-guirbaden.fr\/wp-content\/uploads\/2025\/10\/17.03.2025-HAETTEL-Genevieve-14.jpg\" alt=\"\" class=\"wp-image-8298\" srcset=\"https:\/\/sauver-le-guirbaden.fr\/wp-content\/uploads\/2025\/10\/17.03.2025-HAETTEL-Genevieve-14.jpg 800w, https:\/\/sauver-le-guirbaden.fr\/wp-content\/uploads\/2025\/10\/17.03.2025-HAETTEL-Genevieve-14-300x225.jpg 300w, https:\/\/sauver-le-guirbaden.fr\/wp-content\/uploads\/2025\/10\/17.03.2025-HAETTEL-Genevieve-14-768x576.jpg 768w, https:\/\/sauver-le-guirbaden.fr\/wp-content\/uploads\/2025\/10\/17.03.2025-HAETTEL-Genevieve-14-600x450.jpg 600w\" sizes=\"auto, (max-width: 800px) 100vw, 800px\" \/><\/a><\/figure>\n\n\n\n<p>Une petite coupe de rafraichissement de temps en temps &#8230;<\/p>\n\n\n\n<figure class=\"wp-block-image size-full\"><a href=\"https:\/\/sauver-le-guirbaden.fr\/wp-content\/uploads\/2025\/10\/22.03.2025-KARCHER-Frederic-2.jpg\"><img loading=\"lazy\" decoding=\"async\" width=\"800\" height=\"600\" src=\"https:\/\/sauver-le-guirbaden.fr\/wp-content\/uploads\/2025\/10\/22.03.2025-KARCHER-Frederic-2.jpg\" alt=\"\" class=\"wp-image-8303\" srcset=\"https:\/\/sauver-le-guirbaden.fr\/wp-content\/uploads\/2025\/10\/22.03.2025-KARCHER-Frederic-2.jpg 800w, https:\/\/sauver-le-guirbaden.fr\/wp-content\/uploads\/2025\/10\/22.03.2025-KARCHER-Frederic-2-300x225.jpg 300w, https:\/\/sauver-le-guirbaden.fr\/wp-content\/uploads\/2025\/10\/22.03.2025-KARCHER-Frederic-2-768x576.jpg 768w, https:\/\/sauver-le-guirbaden.fr\/wp-content\/uploads\/2025\/10\/22.03.2025-KARCHER-Frederic-2-600x450.jpg 600w\" sizes=\"auto, (max-width: 800px) 100vw, 800px\" \/><\/a><\/figure>\n\n\n\n<figure class=\"wp-block-image size-full\"><a href=\"https:\/\/sauver-le-guirbaden.fr\/wp-content\/uploads\/2025\/10\/22.03.2025-REINBOLD-Christophe-17.jpg\"><img loading=\"lazy\" decoding=\"async\" width=\"800\" height=\"602\" src=\"https:\/\/sauver-le-guirbaden.fr\/wp-content\/uploads\/2025\/10\/22.03.2025-REINBOLD-Christophe-17.jpg\" alt=\"\" class=\"wp-image-8304\" srcset=\"https:\/\/sauver-le-guirbaden.fr\/wp-content\/uploads\/2025\/10\/22.03.2025-REINBOLD-Christophe-17.jpg 800w, https:\/\/sauver-le-guirbaden.fr\/wp-content\/uploads\/2025\/10\/22.03.2025-REINBOLD-Christophe-17-300x226.jpg 300w, https:\/\/sauver-le-guirbaden.fr\/wp-content\/uploads\/2025\/10\/22.03.2025-REINBOLD-Christophe-17-768x578.jpg 768w, https:\/\/sauver-le-guirbaden.fr\/wp-content\/uploads\/2025\/10\/22.03.2025-REINBOLD-Christophe-17-600x452.jpg 600w\" sizes=\"auto, (max-width: 800px) 100vw, 800px\" \/><\/a><\/figure>\n\n\n\n<p>Un nettoyage des diff\u00e9rentes zones du site<\/p>\n\n\n\n<figure class=\"wp-block-image size-full\"><a href=\"https:\/\/sauver-le-guirbaden.fr\/wp-content\/uploads\/2025\/10\/01.03.2025-REINBOLD-Christophe-2.jpg\"><img loading=\"lazy\" decoding=\"async\" width=\"800\" height=\"602\" src=\"https:\/\/sauver-le-guirbaden.fr\/wp-content\/uploads\/2025\/10\/01.03.2025-REINBOLD-Christophe-2.jpg\" alt=\"\" class=\"wp-image-8290\" srcset=\"https:\/\/sauver-le-guirbaden.fr\/wp-content\/uploads\/2025\/10\/01.03.2025-REINBOLD-Christophe-2.jpg 800w, https:\/\/sauver-le-guirbaden.fr\/wp-content\/uploads\/2025\/10\/01.03.2025-REINBOLD-Christophe-2-300x226.jpg 300w, https:\/\/sauver-le-guirbaden.fr\/wp-content\/uploads\/2025\/10\/01.03.2025-REINBOLD-Christophe-2-768x578.jpg 768w, https:\/\/sauver-le-guirbaden.fr\/wp-content\/uploads\/2025\/10\/01.03.2025-REINBOLD-Christophe-2-600x452.jpg 600w\" sizes=\"auto, (max-width: 800px) 100vw, 800px\" \/><\/a><\/figure>\n\n\n\n<figure class=\"wp-block-image size-full\"><a href=\"https:\/\/sauver-le-guirbaden.fr\/wp-content\/uploads\/2025\/10\/01.03.2025-REINBOLD-Christophe-4.jpg\"><img loading=\"lazy\" decoding=\"async\" width=\"800\" height=\"602\" src=\"https:\/\/sauver-le-guirbaden.fr\/wp-content\/uploads\/2025\/10\/01.03.2025-REINBOLD-Christophe-4.jpg\" alt=\"\" class=\"wp-image-8291\" srcset=\"https:\/\/sauver-le-guirbaden.fr\/wp-content\/uploads\/2025\/10\/01.03.2025-REINBOLD-Christophe-4.jpg 800w, https:\/\/sauver-le-guirbaden.fr\/wp-content\/uploads\/2025\/10\/01.03.2025-REINBOLD-Christophe-4-300x226.jpg 300w, https:\/\/sauver-le-guirbaden.fr\/wp-content\/uploads\/2025\/10\/01.03.2025-REINBOLD-Christophe-4-768x578.jpg 768w, https:\/\/sauver-le-guirbaden.fr\/wp-content\/uploads\/2025\/10\/01.03.2025-REINBOLD-Christophe-4-600x452.jpg 600w\" sizes=\"auto, (max-width: 800px) 100vw, 800px\" \/><\/a><\/figure>\n","protected":false},"excerpt":{"rendered":"<p>Le mur Sud des lices: Un gros arbre, pourri \u00e0 sa base, s&#8217;est \u00e9croul\u00e9 sur le mur en juillet 2015. La consolidation du mur a commenc\u00e9 en 2024 et s&#8217;est poursuivie en 2025. A pr\u00e9sent le mur est consolid\u00e9 et la grosse br\u00e8che combl\u00e9e&#8230; Niche dans les communs: Les communs, d\u00e9gag\u00e9s entre 1969 et 1972 &hellip; <a href=\"https:\/\/www.sauver-le-guirbaden.fr\/index.php\/travaux-2025\/\" class=\"more-link\">Continuer la lecture de <span class=\"screen-reader-text\">Travaux 2025<\/span> <span class=\"meta-nav\">&rarr;<\/span><\/a><\/p>\n","protected":false},"author":2,"featured_media":0,"parent":0,"menu_order":0,"comment_status":"closed","ping_status":"closed","template":"","meta":{"footnotes":""},"class_list":["post-8340","page","type-page","status-publish","hentry"],"_links":{"self":[{"href":"https:\/\/www.sauver-le-guirbaden.fr\/index.php\/wp-json\/wp\/v2\/pages\/8340","targetHints":{"allow":["GET"]}}],"collection":[{"href":"https:\/\/www.sauver-le-guirbaden.fr\/index.php\/wp-json\/wp\/v2\/pages"}],"about":[{"href":"https:\/\/www.sauver-le-guirbaden.fr\/index.php\/wp-json\/wp\/v2\/types\/page"}],"author":[{"embeddable":true,"href":"https:\/\/www.sauver-le-guirbaden.fr\/index.php\/wp-json\/wp\/v2\/users\/2"}],"replies":[{"embeddable":true,"href":"https:\/\/www.sauver-le-guirbaden.fr\/index.php\/wp-json\/wp\/v2\/comments?post=8340"}],"version-history":[{"count":2,"href":"https:\/\/www.sauver-le-guirbaden.fr\/index.php\/wp-json\/wp\/v2\/pages\/8340\/revisions"}],"predecessor-version":[{"id":8356,"href":"https:\/\/www.sauver-le-guirbaden.fr\/index.php\/wp-json\/wp\/v2\/pages\/8340\/revisions\/8356"}],"wp:attachment":[{"href":"https:\/\/www.sauver-le-guirbaden.fr\/index.php\/wp-json\/wp\/v2\/media?parent=8340"}],"curies":[{"name":"wp","href":"https:\/\/api.w.org\/{rel}","templated":true}]}}