{"id":8359,"date":"2025-11-30T22:20:36","date_gmt":"2025-11-30T21:20:36","guid":{"rendered":"https:\/\/www.sauver-le-guirbaden.fr\/?page_id=8359"},"modified":"2025-11-30T22:26:05","modified_gmt":"2025-11-30T21:26:05","slug":"autres-animations-2025","status":"publish","type":"page","link":"https:\/\/www.sauver-le-guirbaden.fr\/index.php\/autres-animations-2025\/","title":{"rendered":"Autres animations 2025"},"content":{"rendered":"\n<p><strong>21 juin 2025: premi\u00e8re f\u00eate de la musique au ch\u00e2teau<\/strong><\/p>\n\n\n\n<figure class=\"wp-block-image size-full\"><a href=\"https:\/\/sauver-le-guirbaden.fr\/wp-content\/uploads\/2025\/10\/21.06.2025-Emmanuelle-BLEICHER-1.jpg\"><img loading=\"lazy\" decoding=\"async\" width=\"800\" height=\"450\" src=\"https:\/\/sauver-le-guirbaden.fr\/wp-content\/uploads\/2025\/10\/21.06.2025-Emmanuelle-BLEICHER-1.jpg\" alt=\"\" class=\"wp-image-8300\" srcset=\"https:\/\/sauver-le-guirbaden.fr\/wp-content\/uploads\/2025\/10\/21.06.2025-Emmanuelle-BLEICHER-1.jpg 800w, https:\/\/sauver-le-guirbaden.fr\/wp-content\/uploads\/2025\/10\/21.06.2025-Emmanuelle-BLEICHER-1-300x169.jpg 300w, https:\/\/sauver-le-guirbaden.fr\/wp-content\/uploads\/2025\/10\/21.06.2025-Emmanuelle-BLEICHER-1-768x432.jpg 768w, https:\/\/sauver-le-guirbaden.fr\/wp-content\/uploads\/2025\/10\/21.06.2025-Emmanuelle-BLEICHER-1-600x338.jpg 600w\" sizes=\"auto, (max-width: 800px) 100vw, 800px\" \/><\/a><\/figure>\n\n\n\n<figure class=\"wp-block-image size-full\"><a href=\"https:\/\/sauver-le-guirbaden.fr\/wp-content\/uploads\/2025\/10\/21.06.2025-Sylvain-BRIAND-2.jpg\"><img loading=\"lazy\" decoding=\"async\" width=\"800\" height=\"600\" src=\"https:\/\/sauver-le-guirbaden.fr\/wp-content\/uploads\/2025\/10\/21.06.2025-Sylvain-BRIAND-2.jpg\" alt=\"\" class=\"wp-image-8301\" srcset=\"https:\/\/sauver-le-guirbaden.fr\/wp-content\/uploads\/2025\/10\/21.06.2025-Sylvain-BRIAND-2.jpg 800w, https:\/\/sauver-le-guirbaden.fr\/wp-content\/uploads\/2025\/10\/21.06.2025-Sylvain-BRIAND-2-300x225.jpg 300w, https:\/\/sauver-le-guirbaden.fr\/wp-content\/uploads\/2025\/10\/21.06.2025-Sylvain-BRIAND-2-768x576.jpg 768w, https:\/\/sauver-le-guirbaden.fr\/wp-content\/uploads\/2025\/10\/21.06.2025-Sylvain-BRIAND-2-600x450.jpg 600w\" sizes=\"auto, (max-width: 800px) 100vw, 800px\" \/><\/a><\/figure>\n\n\n\n<p><strong>22 juin 2025: f\u00eate des 10 ans de l&#8217;association<\/strong> <\/p>\n\n\n\n<figure class=\"wp-block-image size-full\"><a href=\"https:\/\/sauver-le-guirbaden.fr\/wp-content\/uploads\/2025\/10\/22.06.2025-Emmanuelle-BLEICHER-18.jpg\"><img loading=\"lazy\" decoding=\"async\" width=\"800\" height=\"450\" src=\"https:\/\/sauver-le-guirbaden.fr\/wp-content\/uploads\/2025\/10\/22.06.2025-Emmanuelle-BLEICHER-18.jpg\" alt=\"\" class=\"wp-image-8307\" srcset=\"https:\/\/sauver-le-guirbaden.fr\/wp-content\/uploads\/2025\/10\/22.06.2025-Emmanuelle-BLEICHER-18.jpg 800w, https:\/\/sauver-le-guirbaden.fr\/wp-content\/uploads\/2025\/10\/22.06.2025-Emmanuelle-BLEICHER-18-300x169.jpg 300w, https:\/\/sauver-le-guirbaden.fr\/wp-content\/uploads\/2025\/10\/22.06.2025-Emmanuelle-BLEICHER-18-768x432.jpg 768w, https:\/\/sauver-le-guirbaden.fr\/wp-content\/uploads\/2025\/10\/22.06.2025-Emmanuelle-BLEICHER-18-600x338.jpg 600w\" sizes=\"auto, (max-width: 800px) 100vw, 800px\" \/><\/a><\/figure>\n\n\n\n<figure class=\"wp-block-image size-full\"><a href=\"https:\/\/sauver-le-guirbaden.fr\/wp-content\/uploads\/2025\/10\/22.06.2025-Emmanuelle-BLEICHER-17.jpg\"><img loading=\"lazy\" decoding=\"async\" width=\"800\" height=\"450\" src=\"https:\/\/sauver-le-guirbaden.fr\/wp-content\/uploads\/2025\/10\/22.06.2025-Emmanuelle-BLEICHER-17.jpg\" alt=\"\" class=\"wp-image-8306\" srcset=\"https:\/\/sauver-le-guirbaden.fr\/wp-content\/uploads\/2025\/10\/22.06.2025-Emmanuelle-BLEICHER-17.jpg 800w, https:\/\/sauver-le-guirbaden.fr\/wp-content\/uploads\/2025\/10\/22.06.2025-Emmanuelle-BLEICHER-17-300x169.jpg 300w, https:\/\/sauver-le-guirbaden.fr\/wp-content\/uploads\/2025\/10\/22.06.2025-Emmanuelle-BLEICHER-17-768x432.jpg 768w, https:\/\/sauver-le-guirbaden.fr\/wp-content\/uploads\/2025\/10\/22.06.2025-Emmanuelle-BLEICHER-17-600x338.jpg 600w\" sizes=\"auto, (max-width: 800px) 100vw, 800px\" \/><\/a><\/figure>\n\n\n\n<figure class=\"wp-block-image size-full\"><a href=\"https:\/\/sauver-le-guirbaden.fr\/wp-content\/uploads\/2025\/10\/22.06.2025-Emmanuelle-BLEICHER-9.jpg\"><img loading=\"lazy\" decoding=\"async\" width=\"800\" height=\"450\" src=\"https:\/\/sauver-le-guirbaden.fr\/wp-content\/uploads\/2025\/10\/22.06.2025-Emmanuelle-BLEICHER-9.jpg\" alt=\"\" class=\"wp-image-8305\" srcset=\"https:\/\/sauver-le-guirbaden.fr\/wp-content\/uploads\/2025\/10\/22.06.2025-Emmanuelle-BLEICHER-9.jpg 800w, https:\/\/sauver-le-guirbaden.fr\/wp-content\/uploads\/2025\/10\/22.06.2025-Emmanuelle-BLEICHER-9-300x169.jpg 300w, https:\/\/sauver-le-guirbaden.fr\/wp-content\/uploads\/2025\/10\/22.06.2025-Emmanuelle-BLEICHER-9-768x432.jpg 768w, https:\/\/sauver-le-guirbaden.fr\/wp-content\/uploads\/2025\/10\/22.06.2025-Emmanuelle-BLEICHER-9-600x338.jpg 600w\" sizes=\"auto, (max-width: 800px) 100vw, 800px\" \/><\/a><\/figure>\n\n\n\n<figure class=\"wp-block-image size-full\"><a href=\"https:\/\/sauver-le-guirbaden.fr\/wp-content\/uploads\/2025\/10\/22.06.2025-FS-2.jpg\"><img loading=\"lazy\" decoding=\"async\" width=\"800\" height=\"600\" src=\"https:\/\/sauver-le-guirbaden.fr\/wp-content\/uploads\/2025\/10\/22.06.2025-FS-2.jpg\" alt=\"\" class=\"wp-image-8308\" srcset=\"https:\/\/sauver-le-guirbaden.fr\/wp-content\/uploads\/2025\/10\/22.06.2025-FS-2.jpg 800w, https:\/\/sauver-le-guirbaden.fr\/wp-content\/uploads\/2025\/10\/22.06.2025-FS-2-300x225.jpg 300w, https:\/\/sauver-le-guirbaden.fr\/wp-content\/uploads\/2025\/10\/22.06.2025-FS-2-768x576.jpg 768w, https:\/\/sauver-le-guirbaden.fr\/wp-content\/uploads\/2025\/10\/22.06.2025-FS-2-600x450.jpg 600w\" sizes=\"auto, (max-width: 800px) 100vw, 800px\" \/><\/a><\/figure>\n\n\n\n<p><\/p>\n","protected":false},"excerpt":{"rendered":"<p>21 juin 2025: premi\u00e8re f\u00eate de la musique au ch\u00e2teau 22 juin 2025: f\u00eate des 10 ans de l&#8217;association<\/p>\n","protected":false},"author":2,"featured_media":0,"parent":0,"menu_order":0,"comment_status":"closed","ping_status":"closed","template":"","meta":{"footnotes":""},"class_list":["post-8359","page","type-page","status-publish","hentry"],"_links":{"self":[{"href":"https:\/\/www.sauver-le-guirbaden.fr\/index.php\/wp-json\/wp\/v2\/pages\/8359","targetHints":{"allow":["GET"]}}],"collection":[{"href":"https:\/\/www.sauver-le-guirbaden.fr\/index.php\/wp-json\/wp\/v2\/pages"}],"about":[{"href":"https:\/\/www.sauver-le-guirbaden.fr\/index.php\/wp-json\/wp\/v2\/types\/page"}],"author":[{"embeddable":true,"href":"https:\/\/www.sauver-le-guirbaden.fr\/index.php\/wp-json\/wp\/v2\/users\/2"}],"replies":[{"embeddable":true,"href":"https:\/\/www.sauver-le-guirbaden.fr\/index.php\/wp-json\/wp\/v2\/comments?post=8359"}],"version-history":[{"count":2,"href":"https:\/\/www.sauver-le-guirbaden.fr\/index.php\/wp-json\/wp\/v2\/pages\/8359\/revisions"}],"predecessor-version":[{"id":8364,"href":"https:\/\/www.sauver-le-guirbaden.fr\/index.php\/wp-json\/wp\/v2\/pages\/8359\/revisions\/8364"}],"wp:attachment":[{"href":"https:\/\/www.sauver-le-guirbaden.fr\/index.php\/wp-json\/wp\/v2\/media?parent=8359"}],"curies":[{"name":"wp","href":"https:\/\/api.w.org\/{rel}","templated":true}]}}