{"id":8380,"date":"2025-12-04T16:37:10","date_gmt":"2025-12-04T15:37:10","guid":{"rendered":"https:\/\/www.sauver-le-guirbaden.fr\/?page_id=8380"},"modified":"2025-12-04T19:17:48","modified_gmt":"2025-12-04T18:17:48","slug":"restauration-du-donjon","status":"publish","type":"page","link":"https:\/\/www.sauver-le-guirbaden.fr\/index.php\/restauration-du-donjon\/","title":{"rendered":"Restauration du donjon"},"content":{"rendered":"\n<h2 class=\"wp-block-heading\"><strong>Un grand t\u00e9moin de mille ans d\u2019histoire<\/strong><\/h2>\n\n\n\n<p>Perch\u00e9 sur les hauteurs de Mollkirch, le ch\u00e2teau de Guirbaden veille, depuis pr\u00e8s de mille ans, sur la vall\u00e9e de la Bruche. \u00c9difi\u00e9 entre les XIe et XIIIe si\u00e8cles par les comtes d\u2019Eguisheim, puis agrandi par Fr\u00e9d\u00e9ric II de Hohenstaufen, empereur du Saint-Empire romain germanique, il impressionne par son enceinte haute soutenue par 5 arcs et son donjon de 16 m\u00e8tres de hauteur. Ce chef-d\u2019\u0153uvre m\u00e9di\u00e9val illustre le savoir-faire des b\u00e2tisseurs. Au XIIIe si\u00e8cle, il passe \u00e0 l\u2019\u00e9v\u00eaque de Strasbourg, conna\u00eet agrandissements et destructions, avant d\u2019\u00eatre abandonn\u00e9 en 1657.<\/p>\n\n\n\n<figure class=\"wp-block-image size-full\"><a href=\"https:\/\/sauver-le-guirbaden.fr\/wp-content\/uploads\/2025\/12\/donjon-guirbaden-Kurt-FREIN-2.jpg\"><img loading=\"lazy\" decoding=\"async\" width=\"755\" height=\"800\" src=\"https:\/\/sauver-le-guirbaden.fr\/wp-content\/uploads\/2025\/12\/donjon-guirbaden-Kurt-FREIN-2.jpg\" alt=\"\" class=\"wp-image-8384\" srcset=\"https:\/\/sauver-le-guirbaden.fr\/wp-content\/uploads\/2025\/12\/donjon-guirbaden-Kurt-FREIN-2.jpg 755w, https:\/\/sauver-le-guirbaden.fr\/wp-content\/uploads\/2025\/12\/donjon-guirbaden-Kurt-FREIN-2-283x300.jpg 283w, https:\/\/sauver-le-guirbaden.fr\/wp-content\/uploads\/2025\/12\/donjon-guirbaden-Kurt-FREIN-2-600x636.jpg 600w\" sizes=\"auto, (max-width: 755px) 100vw, 755px\" \/><\/a><\/figure>\n\n\n\n<h2 class=\"wp-block-heading\"><strong>Le donjon a besoin de vous.<\/strong><\/h2>\n\n\n\n<p>Visible de loin et t\u00e9moin de notre histoire commune, le donjon du ch\u00e2teau de Guirbaden est en danger imm\u00e9diat et menace de s\u2019\u00e9crouler. Pr\u00e9server et restaurer ce donjon, incarnant la puissance et l\u2019histoire du plus grand ch\u00e2teau fort d\u2019Alsace, s\u2019impose aujourd\u2019hui comme une urgence patrimoniale majeure.<\/p>\n\n\n\n<p>L\u2019association Sauver le Guirbaden porte ce projet qui vise \u00e0 stabiliser les murs menac\u00e9s d\u2019effondrement, pr\u00e9server la silhouette du donjon et s\u00e9curiser le site pour le public.<\/p>\n\n\n\n<p>D\u00e8s f\u00e9vrier 2026, les travaux pourront d\u00e9buter pour le plus grand bonheur des amoureux de l\u2019histoire castrale alsacienne.                              Class\u00e9 Monument Historique depuis 1898, le ch\u00e2teau de Guirbaden pourra ainsi continuer \u00e0 rayonner sur les communes alentours.<\/p>\n\n\n\n<p>Pour soutenir le projet, c&#8217;est par <a href=\"https:\/\/www.fondation-patrimoine.org\/les-projets\/chateau-du-guirbaden-a-mollkirch\/101574\">ici<\/a>.<\/p>\n\n\n\n<figure class=\"wp-block-image size-full\"><a href=\"https:\/\/sauver-le-guirbaden.fr\/wp-content\/uploads\/2025\/12\/donjon-guirbaden-Christophe-REINBOLD-1.jpg\"><img loading=\"lazy\" decoding=\"async\" width=\"533\" height=\"800\" src=\"https:\/\/sauver-le-guirbaden.fr\/wp-content\/uploads\/2025\/12\/donjon-guirbaden-Christophe-REINBOLD-1.jpg\" alt=\"\" class=\"wp-image-8383\" srcset=\"https:\/\/sauver-le-guirbaden.fr\/wp-content\/uploads\/2025\/12\/donjon-guirbaden-Christophe-REINBOLD-1.jpg 533w, https:\/\/sauver-le-guirbaden.fr\/wp-content\/uploads\/2025\/12\/donjon-guirbaden-Christophe-REINBOLD-1-200x300.jpg 200w\" sizes=\"auto, (max-width: 533px) 100vw, 533px\" \/><\/a><\/figure>\n","protected":false},"excerpt":{"rendered":"<p>Un grand t\u00e9moin de mille ans d\u2019histoire Perch\u00e9 sur les hauteurs de Mollkirch, le ch\u00e2teau de Guirbaden veille, depuis pr\u00e8s de mille ans, sur la vall\u00e9e de la Bruche. \u00c9difi\u00e9 entre les XIe et XIIIe si\u00e8cles par les comtes d\u2019Eguisheim, puis agrandi par Fr\u00e9d\u00e9ric II de Hohenstaufen, empereur du Saint-Empire romain germanique, il impressionne par &hellip; <a href=\"https:\/\/www.sauver-le-guirbaden.fr\/index.php\/restauration-du-donjon\/\" class=\"more-link\">Continuer la lecture de <span class=\"screen-reader-text\">Restauration du donjon<\/span> <span class=\"meta-nav\">&rarr;<\/span><\/a><\/p>\n","protected":false},"author":2,"featured_media":0,"parent":0,"menu_order":0,"comment_status":"closed","ping_status":"closed","template":"","meta":{"footnotes":""},"class_list":["post-8380","page","type-page","status-publish","hentry"],"_links":{"self":[{"href":"https:\/\/www.sauver-le-guirbaden.fr\/index.php\/wp-json\/wp\/v2\/pages\/8380","targetHints":{"allow":["GET"]}}],"collection":[{"href":"https:\/\/www.sauver-le-guirbaden.fr\/index.php\/wp-json\/wp\/v2\/pages"}],"about":[{"href":"https:\/\/www.sauver-le-guirbaden.fr\/index.php\/wp-json\/wp\/v2\/types\/page"}],"author":[{"embeddable":true,"href":"https:\/\/www.sauver-le-guirbaden.fr\/index.php\/wp-json\/wp\/v2\/users\/2"}],"replies":[{"embeddable":true,"href":"https:\/\/www.sauver-le-guirbaden.fr\/index.php\/wp-json\/wp\/v2\/comments?post=8380"}],"version-history":[{"count":2,"href":"https:\/\/www.sauver-le-guirbaden.fr\/index.php\/wp-json\/wp\/v2\/pages\/8380\/revisions"}],"predecessor-version":[{"id":8431,"href":"https:\/\/www.sauver-le-guirbaden.fr\/index.php\/wp-json\/wp\/v2\/pages\/8380\/revisions\/8431"}],"wp:attachment":[{"href":"https:\/\/www.sauver-le-guirbaden.fr\/index.php\/wp-json\/wp\/v2\/media?parent=8380"}],"curies":[{"name":"wp","href":"https:\/\/api.w.org\/{rel}","templated":true}]}}