{"id":8408,"date":"2025-12-04T18:16:44","date_gmt":"2025-12-04T17:16:44","guid":{"rendered":"https:\/\/www.sauver-le-guirbaden.fr\/?page_id=8408"},"modified":"2025-12-04T23:34:35","modified_gmt":"2025-12-04T22:34:35","slug":"faire-un-don-pour-le-donjon","status":"publish","type":"page","link":"https:\/\/www.sauver-le-guirbaden.fr\/index.php\/faire-un-don-pour-le-donjon\/","title":{"rendered":"Faire un don pour le donjon"},"content":{"rendered":"\n<p>Vous avez sans doute d\u00e9j\u00e0 ressenti cette \u00e9motion en apercevant le donjon du ch\u00e2teau de Guirbaden, au loin, au-dessus de la for\u00eat n\u2019est-ce pas ?<br>Vous savez comme moi qu\u2019il fait partie de notre paysage depuis plus de huit cents ans.<br>Et nous partageons tous l\u2019id\u00e9e qu\u2019un lieu porteur d\u2019une telle histoire m\u00e9rite d\u2019\u00eatre pr\u00e9serv\u00e9 et transmis aux g\u00e9n\u00e9rations futures, non ?<\/p>\n\n\n\n<p><strong>Accepteriez-vous de nous aider \u00e0 le sauver, m\u00eame avec un petit don ?<\/strong>   Votre contribution, quelle qu\u2019elle soit, aura un impact r\u00e9el.<\/p>\n\n\n\n<p>Les dons sont d\u00e9ductibles des imp\u00f4ts.                                                      Par exemple, un don de <strong>50 \u20ac<\/strong> ne vous revient qu\u2019\u00e0<strong> <\/strong>17<strong> <\/strong>\u20ac apr\u00e8s r\u00e9duction fiscale et un don de<strong> 200 \u20ac<\/strong> revient \u00e0 68 \u20ac&#8230;<\/p>\n\n\n\n<p>Pour tout don de 1000 \u20ac ou plus&nbsp;: possibilit\u00e9 de participer \u00e0 un tirage au sort pour survoler le ch\u00e2teau de Guirbaden en avion en 2027. ( avion Cessna 172 ou Robin DR 400 )<\/p>\n\n\n\n<p>Pour nous aider&nbsp;: faites un don directement sur le site internet de la Fondation du Patrimoine en cliquant <a href=\"https:\/\/www.fondation-patrimoine.org\/les-projets\/chateau-du-guirbaden-a-mollkirch\/101574\">ici<\/a><\/p>\n\n\n\n<p>ou envoyez un ch\u00e8que \u00e0\u00a0la Fondation du Patrimoine avec le tract <a href=\"https:\/\/sauver-le-guirbaden.fr\/wp-content\/uploads\/2025\/12\/Bulletin-de-dons-1.pdf\">ci-joint<\/a>.<\/p>\n\n\n\n<p>Merci pour votre soutien pr\u00e9cieux,<\/p>\n\n\n\n<p>Ensemble sauvons le donjon du Guirbaden<\/p>\n\n\n\n<figure class=\"wp-block-image size-full\"><a href=\"https:\/\/sauver-le-guirbaden.fr\/wp-content\/uploads\/2025\/12\/donjon-Guirbaden-Christophe-REINBOLD-4.jpg\"><img loading=\"lazy\" decoding=\"async\" width=\"800\" height=\"600\" src=\"https:\/\/sauver-le-guirbaden.fr\/wp-content\/uploads\/2025\/12\/donjon-Guirbaden-Christophe-REINBOLD-4.jpg\" alt=\"\" class=\"wp-image-8411\" srcset=\"https:\/\/sauver-le-guirbaden.fr\/wp-content\/uploads\/2025\/12\/donjon-Guirbaden-Christophe-REINBOLD-4.jpg 800w, https:\/\/sauver-le-guirbaden.fr\/wp-content\/uploads\/2025\/12\/donjon-Guirbaden-Christophe-REINBOLD-4-300x225.jpg 300w, https:\/\/sauver-le-guirbaden.fr\/wp-content\/uploads\/2025\/12\/donjon-Guirbaden-Christophe-REINBOLD-4-768x576.jpg 768w, https:\/\/sauver-le-guirbaden.fr\/wp-content\/uploads\/2025\/12\/donjon-Guirbaden-Christophe-REINBOLD-4-600x450.jpg 600w\" sizes=\"auto, (max-width: 800px) 100vw, 800px\" \/><\/a><\/figure>\n","protected":false},"excerpt":{"rendered":"<p>Vous avez sans doute d\u00e9j\u00e0 ressenti cette \u00e9motion en apercevant le donjon du ch\u00e2teau de Guirbaden, au loin, au-dessus de la for\u00eat n\u2019est-ce pas ?Vous savez comme moi qu\u2019il fait partie de notre paysage depuis plus de huit cents ans.Et nous partageons tous l\u2019id\u00e9e qu\u2019un lieu porteur d\u2019une telle histoire m\u00e9rite d\u2019\u00eatre pr\u00e9serv\u00e9 et transmis &hellip; <a href=\"https:\/\/www.sauver-le-guirbaden.fr\/index.php\/faire-un-don-pour-le-donjon\/\" class=\"more-link\">Continuer la lecture de <span class=\"screen-reader-text\">Faire un don pour le donjon<\/span> <span class=\"meta-nav\">&rarr;<\/span><\/a><\/p>\n","protected":false},"author":2,"featured_media":0,"parent":0,"menu_order":0,"comment_status":"closed","ping_status":"closed","template":"","meta":{"footnotes":""},"class_list":["post-8408","page","type-page","status-publish","hentry"],"_links":{"self":[{"href":"https:\/\/www.sauver-le-guirbaden.fr\/index.php\/wp-json\/wp\/v2\/pages\/8408","targetHints":{"allow":["GET"]}}],"collection":[{"href":"https:\/\/www.sauver-le-guirbaden.fr\/index.php\/wp-json\/wp\/v2\/pages"}],"about":[{"href":"https:\/\/www.sauver-le-guirbaden.fr\/index.php\/wp-json\/wp\/v2\/types\/page"}],"author":[{"embeddable":true,"href":"https:\/\/www.sauver-le-guirbaden.fr\/index.php\/wp-json\/wp\/v2\/users\/2"}],"replies":[{"embeddable":true,"href":"https:\/\/www.sauver-le-guirbaden.fr\/index.php\/wp-json\/wp\/v2\/comments?post=8408"}],"version-history":[{"count":3,"href":"https:\/\/www.sauver-le-guirbaden.fr\/index.php\/wp-json\/wp\/v2\/pages\/8408\/revisions"}],"predecessor-version":[{"id":8433,"href":"https:\/\/www.sauver-le-guirbaden.fr\/index.php\/wp-json\/wp\/v2\/pages\/8408\/revisions\/8433"}],"wp:attachment":[{"href":"https:\/\/www.sauver-le-guirbaden.fr\/index.php\/wp-json\/wp\/v2\/media?parent=8408"}],"curies":[{"name":"wp","href":"https:\/\/api.w.org\/{rel}","templated":true}]}}